{"id":4806,"date":"2026-01-22T18:12:03","date_gmt":"2026-01-22T17:12:03","guid":{"rendered":"https:\/\/halnoel1234-kmnuz.wpcomstaging.com\/?post_type=product&#038;p=4806"},"modified":"2026-03-30T21:01:23","modified_gmt":"2026-03-30T19:01:23","slug":"pss-scg200-fagyasztotthustomb-daralo","status":"publish","type":"product","link":"https:\/\/kromiker.hu\/de\/product\/pss-scg200-fagyasztotthustomb-daralo\/","title":{"rendered":"PSS SCG200 Gefrierfleisch-Blockwolf"},"content":{"rendered":"<p><strong>Hauptmerkmale:<\/strong><\/p>\n<ul>\n<li><strong>Stabil m\u0171k\u00f6d\u00e9s v\u00e1ltoz\u00f3 alapanyag-min\u0151s\u00e9g mellett is<\/strong><br \/>\nA g\u00e9p megb\u00edzhat\u00f3 teljes\u00edtm\u00e9nyt ny\u00fajt elt\u00e9r\u0151 h\u0151m\u00e9rs\u00e9klet\u0171 \u00e9s \u00e1llag\u00fa alapanyagok feldolgoz\u00e1sakor.<\/li>\n<li><strong>Kezel\u0151bar\u00e1t kialak\u00edt\u00e1s<\/strong><br \/>\nAz ergonomikus megold\u00e1sok egyszer\u0171 kezel\u00e9st \u00e9s gyors betan\u00edthat\u00f3s\u00e1got biztos\u00edtanak az \u00fczemeltet\u0151 szem\u00e9lyzet sz\u00e1m\u00e1ra.<\/li>\n<li><strong>Nagy \u00e1tereszt\u0151k\u00e9pess\u00e9g ipari ig\u00e9nyekhez<\/strong><br \/>\nA kialak\u00edt\u00e1s lehet\u0151v\u00e9 teszi a nagy mennyis\u00e9g\u0171 alapanyag gyors \u00e9s hat\u00e9kony feldolgoz\u00e1s\u00e1t, sz\u0171k keresztmetszetek n\u00e9lk\u00fcl.<\/li>\n<\/ul>\n<p><strong>Das Basismodell verf\u00fcgt \u00fcber Folgendes.<\/strong><\/p>\n<ul>\n<li>Bet\u00f6lt\u0151garat<\/li>\n<li>Etet\u0151 \/ t\u00f6r\u0151csiga fagyasztott h\u00fasblokkokhoz<\/li>\n<li>tov\u00e1bb\u00edt\u00f3 csiga<\/li>\n<li>Dar\u00e1l\u00f3fej egys\u00e9g<\/li>\n<li>1 db alap lyukt\u00e1rcsa<\/li>\n<li>K\u00fcl\u00f6n hajt\u00f3motor az egyes csig\u00e1khoz<\/li>\n<li>Frekvenciav\u00e1lt\u00f3s vez\u00e9rl\u00e9s a csig\u00e1khoz<\/li>\n<\/ul>\n<p><strong>Zubeh\u00f6r und Sonderzubeh\u00f6r:<\/strong><\/p>\n<ul>\n<li>PSS BES csontelt\u00e1vol\u00edt\u00f3 rendszer<\/li>\n<li>T\u00fck\u00f6rf\u00e9nyesre pol\u00edrozott csiga<\/li>\n<li>T\u00fck\u00f6rf\u00e9nyesre pol\u00edrozott garat<\/li>\n<li>Ellen\u0151rz\u0151 fell\u00e9p\u0151<\/li>\n<li>Ellen\u0151rz\u0151 \/ kezel\u0151 platform<\/li>\n<li>Garatfal magas\u00edt\u00e1s<\/li>\n<li>V\u00e9d\u0151korl\u00e1t a garat k\u00f6r\u00fcl<\/li>\n<li>Internetes t\u00e1vhozz\u00e1f\u00e9r\u00e9s \/ t\u00e1vdiagnosztika<\/li>\n<\/ul>","protected":false},"excerpt":{"rendered":"<p>Azur <strong>SCG 200<\/strong> egy nagy teljes\u00edtm\u00e9ny\u0171 h\u00fasdar\u00e1l\u00f3, amely <strong>friss h\u00fas \u00e9s fagyasztott h\u00fast\u00f6mb\u00f6k <\/strong>megb\u00edzhat\u00f3 feldolgoz\u00e1s\u00e1ra is alkalmas. A g\u00e9p kompatibilis ak\u00e1r <strong>\u201325 \u00b0C-os<\/strong> alapanyaggal is, mik\u00f6zben egyenletes szemcsem\u00e9retet \u00e9s kiv\u00e1l\u00f3 term\u00e9kmin\u0151s\u00e9get biztos\u00edt.<\/p>\n<p><strong>Anwendungen:<\/strong><\/p>\n<ul>\n<li>Kifejezetten k\u00f6zepes-, \u00e9s nagym\u00e9ret\u0171 \u00fczemek sz\u00e1m\u00e1ra tervezve, ahol a nagy kapacit\u00e1s\u00fa, folyamatos termel\u00e9s alapk\u00f6vetelm\u00e9ny.<\/li>\n<\/ul>","protected":false},"featured_media":4814,"template":"","meta":{"_acf_changed":false,"_kad_post_transparent":"default","_kad_post_title":"","_kad_post_layout":"default","_kad_post_sidebar_id":"","_kad_post_content_style":"default","_kad_post_vertical_padding":"default","_kad_post_feature":"","_kad_post_feature_position":"","_kad_post_header":false,"_kad_post_footer":false,"_kad_post_classname":""},"pwb-brand":[],"product_brand":[1706],"product_cat":[1789,1803,1739],"product_tag":[1876],"class_list":{"0":"post-4806","1":"product","2":"type-product","3":"status-publish","4":"has-post-thumbnail","6":"product_brand-pss-svidnik-a-s","7":"product_cat-fagyotthustomb-darabolo-es-maro-gepek","8":"product_cat-husdaralo-keverodaralo-automata-daralo-gepek","9":"product_cat-tovabbfeldolgozas","10":"product_tag-pss-svidnik-as","12":"first","13":"instock","14":"shipping-taxable","15":"product-type-simple","16":"entry","17":"content-bg","18":"loop-entry"},"acf":[],"brands":[],"_links":{"self":[{"href":"https:\/\/kromiker.hu\/de\/wp-json\/wp\/v2\/product\/4806","targetHints":{"allow":["GET"]}}],"collection":[{"href":"https:\/\/kromiker.hu\/de\/wp-json\/wp\/v2\/product"}],"about":[{"href":"https:\/\/kromiker.hu\/de\/wp-json\/wp\/v2\/types\/product"}],"wp:featuredmedia":[{"embeddable":true,"href":"https:\/\/kromiker.hu\/de\/wp-json\/wp\/v2\/media\/4814"}],"wp:attachment":[{"href":"https:\/\/kromiker.hu\/de\/wp-json\/wp\/v2\/media?parent=4806"}],"wp:term":[{"taxonomy":"pwb-brand","embeddable":true,"href":"https:\/\/kromiker.hu\/de\/wp-json\/wp\/v2\/pwb-brand?post=4806"},{"taxonomy":"product_brand","embeddable":true,"href":"https:\/\/kromiker.hu\/de\/wp-json\/wp\/v2\/product_brand?post=4806"},{"taxonomy":"product_cat","embeddable":true,"href":"https:\/\/kromiker.hu\/de\/wp-json\/wp\/v2\/product_cat?post=4806"},{"taxonomy":"product_tag","embeddable":true,"href":"https:\/\/kromiker.hu\/de\/wp-json\/wp\/v2\/product_tag?post=4806"}],"curies":[{"name":"wp","href":"https:\/\/api.w.org\/{rel}","templated":true}]}}