{"id":4810,"date":"2026-01-22T18:21:20","date_gmt":"2026-01-22T17:21:20","guid":{"rendered":"https:\/\/halnoel1234-kmnuz.wpcomstaging.com\/?post_type=product&#038;p=4810"},"modified":"2026-03-30T21:01:23","modified_gmt":"2026-03-30T19:01:23","slug":"pss-sgc-280-strong-fagyotthustomb-daralo","status":"publish","type":"product","link":"https:\/\/kromiker.hu\/de\/product\/pss-sgc-280-strong-fagyotthustomb-daralo\/","title":{"rendered":"PSS SGC280 STRONG Gefrierfleisch-Blockwolf"},"content":{"rendered":"<p><strong>Hauptmerkmale:<\/strong><\/p>\n<ul>\n<li><strong>Speci\u00e1lis alapanyagokra optimaliz\u00e1lt kialak\u00edt\u00e1s:<\/strong> a g\u00e9p szerkezete \u00e9s hajt\u00e1sl\u00e1nca kifejezetten a b\u0151r \u00e9s b\u0151r\u00f6s alapanyagok nagy ellen\u00e1ll\u00e1s\u00fa feldolgoz\u00e1s\u00e1hoz lett kialak\u00edtva.<\/li>\n<li><strong>Nagy nyomat\u00e9kra m\u00e9retezett hajt\u00e1srendszer \u00e9s meger\u0151s\u00edtett csig\u00e1k: <\/strong>az er\u0151sebb hajt\u00e1s \u00e9s a meger\u0151s\u00edtett csig\u00e1k stabil m\u0171k\u00f6d\u00e9st biztos\u00edtanak v\u00e1ltoz\u00f3 terhel\u00e9s \u00e9s kem\u00e9nyebb alapanyagok eset\u00e9n is.<\/li>\n<li><strong>\u00dczembiztos anyagkezel\u00e9s:<\/strong> a nagyobb garat \u00e9s a PSS szabadalmaztatott b\u0151rv\u00e1g\u00f3 megold\u00e1sa egyenletes anyag\u00e1raml\u00e1st \u00e9s kisz\u00e1m\u00edthat\u00f3 feldolgoz\u00e1si eredm\u00e9nyt biztos\u00edt.<\/li>\n<li><strong>Meger\u0151s\u00edtett szerkezeti fel\u00e9p\u00edt\u00e9s:<\/strong> nagyobb m\u00e9ret\u0171, er\u0151s\u00edtett oldalfalakkal kialak\u00edtott g\u00e9ptest a fokozott mechanikai ig\u00e9nybev\u00e9telhez<\/li>\n<\/ul>\n<p><strong>Das Basismodell verf\u00fcgt \u00fcber Folgendes.<\/strong><\/p>\n<ul>\n<li>Bet\u00f6lt\u0151garat<\/li>\n<li>Etet\u0151 \/ t\u00f6r\u0151csiga fagyasztott h\u00fasblokkokhoz<\/li>\n<li>tov\u00e1bb\u00edt\u00f3 csiga<\/li>\n<li>Dar\u00e1l\u00f3fej egys\u00e9g<\/li>\n<li>1 db alap lyukt\u00e1rcsa<\/li>\n<li>K\u00fcl\u00f6n hajt\u00f3motor az egyes csig\u00e1khoz<\/li>\n<li>Frekvenciav\u00e1lt\u00f3s vez\u00e9rl\u00e9s a csig\u00e1khoz<\/li>\n<\/ul>\n<p><strong>Zubeh\u00f6r und Sonderzubeh\u00f6r:<\/strong><\/p>\n<ul>\n<li>PSS BES csontelt\u00e1vol\u00edt\u00f3 rendszer<\/li>\n<li>T\u00fck\u00f6rf\u00e9nyesre pol\u00edrozott csiga<\/li>\n<li>T\u00fck\u00f6rf\u00e9nyesre pol\u00edrozott garat<\/li>\n<li>Ellen\u0151rz\u0151 fell\u00e9p\u0151<\/li>\n<li>Ellen\u0151rz\u0151 \/ kezel\u0151 platform<\/li>\n<li>Garatfal magas\u00edt\u00e1s<\/li>\n<li>V\u00e9d\u0151korl\u00e1t a garat k\u00f6r\u00fcl<\/li>\n<li>Internetes t\u00e1vhozz\u00e1f\u00e9r\u00e9s \/ t\u00e1vdiagnosztika<\/li>\n<\/ul>","protected":false},"excerpt":{"rendered":"<p>A <strong>PSS SCG 280 STRONG<\/strong> kifejezetten sert\u00e9sb\u0151r \u00e9s b\u0151r\u00f6s alapanyagok, \u00a0valamint fagyasztotth\u00fas t\u00f6mb\u00f6k ipari feldolgoz\u00e1s\u00e1ra tervezett nagy teherb\u00edr\u00e1s\u00fa dar\u00e1l\u00f3, amely friss, s\u00f3zott \u00e9s eg\u00e9sz fagyasztott b\u0151rt\u00f6mb\u00f6k gyors feldolgoz\u00e1s\u00e1ra alkalmas ak\u00e1r \u201315 \u00b0C-ig.<\/p>\n<p><strong>Anwendungen:<\/strong><\/p>\n<p>A <strong>PSS SCG 280 STRONG<\/strong> h\u00fasipari \u00e9s \u00e9lelmiszeripari \u00fczemekben friss, s\u00f3zott \u00e9s fagyasztott sert\u00e9sb\u0151r ipari feldolgoz\u00e1s\u00e1ra alkalmazhat\u00f3, els\u0151sorban nagy ig\u00e9nybev\u00e9tel\u0171, folyamatos \u00fczemeltet\u00e9s mellett, tov\u00e1bbi technol\u00f3giai l\u00e9p\u00e9sek<\/p>","protected":false},"featured_media":4812,"template":"","meta":{"_acf_changed":false,"_kad_post_transparent":"default","_kad_post_title":"","_kad_post_layout":"default","_kad_post_sidebar_id":"","_kad_post_content_style":"default","_kad_post_vertical_padding":"default","_kad_post_feature":"","_kad_post_feature_position":"","_kad_post_header":false,"_kad_post_footer":false,"_kad_post_classname":""},"pwb-brand":[],"product_brand":[1706],"product_cat":[1789,1803,1739],"product_tag":[1876],"class_list":{"0":"post-4810","1":"product","2":"type-product","3":"status-publish","4":"has-post-thumbnail","6":"product_brand-pss-svidnik-a-s","7":"product_cat-fagyotthustomb-darabolo-es-maro-gepek","8":"product_cat-husdaralo-keverodaralo-automata-daralo-gepek","9":"product_cat-tovabbfeldolgozas","10":"product_tag-pss-svidnik-as","12":"first","13":"instock","14":"shipping-taxable","15":"product-type-simple","16":"entry","17":"content-bg","18":"loop-entry"},"acf":[],"brands":[],"_links":{"self":[{"href":"https:\/\/kromiker.hu\/de\/wp-json\/wp\/v2\/product\/4810","targetHints":{"allow":["GET"]}}],"collection":[{"href":"https:\/\/kromiker.hu\/de\/wp-json\/wp\/v2\/product"}],"about":[{"href":"https:\/\/kromiker.hu\/de\/wp-json\/wp\/v2\/types\/product"}],"wp:featuredmedia":[{"embeddable":true,"href":"https:\/\/kromiker.hu\/de\/wp-json\/wp\/v2\/media\/4812"}],"wp:attachment":[{"href":"https:\/\/kromiker.hu\/de\/wp-json\/wp\/v2\/media?parent=4810"}],"wp:term":[{"taxonomy":"pwb-brand","embeddable":true,"href":"https:\/\/kromiker.hu\/de\/wp-json\/wp\/v2\/pwb-brand?post=4810"},{"taxonomy":"product_brand","embeddable":true,"href":"https:\/\/kromiker.hu\/de\/wp-json\/wp\/v2\/product_brand?post=4810"},{"taxonomy":"product_cat","embeddable":true,"href":"https:\/\/kromiker.hu\/de\/wp-json\/wp\/v2\/product_cat?post=4810"},{"taxonomy":"product_tag","embeddable":true,"href":"https:\/\/kromiker.hu\/de\/wp-json\/wp\/v2\/product_tag?post=4810"}],"curies":[{"name":"wp","href":"https:\/\/api.w.org\/{rel}","templated":true}]}}