{"id":4815,"date":"2026-01-22T18:40:18","date_gmt":"2026-01-22T17:40:18","guid":{"rendered":"https:\/\/halnoel1234-kmnuz.wpcomstaging.com\/?post_type=product&#038;p=4815"},"modified":"2026-03-30T20:54:32","modified_gmt":"2026-03-30T18:54:32","slug":"4815","status":"publish","type":"product","link":"https:\/\/kromiker.hu\/de\/product\/4815\/","title":{"rendered":"Beelonia Rauchkammer Serie F"},"content":{"rendered":"<p><strong>Hauptmerkmale:<\/strong><\/p>\n<ul>\n<li><strong>Rugalmas felhaszn\u00e1l\u00e1s:<\/strong> egyetlen berendez\u00e9ssel lefedhet\u0151 a melegf\u00fcst\u00f6l\u00e9s, a lass\u00fa elj\u00e1r\u00e1sok \u00e9s a hidegf\u00fcst\u00f6l\u00e9s is, k\u00fcl\u00f6nb\u00f6z\u0151 energiaforr\u00e1sokkal.<\/li>\n<li><strong>Gyors alkalmazkod\u00e1s a termel\u00e9si ig\u00e9nyekhez:<\/strong> az energiam\u00f3d r\u00f6vid id\u0151n bel\u00fcl \u00e1tv\u00e1lthat\u00f3, \u00edgy nincs sz\u00fcks\u00e9g k\u00fcl\u00f6n berendez\u00e9sekre.<\/li>\n<li><strong>\u00c1lland\u00f3, reproduk\u00e1lhat\u00f3 term\u00e9kmin\u0151s\u00e9g:<\/strong> a h\u0151szigetelt, dupla fal\u00fa konstrukci\u00f3 egyenletes h\u0151eloszl\u00e1st biztos\u00edt, f\u00fcggetlen\u00fcl az alkalmazott technol\u00f3gi\u00e1t\u00f3l.<\/li>\n<li><strong>Min\u0151s\u00e9gmeg\u0151rz\u0151 feldolgoz\u00e1s:<\/strong> a kondenz\u00e1ci\u00f3 minimaliz\u00e1l\u00e1sa hozz\u00e1j\u00e1rul a term\u00e9k megjelen\u00e9s\u00e9nek, \u00e1llag\u00e1nak \u00e9s eltarthat\u00f3s\u00e1g\u00e1nak jav\u00edt\u00e1s\u00e1hoz.<\/li>\n<li><strong>Hossz\u00fa t\u00e1v\u00fa beruh\u00e1z\u00e1si biztons\u00e1g:<\/strong> ipari min\u0151s\u00e9g\u0171, N\u00e9metorsz\u00e1gban gy\u00e1rtott kivitel, tart\u00f3s anyaghaszn\u00e1lattal \u00e9s megb\u00edzhat\u00f3 konstrukci\u00f3val.<\/li>\n<\/ul>\n<p><strong>Das Basismodell verf\u00fcgt \u00fcber Folgendes.<\/strong><\/p>\n<ul>\n<li>Dupla fal\u00fa, h\u0151szigetelt f\u00fcst\u00f6l\u0151kemence (lemezac\u00e9l kivitel)<\/li>\n<li>H\u0151szigetelt ajt\u00f3<\/li>\n<li>Be\u00e9p\u00edtett h\u0151m\u00e9r\u0151<\/li>\n<li>Zs\u00edrfelfog\u00f3 t\u00e1lca<\/li>\n<li>Kondenzv\u00edz-gy\u0171jt\u0151 t\u00e1lca<\/li>\n<li>130 mm-es f\u00fcstcs\u0151-csatlakoz\u00e1s<\/li>\n<li>Alap f\u00fcst\u00f6l\u00e9si szintek (F1: 3 szint, F2: 5 szint)<\/li>\n<\/ul>\n<p>&nbsp;<\/p>\n<ul>\n<li><strong>Zubeh\u00f6r und Sonderzubeh\u00f6r:<\/strong><\/li>\n<li>v\u00e1laszthat\u00f3 fa\/g\u00e1z\/elektromos f\u0171t\u00e9s<\/li>\n<li>F\u00fcstgener\u00e1tor<\/li>\n<li>F\u00fcst\u00f6l\u0151kocsi<\/li>\n<li>Edzett biztons\u00e1gi \u00fcveg<\/li>\n<li>Fekete v\u00e1zszerkezet<\/li>\n<\/ul>","protected":false},"excerpt":{"rendered":"<p>A <strong>Beelonia F sz\u00e9ria<\/strong> professzion\u00e1lis f\u00fcst\u00f6l\u0151berendez\u00e9sei pr\u00e9mium, dupla fal\u00fa rozsdamentes ac\u00e9l kivitel\u00fckkel kiemelked\u0151 h\u0151stabilit\u00e1st \u00e9s \u00fczembiztos m\u0171k\u00f6d\u00e9st k\u00edn\u00e1lnak. Az <strong>F1 \u2013 F6-100 modellekig<\/strong> fa g\u00e1z vagy elektromos \u00fczemmel egyar\u00e1nt haszn\u00e1lhat\u00f3k, az energiam\u00f3d pedig a fi\u00f3kos csererendszernek k\u00f6sz\u00f6nhet\u0151en k\u00f6r\u00fclbel\u00fcl 30 m\u00e1sodperc alatt v\u00e1lthat\u00f3. A berendez\u00e9sek sz\u00e9les technol\u00f3giai tartom\u00e1nyt fednek le a forr\u00f3 f\u00fcst\u00f6l\u00e9st\u0151l a lass\u00fa barbecue elj\u00e1r\u00e1sokon \u00e1t eg\u00e9szen a hidegf\u00fcst\u00f6l\u00e9sig, \u00e1lland\u00f3 \u00e9s megb\u00edzhat\u00f3 eredm\u00e9nnyel.<\/p>\n<p><strong>Anwendungen:<\/strong><\/p>\n<ul>\n<li>A <strong>Beelonia F sorozat<\/strong> f\u00fcst\u00f6l\u0151i h\u00fas- \u00e9s halfeldolgoz\u00f3 \u00fczemekben, vend\u00e9gl\u00e1t\u00f3ipari konyh\u00e1kban, valamint k\u00e9zm\u0171ves \u00e9s pr\u00e9mium \u00e9lelmiszer-el\u0151\u00e1ll\u00edt\u00e1sban alkalmazhat\u00f3k, ahol k\u00fcl\u00f6nb\u00f6z\u0151 f\u00fcst\u00f6l\u00e9si technol\u00f3gi\u00e1k rugalmas \u00e9s megb\u00edzhat\u00f3 megval\u00f3s\u00edt\u00e1sa sz\u00fcks\u00e9ges.<\/li>\n<\/ul>","protected":false},"featured_media":4818,"template":"","meta":{"_acf_changed":false,"_kad_post_transparent":"default","_kad_post_title":"","_kad_post_layout":"default","_kad_post_sidebar_id":"","_kad_post_content_style":"default","_kad_post_vertical_padding":"default","_kad_post_feature":"","_kad_post_feature_position":"","_kad_post_header":false,"_kad_post_footer":false,"_kad_post_classname":""},"pwb-brand":[],"product_brand":[1850],"product_cat":[1765,1739],"product_tag":[1862],"class_list":{"0":"post-4815","1":"product","2":"type-product","3":"status-publish","4":"has-post-thumbnail","6":"product_brand-beelonia","7":"product_cat-fozofustoloberendezesek","8":"product_cat-tovabbfeldolgozas","9":"product_tag-beelonia","11":"first","12":"instock","13":"shipping-taxable","14":"product-type-simple","15":"entry","16":"content-bg","17":"loop-entry"},"acf":[],"brands":[],"_links":{"self":[{"href":"https:\/\/kromiker.hu\/de\/wp-json\/wp\/v2\/product\/4815","targetHints":{"allow":["GET"]}}],"collection":[{"href":"https:\/\/kromiker.hu\/de\/wp-json\/wp\/v2\/product"}],"about":[{"href":"https:\/\/kromiker.hu\/de\/wp-json\/wp\/v2\/types\/product"}],"wp:featuredmedia":[{"embeddable":true,"href":"https:\/\/kromiker.hu\/de\/wp-json\/wp\/v2\/media\/4818"}],"wp:attachment":[{"href":"https:\/\/kromiker.hu\/de\/wp-json\/wp\/v2\/media?parent=4815"}],"wp:term":[{"taxonomy":"pwb-brand","embeddable":true,"href":"https:\/\/kromiker.hu\/de\/wp-json\/wp\/v2\/pwb-brand?post=4815"},{"taxonomy":"product_brand","embeddable":true,"href":"https:\/\/kromiker.hu\/de\/wp-json\/wp\/v2\/product_brand?post=4815"},{"taxonomy":"product_cat","embeddable":true,"href":"https:\/\/kromiker.hu\/de\/wp-json\/wp\/v2\/product_cat?post=4815"},{"taxonomy":"product_tag","embeddable":true,"href":"https:\/\/kromiker.hu\/de\/wp-json\/wp\/v2\/product_tag?post=4815"}],"curies":[{"name":"wp","href":"https:\/\/api.w.org\/{rel}","templated":true}]}}