{"id":4819,"date":"2026-01-22T18:52:48","date_gmt":"2026-01-22T17:52:48","guid":{"rendered":"https:\/\/halnoel1234-kmnuz.wpcomstaging.com\/?post_type=product&#038;p=4819"},"modified":"2026-03-30T20:54:32","modified_gmt":"2026-03-30T18:54:32","slug":"beelonia-kr6-fozo-fustolo-szekreny","status":"publish","type":"product","link":"https:\/\/kromiker.hu\/de\/product\/beelonia-kr6-fozo-fustolo-szekreny\/","title":{"rendered":"Beelonia KR6 Koch- und R\u00e4ucherschrank"},"content":{"rendered":"<p><strong>Hauptmerkmale:<\/strong><\/p>\n<ul>\n<li><strong>Egyenletes h\u0151- \u00e9s f\u00fcsteloszl\u00e1s:<\/strong> biztos\u00edtja az azonos min\u0151s\u00e9get a teljes t\u00e9rben.<\/li>\n<li><strong>Kisebb beruh\u00e1z\u00e1si ig\u00e9ny:<\/strong> t\u00f6bb technol\u00f3giai funkci\u00f3 egyetlen berendez\u00e9sben, k\u00fcl\u00f6n g\u00e9pek kiv\u00e1lt\u00e1s\u00e1val.<\/li>\n<li><strong>Egyszer\u0171 \u00fczemeltet\u00e9s:<\/strong> logikus kezel\u0151fel\u00fclet, gyors betan\u00edthat\u00f3s\u00e1g.<\/li>\n<li><strong>\u00dczemszer\u0171 haszn\u00e1latra tervezve:<\/strong> napi, rendszeres ig\u00e9nybev\u00e9tel mellett is stabil teljes\u00edtm\u00e9nyt ny\u00fajt.<\/li>\n<li><strong>Kompakt, \u00e1tgondolt konstrukci\u00f3:<\/strong> kis helyig\u00e9ny mellett professzion\u00e1lis kapacit\u00e1st biztos\u00edt, ami k\u00fcl\u00f6n\u00f6sen el\u0151ny\u00f6s kisebb \u00fczemekben.<\/li>\n<\/ul>\n<p><strong>Das Basismodell verf\u00fcgt \u00fcber Folgendes.<\/strong><\/p>\n<p><strong>Zubeh\u00f6r und Sonderzubeh\u00f6r:<\/strong><\/p>","protected":false},"excerpt":{"rendered":"<p><strong>\u00a0<\/strong><\/p>\n<p>A <strong>Beelonia KR6 f\u0151z\u0151-f\u00fct\u00f6l\u0151 berendez\u00e9s<\/strong> 100%-ban term\u00e9szetes f\u00fcsttel m\u0171k\u00f6dik, f\u0171r\u00e9szpor vagy faforg\u00e1cs felhaszn\u00e1l\u00e1s\u00e1val, \u00e9s egyar\u00e1nt alkalmas hideg-, meleg- \u00e9s forr\u00f3 f\u00fcst\u00f6l\u00e9sre, valamint f\u0151z\u00e9sre \u00e9s g\u0151z\u00f6l\u00e9sre. Az \u00e1ll\u00edthat\u00f3 g\u0151zfunkci\u00f3, valamint a v\u00e1laszthat\u00f3 kamra- vagy magh\u0151m\u00e9rs\u00e9klet-vez\u00e9rl\u00e9s prec\u00edz \u00e9s reproduk\u00e1lhat\u00f3 eredm\u00e9nyt biztos\u00edt.<\/p>\n<p><strong>Anwendungen:<\/strong><\/p>\n<ul>\n<li>A <strong>Beelonia f\u0151z\u0151- \u00e9s f\u00fcst\u00f6l\u0151rendszer<\/strong> kis\u00fczemi \u00e9s k\u00e9zm\u0171ves \u00e9lelmiszer-el\u0151\u00e1ll\u00edt\u00f3kn\u00e1l ide\u00e1lis, ahol a term\u00e9szetes f\u00fcst\u00f6l\u00e9si elj\u00e1r\u00e1sok \u00e9s a sokoldal\u00fa h\u0151kezel\u00e9s egy berendez\u00e9sben sz\u00fcks\u00e9ges. Ide\u00e1lis h\u00fas- \u00e9s halfeldolgoz\u00e1sra, f\u0151z\u00e9sre, g\u0151z\u00f6l\u00e9sre, valamint hideg-, meleg- \u00e9s forr\u00f3 f\u00fcst\u00f6l\u00e9si technol\u00f3gi\u00e1k megval\u00f3s\u00edt\u00e1s\u00e1ra.<\/li>\n<\/ul>","protected":false},"featured_media":4817,"template":"","meta":{"_acf_changed":false,"_kad_post_transparent":"default","_kad_post_title":"","_kad_post_layout":"default","_kad_post_sidebar_id":"","_kad_post_content_style":"default","_kad_post_vertical_padding":"default","_kad_post_feature":"","_kad_post_feature_position":"","_kad_post_header":false,"_kad_post_footer":false,"_kad_post_classname":""},"pwb-brand":[],"product_brand":[1850],"product_cat":[1765,1739],"product_tag":[1862],"class_list":{"0":"post-4819","1":"product","2":"type-product","3":"status-publish","4":"has-post-thumbnail","6":"product_brand-beelonia","7":"product_cat-fozofustoloberendezesek","8":"product_cat-tovabbfeldolgozas","9":"product_tag-beelonia","11":"first","12":"instock","13":"shipping-taxable","14":"product-type-simple","15":"entry","16":"content-bg","17":"loop-entry"},"acf":[],"brands":[],"_links":{"self":[{"href":"https:\/\/kromiker.hu\/de\/wp-json\/wp\/v2\/product\/4819","targetHints":{"allow":["GET"]}}],"collection":[{"href":"https:\/\/kromiker.hu\/de\/wp-json\/wp\/v2\/product"}],"about":[{"href":"https:\/\/kromiker.hu\/de\/wp-json\/wp\/v2\/types\/product"}],"wp:featuredmedia":[{"embeddable":true,"href":"https:\/\/kromiker.hu\/de\/wp-json\/wp\/v2\/media\/4817"}],"wp:attachment":[{"href":"https:\/\/kromiker.hu\/de\/wp-json\/wp\/v2\/media?parent=4819"}],"wp:term":[{"taxonomy":"pwb-brand","embeddable":true,"href":"https:\/\/kromiker.hu\/de\/wp-json\/wp\/v2\/pwb-brand?post=4819"},{"taxonomy":"product_brand","embeddable":true,"href":"https:\/\/kromiker.hu\/de\/wp-json\/wp\/v2\/product_brand?post=4819"},{"taxonomy":"product_cat","embeddable":true,"href":"https:\/\/kromiker.hu\/de\/wp-json\/wp\/v2\/product_cat?post=4819"},{"taxonomy":"product_tag","embeddable":true,"href":"https:\/\/kromiker.hu\/de\/wp-json\/wp\/v2\/product_tag?post=4819"}],"curies":[{"name":"wp","href":"https:\/\/api.w.org\/{rel}","templated":true}]}}