{"id":4945,"date":"2026-02-05T17:34:18","date_gmt":"2026-02-05T16:34:18","guid":{"rendered":"https:\/\/halnoel1234-kmnuz.wpcomstaging.com\/?post_type=product&#038;p=4945"},"modified":"2026-04-27T13:03:21","modified_gmt":"2026-04-27T11:03:21","slug":"xucla-150-c-h-ladamoso","status":"publish","type":"product","link":"https:\/\/kromiker.hu\/de\/product\/xucla-150-c-h-ladamoso\/","title":{"rendered":"Xucla  150 C\/H NM150V L\u00e1damos\u00f3-alag\u00fat"},"content":{"rendered":"<p><strong>Hauptmerkmale:<br \/>\n<\/strong><\/p>\n<ul>\n<li><strong>Komplett mos\u00e1si folyamat egy berendez\u00e9sben<\/strong><br \/>\nAz el\u0151mos\u00e1s, mos\u00e1s \u00e9s \u00f6bl\u00edt\u00e9s egyetlen g\u00e9pen bel\u00fcl val\u00f3sul meg, biztos\u00edtva a l\u00e1d\u00e1k hat\u00e9kony \u00e9s k\u00f6vetkezetes tiszt\u00edt\u00e1s\u00e1t folyamatos \u00fczemben.<\/li>\n<li><strong>\u00c1lland\u00f3, magas higi\u00e9niai szint<\/strong><br \/>\nA z\u00e1rt rendszer\u0171, meleg vizes \u00e9s mos\u00f3szeres mos\u00e1s, valamint a h\u00e1l\u00f3zati vizes \u00f6bl\u00edt\u00e9s garant\u00e1lja az egys\u00e9ges tisztas\u00e1got \u00e9s az \u00e9lelmiszeripari k\u00f6vetelm\u00e9nyek teljes\u00fcl\u00e9s\u00e9t.<\/li>\n<li><strong>Hat\u00e9kony \u00e9s \u00fczembiztos m\u0171k\u00f6d\u00e9s<\/strong><br \/>\nAz automatiz\u00e1lt mos\u00e1si folyamat cs\u00f6kkenti a kezel\u0151i beavatkoz\u00e1s sz\u00fcks\u00e9gess\u00e9g\u00e9t, mik\u00f6zben megb\u00edzhat\u00f3, stabil \u00fczemet biztos\u00edt nagy terhel\u00e9s mellett is.<\/li>\n<li><strong>K\u00edm\u00e9letes, m\u00e9gis hat\u00e9kony tiszt\u00edt\u00e1s<\/strong><br \/>\nA meleg vizes, mos\u00f3szeres mos\u00e1s alaposan elt\u00e1vol\u00edtja a szennyez\u0151d\u00e9seket an\u00e9lk\u00fcl, hogy k\u00e1ros\u00edtan\u00e1 a m\u0171anyag l\u00e1d\u00e1k fel\u00fclet\u00e9t vagy szerkezet\u00e9t.<\/li>\n<li><strong>Gyors hozz\u00e1f\u00e9r\u00e9s, egyszer\u0171 karbantart\u00e1s<\/strong><br \/>\nAz oldalra nyithat\u00f3 fels\u0151 burkolat \u00e9s a j\u00f3l hozz\u00e1f\u00e9rhet\u0151 bels\u0151 elemek ler\u00f6vid\u00edtik a tiszt\u00edt\u00e1si \u00e9s szervizid\u0151t, cs\u00f6kkentve az \u00e1ll\u00e1sid\u0151t.<\/li>\n<\/ul>\n<p><strong>Das Basismodell verf\u00fcgt \u00fcber Folgendes.<\/strong><\/p>\n<ul>\n<li>Z\u00e1rt rendszer\u0171, meleg vizes \u00e9s mos\u00f3szeres mos\u00e1s<\/li>\n<li>H\u00e1l\u00f3zati vizes \u00f6bl\u00edt\u00e9s<\/li>\n<li>Teljes AISI 304 rozsdamentes ac\u00e9l kivitel<\/li>\n<li>Integr\u00e1lt bels\u0151 sz\u00e1ll\u00edt\u00f3rendszer<\/li>\n<li>Elk\u00fcl\u00f6n\u00edtett mos\u00e1si z\u00f3n\u00e1k PVC f\u00fcgg\u00f6ny\u00f6kkel<\/li>\n<li>Automatikus vez\u00e9rl\u00e9s \u00e9s biztons\u00e1gi elemek<\/li>\n<li>K\u00f6nnyen hozz\u00e1f\u00e9rhet\u0151, karbantart\u00e1sbar\u00e1t kialak\u00edt\u00e1s<\/li>\n<li>\u00c9lelmiszeripari haszn\u00e1latra alkalmas, csendes \u00fczem<\/li>\n<\/ul>\n<p><strong>Zubeh\u00f6r und Sonderzubeh\u00f6r:<\/strong><\/p>\n<p>&nbsp;<\/p>\n<ul>\n<li>\u00d6bl\u00edt\u0151v\u00edz visszavezet\u00e9se a mos\u00f3tart\u00e1lyba<\/li>\n<li>Elektromos v\u00edzmeleg\u00edt\u00e9s integr\u00e1l\u00e1sa (ellen\u00e1ll\u00e1sokkal)<\/li>\n<li>\u00c1ll\u00edthat\u00f3 \u00f6bl\u00edt\u00e9si v\u00edzfogyaszt\u00e1s \/ extra \u00f6bl\u00edt\u0151f\u00fav\u00f3k\u00e1k<\/li>\n<li>Visszat\u00e9r\u0151 r\u00e1mpa n\u00e9lk\u00fcli kivitel vagy alternat\u00edv kifut\u00f3<\/li>\n<li>Speci\u00e1lis l\u00e1dam\u00e9rethez igaz\u00edtott be- \u00e9s kil\u00e9p\u0151 ny\u00edl\u00e1s<\/li>\n<li>Megn\u00f6velt kapacit\u00e1s\u00fa sz\u0171r\u0151rendszer<\/li>\n<li>Rozsdamentes ac\u00e9l elektromos szekr\u00e9ny<\/li>\n<li>Egyedi vez\u00e9rl\u00e9si logika az \u00fczem ig\u00e9nyei szerint<\/li>\n<\/ul>","protected":false},"excerpt":{"rendered":"<p>Hat\u00e9kony, higi\u00e9nikus \u00e9s megb\u00edzhat\u00f3 megold\u00e1s l\u00e1d\u00e1k professzion\u00e1lis tiszt\u00edt\u00e1s\u00e1ra. A z\u00e1rt rendszer\u0171, melegvizes \u00e9s mos\u00f3szeres mos\u00e1s minim\u00e1lis v\u00edzfelhaszn\u00e1l\u00e1s mellett biztos\u00edt kiv\u00e1l\u00f3 tiszt\u00edt\u00e1si eredm\u00e9nyt. Az AISI 304 rozsdamentes ac\u00e9l konstrukci\u00f3 hossz\u00fa \u00e9lettartamot ny\u00fajt. Az \u00e1tgondolt kialak\u00edt\u00e1s a mindennapi haszn\u00e1latot \u00e9s karbantart\u00e1st is megk\u00f6nny\u00edti.<\/p>\n<p><strong>\u00a0<\/strong><strong>Anwendungen:<\/strong><\/p>\n<p>A berendez\u00e9s ide\u00e1lis megold\u00e1s \u00e9lelmiszeripari \u00fczemekben haszn\u00e1lt l\u00e1d\u00e1k \u00e9s rekeszek higi\u00e9nikus tiszt\u00edt\u00e1s\u00e1ra. Kiv\u00e1l\u00f3an alkalmazhat\u00f3 h\u00fas-, baromfi-, hal- \u00e9s tejipari feldolgoz\u00f3\u00fczemekben, valamint k\u00e9sz\u00e9tel- \u00e9s logisztikai k\u00f6zpontokban. Megb\u00edzhat\u00f3 m\u0171k\u00f6d\u00e9s\u00e9vel hozz\u00e1j\u00e1rul a magas higi\u00e9niai el\u0151\u00edr\u00e1sok betart\u00e1s\u00e1hoz \u00e9s a folyamatos, hat\u00e9kony termel\u00e9shez.<\/p>","protected":false},"featured_media":4947,"template":"","meta":{"_acf_changed":false,"_kad_post_transparent":"default","_kad_post_title":"","_kad_post_layout":"default","_kad_post_sidebar_id":"","_kad_post_content_style":"default","_kad_post_vertical_padding":"default","_kad_post_feature":"","_kad_post_feature_position":"","_kad_post_header":false,"_kad_post_footer":false,"_kad_post_classname":""},"pwb-brand":[],"product_brand":[1711],"product_cat":[1742,1784],"product_tag":[1882],"class_list":{"0":"post-4945","1":"product","2":"type-product","3":"status-publish","4":"has-post-thumbnail","6":"product_brand-xucla","7":"product_cat-higienia-mosas-fertotlenites","8":"product_cat-ladamoso-berendezesek","9":"product_tag-xucla","11":"first","12":"instock","13":"shipping-taxable","14":"product-type-simple","15":"entry","16":"content-bg","17":"loop-entry"},"acf":[],"brands":[],"_links":{"self":[{"href":"https:\/\/kromiker.hu\/de\/wp-json\/wp\/v2\/product\/4945","targetHints":{"allow":["GET"]}}],"collection":[{"href":"https:\/\/kromiker.hu\/de\/wp-json\/wp\/v2\/product"}],"about":[{"href":"https:\/\/kromiker.hu\/de\/wp-json\/wp\/v2\/types\/product"}],"wp:featuredmedia":[{"embeddable":true,"href":"https:\/\/kromiker.hu\/de\/wp-json\/wp\/v2\/media\/4947"}],"wp:attachment":[{"href":"https:\/\/kromiker.hu\/de\/wp-json\/wp\/v2\/media?parent=4945"}],"wp:term":[{"taxonomy":"pwb-brand","embeddable":true,"href":"https:\/\/kromiker.hu\/de\/wp-json\/wp\/v2\/pwb-brand?post=4945"},{"taxonomy":"product_brand","embeddable":true,"href":"https:\/\/kromiker.hu\/de\/wp-json\/wp\/v2\/product_brand?post=4945"},{"taxonomy":"product_cat","embeddable":true,"href":"https:\/\/kromiker.hu\/de\/wp-json\/wp\/v2\/product_cat?post=4945"},{"taxonomy":"product_tag","embeddable":true,"href":"https:\/\/kromiker.hu\/de\/wp-json\/wp\/v2\/product_tag?post=4945"}],"curies":[{"name":"wp","href":"https:\/\/api.w.org\/{rel}","templated":true}]}}