{"id":5085,"date":"2026-02-27T15:08:03","date_gmt":"2026-02-27T14:08:03","guid":{"rendered":"https:\/\/halnoel1234-kmnuz.wpcomstaging.com\/?post_type=product&#038;p=5085"},"modified":"2026-03-30T21:01:23","modified_gmt":"2026-03-30T19:01:23","slug":"pss-som-egyszintes-gyorskeverok","status":"publish","type":"product","link":"https:\/\/kromiker.hu\/de\/product\/pss-som-egyszintes-gyorskeverok\/","title":{"rendered":"PSS SOM Einstufenmischer"},"content":{"rendered":"<h2><span style=\"font-size: 12.0pt;font-family: 'Poppins',serif\">Hauptmerkmale:<\/span><\/h2>\n<p><span style=\"font-family: 'Poppins',serif\">\u2022 <strong>Egy-szintes kever\u0151t\u00e9r:<\/strong> kev\u00e9s marad\u00e9kanyag, gyors \u00fcr\u00edt\u00e9s \u00e9s tiszt\u00edt\u00e1s<br \/>\n\u2022 <strong>Forg\u00f3 kever\u0151lap\u00e1tok:<\/strong> minden ir\u00e1ny\u00fa, k\u00edm\u00e9letes mozg\u00e1s a homog\u00e9n eredm\u00e9ny\u00e9rt<br \/>\n\u2022 <strong>Minimaliz\u00e1lt term\u00e9k \u00f6sszenyom\u00e1s:<\/strong> jobb szerkezet \u00e9s \u00e1llag<br \/>\n\u2022 <strong>Er\u0151s ipari kivitel:<\/strong> rozsdamentes ac\u00e9l konstrukci\u00f3<br \/>\n\u2022 <strong>Gyors ciklusid\u0151k:<\/strong> alacsony le\u00e1ll\u00e1si id\u0151 <\/span><\/p>\n<h2><span style=\"font-size: 12.0pt;font-family: 'Poppins',serif\">Das Basismodell verf\u00fcgt \u00fcber die folgenden Merkmale:<\/span><\/h2>\n<p><span style=\"font-family: 'Poppins',serif\">\u2022 <strong>Rozsdamentes ac\u00e9l, egy-szintes kever\u0151tart\u00e1ly<\/strong><br \/>\n\u2022 <strong>Forg\u00f3 kever\u0151lap\u00e1tok<\/strong> az intenz\u00edv \u00e9s k\u00edm\u00e9letes kever\u00e9shez<br \/>\n\u2022 <strong>K\u00e9t \u00fcr\u00edt\u0151ny\u00edl\u00e1s<\/strong> a gyors \u00e9s hat\u00e9kony \u00fcr\u00edt\u00e9shez<br \/>\n\u2022 <strong>Biztons\u00e1gi burkolat \u00e9s v\u00e9szle\u00e1ll\u00edt\u00f3 rendszer<\/strong><br \/>\n\u2022 <strong>Alap vez\u00e9rl\u00e9s \u00e9s hajt\u00f3motor<\/strong> a kever\u00e9si ciklusokhoz <\/span><\/p>\n<h2><span style=\"font-size: 12.0pt;font-family: 'Poppins',serif\">Zubeh\u00f6r und Sonderzubeh\u00f6r:<\/span><\/h2>\n<p><span style=\"font-family: 'Poppins',serif\">\u2022 Porv\u00e9d\u0151 fed\u00e9l szigetel\u00e9s n\u00e9lk\u00fcl<br \/>\n\u2022 R\u00e1csos v\u00e9d\u0151fed\u00e9l<br \/>\n\u2022 Szigetelt vagy t\u00f6m\u00edtett fed\u0151lap<br \/>\n\u2022 M\u00e9rleg rendszer a g\u00e9pv\u00e1zon<br \/>\n\u2022 <strong>H\u0151m\u00e9rs\u00e9klet-\u00e9rz\u00e9kel\u0151<\/strong> und <strong>h\u0171t\u0151rrendszer (N\u2082\/CO\u2082)<\/strong><br \/>\n\u2022 G\u0151z befecskendez\u0151 \u00e9s v\u00edzadagol\u00f3 rendszer<br \/>\n\u2022 Duplafal\u00fa szigetel\u00e9s \u00e9s h\u0171thet\u0151 kivitel<br \/>\n\u2022 Fel\u00fcgyeleti platform \u00e9s <strong>t\u00e1voli internetes hozz\u00e1f\u00e9r\u00e9s<\/strong><\/span><\/p>","protected":false},"excerpt":{"rendered":"<p><span style=\"font-family: 'Poppins',serif\">A <strong>PSS SOM sz\u00e9ria (One-Level Mixers)<\/strong> olyan ipari kever\u0151berendez\u00e9sek, amelyeket a <strong>h\u00e1romdimenzi\u00f3s kever\u00e9sre \u00e9s gyors, egyenletes anyagkever\u00e9sre<\/strong> terveztek \u00e9lelmiszer- \u00e9s h\u00fasipari alkalmaz\u00e1sokhoz. Az egy-szintes (one-level) kever\u0151kamra \u00e9s a forg\u00f3 kever\u0151lap\u00e1tok egy\u00fcttesen biztos\u00edtj\u00e1k a k\u00edm\u00e9letes kezel\u00e9st \u00e9s homog\u00e9n v\u00e9geredm\u00e9nyt b\u00e1rmilyen konzisztenci\u00e1j\u00fa term\u00e9kn\u00e9l. A minim\u00e1lis t\u00e1vols\u00e1g a kever\u0151lap\u00e1tok \u00e9s a tart\u00e1ly fala k\u00f6z\u00f6tt cs\u00f6kkenti a term\u00e9k \u00f6sszenyom\u00f3d\u00e1s\u00e1t \u00e9s biztos\u00edtja a gyors \u00fcr\u00edt\u00e9st, ami cs\u00f6kkenti a ciklusid\u0151t \u00e9s a term\u00e9k marad\u00e9k\u00e1t a kamr\u00e1ban. <\/span><\/p>\n<p><strong><span style=\"font-size: 12.0pt;font-family: 'Poppins',serif\">Anwendungen:<\/span><\/strong><\/p>\n<p><span style=\"font-family: 'Poppins',serif\">\u2022 <strong>Fleischindustrie:<\/strong> dar\u00e1lt h\u00fasok, kolb\u00e1szalapok \u00e9s t\u00f6ltel\u00e9kek homog\u00e9n \u00f6sszekever\u00e9se<br \/>\n\u2022 <strong>Massz\u00e1k \u00e9s f\u0171szeres kever\u00e9kek:<\/strong> sal\u00e1t\u00e1k, kr\u00e9mek \u00e9s m\u00e1s homog\u00e9n term\u00e9kek el\u0151\u00e1ll\u00edt\u00e1sa<br \/>\n\u2022 <strong>Nagy kapacit\u00e1s\u00fa gy\u00e1rt\u00e1s:<\/strong> szakaszos \u00e9s folyamatos ipari \u00fczemekben<br \/>\n\u2022 <strong>Gy\u00e1rt\u00f3sorokba integr\u00e1lva:<\/strong> v\u00e1kuumt\u00f6lt\u0151kkel vagy form\u00e1z\u00f3kkal egy\u00fctt <\/span><\/p>","protected":false},"featured_media":5089,"template":"","meta":{"_acf_changed":false,"_kad_post_transparent":"default","_kad_post_title":"","_kad_post_layout":"default","_kad_post_sidebar_id":"","_kad_post_content_style":"default","_kad_post_vertical_padding":"default","_kad_post_feature":"","_kad_post_feature_position":"","_kad_post_header":false,"_kad_post_footer":false,"_kad_post_classname":""},"pwb-brand":[],"product_brand":[1706],"product_cat":[1791,1739],"product_tag":[1876],"class_list":{"0":"post-5085","1":"product","2":"type-product","3":"status-publish","4":"has-post-thumbnail","6":"product_brand-pss-svidnik-a-s","7":"product_cat-kevero-kolbaszkevero-es-vakuumkevero-gepek","8":"product_cat-tovabbfeldolgozas","9":"product_tag-pss-svidnik-as","11":"first","12":"instock","13":"shipping-taxable","14":"product-type-simple","15":"entry","16":"content-bg","17":"loop-entry"},"acf":[],"brands":[],"_links":{"self":[{"href":"https:\/\/kromiker.hu\/de\/wp-json\/wp\/v2\/product\/5085","targetHints":{"allow":["GET"]}}],"collection":[{"href":"https:\/\/kromiker.hu\/de\/wp-json\/wp\/v2\/product"}],"about":[{"href":"https:\/\/kromiker.hu\/de\/wp-json\/wp\/v2\/types\/product"}],"wp:featuredmedia":[{"embeddable":true,"href":"https:\/\/kromiker.hu\/de\/wp-json\/wp\/v2\/media\/5089"}],"wp:attachment":[{"href":"https:\/\/kromiker.hu\/de\/wp-json\/wp\/v2\/media?parent=5085"}],"wp:term":[{"taxonomy":"pwb-brand","embeddable":true,"href":"https:\/\/kromiker.hu\/de\/wp-json\/wp\/v2\/pwb-brand?post=5085"},{"taxonomy":"product_brand","embeddable":true,"href":"https:\/\/kromiker.hu\/de\/wp-json\/wp\/v2\/product_brand?post=5085"},{"taxonomy":"product_cat","embeddable":true,"href":"https:\/\/kromiker.hu\/de\/wp-json\/wp\/v2\/product_cat?post=5085"},{"taxonomy":"product_tag","embeddable":true,"href":"https:\/\/kromiker.hu\/de\/wp-json\/wp\/v2\/product_tag?post=5085"}],"curies":[{"name":"wp","href":"https:\/\/api.w.org\/{rel}","templated":true}]}}