{"id":5115,"date":"2026-03-02T15:36:01","date_gmt":"2026-03-02T14:36:01","guid":{"rendered":"https:\/\/halnoel1234-kmnuz.wpcomstaging.com\/?post_type=product&#038;p=5115"},"modified":"2026-03-30T21:01:50","modified_gmt":"2026-03-30T19:01:50","slug":"ruhle-ar30-plus-kockazogep","status":"publish","type":"product","link":"https:\/\/kromiker.hu\/de\/product\/ruhle-ar30-plus-kockazogep\/","title":{"rendered":"R\u00fchle AR30 Plus W\u00fcrfelschneider"},"content":{"rendered":"<p><strong>Hauptmerkmale:<\/strong><\/p>\n<ul>\n<li>Sokoldal\u00fa v\u00e1g\u00e1si lehet\u0151s\u00e9gek (kocka, cs\u00edk, szelet, speci\u00e1lis form\u00e1k)<\/li>\n<li>Hidraulikus, nyom\u00e1s\u00e9rz\u00e9keny el\u0151t\u00f6m\u00f6r\u00edt\u0151 rendszer<\/li>\n<li>Fokozatmentesen \u00e1ll\u00edthat\u00f3 adagol\u00e1s<\/li>\n<li>Dinamikus hajt\u00e1srendszer stabil v\u00e1g\u00e1sk\u00e9phez<\/li>\n<li>Multiplex r\u00e1csrendszer g\u00f6rd\u00fcl\u0151csap\u00e1gyaz\u00e1ssal<\/li>\n<li>Gyors r\u00e1cs- \u00e9s k\u00e9scsere<\/li>\n<\/ul>\n<p><strong>Das Basismodell verf\u00fcgt \u00fcber die folgenden Merkmale:<\/strong><\/p>\n<ul>\n<li>Fogazott k\u00e9srendszer<\/li>\n<li>\u00a0Oldals\u00f3 \u00e9s nyom\u00e1s\u00e9rz\u00e9keny el\u0151t\u00f6m\u00f6r\u00edt\u00e9s<\/li>\n<li>\u00a0Stabiliz\u00e1l\u00f3 rendszer szeletelt term\u00e9kekhez<\/li>\n<li>\u00a0Multiplex r\u00e1csmegold\u00e1s<\/li>\n<li>Hidraulikus nyom\u00f3rendszer<\/li>\n<li>Kihord\u00f3 sz\u00e1ll\u00edt\u00f3szalag<\/li>\n<\/ul>\n<p>&nbsp;<\/p>\n<p><strong>Zubeh\u00f6r und Sonderzubeh\u00f6r:<\/strong><\/p>\n<ul>\n<li>\u00a0Duplak\u00e9s rendszer<\/li>\n<li>Speci\u00e1lis v\u00e1g\u00f3t\u00e1rcs\u00e1k \u00e9s reszel\u0151t\u00e1rcs\u00e1k<\/li>\n<li>\u00a0Integr\u00e1lt bet\u00f6lt\u0151rendszer<\/li>\n<li>Hosszabb\u00edtott vagy m\u00f3dos\u00edtott kihord\u00f3 szalag<\/li>\n<\/ul>","protected":false},"excerpt":{"rendered":"<p><strong>R\u00fchle Original AR30 Plus<\/strong> egy nagy teljes\u00edtm\u00e9ny\u0171, automata ipari kock\u00e1z\u00f3- \u00e9s cs\u00edkoz\u00f3g\u00e9p, amelyet intenz\u00edv \u00e9lelmiszeripari felhaszn\u00e1l\u00e1sra terveztek. A berendez\u00e9s stabil, egyenletes v\u00e1g\u00e1st biztos\u00edt k\u00fcl\u00f6nb\u00f6z\u0151 alapanyagok eset\u00e9n, mik\u00f6zben a hidraulikus el\u0151t\u00f6m\u00f6r\u00edt\u0151 rendszer gondoskodik az egyenletes term\u00e9kvezet\u00e9sr\u0151l. A Plus kivitel integr\u00e1lt 200 literes h\u00fasoskocsi lifttel, a bet\u00f6lt\u00e9si \u00e9s kihord\u00e1si megold\u00e1s\u00e1nak k\u00f6sz\u00f6nhet\u0151en hat\u00e9konyan illeszthet\u0151 automatiz\u00e1lt gy\u00e1rt\u00f3sorokba.<\/p>\n<p><strong>Anwendungen:<\/strong><\/p>\n<p><strong>\u2022 H\u00fasipar:<\/strong> kock\u00e1z\u00e1s, cs\u00edkoz\u00e1s \u00e9s szeletel\u00e9s k\u00fcl\u00f6nb\u00f6z\u0151 feldolgoz\u00e1si m\u0171veletekhez<br \/>\n<strong>\u2022 Sajt- \u00e9s \u00e9lelmiszeripar:<\/strong> kocka-, cs\u00edk- \u00e9s speci\u00e1lis v\u00e1g\u00e1sk\u00e9pek el\u0151\u00e1ll\u00edt\u00e1sa<br \/>\n<strong>\u2022 F\u00e9lk\u00e9sz \u00e9s k\u00e9sz\u00e9telek gy\u00e1rt\u00e1sa:<\/strong> egys\u00e9ges darabm\u00e9ret biztos\u00edt\u00e1sa<br \/>\n<strong>\u2022 Automatiz\u00e1lt gy\u00e1rt\u00f3sorok<\/strong> alapanyag-el\u0151k\u00e9sz\u00edt\u00e9se<\/p>","protected":false},"featured_media":5117,"template":"","meta":{"_acf_changed":false,"_kad_post_transparent":"default","_kad_post_title":"","_kad_post_layout":"default","_kad_post_sidebar_id":"","_kad_post_content_style":"default","_kad_post_vertical_padding":"default","_kad_post_feature":"","_kad_post_feature_position":"","_kad_post_header":false,"_kad_post_footer":false,"_kad_post_classname":""},"pwb-brand":[],"product_brand":[1690],"product_cat":[1752,1756,1740,1739],"product_tag":[1877],"class_list":{"0":"post-5115","1":"product","2":"type-product","3":"status-publish","4":"has-post-thumbnail","6":"product_brand-ruhle","7":"product_cat-saslikkeszito-gepek","8":"product_cat-kockazo-csikozo-gepek","9":"product_cat-szeleteles-apritas-kockazas","10":"product_cat-tovabbfeldolgozas","11":"product_tag-ruhle","13":"first","14":"instock","15":"shipping-taxable","16":"product-type-simple","17":"entry","18":"content-bg","19":"loop-entry"},"acf":[],"brands":[],"_links":{"self":[{"href":"https:\/\/kromiker.hu\/de\/wp-json\/wp\/v2\/product\/5115","targetHints":{"allow":["GET"]}}],"collection":[{"href":"https:\/\/kromiker.hu\/de\/wp-json\/wp\/v2\/product"}],"about":[{"href":"https:\/\/kromiker.hu\/de\/wp-json\/wp\/v2\/types\/product"}],"wp:featuredmedia":[{"embeddable":true,"href":"https:\/\/kromiker.hu\/de\/wp-json\/wp\/v2\/media\/5117"}],"wp:attachment":[{"href":"https:\/\/kromiker.hu\/de\/wp-json\/wp\/v2\/media?parent=5115"}],"wp:term":[{"taxonomy":"pwb-brand","embeddable":true,"href":"https:\/\/kromiker.hu\/de\/wp-json\/wp\/v2\/pwb-brand?post=5115"},{"taxonomy":"product_brand","embeddable":true,"href":"https:\/\/kromiker.hu\/de\/wp-json\/wp\/v2\/product_brand?post=5115"},{"taxonomy":"product_cat","embeddable":true,"href":"https:\/\/kromiker.hu\/de\/wp-json\/wp\/v2\/product_cat?post=5115"},{"taxonomy":"product_tag","embeddable":true,"href":"https:\/\/kromiker.hu\/de\/wp-json\/wp\/v2\/product_tag?post=5115"}],"curies":[{"name":"wp","href":"https:\/\/api.w.org\/{rel}","templated":true}]}}