{"id":5136,"date":"2026-03-03T13:34:05","date_gmt":"2026-03-03T12:34:05","guid":{"rendered":"https:\/\/halnoel1234-kmnuz.wpcomstaging.com\/?post_type=product&#038;p=5136"},"modified":"2026-05-14T11:15:53","modified_gmt":"2026-05-14T09:15:53","slug":"xucla-kez-csizmaszar-es-talpmoso-allomas","status":"publish","type":"product","link":"https:\/\/kromiker.hu\/de\/product\/xucla-kez-csizmaszar-es-talpmoso-allomas\/","title":{"rendered":"Xucl\u00e1 Hand- und Schuhschlie\u00dfanlage und Fu\u00dfwaschanlage"},"content":{"rendered":"<p><strong>Hauptmerkmale:<br \/>\n<\/strong><\/p>\n<ul>\n<li>Kombin\u00e1lt k\u00e9zmos\u00f3, k\u00e9zfert\u0151tlen\u00edt\u0151 \u00e9s csizmasz\u00e1r-mos\u00f3 rendszer<\/li>\n<li>Automatikusan aktiv\u00e1l\u00f3d\u00f3 talp- \u00e9s oldalfel\u00fclet-mos\u00e1s fotocell\u00e1s \u00e9rz\u00e9kel\u00e9ssel<\/li>\n<li>Id\u0151z\u00edtett fert\u0151tlen\u00edt\u00e9si ciklus<\/li>\n<li>\u00c1thalad\u00e1st szab\u00e1lyoz\u00f3 automatikus soromp\u00f3<\/li>\n<li>Teljes rozsdamentes ac\u00e9l ipari kivitel<\/li>\n<\/ul>\n<p><strong>Das Basismodell verf\u00fcgt \u00fcber Folgendes.<\/strong><\/p>\n<ul>\n<li>Automatisches H\u00e4ndedesinfektionsspr\u00fchsystem<\/li>\n<li>Einlasskontrolleinheit zur Regelung des Durchgangs<\/li>\n<li>Bodenbefestigte Beinmontage<\/li>\n<li>Seitenhalterung zur Aufnahme des Chemikalienbeh\u00e4lters<\/li>\n<li>Elektrische Steuerung mit zeitgesteuertem Zyklus<\/li>\n<\/ul>\n<p><strong>Zubeh\u00f6r und Sonderzubeh\u00f6r:<br \/>\n<\/strong><\/p>\n<ul>\n<li>Chemikalien-Erkennungssystem<\/li>\n<li>Touchscreen-PLC-Steuerung<\/li>\n<li>K\u00e9tir\u00e1ny\u00fa \u00e1thalad\u00e1si opci\u00f3<\/li>\n<\/ul>","protected":false},"excerpt":{"rendered":"<p>A <strong>Xucl\u00e1 higi\u00e9niai \u00e1llom\u00e1s k\u00e9z- csizmasz\u00e1r- \u00e9s talpmos\u00f3 egys\u00e9ggel<\/strong> egy komplex szem\u00e9lyi bel\u00e9ptet\u0151 rendszer, amely biztos\u00edtja a k\u00e9zmos\u00e1s, k\u00e9zfert\u0151tlen\u00edt\u00e9s \u00e9s l\u00e1bbeli tiszt\u00edt\u00e1s teljes folyamat\u00e1t egyetlen, ellen\u0151rz\u00f6tt egys\u00e9gben. A rendszer a bel\u00e9p\u00e9skor automatikusan aktiv\u00e1lja a talp- \u00e9s oldalfel\u00fcletek mos\u00e1s\u00e1t, mik\u00f6zben a kezel\u0151 elv\u00e9gzi a k\u00e9zmos\u00e1si \u00e9s fert\u0151tlen\u00edt\u00e9si ciklust. Az \u00e1llom\u00e1s csak a teljes higi\u00e9niai folyamat elv\u00e9gz\u00e9se ut\u00e1n enged\u00e9lyezi az \u00e1thalad\u00e1st, \u00edgy hat\u00e9konyan megel\u0151zi a keresztszennyez\u0151d\u00e9st a k\u00fcl\u00f6nb\u00f6z\u0151 z\u00f3n\u00e1k k\u00f6z\u00f6tt.<\/p>\n<p><strong>Anwendungen:<\/strong><\/p>\n<p>A berendez\u00e9s h\u00fas- \u00e9s \u00e9lelmiszeripari \u00fczemek szem\u00e9lyzeti bel\u00e9ptet\u0151 pontjain alkalmazhat\u00f3, ahol k\u00f6telez\u0151 a k\u00e9z- \u00e9s l\u00e1bbeli higi\u00e9niai kezel\u00e9se a tiszta t\u00e9rbe val\u00f3 bel\u00e9p\u00e9s el\u0151tt. Ide\u00e1lis feldolgoz\u00f3-, csomagol\u00f3- \u00e9s el\u0151k\u00e9sz\u00edt\u0151 ter\u00fcletek z\u00f3nahat\u00e1rain, valamint minden olyan ipari k\u00f6rnyezetben, ahol a HACCP rendszer r\u00e9szek\u00e9nt sz\u00fcks\u00e9ges a szem\u00e9lyi higi\u00e9nia ellen\u0151rz\u00f6tt biztos\u00edt\u00e1sa.<\/p>","protected":false},"featured_media":5138,"template":"","meta":{"_acf_changed":false,"_kad_post_transparent":"default","_kad_post_title":"","_kad_post_layout":"default","_kad_post_sidebar_id":"","_kad_post_content_style":"default","_kad_post_vertical_padding":"default","_kad_post_feature":"","_kad_post_feature_position":"","_kad_post_header":false,"_kad_post_footer":false,"_kad_post_classname":""},"pwb-brand":[1914],"product_brand":[1711],"product_cat":[1773,1742],"product_tag":[1882],"class_list":{"0":"post-5136","1":"product","2":"type-product","3":"status-publish","4":"has-post-thumbnail","6":"pwb-brand-xucla","7":"product_brand-xucla","8":"product_cat-beleptetoallomas","9":"product_cat-higienia-mosas-fertotlenites","10":"product_tag-xucla","12":"first","13":"instock","14":"shipping-taxable","15":"product-type-simple","16":"entry","17":"content-bg","18":"loop-entry"},"acf":[],"brands":[{"id":1914,"name":"Xucl\u00e1","slug":"xucla"}],"_links":{"self":[{"href":"https:\/\/kromiker.hu\/de\/wp-json\/wp\/v2\/product\/5136","targetHints":{"allow":["GET"]}}],"collection":[{"href":"https:\/\/kromiker.hu\/de\/wp-json\/wp\/v2\/product"}],"about":[{"href":"https:\/\/kromiker.hu\/de\/wp-json\/wp\/v2\/types\/product"}],"wp:featuredmedia":[{"embeddable":true,"href":"https:\/\/kromiker.hu\/de\/wp-json\/wp\/v2\/media\/5138"}],"wp:attachment":[{"href":"https:\/\/kromiker.hu\/de\/wp-json\/wp\/v2\/media?parent=5136"}],"wp:term":[{"taxonomy":"pwb-brand","embeddable":true,"href":"https:\/\/kromiker.hu\/de\/wp-json\/wp\/v2\/pwb-brand?post=5136"},{"taxonomy":"product_brand","embeddable":true,"href":"https:\/\/kromiker.hu\/de\/wp-json\/wp\/v2\/product_brand?post=5136"},{"taxonomy":"product_cat","embeddable":true,"href":"https:\/\/kromiker.hu\/de\/wp-json\/wp\/v2\/product_cat?post=5136"},{"taxonomy":"product_tag","embeddable":true,"href":"https:\/\/kromiker.hu\/de\/wp-json\/wp\/v2\/product_tag?post=5136"}],"curies":[{"name":"wp","href":"https:\/\/api.w.org\/{rel}","templated":true}]}}