{"id":5338,"date":"2026-03-23T18:07:20","date_gmt":"2026-03-23T17:07:20","guid":{"rendered":"https:\/\/kromiker.hu\/?post_type=product&#038;p=5338"},"modified":"2026-05-14T11:07:47","modified_gmt":"2026-05-14T09:07:47","slug":"ftt-cbs2-vizszintes-csirkemell-szeletelo","status":"publish","type":"product","link":"https:\/\/kromiker.hu\/de\/product\/ftt-cbs2-vizszintes-csirkemell-szeletelo\/","title":{"rendered":"FTT CBS2 v\u00edzszintes csirkemell szeletel\u0151"},"content":{"rendered":"<p><strong>Hauptmerkmale:<\/strong><\/p>\n<ul>\n<li data-start=\"927\" data-end=\"1261\">K\u00e9tp\u00e1ly\u00e1s kialak\u00edt\u00e1s a nagyobb teljes\u00edtm\u00e9ny \u00e9rdek\u00e9ben<\/li>\n<li data-start=\"927\" data-end=\"1261\">Oszcill\u00e1l\u00f3 k\u00e9srendszer az egyenletes szeletvastags\u00e1g\u00e9rt<\/li>\n<li data-start=\"927\" data-end=\"1261\">F\u00fcggetlen szeletel\u0151 p\u00e1ly\u00e1k k\u00fcl\u00f6nb\u00f6z\u0151 term\u00e9kekhez \u00e9s be\u00e1ll\u00edt\u00e1sokhoz<\/li>\n<li data-start=\"927\" data-end=\"1261\">K\u00edm\u00e9letes term\u00e9ksz\u00e1ll\u00edt\u00e1s lebeg\u0151 nyom\u00f3szalagokkal<\/li>\n<li data-start=\"927\" data-end=\"1261\">\u00c1ll\u00edthat\u00f3 szeletvastags\u00e1g \u00e9s szeletsz\u00e1m<\/li>\n<li data-start=\"927\" data-end=\"1261\">Rozsdamentes ac\u00e9l, higi\u00e9nikus ipari kivitel<\/li>\n<\/ul>\n<p data-start=\"1263\" data-end=\"1310\"><strong data-start=\"1263\" data-end=\"1308\">Das Basismodell verf\u00fcgt \u00fcber die folgenden Merkmale:<\/strong><\/p>\n<ul>\n<li data-start=\"1312\" data-end=\"1516\">K\u00e9t f\u00fcggetlen sz\u00e1ll\u00edt\u00f3p\u00e1lya<\/li>\n<li data-start=\"1312\" data-end=\"1516\">Oszcill\u00e1l\u00f3 k\u00e9ses szeletel\u0151 egys\u00e9g<\/li>\n<li data-start=\"1312\" data-end=\"1516\">Nyom\u00f3szalagos term\u00e9kr\u00f6gz\u00edt\u0151 rendszer<\/li>\n<li data-start=\"1312\" data-end=\"1516\">Alap elektromos vez\u00e9rl\u00e9s k\u00fcl\u00f6n hajt\u00e1sszab\u00e1lyoz\u00e1ssal<\/li>\n<li data-start=\"1312\" data-end=\"1516\">Rozsdamentes ac\u00e9l v\u00e1z \u00e9s burkolat<\/li>\n<\/ul>\n<p data-start=\"1518\" data-end=\"1561\"><strong data-start=\"1518\" data-end=\"1559\">Zubeh\u00f6r und Sonderzubeh\u00f6r:<\/strong><\/p>\n<ul>\n<li data-start=\"1563\" data-end=\"1807\">T\u00f6bbk\u00e9ses kivitel (1\u20135 k\u00e9s) k\u00fcl\u00f6nb\u00f6z\u0151 szeletsz\u00e1mhoz<\/li>\n<li data-start=\"1563\" data-end=\"1807\">K\u00fcl\u00f6nb\u00f6z\u0151 k\u00e9skialak\u00edt\u00e1sok specifikus alkalmaz\u00e1sokhoz<\/li>\n<li data-start=\"1563\" data-end=\"1807\">Szeletlev\u00e1laszt\u00f3 rendszer<\/li>\n<li data-start=\"1563\" data-end=\"1807\">V\u00edzpermetez\u0151 rendszer a szalagok tiszt\u00edt\u00e1s\u00e1hoz<\/li>\n<li data-start=\"1563\" data-end=\"1807\">Integr\u00e1ci\u00f3 adagol\u00f3- \u00e9s csomagol\u00f3 rendszerekkel<\/li>\n<\/ul>","protected":false},"excerpt":{"rendered":"<p>A <strong data-start=\"68\" data-end=\"103\">Food Technology Thielemann CBS2<\/strong> egy k\u00e9tp\u00e1ly\u00e1s, nagy teljes\u00edtm\u00e9ny\u0171 v\u00edzszintes szeletel\u0151 berendez\u00e9s, amelyet csont n\u00e9lk\u00fcli baromfi fil\u00e9k prec\u00edz \u00e9s egyenletes szeletel\u00e9s\u00e9re fejlesztettek ki. A g\u00e9p oszcill\u00e1l\u00f3 k\u00e9srendszere biztos\u00edtja a kiv\u00e1l\u00f3 v\u00e1g\u00e1si min\u0151s\u00e9get, m\u00edg a lebeg\u0151 nyom\u00f3szalagok k\u00edm\u00e9letes term\u00e9ksz\u00e1ll\u00edt\u00e1st tesznek lehet\u0151v\u00e9, minimaliz\u00e1lva a deform\u00e1ci\u00f3t \u00e9s a vesztes\u00e9get. A CBS2 k\u00fcl\u00f6n\u00f6sen alkalmas nagy kapacit\u00e1s\u00fa \u00fczemek sz\u00e1m\u00e1ra, ahol fontos a magas teljes\u00edtm\u00e9ny \u00e9s az \u00e1lland\u00f3 min\u0151s\u00e9g.<\/p>\n<p><strong>Anwendungen:<\/strong><\/p>\n<ul>\n<li data-start=\"631\" data-end=\"904\">Baromfiiparban csirkemell fil\u00e9k v\u00edzszintes szeletel\u00e9se egyenletes vastags\u00e1gra<\/li>\n<li data-start=\"631\" data-end=\"904\">Schnitzel, cordon bleu \u00e9s egy\u00e9b szeletelt term\u00e9kek el\u0151\u00e1ll\u00edt\u00e1sa<\/li>\n<li data-start=\"631\" data-end=\"904\">Friss vagy el\u0151h\u0171t\u00f6tt csont n\u00e9lk\u00fcli baromfi feldolgoz\u00e1sa<\/li>\n<li data-start=\"631\" data-end=\"904\">Nagy kapacit\u00e1s\u00fa feldolgoz\u00f3- \u00e9s csomagol\u00f3vonalakba integr\u00e1lva<\/li>\n<\/ul>","protected":false},"featured_media":5339,"template":"","meta":{"_acf_changed":false,"_kad_post_transparent":"default","_kad_post_title":"","_kad_post_layout":"default","_kad_post_sidebar_id":"","_kad_post_content_style":"default","_kad_post_vertical_padding":"default","_kad_post_feature":"","_kad_post_feature_position":"","_kad_post_header":false,"_kad_post_footer":false,"_kad_post_classname":""},"pwb-brand":[1893],"product_brand":[1699],"product_cat":[1758,1740],"product_tag":[1864],"class_list":{"0":"post-5338","1":"product","2":"type-product","3":"status-publish","4":"has-post-thumbnail","6":"pwb-brand-food-technology-thielemann","7":"product_brand-food-technology-thielemann","8":"product_cat-szeletelogepek","9":"product_cat-szeleteles-apritas-kockazas","10":"product_tag-food-technology-thielemann","12":"first","13":"instock","14":"shipping-taxable","15":"product-type-simple","16":"entry","17":"content-bg","18":"loop-entry"},"acf":[],"brands":[{"id":1893,"name":"Lebensmitteltechnologie Thielemann","slug":"food-technology-thielemann"}],"_links":{"self":[{"href":"https:\/\/kromiker.hu\/de\/wp-json\/wp\/v2\/product\/5338","targetHints":{"allow":["GET"]}}],"collection":[{"href":"https:\/\/kromiker.hu\/de\/wp-json\/wp\/v2\/product"}],"about":[{"href":"https:\/\/kromiker.hu\/de\/wp-json\/wp\/v2\/types\/product"}],"wp:featuredmedia":[{"embeddable":true,"href":"https:\/\/kromiker.hu\/de\/wp-json\/wp\/v2\/media\/5339"}],"wp:attachment":[{"href":"https:\/\/kromiker.hu\/de\/wp-json\/wp\/v2\/media?parent=5338"}],"wp:term":[{"taxonomy":"pwb-brand","embeddable":true,"href":"https:\/\/kromiker.hu\/de\/wp-json\/wp\/v2\/pwb-brand?post=5338"},{"taxonomy":"product_brand","embeddable":true,"href":"https:\/\/kromiker.hu\/de\/wp-json\/wp\/v2\/product_brand?post=5338"},{"taxonomy":"product_cat","embeddable":true,"href":"https:\/\/kromiker.hu\/de\/wp-json\/wp\/v2\/product_cat?post=5338"},{"taxonomy":"product_tag","embeddable":true,"href":"https:\/\/kromiker.hu\/de\/wp-json\/wp\/v2\/product_tag?post=5338"}],"curies":[{"name":"wp","href":"https:\/\/api.w.org\/{rel}","templated":true}]}}