{"id":5348,"date":"2026-03-23T19:04:03","date_gmt":"2026-03-23T18:04:03","guid":{"rendered":"https:\/\/kromiker.hu\/?post_type=product&#038;p=5348"},"modified":"2026-05-14T11:07:47","modified_gmt":"2026-05-14T09:07:47","slug":"ftt-ims-6-husaprito-shredder","status":"publish","type":"product","link":"https:\/\/kromiker.hu\/de\/product\/ftt-ims-6-husaprito-shredder\/","title":{"rendered":"FTT IMS-6 Fleischwolf (Zerkleinerer)"},"content":{"rendered":"<p><strong><span style=\"font-family: 'Poppins',serif\">Hauptmerkmale:<\/span><\/strong><\/p>\n<ul>\n<li data-start=\"947\" data-end=\"1262\"><span style=\"font-family: 'Poppins',serif\">Ipari h\u00fasapr\u00edt\u00f3 sz\u00e1las, term\u00e9szetes szerkezet\u0171 v\u00e9gterm\u00e9khez<\/span><\/li>\n<li data-start=\"947\" data-end=\"1262\"><span style=\"font-family: 'Poppins',serif\">\u00c1ll\u00edthat\u00f3 adagol\u00e1si \u00e9s apr\u00edt\u00e1si sebess\u00e9g<\/span><\/li>\n<li data-start=\"947\" data-end=\"1262\"><span style=\"font-family: 'Poppins',serif\">Folyamatos \u00fczemre tervezett kivitel<\/span><\/li>\n<li data-start=\"947\" data-end=\"1262\"><span style=\"font-family: 'Poppins',serif\">Magas higi\u00e9niai \u00e9s biztons\u00e1gi szint<\/span><\/li>\n<li data-start=\"947\" data-end=\"1262\"><span style=\"font-family: 'Poppins',serif\">Egyenletes, reproduk\u00e1lhat\u00f3 term\u00e9kmin\u0151s\u00e9g<\/span><\/li>\n<li data-start=\"947\" data-end=\"1262\"><span style=\"font-family: 'Poppins',serif\">Minim\u00e1lis vesztes\u00e9g a feldolgoz\u00e1s sor\u00e1n <\/span><\/li>\n<\/ul>\n<p data-start=\"1264\" data-end=\"1311\"><strong data-start=\"1264\" data-end=\"1309\"><span style=\"font-family: 'Poppins',serif\">Das Basismodell verf\u00fcgt \u00fcber die folgenden Merkmale:<\/span><\/strong><\/p>\n<ul>\n<li data-start=\"1313\" data-end=\"1518\"><span style=\"font-family: 'Poppins',serif\">D\u00f6nt\u00f6tt beadagol\u00f3 sz\u00e1ll\u00edt\u00f3szalag<\/span><\/li>\n<li data-start=\"1313\" data-end=\"1518\"><span style=\"font-family: 'Poppins',serif\">T\u00f6bbors\u00f3s apr\u00edt\u00f3kamra (6 tengelyes rendszer)<\/span><\/li>\n<li data-start=\"1313\" data-end=\"1518\"><span style=\"font-family: 'Poppins',serif\">Kimeneti sz\u00e1ll\u00edt\u00f3szalag<\/span><\/li>\n<li data-start=\"1313\" data-end=\"1518\"><span style=\"font-family: 'Poppins',serif\">\u00c1ll\u00edthat\u00f3 sebess\u00e9g\u0171 hajt\u00e1sok<\/span><\/li>\n<li data-start=\"1313\" data-end=\"1518\"><span style=\"font-family: 'Poppins',serif\">Ausf\u00fchrung in Edelstahl<\/span><\/li>\n<li data-start=\"1313\" data-end=\"1518\"><span style=\"font-family: 'Poppins',serif\">Grundlegende elektrische Steuerung<\/span><\/li>\n<\/ul>\n<p data-start=\"1520\" data-end=\"1563\"><strong data-start=\"1520\" data-end=\"1561\"><span style=\"font-family: 'Poppins',serif\">Zubeh\u00f6r und Sonderzubeh\u00f6r:<\/span><\/strong><\/p>\n<ul>\n<li data-start=\"1565\" data-end=\"1768\"><span style=\"font-family: 'Poppins',serif\">Sebess\u00e9gszab\u00e1lyoz\u00e1s finomhangol\u00e1sa k\u00fcl\u00f6nb\u00f6z\u0151 term\u00e9kekhez<\/span><\/li>\n<li data-start=\"1565\" data-end=\"1768\"><span style=\"font-family: 'Poppins',serif\">\u00a0Integr\u00e1ci\u00f3 adagol\u00f3- \u00e9s csomagol\u00f3 rendszerekkel<\/span><\/li>\n<li data-start=\"1565\" data-end=\"1768\"><span style=\"font-family: 'Poppins',serif\">Egyedi sz\u00e1ll\u00edt\u00f3szalag konfigur\u00e1ci\u00f3<\/span><\/li>\n<li data-start=\"1565\" data-end=\"1768\"><span style=\"font-family: 'Poppins',serif\">\u00a0Komplett feldolgoz\u00f3 sorba illeszthet\u0151 kialak\u00edt\u00e1s<\/span><\/li>\n<\/ul>","protected":false},"excerpt":{"rendered":"<p><span style=\"font-family: 'Poppins',serif\">A <strong data-start=\"59\" data-end=\"95\">Food Technology Thielemann IMS-6<\/strong> egy ipari kivitel\u0171 h\u00fasapr\u00edt\u00f3 (shredder), amelyet f\u0151tt, csont n\u00e9lk\u00fcli h\u00fasok sz\u00e1las, (\u201epulled\u201d) t\u00e9pett szerkezet\u0171 feldolgoz\u00e1s\u00e1ra fejlesztettek ki. A berendez\u00e9s speci\u00e1lis t\u00e9p\u0151 mechanizmusa biztos\u00edtja, hogy a h\u00fas rostos szerkezete megmaradjon, \u00edgy a v\u00e9gterm\u00e9k term\u00e9szetes megjelen\u00e9s\u0171 \u00e9s kiv\u00e1l\u00f3 min\u0151s\u00e9g\u0171 legyen. A folyamatos \u00fczemre tervezett rendszer \u00e1ll\u00edthat\u00f3 sebess\u00e9g\u0171 adagol\u00f3- \u00e9s apr\u00edt\u00f3 egys\u00e9gekkel dolgozik, \u00edgy k\u00fcl\u00f6nb\u00f6z\u0151 finoms\u00e1g\u00fa term\u00e9kek \u00e1ll\u00edthat\u00f3k el\u0151 minim\u00e1lis vesztes\u00e9ggel. <\/span><\/p>\n<p data-start=\"608\" data-end=\"636\"><strong data-start=\"608\" data-end=\"634\"><span style=\"font-family: 'Poppins',serif\">Anwendungen:<\/span><\/strong><\/p>\n<ul>\n<li data-start=\"638\" data-end=\"924\"><span style=\"font-family: 'Poppins',serif\">F\u0151tt, csont n\u00e9lk\u00fcli h\u00fasok (sert\u00e9s, marha, baromfi) sz\u00e1las apr\u00edt\u00e1sa<\/span><\/li>\n<li data-start=\"638\" data-end=\"924\"><span style=\"font-family: 'Poppins',serif\">\u201eT\u00e9pett\u201d h\u00fasterm\u00e9kek el\u0151\u00e1ll\u00edt\u00e1sa (pl. pulled pork, pulled chicken)<\/span><\/li>\n<li data-start=\"638\" data-end=\"924\"><span style=\"font-family: 'Poppins',serif\">\u00a0K\u00e9sz\u00e9telek \u00e9s \u201ek\u00e9nyelmi term\u00e9kek\u201d gy\u00e1rt\u00e1sa<\/span><\/li>\n<li data-start=\"638\" data-end=\"924\"><span style=\"font-family: 'Poppins',serif\">Pizza- \u00e9s sal\u00e1tafelt\u00e9tek el\u0151\u00e1ll\u00edt\u00e1sa<\/span><\/li>\n<li data-start=\"638\" data-end=\"924\"><span style=\"font-family: 'Poppins',serif\">Vend\u00e9gl\u00e1t\u00f3i \u00e9s gyors\u00e9ttermi alapanyagok feldolgoz\u00e1sa<\/span><\/li>\n<\/ul>","protected":false},"featured_media":5349,"template":"","meta":{"_acf_changed":false,"_kad_post_transparent":"default","_kad_post_title":"","_kad_post_layout":"default","_kad_post_sidebar_id":"","_kad_post_content_style":"default","_kad_post_vertical_padding":"default","_kad_post_feature":"","_kad_post_feature_position":"","_kad_post_header":false,"_kad_post_footer":false,"_kad_post_classname":""},"pwb-brand":[1893],"product_brand":[1699],"product_cat":[1795,1740],"product_tag":[1864],"class_list":{"0":"post-5348","1":"product","2":"type-product","3":"status-publish","4":"has-post-thumbnail","6":"pwb-brand-food-technology-thielemann","7":"product_brand-food-technology-thielemann","8":"product_cat-husapritogepek","9":"product_cat-szeleteles-apritas-kockazas","10":"product_tag-food-technology-thielemann","12":"first","13":"instock","14":"shipping-taxable","15":"product-type-simple","16":"entry","17":"content-bg","18":"loop-entry"},"acf":[],"brands":[{"id":1893,"name":"Lebensmitteltechnologie Thielemann","slug":"food-technology-thielemann"}],"_links":{"self":[{"href":"https:\/\/kromiker.hu\/de\/wp-json\/wp\/v2\/product\/5348","targetHints":{"allow":["GET"]}}],"collection":[{"href":"https:\/\/kromiker.hu\/de\/wp-json\/wp\/v2\/product"}],"about":[{"href":"https:\/\/kromiker.hu\/de\/wp-json\/wp\/v2\/types\/product"}],"wp:featuredmedia":[{"embeddable":true,"href":"https:\/\/kromiker.hu\/de\/wp-json\/wp\/v2\/media\/5349"}],"wp:attachment":[{"href":"https:\/\/kromiker.hu\/de\/wp-json\/wp\/v2\/media?parent=5348"}],"wp:term":[{"taxonomy":"pwb-brand","embeddable":true,"href":"https:\/\/kromiker.hu\/de\/wp-json\/wp\/v2\/pwb-brand?post=5348"},{"taxonomy":"product_brand","embeddable":true,"href":"https:\/\/kromiker.hu\/de\/wp-json\/wp\/v2\/product_brand?post=5348"},{"taxonomy":"product_cat","embeddable":true,"href":"https:\/\/kromiker.hu\/de\/wp-json\/wp\/v2\/product_cat?post=5348"},{"taxonomy":"product_tag","embeddable":true,"href":"https:\/\/kromiker.hu\/de\/wp-json\/wp\/v2\/product_tag?post=5348"}],"curies":[{"name":"wp","href":"https:\/\/api.w.org\/{rel}","templated":true}]}}