{"id":5435,"date":"2026-03-25T15:49:12","date_gmt":"2026-03-25T14:49:12","guid":{"rendered":"https:\/\/kromiker.hu\/?post_type=product&#038;p=5435"},"modified":"2026-04-14T19:45:33","modified_gmt":"2026-04-14T17:45:33","slug":"ruhle-ir17-tobbtuspacolo","status":"publish","type":"product","link":"https:\/\/kromiker.hu\/de\/product\/ruhle-ir17-tobbtuspacolo\/","title":{"rendered":"R\u00fchle IR17 Mehrnadelmarinator"},"content":{"rendered":"<p><strong>Hauptmerkmale:<\/strong><\/p>\n<ul>\n<li data-start=\"883\" data-end=\"1369\">17-poliges Injektionssystem f\u00fcr gleichm\u00e4\u00dfige Marinadenverteilung<\/li>\n<li data-start=\"1371\" data-end=\"1418\">Einzelnadelsystem \u2013 automatisches \u00d6ffnen\/Schlie\u00dfen bei Knochenkontakt<\/li>\n<li data-start=\"1371\" data-end=\"1418\">Vakuumfreier, aber hochpr\u00e4ziser Injektionstechnologie<\/li>\n<li data-start=\"1371\" data-end=\"1418\">Edelstahlausf\u00fchrung, hygienisches Design<\/li>\n<li data-start=\"1371\" data-end=\"1418\">Stabile F\u00f6rderband-Produktf\u00f6rderung<\/li>\n<li data-start=\"1371\" data-end=\"1418\">Geringe Beizmittel-Aufnahme<\/li>\n<\/ul>\n<p data-start=\"1371\" data-end=\"1418\"><strong data-start=\"1371\" data-end=\"1416\">Das Basismodell verf\u00fcgt \u00fcber die folgenden Merkmale:<\/strong><\/p>\n<ul>\n<li data-start=\"1420\" data-end=\"1667\">17-Pin-Injektionskopf<\/li>\n<li data-start=\"1669\" data-end=\"1712\">F\u00f6rderband aus Edelstahl<\/li>\n<li data-start=\"1669\" data-end=\"1712\">Kreiselpumpen-Beizmittel-Dosiersystem<\/li>\n<li data-start=\"1669\" data-end=\"1712\">Einstellbare Geschwindigkeit<\/li>\n<li data-start=\"1669\" data-end=\"1712\">Rampe f\u00fcr Perlen (auch als Arbeitsfl\u00e4che nutzbar)<\/li>\n<li data-start=\"1669\" data-end=\"1712\">Einfache Benutzeroberfl\u00e4che<\/li>\n<\/ul>\n<p data-start=\"1669\" data-end=\"1712\"><strong data-start=\"1669\" data-end=\"1710\">Zubeh\u00f6r und Sonderzubeh\u00f6r:<\/strong><\/p>\n<ul>\n<li data-start=\"1714\" data-end=\"1929\">Verschiedene Nadeltypen und -durchmesser<\/li>\n<li data-start=\"1931\" data-end=\"1952\">Schleiffiltersystem<\/li>\n<li data-start=\"1931\" data-end=\"1952\">F\u00f6rderbandintegration<\/li>\n<li data-start=\"1931\" data-end=\"1952\">Ausf\u00fchrung, die in eine komplette Beiz- und Verarbeitungsanlage integriert werden kann<\/li>\n<li data-start=\"1931\" data-end=\"1952\">Spezielle Konfigurationen f\u00fcr verschiedene Produkte<\/li>\n<\/ul>","protected":false},"excerpt":{"rendered":"<p>A <strong data-start=\"32\" data-end=\"62\">R\u00fchle IR 17 17-t\u0171s p\u00e1col\u00f3g\u00e9p<\/strong> Eine kompakte, industrielle Injektionsanlage, die f\u00fcr das schnelle und gleichm\u00e4\u00dfige Marinieren von Fleischprodukten entwickelt wurde. Das Besondere an der Maschine ist das sogenannte \u201eSingle Needle Control\u201d-System, das sicherstellt, dass jede Nadel nur dann Marinierfl\u00fcssigkeit abgibt, wenn sie sich tats\u00e4chlich im Fleisch befindet. So wird eine \u00dcberdosierung vermieden und eine gleichm\u00e4\u00dfige Verteilung gew\u00e4hrleistet. Die Anlage ist eine ausgezeichnete Wahl f\u00fcr Betriebe mit mittlerer Kapazit\u00e4t, bei denen Qualit\u00e4t, Pr\u00e4zision und ein sparsamer Einsatz der Marinierfl\u00fcssigkeit wichtig sind.<\/p>\n<p data-start=\"563\" data-end=\"591\"><strong data-start=\"563\" data-end=\"589\">Anwendungen:<\/strong><\/p>\n<ul>\n<li data-start=\"593\" data-end=\"860\">In der Fleischverarbeitung das Injizieren von frischem und mariniertem Fleisch (Schwein, Rind, Gefl\u00fcgel)<\/li>\n<li data-start=\"862\" data-end=\"881\">Marinieren von Schinken- und fleischzerlegungsteilen<\/li>\n<li data-start=\"862\" data-end=\"881\">Gleichm\u00e4\u00dfige Behandlung von Gefl\u00fcgelprodukten (ganze H\u00e4hnchen, Puten)<\/li>\n<li data-start=\"862\" data-end=\"881\">Mittelgro\u00dfe Verarbeitungsanlagen<\/li>\n<li data-start=\"862\" data-end=\"881\">Vorbereitung von Grundzutaten f\u00fcr Grillgerichte und Fertiggerichte<\/li>\n<\/ul>","protected":false},"featured_media":5436,"template":"","meta":{"_acf_changed":false,"_kad_post_transparent":"default","_kad_post_title":"","_kad_post_layout":"default","_kad_post_sidebar_id":"","_kad_post_content_style":"default","_kad_post_vertical_padding":"default","_kad_post_feature":"","_kad_post_feature_position":"","_kad_post_header":false,"_kad_post_footer":false,"_kad_post_classname":""},"product_brand":[1690],"product_cat":[1770],"product_tag":[1877],"class_list":{"0":"post-5435","1":"product","2":"type-product","3":"status-publish","4":"has-post-thumbnail","6":"product_brand-ruhle","7":"product_cat-pacologepek","8":"product_tag-ruhle","10":"first","11":"instock","12":"shipping-taxable","13":"product-type-simple","14":"entry","15":"content-bg","16":"loop-entry"},"acf":[],"_links":{"self":[{"href":"https:\/\/kromiker.hu\/de\/wp-json\/wp\/v2\/product\/5435","targetHints":{"allow":["GET"]}}],"collection":[{"href":"https:\/\/kromiker.hu\/de\/wp-json\/wp\/v2\/product"}],"about":[{"href":"https:\/\/kromiker.hu\/de\/wp-json\/wp\/v2\/types\/product"}],"wp:featuredmedia":[{"embeddable":true,"href":"https:\/\/kromiker.hu\/de\/wp-json\/wp\/v2\/media\/5436"}],"wp:attachment":[{"href":"https:\/\/kromiker.hu\/de\/wp-json\/wp\/v2\/media?parent=5435"}],"wp:term":[{"taxonomy":"product_brand","embeddable":true,"href":"https:\/\/kromiker.hu\/de\/wp-json\/wp\/v2\/product_brand?post=5435"},{"taxonomy":"product_cat","embeddable":true,"href":"https:\/\/kromiker.hu\/de\/wp-json\/wp\/v2\/product_cat?post=5435"},{"taxonomy":"product_tag","embeddable":true,"href":"https:\/\/kromiker.hu\/de\/wp-json\/wp\/v2\/product_tag?post=5435"}],"curies":[{"name":"wp","href":"https:\/\/api.w.org\/{rel}","templated":true}]}}