{"id":5471,"date":"2026-03-31T18:23:46","date_gmt":"2026-03-31T16:23:46","guid":{"rendered":"https:\/\/kromiker.hu\/?post_type=product&#038;p=5471"},"modified":"2026-04-17T08:54:53","modified_gmt":"2026-04-17T06:54:53","slug":"gs-tc20-lamellas-keselezo","status":"publish","type":"product","link":"https:\/\/kromiker.hu\/de\/product\/gs-tc20-lamellas-keselezo\/","title":{"rendered":"GS TC20 lamell\u00e1s k\u00e9s\u00e9lez\u0151"},"content":{"rendered":"<p><strong>Hauptmerkmale:<\/strong><\/p>\n<ul>\n<li data-start=\"734\" data-end=\"983\">Sz\u00e1raz csiszol\u00f3- \u00e9s pol\u00edroz\u00f3rendszer nagy fordulatsz\u00e1mmal<\/li>\n<li data-start=\"985\" data-end=\"1032\">Gyors sorjaelt\u00e1vol\u00edt\u00e1s \u00e9s \u00e9lfinom\u00edt\u00e1s<\/li>\n<li data-start=\"985\" data-end=\"1032\">K\u00e9toldali kialak\u00edt\u00e1s (csiszol\u00f3 + pol\u00edroz\u00f3)<\/li>\n<li data-start=\"985\" data-end=\"1032\">Kompakt, asztali kivitel<\/li>\n<li data-start=\"985\" data-end=\"1032\">Stabil, vibr\u00e1ci\u00f3mentes m\u0171k\u00f6d\u00e9s<\/li>\n<li data-start=\"985\" data-end=\"1032\">Egyszer\u0171 \u00e9s gyors kezelhet\u0151s\u00e9g<\/li>\n<\/ul>\n<p data-start=\"985\" data-end=\"1032\"><strong data-start=\"985\" data-end=\"1030\">Das Basismodell verf\u00fcgt \u00fcber die folgenden Merkmale:<\/strong><\/p>\n<ul>\n<li data-start=\"1034\" data-end=\"1168\">Lamell\u00e1s csiszol\u00f3korong<\/li>\n<li data-start=\"1170\" data-end=\"1213\">Pol\u00edroz\u00f3 (pamut) korong<\/li>\n<li data-start=\"1170\" data-end=\"1213\">Elektromos hajt\u00e1srendszer<\/li>\n<li>Stabil g\u00e9pv\u00e1z<\/li>\n<li>V\u00e9d\u0151burkolatok<\/li>\n<li>Asztali kivitel<\/li>\n<\/ul>\n<p><strong>Zubeh\u00f6r und Sonderzubeh\u00f6r:<\/strong><\/p>\n<ul>\n<li data-start=\"1215\" data-end=\"1340\">K\u00fcl\u00f6nb\u00f6z\u0151 szemcsem\u00e9ret\u0171 csiszol\u00f3korongok<\/li>\n<li data-start=\"1342\" data-end=\"1363\">Pol\u00edroz\u00f3 paszt\u00e1k<\/li>\n<li data-start=\"1342\" data-end=\"1363\">Speci\u00e1lis pol\u00edroz\u00f3 korongok<\/li>\n<li data-start=\"1342\" data-end=\"1363\">K\u00e9svezet\u0151 seg\u00e9deszk\u00f6z\u00f6k<\/li>\n<\/ul>","protected":false},"excerpt":{"rendered":"<p>A <strong data-start=\"34\" data-end=\"66\">GS TC20 lamell\u00e1s csiszol\u00f3 \u00e9s pol\u00edroz\u00f3<\/strong> egy kompakt, ipari kivitel\u0171 sz\u00e1raz csiszol\u00f3- \u00e9s pol\u00edroz\u00f3g\u00e9p, amelyet h\u00fasipari k\u00e9sek \u00e9s egy\u00e9b szersz\u00e1mok gyors ut\u00f3\u00e9lez\u00e9s\u00e9re \u00e9s fel\u00fcletfinom\u00edt\u00e1s\u00e1ra terveztek. A berendez\u00e9s nagy fordulatsz\u00e1m\u00fa csiszol\u00f3- \u00e9s pol\u00edroz\u00f3 korongokkal dolgozik, \u00edgy kiv\u00e1l\u00f3an alkalmas a sorja elt\u00e1vol\u00edt\u00e1s\u00e1ra \u00e9s a t\u00fck\u00f6rf\u00e9nyes \u00e9l kialak\u00edt\u00e1s\u00e1ra. Ide\u00e1lis kieg\u00e9sz\u00edt\u0151je a nedves k\u00f6sz\u00f6r\u0171g\u00e9peknek (pl. GS K20), ahol a finisel\u00e9si m\u0171velet a c\u00e9l.<\/p>\n<p data-start=\"476\" data-end=\"504\"><strong data-start=\"476\" data-end=\"502\">Anwendungen:<\/strong><\/p>\n<ul>\n<li data-start=\"506\" data-end=\"711\">H\u00fasiparban k\u00e9sek ut\u00f3\u00e9lez\u00e9se \u00e9s pol\u00edroz\u00e1sa<\/li>\n<li data-start=\"713\" data-end=\"732\">Hentes\u00fczemek napi karbantart\u00e1si feladatai<\/li>\n<li data-start=\"713\" data-end=\"732\">\u00c9lelmiszeripari feldolgoz\u00f3 \u00fczemek<\/li>\n<li data-start=\"713\" data-end=\"732\">Hal- \u00e9s baromfifeldolgoz\u00e1s<\/li>\n<li data-start=\"713\" data-end=\"732\">Vend\u00e9gl\u00e1t\u00f3ipari \u00e9s k\u00e9zm\u0171ves felhaszn\u00e1l\u00e1s<\/li>\n<\/ul>","protected":false},"featured_media":5472,"template":"","meta":{"_acf_changed":false,"_kad_post_transparent":"default","_kad_post_title":"","_kad_post_layout":"default","_kad_post_sidebar_id":"","_kad_post_content_style":"default","_kad_post_vertical_padding":"default","_kad_post_feature":"","_kad_post_feature_position":"","_kad_post_header":false,"_kad_post_footer":false,"_kad_post_classname":""},"product_brand":[1700],"product_cat":[1743,1799],"product_tag":[1867],"class_list":{"0":"post-5471","1":"product","2":"type-product","3":"status-publish","4":"has-post-thumbnail","6":"product_brand-gs-schleiftechnik","7":"product_cat-keselezes-csiszolas-polirozas","8":"product_cat-polirozogepek","9":"product_tag-gs-schleiftechnik","11":"first","12":"instock","13":"shipping-taxable","14":"product-type-simple","15":"entry","16":"content-bg","17":"loop-entry"},"acf":[],"_links":{"self":[{"href":"https:\/\/kromiker.hu\/de\/wp-json\/wp\/v2\/product\/5471","targetHints":{"allow":["GET"]}}],"collection":[{"href":"https:\/\/kromiker.hu\/de\/wp-json\/wp\/v2\/product"}],"about":[{"href":"https:\/\/kromiker.hu\/de\/wp-json\/wp\/v2\/types\/product"}],"wp:featuredmedia":[{"embeddable":true,"href":"https:\/\/kromiker.hu\/de\/wp-json\/wp\/v2\/media\/5472"}],"wp:attachment":[{"href":"https:\/\/kromiker.hu\/de\/wp-json\/wp\/v2\/media?parent=5471"}],"wp:term":[{"taxonomy":"product_brand","embeddable":true,"href":"https:\/\/kromiker.hu\/de\/wp-json\/wp\/v2\/product_brand?post=5471"},{"taxonomy":"product_cat","embeddable":true,"href":"https:\/\/kromiker.hu\/de\/wp-json\/wp\/v2\/product_cat?post=5471"},{"taxonomy":"product_tag","embeddable":true,"href":"https:\/\/kromiker.hu\/de\/wp-json\/wp\/v2\/product_tag?post=5471"}],"curies":[{"name":"wp","href":"https:\/\/api.w.org\/{rel}","templated":true}]}}