{"id":5497,"date":"2026-04-01T10:03:01","date_gmt":"2026-04-01T08:03:01","guid":{"rendered":"https:\/\/kromiker.hu\/?post_type=product&#038;p=5497"},"modified":"2026-04-17T08:51:41","modified_gmt":"2026-04-17T06:51:41","slug":"pss-g-250-a-g-250-b-g-350-b-felhordo-csigak","status":"publish","type":"product","link":"https:\/\/kromiker.hu\/de\/product\/pss-g-250-a-g-250-b-g-350-b-felhordo-csigak\/","title":{"rendered":"PSS G 250 A \/ G 250 B \/ G 350 B felhord\u00f3 csig\u00e1k"},"content":{"rendered":"<p><strong>Hauptmerkmale:<\/strong><\/p>\n<ul>\n<li data-start=\"1061\" data-end=\"1531\">K\u00e9tcsig\u00e1s rendszer (v\u00edzszintes + f\u00fcgg\u0151leges) az egyenletes anyag\u00e1raml\u00e1s\u00e9rt<\/li>\n<li data-start=\"1533\" data-end=\"1580\">Nagy kapacit\u00e1s (ak\u00e1r 12.000 \u2013 15.000 kg\/\u00f3ra)<\/li>\n<li data-start=\"1533\" data-end=\"1580\">K\u00edm\u00e9letes anyagtov\u00e1bb\u00edt\u00e1s a term\u00e9k min\u0151s\u00e9g\u00e9nek meg\u0151rz\u00e9s\u00e9vel<\/li>\n<li data-start=\"1533\" data-end=\"1580\">\u00c1ll\u00edthat\u00f3 kiadagol\u00e1si magass\u00e1g a k\u00fcl\u00f6nb\u00f6z\u0151 g\u00e9pekhez<\/li>\n<li data-start=\"1533\" data-end=\"1580\">\u201eB\u201d kivitel eset\u00e9n lev\u00e1laszthat\u00f3 v\u00edzszintes egys\u00e9g<\/li>\n<li data-start=\"1533\" data-end=\"1580\">Rozsdamentes ac\u00e9l, higi\u00e9nikus kialak\u00edt\u00e1s<\/li>\n<li data-start=\"1533\" data-end=\"1580\">Egyszer\u0171 kezelhet\u0151s\u00e9g \u00e9s biztons\u00e1gi elemek<\/li>\n<\/ul>\n<p data-start=\"1533\" data-end=\"1580\"><strong data-start=\"1533\" data-end=\"1578\">Das Basismodell verf\u00fcgt \u00fcber die folgenden Merkmale:<\/strong><\/p>\n<ul>\n<li data-start=\"1582\" data-end=\"1788\">Beadagol\u00f3 garat<\/li>\n<li data-start=\"1790\" data-end=\"1833\">V\u00edzszintes csiga adagol\u00f3 egys\u00e9g<\/li>\n<li data-start=\"1790\" data-end=\"1833\">F\u00fcgg\u0151leges felhord\u00f3 csiga<\/li>\n<li data-start=\"1790\" data-end=\"1833\">Elektromos hajt\u00e1srendszer (k\u00fcl\u00f6n hajt\u00e1s a csig\u00e1khoz)<\/li>\n<li data-start=\"1790\" data-end=\"1833\">Stabil ipari v\u00e1zszerkezet<\/li>\n<li data-start=\"1790\" data-end=\"1833\">Alap vez\u00e9rl\u00e9s kezel\u0151gombokkal<\/li>\n<\/ul>\n<p data-start=\"1790\" data-end=\"1833\"><strong data-start=\"1790\" data-end=\"1831\">Zubeh\u00f6r und Sonderzubeh\u00f6r:<\/strong><\/p>\n<ul>\n<li data-start=\"1835\" data-end=\"2173\">Mobil kivitel (kerekes \u00e1llv\u00e1ny)<\/li>\n<li data-start=\"2175\" data-end=\"2196\">Frekvenciav\u00e1lt\u00f3 (v\u00edzszintes \u00e9s\/vagy f\u00fcgg\u0151leges csig\u00e1hoz)<\/li>\n<li data-start=\"2175\" data-end=\"2196\">Pneumatikus z\u00e1r\u00f3- vagy eloszt\u00f3 rendszer<\/li>\n<li data-start=\"2175\" data-end=\"2196\">Forg\u00f3 csatlakoz\u00f3 (rotary sleeve)<\/li>\n<li data-start=\"2175\" data-end=\"2196\">K\u00fcl\u00f6nb\u00f6z\u0151 garatm\u00e9retek \u00e9s hossz\u00fas\u00e1gok<\/li>\n<li data-start=\"2175\" data-end=\"2196\">Integr\u00e1ci\u00f3 komplett feldolgoz\u00f3 sorokba<\/li>\n<\/ul>","protected":false},"excerpt":{"rendered":"<p>A <strong data-start=\"61\" data-end=\"120\">PSS Svidn\u00edk G 250 A, G 250 B \u00e9s G 350 B felhord\u00f3 csig\u00e1k<\/strong> (giraffe rendszerek) ipari kivitel\u0171 csig\u00e1s anyagmozgat\u00f3 berendez\u00e9sek, amelyek h\u00fasipari alapanyagok folyamatos \u00e9s egyenletes tov\u00e1bb\u00edt\u00e1s\u00e1ra szolg\u00e1lnak k\u00fcl\u00f6nb\u00f6z\u0151 feldolgoz\u00f3 g\u00e9pek fel\u00e9. A rendszer k\u00e9t csig\u00e1b\u00f3l (v\u00edzszintes \u00e9s f\u00fcgg\u0151leges) \u00e1ll, amelyek biztos\u00edtj\u00e1k a k\u00edm\u00e9letes, m\u00e9gis nagy teljes\u00edtm\u00e9ny\u0171 anyagtov\u00e1bb\u00edt\u00e1st. A \u201eB\u201d kivitel\u0171 g\u00e9pek eset\u00e9ben a v\u00edzszintes r\u00e9sz lev\u00e1laszthat\u00f3, ami nagyfok\u00fa rugalmass\u00e1got \u00e9s k\u00f6nnyebb tiszt\u00edthat\u00f3s\u00e1got biztos\u00edt. A berendez\u00e9sek jelent\u0151sen hozz\u00e1j\u00e1rulnak a gy\u00e1rt\u00e1si folyamat automatiz\u00e1l\u00e1s\u00e1hoz \u00e9s a munkaer\u0151ig\u00e9ny cs\u00f6kkent\u00e9s\u00e9hez.<\/p>\n<p data-start=\"718\" data-end=\"746\"><strong data-start=\"718\" data-end=\"744\">Anwendungen:<\/strong><\/p>\n<ul>\n<li data-start=\"748\" data-end=\"1038\">H\u00fasipari feldolgoz\u00f3 vonalak folyamatos alapanyag-ell\u00e1t\u00e1sa<\/li>\n<li data-start=\"1040\" data-end=\"1059\">Dar\u00e1l\u00f3k, kever\u0151k, kutterek automatikus adagol\u00e1sa<\/li>\n<li data-start=\"1040\" data-end=\"1059\">Friss \u00e9s dar\u00e1lt h\u00fas, valamint egy\u00e9b alapanyagok sz\u00e1ll\u00edt\u00e1sa<\/li>\n<li data-start=\"1040\" data-end=\"1059\">Nagy kapacit\u00e1s\u00fa, folyamatos \u00fczem\u0171 gy\u00e1rt\u00f3sorok<\/li>\n<li data-start=\"1040\" data-end=\"1059\">Automatiz\u00e1lt termel\u00e9si rendszerek integr\u00e1lt anyagmozgat\u00e1sa<\/li>\n<\/ul>","protected":false},"featured_media":5498,"template":"","meta":{"_acf_changed":false,"_kad_post_transparent":"default","_kad_post_title":"","_kad_post_layout":"default","_kad_post_sidebar_id":"","_kad_post_content_style":"default","_kad_post_vertical_padding":"default","_kad_post_feature":"","_kad_post_feature_position":"","_kad_post_header":false,"_kad_post_footer":false,"_kad_post_classname":""},"product_brand":[1706],"product_cat":[1802,1741],"product_tag":[1876],"class_list":{"0":"post-5497","1":"product","2":"type-product","3":"status-publish","4":"has-post-thumbnail","6":"product_brand-pss-svidnik-a-s","7":"product_cat-felhordocsigak-zsiraf-silok","8":"product_cat-szallitas-tarolas-anyagmozgatas","9":"product_tag-pss-svidnik-as","11":"first","12":"instock","13":"shipping-taxable","14":"product-type-simple","15":"entry","16":"content-bg","17":"loop-entry"},"acf":[],"_links":{"self":[{"href":"https:\/\/kromiker.hu\/de\/wp-json\/wp\/v2\/product\/5497","targetHints":{"allow":["GET"]}}],"collection":[{"href":"https:\/\/kromiker.hu\/de\/wp-json\/wp\/v2\/product"}],"about":[{"href":"https:\/\/kromiker.hu\/de\/wp-json\/wp\/v2\/types\/product"}],"wp:featuredmedia":[{"embeddable":true,"href":"https:\/\/kromiker.hu\/de\/wp-json\/wp\/v2\/media\/5498"}],"wp:attachment":[{"href":"https:\/\/kromiker.hu\/de\/wp-json\/wp\/v2\/media?parent=5497"}],"wp:term":[{"taxonomy":"product_brand","embeddable":true,"href":"https:\/\/kromiker.hu\/de\/wp-json\/wp\/v2\/product_brand?post=5497"},{"taxonomy":"product_cat","embeddable":true,"href":"https:\/\/kromiker.hu\/de\/wp-json\/wp\/v2\/product_cat?post=5497"},{"taxonomy":"product_tag","embeddable":true,"href":"https:\/\/kromiker.hu\/de\/wp-json\/wp\/v2\/product_tag?post=5497"}],"curies":[{"name":"wp","href":"https:\/\/api.w.org\/{rel}","templated":true}]}}