{"id":5507,"date":"2026-04-01T10:29:06","date_gmt":"2026-04-01T08:29:06","guid":{"rendered":"https:\/\/kromiker.hu\/?post_type=product&#038;p=5507"},"modified":"2026-04-17T08:50:47","modified_gmt":"2026-04-17T06:50:47","slug":"pss-ld350-ld950-emeloeszkozok","status":"publish","type":"product","link":"https:\/\/kromiker.hu\/de\/product\/pss-ld350-ld950-emeloeszkozok\/","title":{"rendered":"PSS LD350\/ LD950 Hebezeuge"},"content":{"rendered":"<p><strong>Hauptmerkmale:<\/strong><\/p>\n<ul>\n<li data-start=\"942\" data-end=\"1321\">Oszlopos emel\u0151rendszer nagy teherb\u00edr\u00e1ssal (350\u2013950 kg)<\/li>\n<li data-start=\"1323\" data-end=\"1370\">Biztons\u00e1gos billent\u00e9si mechanizmus (35\u201345\u00b0 \u00fcr\u00edt\u00e9si sz\u00f6g)<\/li>\n<li data-start=\"1323\" data-end=\"1370\">Stabil, ipari kivitel nagy ig\u00e9nybev\u00e9telhez<\/li>\n<li data-start=\"1323\" data-end=\"1370\">Gyors \u00e9s egyszer\u0171 kezelhet\u0151s\u00e9g<\/li>\n<li data-start=\"1323\" data-end=\"1370\">Edelstahlausf\u00fchrung, hygienisches Design<\/li>\n<li data-start=\"1323\" data-end=\"1370\">K\u00fcl\u00f6nb\u00f6z\u0151 befog\u00f3 rendszerek (kocsi, Big Box)<\/li>\n<\/ul>\n<p data-start=\"1323\" data-end=\"1370\"><strong data-start=\"1323\" data-end=\"1368\">Das Basismodell verf\u00fcgt \u00fcber die folgenden Merkmale:<\/strong><\/p>\n<ul>\n<li data-start=\"1372\" data-end=\"1545\">K\u00e9toszlopos emel\u0151 szerkezet<\/li>\n<li data-start=\"1547\" data-end=\"1590\">Emel\u0151villa \/ billent\u0151 kar rendszer<\/li>\n<li data-start=\"1547\" data-end=\"1590\">Elektromos hajt\u00e1srendszer<\/li>\n<li data-start=\"1547\" data-end=\"1590\">Vez\u00e9rl\u0151panel<\/li>\n<li data-start=\"1547\" data-end=\"1590\">Stabil g\u00e9pv\u00e1z<\/li>\n<li data-start=\"1547\" data-end=\"1590\">Biztons\u00e1gi elemek \u00e9s v\u00e9d\u0151rendszer<\/li>\n<\/ul>\n<p data-start=\"1547\" data-end=\"1590\"><strong data-start=\"1547\" data-end=\"1588\">Zubeh\u00f6r und Sonderzubeh\u00f6r:<\/strong><\/p>\n<ul>\n<li data-start=\"1592\" data-end=\"2087\">Biztons\u00e1gi ketrec (2000 mm)<\/li>\n<li data-start=\"2089\" data-end=\"2110\">Mobil kivitel (kerekes v\u00e1z)<\/li>\n<li data-start=\"2089\" data-end=\"2110\">Villa 120 \/ 200 literes kocsikhoz<\/li>\n<li data-start=\"2089\" data-end=\"2110\">Big Box tart\u00f3 \u00e9s t\u00e1lca fagyasztott blokkokhoz<\/li>\n<li data-start=\"2089\" data-end=\"2110\">Automatikus visszat\u00e9r\u00e9si id\u0151z\u00edt\u0151<\/li>\n<li data-start=\"2089\" data-end=\"2110\">Automatikus STOP \u00fcr\u00edt\u00e9s el\u0151tt<\/li>\n<li data-start=\"2089\" data-end=\"2110\">K\u00fcl\u00f6nb\u00f6z\u0151 fesz\u00fclts\u00e9g \u00e9s vez\u00e9rl\u00e9si opci\u00f3k<\/li>\n<\/ul>","protected":false},"excerpt":{"rendered":"<p>A <strong data-start=\"34\" data-end=\"66\">PSS Svidn\u00edk LD350\/ LD950 emel\u0151eszk\u00f6z\u00f6k<\/strong>\u00a0 ipari kivitel\u0171 oszlopos emel\u0151- \u00e9s billent\u0151berendez\u00e9sek, amelyeket h\u00fasipari alapanyagok biztons\u00e1gos \u00e9s hat\u00e9kony g\u00e9pekbe t\u00f6rt\u00e9n\u0151 adagol\u00e1s\u00e1ra terveztek. A berendez\u00e9sek lehet\u0151v\u00e9 teszik a 120\u2013200 literes kocsik, illetve nagy m\u00e9ret\u0171 Big Box l\u00e1d\u00e1k gyors felemel\u00e9s\u00e9t \u00e9s \u00fcr\u00edt\u00e9s\u00e9t dar\u00e1l\u00f3kba, kever\u0151kbe vagy kutterekbe, jelent\u0151sen cs\u00f6kkentve a k\u00e9zi anyagmozgat\u00e1st \u00e9s n\u00f6velve a termel\u00e9s hat\u00e9konys\u00e1g\u00e1t. A robusztus, k\u00e9toszlopos kialak\u00edt\u00e1s \u00e9s a hidraulikus\/emel\u0151 rendszer stabil, biztons\u00e1gos m\u0171k\u00f6d\u00e9st garant\u00e1l ipari k\u00f6rnyezetben.<\/p>\n<p data-start=\"646\" data-end=\"674\"><strong data-start=\"646\" data-end=\"672\">Anwendungen:<\/strong><\/p>\n<ul>\n<li data-start=\"676\" data-end=\"919\">H\u00fasipari alapanyagok emel\u00e9se \u00e9s adagol\u00e1sa feldolgoz\u00f3 g\u00e9pekbe<\/li>\n<li data-start=\"921\" data-end=\"940\">Kutterek, dar\u00e1l\u00f3k \u00e9s kever\u0151k kiszolg\u00e1l\u00e1sa<\/li>\n<li data-start=\"921\" data-end=\"940\">Big Box kont\u00e9nerek \u00e9s h\u00fasoskocsik \u00fcr\u00edt\u00e9se<\/li>\n<li data-start=\"921\" data-end=\"940\">Automatiz\u00e1lt \u00e9s f\u00e9l-automatiz\u00e1lt gy\u00e1rt\u00f3sorok<\/li>\n<li data-start=\"921\" data-end=\"940\">Neh\u00e9z alapanyagok ergonomikus kezel\u00e9se<\/li>\n<\/ul>","protected":false},"featured_media":5508,"template":"","meta":{"_acf_changed":false,"_kad_post_transparent":"default","_kad_post_title":"","_kad_post_layout":"default","_kad_post_sidebar_id":"","_kad_post_content_style":"default","_kad_post_vertical_padding":"default","_kad_post_feature":"","_kad_post_feature_position":"","_kad_post_header":false,"_kad_post_footer":false,"_kad_post_classname":""},"product_brand":[1706],"product_cat":[1797,1741],"product_tag":[1876],"class_list":{"0":"post-5507","1":"product","2":"type-product","3":"status-publish","4":"has-post-thumbnail","6":"product_brand-pss-svidnik-a-s","7":"product_cat-oszlopos-kocsiemelok","8":"product_cat-szallitas-tarolas-anyagmozgatas","9":"product_tag-pss-svidnik-as","11":"first","12":"instock","13":"shipping-taxable","14":"product-type-simple","15":"entry","16":"content-bg","17":"loop-entry"},"acf":[],"_links":{"self":[{"href":"https:\/\/kromiker.hu\/de\/wp-json\/wp\/v2\/product\/5507","targetHints":{"allow":["GET"]}}],"collection":[{"href":"https:\/\/kromiker.hu\/de\/wp-json\/wp\/v2\/product"}],"about":[{"href":"https:\/\/kromiker.hu\/de\/wp-json\/wp\/v2\/types\/product"}],"wp:featuredmedia":[{"embeddable":true,"href":"https:\/\/kromiker.hu\/de\/wp-json\/wp\/v2\/media\/5508"}],"wp:attachment":[{"href":"https:\/\/kromiker.hu\/de\/wp-json\/wp\/v2\/media?parent=5507"}],"wp:term":[{"taxonomy":"product_brand","embeddable":true,"href":"https:\/\/kromiker.hu\/de\/wp-json\/wp\/v2\/product_brand?post=5507"},{"taxonomy":"product_cat","embeddable":true,"href":"https:\/\/kromiker.hu\/de\/wp-json\/wp\/v2\/product_cat?post=5507"},{"taxonomy":"product_tag","embeddable":true,"href":"https:\/\/kromiker.hu\/de\/wp-json\/wp\/v2\/product_tag?post=5507"}],"curies":[{"name":"wp","href":"https:\/\/api.w.org\/{rel}","templated":true}]}}