{"id":5634,"date":"2026-04-17T08:27:52","date_gmt":"2026-04-17T06:27:52","guid":{"rendered":"https:\/\/kromiker.hu\/?post_type=product&#038;p=5634"},"modified":"2026-04-17T08:47:39","modified_gmt":"2026-04-17T06:47:39","slug":"kolbe-mw32-45-80-120-keverodaralok","status":"publish","type":"product","link":"https:\/\/kromiker.hu\/de\/product\/kolbe-mw32-45-80-120-keverodaralok\/","title":{"rendered":"Kolbe MW32\/45\/80\/120 kever\u0151dar\u00e1l\u00f3k"},"content":{"rendered":"<p><strong>Hauptmerkmale:<\/strong><\/p>\n<ul>\n<li data-start=\"839\" data-end=\"1067\">Kever\u0151 + dar\u00e1l\u00f3 kombin\u00e1lt rendszer<\/li>\n<li data-start=\"1069\" data-end=\"1116\">Egyenletes anyageloszl\u00e1s dar\u00e1l\u00e1s el\u0151tt<\/li>\n<li data-start=\"1069\" data-end=\"1116\">Enterprise v\u00e1g\u00f3rendszer<\/li>\n<li data-start=\"1069\" data-end=\"1116\">Kompakt, ipari kialak\u00edt\u00e1s<\/li>\n<li data-start=\"1069\" data-end=\"1116\">Ausf\u00fchrung in Edelstahl<\/li>\n<li data-start=\"1069\" data-end=\"1116\">Stabil teljes\u00edtm\u00e9ny folyamatos \u00fczem mellett<\/li>\n<\/ul>\n<p data-start=\"1069\" data-end=\"1116\"><strong data-start=\"1069\" data-end=\"1114\">Das Basismodell verf\u00fcgt \u00fcber die folgenden Merkmale:<\/strong><\/p>\n<ul>\n<li data-start=\"1118\" data-end=\"1405\">Be\u00e9p\u00edtett kever\u0151t\u00e9r (t\u00edpust\u00f3l f\u00fcgg\u0151en 45 \/ 80 \/ 120 liter)<\/li>\n<li data-start=\"1407\" data-end=\"1450\">Dar\u00e1l\u00f3 egys\u00e9g (\u00d8 100 mm lyukt\u00e1rcsa)<\/li>\n<li data-start=\"1407\" data-end=\"1450\">Elektromos hajt\u00e1s k\u00fcl\u00f6n kever\u0151- \u00e9s dar\u00e1l\u00f3 motorral<\/li>\n<li data-start=\"1407\" data-end=\"1450\">V\u00e9d\u0151burkolatok \u00e9s biztons\u00e1gi rendszer<\/li>\n<li data-start=\"1407\" data-end=\"1450\">Egyszer\u0171 kezel\u0151panel<\/li>\n<li>Rozsdamentes kivitel<\/li>\n<\/ul>\n<p><strong>Zubeh\u00f6r und Sonderzubeh\u00f6r:<\/strong><\/p>\n<ul>\n<li data-start=\"1452\" data-end=\"1685\">Frekvenciav\u00e1lt\u00f3 a sebess\u00e9g szab\u00e1lyoz\u00e1s\u00e1hoz<\/li>\n<li data-start=\"1687\" data-end=\"1708\">Integr\u00e1ci\u00f3 porci\u00f3z\u00f3 \u00e9s t\u00f6lt\u0151 rendszerekkel<\/li>\n<li data-start=\"1687\" data-end=\"1708\">K\u00fcl\u00f6nb\u00f6z\u0151 furatm\u00e9ret\u0171 t\u00e1rcs\u00e1k<\/li>\n<\/ul>","protected":false},"excerpt":{"rendered":"<p>A <strong data-start=\"60\" data-end=\"109\">Kolbe MW32\/45, MW32\/80 \u00e9s MW32\/120 h\u00fasdar\u00e1l\u00f3k<\/strong> ipari kivitel\u0171, kever\u0151s dar\u00e1l\u00f3g\u00e9pek, amelyeket kis- \u00e9s k\u00f6zepes, illetve nagyobb kapacit\u00e1s\u00fa h\u00fasfeldolgoz\u00f3 \u00fczemek sz\u00e1m\u00e1ra fejlesztettek ki. A berendez\u00e9sek kombin\u00e1lj\u00e1k a kever\u00e9si \u00e9s dar\u00e1l\u00e1si funkci\u00f3t, \u00edgy biztos\u00edtj\u00e1k az egyenletes alapanyag-el\u0151k\u00e9sz\u00edt\u00e9st \u00e9s a stabil term\u00e9kmin\u0151s\u00e9get. A robusztus, rozsdamentes ac\u00e9l kialak\u00edt\u00e1s \u00e9s a prec\u00edz Enterprise v\u00e1g\u00f3rendszer garant\u00e1lja a hossz\u00fa \u00e9lettartamot \u00e9s a nagy teljes\u00edtm\u00e9nyt folyamatos \u00fczemben.<\/p>\n<p data-start=\"559\" data-end=\"587\"><strong data-start=\"559\" data-end=\"585\">Anwendungen:<\/strong><\/p>\n<ul>\n<li data-start=\"589\" data-end=\"816\">H\u00fasiparban dar\u00e1lt h\u00fas \u00e9s h\u00fask\u00e9sz\u00edtm\u00e9nyek el\u0151\u00e1ll\u00edt\u00e1sa<\/li>\n<li data-start=\"818\" data-end=\"837\">Kolb\u00e1sz- \u00e9s h\u00fasp\u00e9p gy\u00e1rt\u00e1s<\/li>\n<li data-start=\"818\" data-end=\"837\">Friss \u00e9s el\u0151h\u0171t\u00f6tt alapanyagok feldolgoz\u00e1sa<\/li>\n<li data-start=\"818\" data-end=\"837\">Kever\u00e9s \u00e9s homogeniz\u00e1l\u00e1s dar\u00e1l\u00e1s el\u0151tt<\/li>\n<li data-start=\"818\" data-end=\"837\">Kis- \u00e9s k\u00f6zepes kapacit\u00e1s\u00fa feldolgoz\u00f3 \u00fczemek<\/li>\n<\/ul>","protected":false},"featured_media":5635,"template":"","meta":{"_acf_changed":false,"_kad_post_transparent":"default","_kad_post_title":"","_kad_post_layout":"default","_kad_post_sidebar_id":"","_kad_post_content_style":"default","_kad_post_vertical_padding":"default","_kad_post_feature":"","_kad_post_feature_position":"","_kad_post_header":false,"_kad_post_footer":false,"_kad_post_classname":""},"product_brand":[1691],"product_cat":[1803,1739],"product_tag":[1858],"class_list":{"0":"post-5634","1":"product","2":"type-product","3":"status-publish","4":"has-post-thumbnail","6":"product_brand-kolbe","7":"product_cat-husdaralo-keverodaralo-automata-daralo-gepek","8":"product_cat-tovabbfeldolgozas","9":"product_tag-kolbe","11":"first","12":"instock","13":"shipping-taxable","14":"product-type-simple","15":"entry","16":"content-bg","17":"loop-entry"},"acf":[],"_links":{"self":[{"href":"https:\/\/kromiker.hu\/de\/wp-json\/wp\/v2\/product\/5634","targetHints":{"allow":["GET"]}}],"collection":[{"href":"https:\/\/kromiker.hu\/de\/wp-json\/wp\/v2\/product"}],"about":[{"href":"https:\/\/kromiker.hu\/de\/wp-json\/wp\/v2\/types\/product"}],"wp:featuredmedia":[{"embeddable":true,"href":"https:\/\/kromiker.hu\/de\/wp-json\/wp\/v2\/media\/5635"}],"wp:attachment":[{"href":"https:\/\/kromiker.hu\/de\/wp-json\/wp\/v2\/media?parent=5634"}],"wp:term":[{"taxonomy":"product_brand","embeddable":true,"href":"https:\/\/kromiker.hu\/de\/wp-json\/wp\/v2\/product_brand?post=5634"},{"taxonomy":"product_cat","embeddable":true,"href":"https:\/\/kromiker.hu\/de\/wp-json\/wp\/v2\/product_cat?post=5634"},{"taxonomy":"product_tag","embeddable":true,"href":"https:\/\/kromiker.hu\/de\/wp-json\/wp\/v2\/product_tag?post=5634"}],"curies":[{"name":"wp","href":"https:\/\/api.w.org\/{rel}","templated":true}]}}