{"id":5675,"date":"2026-04-27T10:11:03","date_gmt":"2026-04-27T08:11:03","guid":{"rendered":"https:\/\/kromiker.hu\/?post_type=product&#038;p=5675"},"modified":"2026-04-27T11:03:02","modified_gmt":"2026-04-27T09:03:02","slug":"kolbe-mw56-200-mw160-200-keverodaralo","status":"publish","type":"product","link":"https:\/\/kromiker.hu\/de\/product\/kolbe-mw56-200-mw160-200-keverodaralo\/","title":{"rendered":"Kolbe MW56\/200 \u2013MW160\/200 kever\u0151dar\u00e1l\u00f3"},"content":{"rendered":"<p><strong>Hauptmerkmale:<\/strong><\/p>\n<ul>\n<li data-start=\"761\" data-end=\"1088\">200 literes kever\u0151t\u00e9r \u2013 nagy batch feldolgoz\u00e1s<\/li>\n<li data-start=\"1090\" data-end=\"1137\">Kever\u0151 + dar\u00e1l\u00f3 kombin\u00e1lt rendszer<\/li>\n<li data-start=\"1090\" data-end=\"1137\">Folyamatos, egyenletes anyag\u00e1raml\u00e1s<\/li>\n<li data-start=\"1090\" data-end=\"1137\">Nagy teljes\u00edtm\u00e9ny (ak\u00e1r ~2250 kg\/\u00f3ra)<\/li>\n<li data-start=\"1090\" data-end=\"1137\">Fokozatmentes kever\u0151kar szab\u00e1lyoz\u00e1s<\/li>\n<li data-start=\"1090\" data-end=\"1137\">Robusztus, rozsdamentes ac\u00e9l kivitel<\/li>\n<li data-start=\"1090\" data-end=\"1137\">Ipari folyamatos \u00fczemre tervezve<\/li>\n<\/ul>\n<p data-start=\"1090\" data-end=\"1137\"><strong data-start=\"1090\" data-end=\"1135\">Das Basismodell verf\u00fcgt \u00fcber die folgenden Merkmale:<\/strong><\/p>\n<ul>\n<li data-start=\"1139\" data-end=\"1396\">200 literes garat<\/li>\n<li>Kever\u0151kar rendszer<\/li>\n<li>Dar\u00e1l\u00f3 egys\u00e9g (\u00d8152 mm vagy 160 lyukt\u00e1rcsa)<\/li>\n<li>Elektromos hajt\u00e1s k\u00fcl\u00f6n kever\u0151 \u00e9s dar\u00e1l\u00f3 motorral<\/li>\n<li>Nyom\u00f3gombos vez\u00e9rl\u00e9s<\/li>\n<li>Stabil ipari v\u00e1z, rezg\u00e9scsillap\u00edt\u00f3 l\u00e1bakkal<\/li>\n<\/ul>\n<p><strong>Zubeh\u00f6r und Sonderzubeh\u00f6r:<\/strong><\/p>\n<ul>\n<li data-start=\"1443\" data-end=\"1724\">Frekvenciav\u00e1lt\u00f3 (fokozatmentes szab\u00e1lyoz\u00e1s)<\/li>\n<li data-start=\"1726\" data-end=\"1747\">UNGER v\u00e1g\u00f3rendszer (MW160\/200 eset\u00e9n)<\/li>\n<li data-start=\"1726\" data-end=\"1747\">Nagyobb motorteljes\u00edtm\u00e9ny (pl. 22 kW opci\u00f3)<\/li>\n<li data-start=\"1726\" data-end=\"1747\">El\u0151v\u00e1g\u00f3 t\u00e1rcsa korl\u00e1toz\u00f3 (Csak a 160-as unger eset\u00e9ben)<\/li>\n<li data-start=\"1726\" data-end=\"1747\">Kolbe KDS \u00ednlev\u00e1laszt\u00f3 szett (Csak a 160-as unger eset\u00e9ben)<\/li>\n<li data-start=\"1726\" data-end=\"1747\">Szersz\u00e1mkocsi<\/li>\n<li data-start=\"1726\" data-end=\"1747\">Automatikus kever\u00e9si id\u0151 be\u00e1ll\u00edt\u00e1s<\/li>\n<li data-start=\"1726\" data-end=\"1747\">Fell\u00e9p\u0151r\u00e1cs<\/li>\n<li data-start=\"1726\" data-end=\"1747\">Kocsiemel\u0151 lift (FD200)<\/li>\n<li data-start=\"1726\" data-end=\"1747\">Integr\u00e1ci\u00f3 porci\u00f3z\u00f3 \u00e9s t\u00f6lt\u0151 rendszerekkel<\/li>\n<\/ul>","protected":false},"excerpt":{"rendered":"<p>A <strong data-start=\"52\" data-end=\"97\">Kolbe MW56\/200 \u00e9s MW160\/200 kever\u0151dar\u00e1l\u00f3k<\/strong> nagy teljes\u00edtm\u00e9ny\u0171, ipari kivitel\u0171 berendez\u00e9sek, amelyeket kifejezetten k\u00f6z\u00e9p- \u00e9s nagy\u00fczemi h\u00fasfeldolgoz\u00e1sra fejlesztettek ki. A 200 literes kever\u0151t\u00e9r \u00e9s a nagy \u00e1tm\u00e9r\u0151j\u0171 dar\u00e1l\u00f3rendszer lehet\u0151v\u00e9 teszi a nagy mennyis\u00e9g\u0171 alapanyag gyors \u00e9s egyenletes feldolgoz\u00e1s\u00e1t. A k\u00e9t modell k\u00f6z\u00f6tti f\u0151 k\u00fcl\u00f6nbs\u00e9g a v\u00e1g\u00f3rendszer t\u00edpusa (Enterprise \u00e9s UNGER), amely meghat\u00e1rozza a dar\u00e1l\u00e1s finoms\u00e1g\u00e1t \u00e9s intenzit\u00e1s\u00e1t.<\/p>\n<p data-start=\"500\" data-end=\"528\"><strong data-start=\"500\" data-end=\"526\">Anwendungen:<\/strong><\/p>\n<ul>\n<li data-start=\"530\" data-end=\"738\">K\u00f6z\u00e9p- \u00e9s nagy\u00fczemi h\u00fasfeldolgoz\u00e1s<\/li>\n<li data-start=\"740\" data-end=\"759\">Dar\u00e1lt h\u00fas \u00e9s h\u00fask\u00e9sz\u00edtm\u00e9nyek gy\u00e1rt\u00e1sa<\/li>\n<li data-start=\"740\" data-end=\"759\">Kolb\u00e1sz- \u00e9s h\u00fasp\u00e9p el\u0151\u00e1ll\u00edt\u00e1s<\/li>\n<li data-start=\"740\" data-end=\"759\">Nagy mennyis\u00e9g\u0171 alapanyag feldolgoz\u00e1sa<\/li>\n<li data-start=\"740\" data-end=\"759\">Automatiz\u00e1lt feldolgoz\u00f3 \u00e9s adagol\u00f3 rendszerek<\/li>\n<\/ul>","protected":false},"featured_media":5676,"template":"","meta":{"_acf_changed":false,"_kad_post_transparent":"default","_kad_post_title":"","_kad_post_layout":"default","_kad_post_sidebar_id":"","_kad_post_content_style":"default","_kad_post_vertical_padding":"default","_kad_post_feature":"","_kad_post_feature_position":"","_kad_post_header":false,"_kad_post_footer":false,"_kad_post_classname":""},"product_brand":[1691],"product_cat":[1803,1739],"product_tag":[1858],"class_list":{"0":"post-5675","1":"product","2":"type-product","3":"status-publish","4":"has-post-thumbnail","6":"product_brand-kolbe","7":"product_cat-husdaralo-keverodaralo-automata-daralo-gepek","8":"product_cat-tovabbfeldolgozas","9":"product_tag-kolbe","11":"first","12":"instock","13":"shipping-taxable","14":"product-type-simple","15":"entry","16":"content-bg","17":"loop-entry"},"acf":[],"_links":{"self":[{"href":"https:\/\/kromiker.hu\/de\/wp-json\/wp\/v2\/product\/5675","targetHints":{"allow":["GET"]}}],"collection":[{"href":"https:\/\/kromiker.hu\/de\/wp-json\/wp\/v2\/product"}],"about":[{"href":"https:\/\/kromiker.hu\/de\/wp-json\/wp\/v2\/types\/product"}],"wp:featuredmedia":[{"embeddable":true,"href":"https:\/\/kromiker.hu\/de\/wp-json\/wp\/v2\/media\/5676"}],"wp:attachment":[{"href":"https:\/\/kromiker.hu\/de\/wp-json\/wp\/v2\/media?parent=5675"}],"wp:term":[{"taxonomy":"product_brand","embeddable":true,"href":"https:\/\/kromiker.hu\/de\/wp-json\/wp\/v2\/product_brand?post=5675"},{"taxonomy":"product_cat","embeddable":true,"href":"https:\/\/kromiker.hu\/de\/wp-json\/wp\/v2\/product_cat?post=5675"},{"taxonomy":"product_tag","embeddable":true,"href":"https:\/\/kromiker.hu\/de\/wp-json\/wp\/v2\/product_tag?post=5675"}],"curies":[{"name":"wp","href":"https:\/\/api.w.org\/{rel}","templated":true}]}}