{"id":5691,"date":"2026-04-27T14:19:34","date_gmt":"2026-04-27T12:19:34","guid":{"rendered":"https:\/\/kromiker.hu\/?post_type=product&#038;p=5691"},"modified":"2026-04-27T14:26:07","modified_gmt":"2026-04-27T12:26:07","slug":"gs-nas-szalagos-vizeskoszoru","status":"publish","type":"product","link":"https:\/\/kromiker.hu\/de\/product\/gs-nas-szalagos-vizeskoszoru\/","title":{"rendered":"GS Nas szalagos v\u00edzesk\u00f6sz\u00f6r\u0171"},"content":{"rendered":"<p><strong>Hauptmerkmale:<\/strong><\/p>\n<ul>\n<li data-start=\"824\" data-end=\"1067\">Nedves szalagos k\u00f6sz\u00f6r\u00fcl\u00e9si technol\u00f3gia<\/li>\n<li data-start=\"1069\" data-end=\"1116\">Gyors anyaglev\u00e1laszt\u00e1s \u2013 nagy teljes\u00edtm\u00e9ny<\/li>\n<li data-start=\"1069\" data-end=\"1116\">Alacsony h\u0151terhel\u00e9s (nem \u00e9geti ki az \u00e9lt)<\/li>\n<li data-start=\"1069\" data-end=\"1116\">Egyszer\u0171 \u00e9s gyors kezelhet\u0151s\u00e9g<\/li>\n<li>Folyamatos ipari haszn\u00e1latra alkalmas<\/li>\n<li>Robusztus, tart\u00f3s kivitel<\/li>\n<\/ul>\n<p><strong>Das Basismodell verf\u00fcgt \u00fcber die folgenden Merkmale:<\/strong><\/p>\n<ul>\n<li data-start=\"1118\" data-end=\"1267\">Szalagos k\u00f6sz\u00f6r\u0171 egys\u00e9g<\/li>\n<li data-start=\"1269\" data-end=\"1312\">Nedves\u00edt\u0151 (v\u00edzh\u0171t\u0151) rendszer<\/li>\n<li data-start=\"1269\" data-end=\"1312\">Elektromos hajt\u00e1s<\/li>\n<li data-start=\"1269\" data-end=\"1312\">Stabil g\u00e9pv\u00e1z<\/li>\n<li data-start=\"1269\" data-end=\"1312\">Alap kezel\u0151szervek<\/li>\n<li data-start=\"1269\" data-end=\"1312\">Biztons\u00e1gi burkolatok<\/li>\n<\/ul>\n<p data-start=\"1269\" data-end=\"1312\"><strong data-start=\"1269\" data-end=\"1310\">Zubeh\u00f6r und Sonderzubeh\u00f6r:<\/strong><\/p>\n<ul>\n<li data-start=\"1314\" data-end=\"1522\">K\u00fcl\u00f6nb\u00f6z\u0151 szemcsem\u00e9ret\u0171 csiszol\u00f3szalagok<\/li>\n<li data-start=\"1524\" data-end=\"1545\">Pol\u00edroz\u00f3 egys\u00e9g (ut\u00f3kezel\u00e9shez)<\/li>\n<li data-start=\"1524\" data-end=\"1545\">Speci\u00e1lis vezet\u0151k \u00e9s t\u00e1maszt\u00e9kok<\/li>\n<li data-start=\"1524\" data-end=\"1545\">Tartal\u00e9k szalagok \u00e9s karbantart\u00f3 k\u00e9szletek<\/li>\n<li data-start=\"1524\" data-end=\"1545\">Egyedi konfigur\u00e1ci\u00f3k k\u00fcl\u00f6nb\u00f6z\u0151 k\u00e9sekhez<\/li>\n<\/ul>","protected":false},"excerpt":{"rendered":"<p>A <strong data-start=\"53\" data-end=\"78\">GS Schleiftechnik NAS<\/strong> egy ipari kivitel\u0171, <strong data-start=\"99\" data-end=\"136\">nedves szalagos k\u00f6sz\u00f6r\u0171berendez\u00e9s<\/strong>, amelyet els\u0151sorban h\u00fasipari k\u00e9sek \u00e9s szersz\u00e1mok gyors, hat\u00e9kony \u00e9s k\u00edm\u00e9letes \u00e9lez\u00e9s\u00e9re fejlesztettek ki. A berendez\u00e9s nedves (vizes) csiszol\u00e1si technol\u00f3gi\u00e1val m\u0171k\u00f6dik, amely minimaliz\u00e1lja a h\u0151termel\u00e9st, \u00edgy meg\u0151rzi a k\u00e9sek anyagszerkezet\u00e9t \u00e9s \u00e9lmin\u0151s\u00e9g\u00e9t. A szalagos kialak\u00edt\u00e1s k\u00fcl\u00f6n\u00f6sen gyors anyaglev\u00e1laszt\u00e1st \u00e9s nagy fel\u00fcleti teljes\u00edtm\u00e9nyt biztos\u00edt.<\/p>\n<p data-start=\"532\" data-end=\"560\"><strong data-start=\"532\" data-end=\"558\">Anwendungen:<\/strong><\/p>\n<ul>\n<li data-start=\"562\" data-end=\"801\">H\u00fasipari k\u00e9sek (pl. bont\u00f3k\u00e9sek, darabol\u00f3 k\u00e9sek) \u00e9lez\u00e9se<\/li>\n<li data-start=\"803\" data-end=\"822\">K\u00e9zi k\u00e9sek gyors \u00fajrak\u00f6sz\u00f6r\u00fcl\u00e9se<\/li>\n<li data-start=\"803\" data-end=\"822\">Szerviz- \u00e9s karbantart\u00f3 m\u0171helyek<\/li>\n<li data-start=\"803\" data-end=\"822\">K\u00f6z\u00e9p- \u00e9s nagy\u00fczemi h\u00fasfeldolgoz\u00e1s<\/li>\n<li data-start=\"803\" data-end=\"822\">El\u0151\u00e9lez\u00e9si m\u0171veletek kutterk\u00e9sekhez vagy finomabb \u00e9lez\u00e9s el\u0151tt<\/li>\n<\/ul>","protected":false},"featured_media":5692,"template":"","meta":{"_acf_changed":false,"_kad_post_transparent":"default","_kad_post_title":"","_kad_post_layout":"default","_kad_post_sidebar_id":"","_kad_post_content_style":"default","_kad_post_vertical_padding":"default","_kad_post_feature":"","_kad_post_feature_position":"","_kad_post_header":false,"_kad_post_footer":false,"_kad_post_classname":""},"product_brand":[1700],"product_cat":[1743,1769],"product_tag":[1867],"class_list":{"0":"post-5691","1":"product","2":"type-product","3":"status-publish","4":"has-post-thumbnail","6":"product_brand-gs-schleiftechnik","7":"product_cat-keselezes-csiszolas-polirozas","8":"product_cat-koszorugepek","9":"product_tag-gs-schleiftechnik","11":"first","12":"instock","13":"shipping-taxable","14":"product-type-simple","15":"entry","16":"content-bg","17":"loop-entry"},"acf":[],"_links":{"self":[{"href":"https:\/\/kromiker.hu\/de\/wp-json\/wp\/v2\/product\/5691","targetHints":{"allow":["GET"]}}],"collection":[{"href":"https:\/\/kromiker.hu\/de\/wp-json\/wp\/v2\/product"}],"about":[{"href":"https:\/\/kromiker.hu\/de\/wp-json\/wp\/v2\/types\/product"}],"wp:featuredmedia":[{"embeddable":true,"href":"https:\/\/kromiker.hu\/de\/wp-json\/wp\/v2\/media\/5692"}],"wp:attachment":[{"href":"https:\/\/kromiker.hu\/de\/wp-json\/wp\/v2\/media?parent=5691"}],"wp:term":[{"taxonomy":"product_brand","embeddable":true,"href":"https:\/\/kromiker.hu\/de\/wp-json\/wp\/v2\/product_brand?post=5691"},{"taxonomy":"product_cat","embeddable":true,"href":"https:\/\/kromiker.hu\/de\/wp-json\/wp\/v2\/product_cat?post=5691"},{"taxonomy":"product_tag","embeddable":true,"href":"https:\/\/kromiker.hu\/de\/wp-json\/wp\/v2\/product_tag?post=5691"}],"curies":[{"name":"wp","href":"https:\/\/api.w.org\/{rel}","templated":true}]}}