{"id":5010,"date":"2026-02-16T20:36:14","date_gmt":"2026-02-16T19:36:14","guid":{"rendered":"https:\/\/halnoel1234-kmnuz.wpcomstaging.com\/?page_id=5010"},"modified":"2026-02-17T18:45:48","modified_gmt":"2026-02-17T17:45:48","slug":"suit-report","status":"publish","type":"page","link":"https:\/\/kromiker.hu\/en\/suti-tajekoztato\/","title":{"rendered":"Cookie information"},"content":{"rendered":"<style>.kb-row-layout-id5010_c92186-16 > .kt-row-column-wrap{align-content:start;}:where(.kb-row-layout-id5010_c92186-16 > .kt-row-column-wrap) > .wp-block-kadence-column{justify-content:start;}.kb-row-layout-id5010_c92186-16 > .kt-row-column-wrap{column-gap:var(--global-kb-gap-md, 2rem);row-gap:var(--global-kb-gap-md, 2rem);padding-top:var(--global-kb-spacing-sm, 1.5rem);padding-bottom:var(--global-kb-spacing-sm, 1.5rem);grid-template-columns:minmax(0, 1fr);}.kb-row-layout-id5010_c92186-16 > .kt-row-layout-overlay{opacity:0.30;}@media all and (max-width: 1024px){.kb-row-layout-id5010_c92186-16 > .kt-row-column-wrap{grid-template-columns:minmax(0, 1fr);}}@media all and (max-width: 767px){.kb-row-layout-id5010_c92186-16 > .kt-row-column-wrap{grid-template-columns:minmax(0, 1fr);}}<\/style><div class=\"kb-row-layout-wrap kb-row-layout-id5010_c92186-16 alignnone wp-block-kadence-rowlayout\"><div class=\"kt-row-column-wrap kt-has-1-columns kt-row-layout-equal kt-tab-layout-inherit kt-mobile-layout-row kt-row-valign-top\">\n<style>.kadence-column5010_21578b-14 > .kt-inside-inner-col,.kadence-column5010_21578b-14 > .kt-inside-inner-col:before{border-top-left-radius:0px;border-top-right-radius:0px;border-bottom-right-radius:0px;border-bottom-left-radius:0px;}.kadence-column5010_21578b-14 > .kt-inside-inner-col{column-gap:var(--global-kb-gap-sm, 1rem);}.kadence-column5010_21578b-14 > .kt-inside-inner-col{flex-direction:column;}.kadence-column5010_21578b-14 > .kt-inside-inner-col > .aligncenter{width:100%;}.kadence-column5010_21578b-14 > .kt-inside-inner-col:before{opacity:0.3;}.kadence-column5010_21578b-14{position:relative;}@media all and (max-width: 1024px){.kadence-column5010_21578b-14 > .kt-inside-inner-col{flex-direction:column;justify-content:center;}}@media all and (max-width: 767px){.kadence-column5010_21578b-14 > .kt-inside-inner-col{flex-direction:column;justify-content:center;}}<\/style>\n<div class=\"wp-block-kadence-column kadence-column5010_21578b-14\"><div class=\"kt-inside-inner-col\">\n<p>The <a href=\"https:\/\/kromiker.hu\/en\/\">https:\/\/www.kromiker.hu\/<\/a> To tailor content available on the website and to make the site easier to use, we use cookies.<em>From now on: Cookie<\/em>apply.<br><br>The purpose of the following information sheet is to explain:<br>\u2013 <em>What are cookies;<\/em><br>\u2013 <em>what is the purpose of using cookies <a href=\"https:\/\/kromiker.hu\/en\/\">https:\/\/www.kromiker.hu\/<\/a> on the website;<\/em><br>\u2013 <em>What options you have to control or delete cookies \u2013 should you wish to do so.<\/em><\/p>\n\n\n\n<p><strong>The concept of a cookie \u2013 or \u201ewhat are cookies?\u201d<\/strong><br>A cookie is a small text file that a website you visit\u2014 <em><a href=\"https:\/\/kromiker.hu\/en\/\">https:\/\/www.kromiker.hu\/<\/a><\/em> \u2013 a server generates and downloads it to the visitor's computer or mobile device. As the data file is stored, when returning to the website with the same device, the device checks if it has a Cookie that the website recognises.<br><br>If available, based on stored information, the website will recognise that the device has been visited before, and in certain cases, it may modify the displayed content according to information from previous activity.<br><br>You can find out more about cookies on the following websites:<br><a href=\"https:\/\/allaboutcookies.org\/\">https:\/\/allaboutcookies.org\/<\/a><\/p>\n\n\n\n<p><strong>2. The purpose of the cookie \u2013 or \u201e<em>what is the purpose of using cookies <a href=\"https:\/\/kromiker.hu\/en\/\">https:\/\/www.kromiker.hu\/<\/a> website<\/em>\u201d<\/strong><br>The purpose of using cookies is to:<br>\u2013 the website should be comfortable for the visitor to use,<br>\u2013 the operator of the website shall shape the content of the website and related services based on statistical information obtained from cookies,<br>\u2013 So that ads relevant to the visitor's interests reach them.<br><br><strong>3. Cookie Management - or \u201e<em>Cookie Settings Decision<\/em>\u201d<\/strong><br>3.a) <em>Cookie handling in the browser<\/em><br>The website visitor (data subject) has the option to customise cookie settings in each browser.<br><br>The user can choose their cookie preferences before browsing the website and remove cookies after browsing.<br><br>When managing cookies, please be aware that refusing or deleting certain cookies may reduce your browsing experience.<br><br>You can get detailed information about the cookie settings on individual browsers, among other things, via the following links:<\/p>\n\n\n<style>.kb-table-container5010_18a22b-8d{overflow-x:auto;}.kb-table-container .kb-table5010_18a22b-8d th{padding-top:var(--global-kb-spacing-xxs, 0.5rem);padding-right:var(--global-kb-spacing-xxs, 0.5rem);padding-bottom:var(--global-kb-spacing-xxs, 0.5rem);padding-left:var(--global-kb-spacing-xxs, 0.5rem);text-align:center;}.kb-table-container .kb-table5010_18a22b-8d caption{text-align:center;}.kb-table-container .kb-table5010_18a22b-8d td{padding-top:var(--global-kb-spacing-xxs, 0.5rem);padding-right:var(--global-kb-spacing-xxs, 0.5rem);padding-bottom:var(--global-kb-spacing-xxs, 0.5rem);padding-left:var(--global-kb-spacing-xxs, 0.5rem);text-align:center;}.kb-table-container .kb-table5010_18a22b-8d td, .kb-table5010_18a22b-8d th{border-top:2px solid var(--global-palette3, #1A202C);border-right:2px solid var(--global-palette3, #1A202C);border-bottom:2px solid var(--global-palette3, #1A202C);border-left:2px solid var(--global-palette3, #1A202C);}@media all and (max-width: 1024px){.kb-table-container .kb-table5010_18a22b-8d td, .kb-table5010_18a22b-8d th{border-top:2px solid var(--global-palette3, #1A202C);border-right:2px solid var(--global-palette3, #1A202C);border-bottom:2px solid var(--global-palette3, #1A202C);border-left:2px solid var(--global-palette3, #1A202C);}}@media all and (max-width: 767px){.kb-table-container .kb-table5010_18a22b-8d td, .kb-table5010_18a22b-8d th{border-top:2px solid var(--global-palette3, #1A202C);border-right:2px solid var(--global-palette3, #1A202C);border-bottom:2px solid var(--global-palette3, #1A202C);border-left:2px solid var(--global-palette3, #1A202C);}}<\/style><div class=\"kb-table-container kb-table-container5010_18a22b-8d wp-block-kadence-table\"><table class=\"kb-table kb-table5010_18a22b-8d\">\n<tr class=\"kb-table-row kb-table-row5010_29848f-13\">\n<td class=\"kb-table-data kb-table-data5010_9989e5-1c\">\n\n<p>Android<\/p>\n\n<\/td>\n\n<td class=\"kb-table-data kb-table-data5010_78a0c8-49\">\n\n<p class=\"has-text-align-center\">Chrome<\/p>\n\n\n\n<p class=\"has-text-align-center\">Firefox<\/p>\n\n<\/td>\n\n<td class=\"kb-table-data kb-table-data5010_b04e92-bb\">\n\n<p><a href=\"https:\/\/support.google.com\/chrome\/answer\/95647?co=GENIE.Platform%3DAndroid&amp;hl=hu&amp;oco=0\">https:\/\/support.google.com\/chrome\/answer\/95647?co=GENIE.Platform%3DAndroid&amp;hl=hu&amp;oco=0<\/a><\/p>\n\n\n\n<p><a href=\"https:\/\/support.mozilla.org\/hu\/topics\/privacy-and-security\/mobile\">https:\/\/support.mozilla.org\/hu\/topics\/privacy-and-security\/mobile<\/a><\/p>\n\n<\/td>\n<\/tr>\n\n<tr class=\"kb-table-row kb-table-row5010_ea90f0-bd\">\n<td class=\"kb-table-data kb-table-data5010_9fe023-8a\">\n\n<p>iOS<\/p>\n\n<\/td>\n\n<td class=\"kb-table-data kb-table-data5010_f06014-0a\">\n\n<p>Chrome<\/p>\n\n\n\n<p>Firefox<\/p>\n\n\n\n<p>Safari<\/p>\n\n<\/td>\n\n<td class=\"kb-table-data kb-table-data5010_1aeb29-d3\">\n\n<p><a href=\"https:\/\/support.google.com\/chrome\/answer\/95647?co=GENIE.Platform%3DiOS&amp;hl=hu&amp;oco=0\">https:\/\/support.google.com\/chrome\/answer\/95647?co=GENIE.Platform%3DiOS&amp;hl=hu&amp;oco=0<\/a><\/p>\n\n\n\n<p><a href=\"https:\/\/support.mozilla.org\/hu\/topics\/privacy-and-security\/ios\">https:\/\/support.mozilla.org\/hu\/topics\/privacy-and-security\/ios<\/a><\/p>\n\n\n\n<p><a href=\"https:\/\/support.apple.com\/hu-hu\/HT201265\">https:\/\/support.apple.com\/hu-hu\/HT201265<\/a><\/p>\n\n<\/td>\n<\/tr>\n\n<tr class=\"kb-table-row kb-table-row5010_c80a5c-a1\">\n<td class=\"kb-table-data kb-table-data5010_549335-63\">\n\n<p>LINUX<\/p>\n\n<\/td>\n\n<td class=\"kb-table-data kb-table-data5010_6182ad-4e\">\n\n<p>Chrome<\/p>\n\n\n\n<p>Firefox<\/p>\n\n<\/td>\n\n<td class=\"kb-table-data kb-table-data5010_e83ede-85\">\n\n<p><a href=\"https:\/\/support.google.com\/chrome\/answer\/95647?co=GENIE.Platform%3DDesktop&amp;hl=hu\">https:\/\/support.google.com\/chrome\/answer\/95647?co=GENIE.Platform%3DDesktop&amp;hl=hu<\/a><\/p>\n\n\n\n<p><a href=\"https:\/\/support.mozilla.org\/hu\/topics\/privacy-and-security\/firefox\">https:\/\/support.mozilla.org\/hu\/topics\/privacy-and-security\/firefox<\/a><\/p>\n\n<\/td>\n<\/tr>\n\n<tr class=\"kb-table-row kb-table-row5010_07dd01-bc\">\n<td class=\"kb-table-data kb-table-data5010_36fc06-de\">\n\n<p>macOS<\/p>\n\n<\/td>\n\n<td class=\"kb-table-data kb-table-data5010_e58a2b-70\">\n\n<p>Chrome<\/p>\n\n\n\n<p>Firefox<\/p>\n\n\n\n<p>Safari<\/p>\n\n<\/td>\n\n<td class=\"kb-table-data kb-table-data5010_258be8-99\">\n\n<p><a href=\"https:\/\/support.google.com\/chrome\/answer\/95647?co=GENIE.Platform%3DDesktop&amp;hl=hu\">https:\/\/support.google.com\/chrome\/answer\/95647?co=GENIE.Platform%3DDesktop&amp;hl=hu<\/a><\/p>\n\n\n\n<p><a href=\"https:\/\/support.mozilla.org\/hu\/topics\/privacy-and-security\/firefox\">https:\/\/support.mozilla.org\/hu\/topics\/privacy-and-security\/firefox<\/a><\/p>\n\n\n\n<p><a href=\"https:\/\/support.apple.com\/hu-hu\/guide\/safari\/sfri11471\/mac\">https:\/\/support.apple.com\/hu-hu\/guide\/safari\/sfri11471\/mac<\/a><\/p>\n\n<\/td>\n<\/tr>\n\n<tr class=\"kb-table-row kb-table-row5010_2e5902-cc\">\n<td class=\"kb-table-data kb-table-data5010_296f44-a3\">\n\n<p>WINDOWS<\/p>\n\n<\/td>\n\n<td class=\"kb-table-data kb-table-data5010_92eb73-eb\">\n\n<p>Chrome<\/p>\n\n\n\n<p>Explorer<\/p>\n\n\n\n<p>Firefox<\/p>\n\n<\/td>\n\n<td class=\"kb-table-data kb-table-data5010_309219-cd\">\n\n<p><a href=\"https:\/\/support.google.com\/chrome\/answer\/95647?co=GENIE.Platform%3DDesktop&amp;hl=hu\">https:\/\/support.google.com\/chrome\/answer\/95647?co=GENIE.Platform%3DDesktop&amp;hl=hu<\/a><\/p>\n\n\n\n<p><a href=\"https:\/\/support.microsoft.com\/hu-hu\/help\/17442\/windows-internet-explorer-delete-manage-cookies\">https:\/\/support.microsoft.com\/hu-hu\/help\/17442\/windows-internet-explorer-delete-manage-cookies<\/a><\/p>\n\n\n\n<p><a href=\"https:\/\/support.mozilla.org\/hu\/topics\/privacy-and-security\/firefox\">https:\/\/support.mozilla.org\/hu\/topics\/privacy-and-security\/firefox<\/a><\/p>\n\n<\/td>\n<\/tr>\n<\/table><\/div>\n\n\n<p><strong>3.b) Cookie handling on the website<\/strong><br>The <em><a href=\"https:\/\/kromiker.hu\/en\/\">https:\/\/www.kromiker.hu\/<\/a><\/em> The website uses the following types of cookies:<\/p>\n\n\n\n<ul class=\"wp-block-list\">\n<li><strong><em>Essential Cookies<\/em><\/strong><br>The use of \u201eEssential\u201d Cookies is indispensable for the operation of the website and for visitors to browse it.<br>Therefore \u2013 provided that data processing takes place \u2013 the application of this category of Cookies is in the legitimate interest of the Data Controller and does not require the consent of the data subject.<br><\/li>\n\n\n\n<li><strong><em>Functional Cookies<\/em><\/strong><br>\u201eFunctional\u201d cookies gather information about the visitor's settings, which contributes to enhancing the user experience by tailoring the site to the visitor's needs.<\/li>\n<\/ul>\n\n\n\n<p><strong>4. Information on cookies used<\/strong><br>The <em><a href=\"https:\/\/kromiker.hu\/en\/\">https:\/\/www.kromiker.hu\/<\/a><\/em> The website uses the following cookies:<\/p>\n\n\n<style>.kb-table-container5010_dbd385-7a{overflow-x:auto;}.kb-table-container .kb-table5010_dbd385-7a th{padding-top:var(--global-kb-spacing-xxs, 0.5rem);padding-right:var(--global-kb-spacing-xxs, 0.5rem);padding-bottom:var(--global-kb-spacing-xxs, 0.5rem);padding-left:var(--global-kb-spacing-xxs, 0.5rem);text-align:center;}.kb-table-container .kb-table5010_dbd385-7a caption{text-align:center;}.kb-table-container .kb-table5010_dbd385-7a td{padding-top:var(--global-kb-spacing-xxs, 0.5rem);padding-right:var(--global-kb-spacing-xxs, 0.5rem);padding-bottom:var(--global-kb-spacing-xxs, 0.5rem);padding-left:var(--global-kb-spacing-xxs, 0.5rem);text-align:center;}.kb-table-container .kb-table5010_dbd385-7a td, .kb-table5010_dbd385-7a th{border-top:2px solid var(--global-palette3, #1A202C);border-right:2px solid var(--global-palette3, #1A202C);border-bottom:2px solid var(--global-palette3, #1A202C);border-left:2px solid var(--global-palette3, #1A202C);}@media all and (max-width: 1024px){.kb-table-container .kb-table5010_dbd385-7a td, .kb-table5010_dbd385-7a th{border-top:2px solid var(--global-palette3, #1A202C);border-right:2px solid var(--global-palette3, #1A202C);border-bottom:2px solid var(--global-palette3, #1A202C);border-left:2px solid var(--global-palette3, #1A202C);}}@media all and (max-width: 767px){.kb-table-container .kb-table5010_dbd385-7a td, .kb-table5010_dbd385-7a th{border-top:2px solid var(--global-palette3, #1A202C);border-right:2px solid var(--global-palette3, #1A202C);border-bottom:2px solid var(--global-palette3, #1A202C);border-left:2px solid var(--global-palette3, #1A202C);}}<\/style><div class=\"kb-table-container kb-table-container5010_dbd385-7a wp-block-kadence-table\"><table class=\"kb-table kb-table5010_dbd385-7a\">\n<style>.kb-table-container .kb-table tr.kb-table-row5010_ef1a79-82{background-color:rgba(191,154,107,0.69);}<\/style><tr class=\"kb-table-row kb-table-row5010_ef1a79-82\">\n<th class=\"kb-table-data kb-table-data5010_ed3485-90\">\n\n<p>Serial number<\/p>\n\n<\/th>\n\n<th class=\"kb-table-data kb-table-data5010_a2f030-5b\">\n\n<p>Affected domain<\/p>\n\n<\/th>\n\n<th class=\"kb-table-data kb-table-data5010_8a7850-bc\">\n\n<p>Processed dataset<\/p>\n\n<\/th>\n\n<th class=\"kb-table-data kb-table-data5010_7e2f20-e0\">\n\n<p>Biscuit<br>Type<\/p>\n\n<\/th>\n\n<th class=\"kb-table-data kb-table-data5010_8357d4-29\">\n\n<p>Legal basis for data processing<\/p>\n\n<\/th>\n\n<th class=\"kb-table-data kb-table-data5010_3c7cd0-b3\">\n\n<p>Data processing purposes<\/p>\n\n<\/th>\n\n<th class=\"kb-table-data kb-table-data5010_52db57-63\">\n\n<p>Data retention period<\/p>\n\n<\/th>\n<\/tr>\n\n<tr class=\"kb-table-row kb-table-row5010_b41b2a-9a\">\n<td class=\"kb-table-data kb-table-data5010_b9091a-fe\">\n\n<p>1.<\/p>\n\n<\/td>\n\n<td class=\"kb-table-data kb-table-data5010_712007-d2\">\n\n<p>kromiker.hu<\/p>\n\n<\/td>\n\n<td class=\"kb-table-data kb-table-data5010_65ce0a-6c\">\n\n<p>wordpress_test_cookie<\/p>\n\n<\/td>\n\n<td class=\"kb-table-data kb-table-data5010_4ffcd5-b3\">\n\n<p>Essential<\/p>\n\n<\/td>\n\n<td class=\"kb-table-data kb-table-data5010_ebf38f-f6\">\n\n<p>The data controller's legitimate interest<br>GDPR Article 6(1)(f)<\/p>\n\n<\/td>\n\n<td class=\"kb-table-data kb-table-data5010_0bf044-a2\">\n\n<p>This checks whether your browser allows cookies to be used. Without them, the site will not function correctly.<\/p>\n\n<\/td>\n\n<td class=\"kb-table-data kb-table-data5010_e89273-2c\">\n\n<p>End of workflow<\/p>\n\n<\/td>\n<\/tr>\n\n<tr class=\"kb-table-row kb-table-row5010_d4636b-b9\">\n<td class=\"kb-table-data kb-table-data5010_a71935-bc\">\n\n<p>2.<\/p>\n\n<\/td>\n\n<td class=\"kb-table-data kb-table-data5010_897b8a-72\">\n\n<p>kromiker.hu<\/p>\n\n<\/td>\n\n<td class=\"kb-table-data kb-table-data5010_9ee62a-34\">\n\n<p>googtrans<\/p>\n\n<\/td>\n\n<td class=\"kb-table-data kb-table-data5010_3754b3-00\">\n\n<p>Functional<\/p>\n\n<\/td>\n\n<td class=\"kb-table-data kb-table-data5010_ddd25a-f1\">\n\n<p>The consent of the data subject<br>Article 6(1)(a) GDPR<\/p>\n\n<\/td>\n\n<td class=\"kb-table-data kb-table-data5010_acbb89-57\">\n\n<p>The GTranslate extension uses this: it stores which language the visitor selected (HU, EN, DE).<\/p>\n\n<\/td>\n\n<td class=\"kb-table-data kb-table-data5010_67daa7-2f\">\n\n<p>End of workflow<\/p>\n\n<\/td>\n<\/tr>\n\n<tr class=\"kb-table-row kb-table-row5010_a6699d-4c\">\n<td class=\"kb-table-data kb-table-data5010_f6440e-75\">\n\n<p>3.<\/p>\n\n<\/td>\n\n<td class=\"kb-table-data kb-table-data5010_5613df-f8\">\n\n<p>kromiker.hu<\/p>\n\n<\/td>\n\n<td class=\"kb-table-data kb-table-data5010_71c798-e6\">\n\n<p>litespeed_list<\/p>\n\n<\/td>\n\n<td class=\"kb-table-data kb-table-data5010_b53a07-b9\">\n\n<p>Essential<\/p>\n\n<\/td>\n\n<td class=\"kb-table-data kb-table-data5010_06b07c-60\">\n\n<p>The data controller's legitimate interest<br>GDPR Article 6(1)(f)<\/p>\n\n<\/td>\n\n<td class=\"kb-table-data kb-table-data5010_49122a-4f\">\n\n<p>For LiteSpeed server caching to function, the page needs to load quickly.<\/p>\n\n<\/td>\n\n<td class=\"kb-table-data kb-table-data5010_23e254-8f\">\n\n<p>End of workflow<\/p>\n\n<\/td>\n<\/tr>\n\n<tr class=\"kb-table-row kb-table-row5010_3710dd-98\">\n<td class=\"kb-table-data kb-table-data5010_8e8810-21\">\n\n<p>4.<\/p>\n\n<\/td>\n\n<td class=\"kb-table-data kb-table-data5010_c4e897-f7\">\n\n<p>kromiker.hu<\/p>\n\n<\/td>\n\n<td class=\"kb-table-data kb-table-data5010_2d5564-83\">\n\n<p>PHPSESSID<\/p>\n\n<\/td>\n\n<td class=\"kb-table-data kb-table-data5010_08d22d-53\">\n\n<p>Essential<\/p>\n\n<\/td>\n\n<td class=\"kb-table-data kb-table-data5010_6e965e-7f\">\n\n<p>The data controller's legitimate interest<br>GDPR Article 6(1)(f)<\/p>\n\n<\/td>\n\n<td class=\"kb-table-data kb-table-data5010_459c1a-8e\">\n\n<p>General PHP session identifier, to maintain communication between the server and the user.<\/p>\n\n<\/td>\n\n<td class=\"kb-table-data kb-table-data5010_ed4855-b9\">\n\n<p>End of workflow<\/p>\n\n<\/td>\n<\/tr>\n\n<tr class=\"kb-table-row kb-table-row5010_7cc18e-85\">\n<td class=\"kb-table-data kb-table-data5010_dffebb-de\">\n\n<p>5.<\/p>\n\n<\/td>\n\n<td class=\"kb-table-data kb-table-data5010_ddae63-38\">\n\n<p>kromiker.hu<\/p>\n\n<\/td>\n\n<td class=\"kb-table-data kb-table-data5010_a82b6b-12\">\n\n<p>cookie_notice_accepted<\/p>\n\n<\/td>\n\n<td class=\"kb-table-data kb-table-data5010_bf64c9-72\">\n\n<p>Essential<\/p>\n\n<\/td>\n\n<td class=\"kb-table-data kb-table-data5010_3427ee-e2\">\n\n<p>The data controller's legitimate interest<br>GDPR Article 6(1)(f)<\/p>\n\n<\/td>\n\n<td class=\"kb-table-data kb-table-data5010_83a7f6-f8\">\n\n<p>(If there is a cookie consent bar): This stores whether the user has already accepted cookies so that the window doesn't pop up again.<\/p>\n\n<\/td>\n\n<td class=\"kb-table-data kb-table-data5010_7d9fb3-2f\">\n\n<p>1 month \/ 1 year<\/p>\n\n<\/td>\n<\/tr>\n<\/table><\/div>\n\n\n<p><strong>5. Legal basis for cookies used<\/strong><\/p>\n\n\n\n<p>A) The legal basis for the use of \u201eEssential\u201d cookies is Article 6(1)(f) of the GDPR, namely the legitimate interest of the Data Controller.<br><br>B) The legal basis for using cookies other than those mentioned in point \u201eA)\u201d is Article 6(1)(a) of the GDPR, i.e., the consent of the data subject.<br><br><em>If the use of the Cookie is based on the consent of the data subject, the user may withdraw their consent at any time, under the same conditions as when the consent was given.<\/em><br><br>If you are a visitor to this website and have an ad blocker (hereinafter referred to as \u201e<em>ad-blocker<\/em>\u201d) is used, information about cookies is not always available to the visitor. We recommend temporarily disabling your ad-blocker to access the information.<\/p>\n<\/div><\/div>\n\n<\/div><\/div>","protected":false},"excerpt":{"rendered":"<p>A https:\/\/www.kromiker.hu\/ weboldalon el\u00e9rhet\u0151 tartalmak testreszab\u00e1sa c\u00e9lj\u00e1b\u00f3l, valamint az oldal k\u00f6nnyebb haszn\u00e1lhat\u00f3s\u00e1ga \u00e9rdek\u00e9ben Cookie-kat, azaz S\u00fctiket (a tov\u00e1bbiakban: S\u00fcti) alkalmaz. Az al\u00e1bbi t\u00e1j\u00e9koztat\u00f3 c\u00e9lja, hogy elmagyar\u00e1zza:&#8211; mik a S\u00fctik;&#8211; mi a S\u00fctik haszn\u00e1lat\u00e1nak c\u00e9lja a https:\/\/www.kromiker.hu\/ weboldalon;&#8211; milyen lehet\u0151s\u00e9ge van a S\u00fctik szab\u00e1lyoz\u00e1s\u00e1ra vagy t\u00f6rl\u00e9s\u00e9re \u2013 amennyiben ezt szeretn\u00e9. 1. A S\u00fcti fogalma \u2013 avagy&#8230;<\/p>","protected":false},"author":237508082,"featured_media":0,"parent":0,"menu_order":0,"comment_status":"closed","ping_status":"closed","template":"","meta":{"_acf_changed":false,"_kad_post_transparent":"","_kad_post_title":"","_kad_post_layout":"","_kad_post_sidebar_id":"","_kad_post_content_style":"","_kad_post_vertical_padding":"","_kad_post_feature":"","_kad_post_feature_position":"","_kad_post_header":false,"_kad_post_footer":false,"_kad_post_classname":"","footnotes":""},"class_list":["post-5010","page","type-page","status-publish","hentry"],"acf":[],"_links":{"self":[{"href":"https:\/\/kromiker.hu\/en\/wp-json\/wp\/v2\/pages\/5010","targetHints":{"allow":["GET"]}}],"collection":[{"href":"https:\/\/kromiker.hu\/en\/wp-json\/wp\/v2\/pages"}],"about":[{"href":"https:\/\/kromiker.hu\/en\/wp-json\/wp\/v2\/types\/page"}],"author":[{"embeddable":true,"href":"https:\/\/kromiker.hu\/en\/wp-json\/wp\/v2\/users\/237508082"}],"replies":[{"embeddable":true,"href":"https:\/\/kromiker.hu\/en\/wp-json\/wp\/v2\/comments?post=5010"}],"version-history":[{"count":0,"href":"https:\/\/kromiker.hu\/en\/wp-json\/wp\/v2\/pages\/5010\/revisions"}],"wp:attachment":[{"href":"https:\/\/kromiker.hu\/en\/wp-json\/wp\/v2\/media?parent=5010"}],"curies":[{"name":"wp","href":"https:\/\/api.w.org\/{rel}","templated":true}]}}