{"id":5764,"date":"2026-05-14T12:29:47","date_gmt":"2026-05-14T10:29:47","guid":{"rendered":"https:\/\/kromiker.hu\/?page_id=5764"},"modified":"2026-05-14T14:11:49","modified_gmt":"2026-05-14T12:11:49","slug":"szakmai-hirek","status":"publish","type":"page","link":"https:\/\/kromiker.hu\/en\/szakmai-hirek\/","title":{"rendered":"Szakmai h\u00edrek"},"content":{"rendered":"<style>.kb-row-layout-id5764_a87f66-86 > .kt-row-column-wrap{align-content:start;}:where(.kb-row-layout-id5764_a87f66-86 > .kt-row-column-wrap) > .wp-block-kadence-column{justify-content:start;}.kb-row-layout-id5764_a87f66-86 > .kt-row-column-wrap{column-gap:var(--global-kb-gap-md, 2rem);row-gap:var(--global-kb-gap-md, 2rem);padding-top:var(--global-kb-spacing-sm, 1.5rem);padding-bottom:var(--global-kb-spacing-sm, 1.5rem);grid-template-columns:minmax(0, 1fr);}.kb-row-layout-id5764_a87f66-86 > .kt-row-layout-overlay{opacity:0.30;}@media all and (max-width: 1024px){.kb-row-layout-id5764_a87f66-86 > .kt-row-column-wrap{grid-template-columns:minmax(0, 1fr);}}@media all and (max-width: 767px){.kb-row-layout-id5764_a87f66-86 > .kt-row-column-wrap{grid-template-columns:minmax(0, 1fr);}}<\/style><div class=\"kb-row-layout-wrap kb-row-layout-id5764_a87f66-86 alignnone animated fadeIn wp-block-kadence-rowlayout\"><div class=\"kt-row-column-wrap kt-has-1-columns kt-row-layout-equal kt-tab-layout-inherit kt-mobile-layout-row kt-row-valign-top\">\n<style>.kadence-column5764_c02ac7-b5 > .kt-inside-inner-col,.kadence-column5764_c02ac7-b5 > .kt-inside-inner-col:before{border-top-left-radius:0px;border-top-right-radius:0px;border-bottom-right-radius:0px;border-bottom-left-radius:0px;}.kadence-column5764_c02ac7-b5 > .kt-inside-inner-col{column-gap:var(--global-kb-gap-sm, 1rem);}.kadence-column5764_c02ac7-b5 > .kt-inside-inner-col{flex-direction:column;}.kadence-column5764_c02ac7-b5 > .kt-inside-inner-col > .aligncenter{width:100%;}.kadence-column5764_c02ac7-b5 > .kt-inside-inner-col:before{opacity:0.3;}.kadence-column5764_c02ac7-b5{position:relative;}@media all and (max-width: 1024px){.kadence-column5764_c02ac7-b5 > .kt-inside-inner-col{flex-direction:column;justify-content:center;}}@media all and (max-width: 767px){.kadence-column5764_c02ac7-b5 > .kt-inside-inner-col{flex-direction:column;justify-content:center;}}<\/style>\n<div class=\"wp-block-kadence-column kadence-column5764_c02ac7-b5\"><div class=\"kt-inside-inner-col\"><style>.kb-posts-id-5764_722351-5e .kb-post-list-item{display:grid;}<\/style><ul class=\"wp-block-kadence-posts kb-posts kadence-posts-list kb-posts-id-5764_722351-5e content-wrap grid-cols kb-posts-style-boxed grid-sm-col-2 grid-lg-col-3 item-image-style-above\"><li class=\"kb-post-list-item\">\n\t<article class=\"entry content-bg loop-entry post-5748 post type-post status-publish format-standard hentry category-ipari-trendek\">\n\t\t\t\t<div class=\"entry-content-wrap\">\n\t\t\t<header class=\"entry-header\">\n\t\t<div class=\"entry-taxonomies\">\n\t\t<span class=\"category-links term-links category-style-normal\">\n\t\t\t<a href=\"https:\/\/kromiker.hu\/en\/category\/ipari-trendek\/\" class=\"category-link-ipari-trendek\" rel=\"tag\">Ipari trendek<\/a>\t\t<\/span>\n\t<\/div><!-- .entry-taxonomies -->\n\t<h2 class=\"entry-title\"><a href=\"https:\/\/kromiker.hu\/en\/2026\/05\/14\/miert-kiemelkedo-a-baader-baadering-szetvalaszto-technologia\/\" rel=\"bookmark\">Mi\u00e9rt kiemelked\u0151 a BAADER \u201eBaadering\u201d sz\u00e9tv\u00e1laszt\u00f3 technol\u00f3gia?<\/a><\/h2>\t<div class=\"entry-meta entry-meta-divider-dot\">\n\t\t\t\t<span class=\"posted-on\">\n\t\t\t\t<time class=\"entry-date published\" datetime=\"2026-05-14T12:06:59+02:00\">2026. 05. 14.<\/time><time class=\"updated\" datetime=\"2026-05-14T13:57:34+02:00\">2026. 05. 14.<\/time>\t\t\t<\/span>\n\t\t\t\t<\/div><!-- .entry-meta -->\n\t<\/header><!-- .entry-header -->\n<footer class=\"entry-footer\">\n\t<\/footer><!-- .entry-footer -->\t\t<\/div>\n\t<\/article>\n<\/li>\n<\/ul><\/div><\/div>\n\n<\/div><\/div>","protected":false},"excerpt":{"rendered":"","protected":false},"author":237508082,"featured_media":0,"parent":0,"menu_order":0,"comment_status":"closed","ping_status":"closed","template":"","meta":{"_acf_changed":false,"_kad_post_transparent":"default","_kad_post_title":"","_kad_post_layout":"","_kad_post_sidebar_id":"","_kad_post_content_style":"","_kad_post_vertical_padding":"","_kad_post_feature":"","_kad_post_feature_position":"","_kad_post_header":false,"_kad_post_footer":false,"_kad_post_classname":"","footnotes":""},"class_list":["post-5764","page","type-page","status-publish","hentry"],"acf":[],"_links":{"self":[{"href":"https:\/\/kromiker.hu\/en\/wp-json\/wp\/v2\/pages\/5764","targetHints":{"allow":["GET"]}}],"collection":[{"href":"https:\/\/kromiker.hu\/en\/wp-json\/wp\/v2\/pages"}],"about":[{"href":"https:\/\/kromiker.hu\/en\/wp-json\/wp\/v2\/types\/page"}],"author":[{"embeddable":true,"href":"https:\/\/kromiker.hu\/en\/wp-json\/wp\/v2\/users\/237508082"}],"replies":[{"embeddable":true,"href":"https:\/\/kromiker.hu\/en\/wp-json\/wp\/v2\/comments?post=5764"}],"version-history":[{"count":4,"href":"https:\/\/kromiker.hu\/en\/wp-json\/wp\/v2\/pages\/5764\/revisions"}],"predecessor-version":[{"id":5805,"href":"https:\/\/kromiker.hu\/en\/wp-json\/wp\/v2\/pages\/5764\/revisions\/5805"}],"wp:attachment":[{"href":"https:\/\/kromiker.hu\/en\/wp-json\/wp\/v2\/media?parent=5764"}],"curies":[{"name":"wp","href":"https:\/\/api.w.org\/{rel}","templated":true}]}}