{"id":87,"date":"2025-10-08T20:48:04","date_gmt":"2025-10-08T18:48:04","guid":{"rendered":"https:\/\/halnoel1234-kmnuz.wpcomstaging.com\/?page_id=87"},"modified":"2026-03-08T12:17:56","modified_gmt":"2026-03-08T11:17:56","slug":"contact","status":"publish","type":"page","link":"https:\/\/kromiker.hu\/en\/kapcsolat\/","title":{"rendered":"Contact"},"content":{"rendered":"<style>.kb-row-layout-id87_fe15b4-b1 > .kt-row-column-wrap{align-content:start;}:where(.kb-row-layout-id87_fe15b4-b1 > .kt-row-column-wrap) > .wp-block-kadence-column{justify-content:start;}.kb-row-layout-id87_fe15b4-b1 > .kt-row-column-wrap{column-gap:var(--global-kb-gap-md, 2rem);row-gap:var(--global-kb-gap-md, 2rem);max-width:var( --global-content-width, 1290px );padding-left:var(--global-content-edge-padding);padding-right:var(--global-content-edge-padding);padding-top:var(--global-kb-spacing-lg, 3rem);padding-right:var(--global-kb-spacing-xl, 4rem);padding-bottom:var(--global-kb-spacing-lg, 3rem);padding-left:var(--global-kb-spacing-xl, 4rem);grid-template-columns:minmax(0, 1fr);}.kb-row-layout-id87_fe15b4-b1 > .kt-row-layout-overlay{opacity:0.30;}@media all and (max-width: 1024px){.kb-row-layout-id87_fe15b4-b1 > .kt-row-column-wrap{grid-template-columns:minmax(0, 1fr);}}@media all and (max-width: 767px){.kb-row-layout-id87_fe15b4-b1 > .kt-row-column-wrap{padding-top:0px;padding-right:0px;padding-bottom:0px;padding-left:0px;grid-template-columns:minmax(0, 1fr);}}<\/style><div class=\"kb-row-layout-wrap kb-row-layout-id87_fe15b4-b1 alignfull wp-block-kadence-rowlayout\"><div class=\"kt-row-column-wrap kt-has-1-columns kt-row-layout-equal kt-tab-layout-inherit kt-mobile-layout-row kt-row-valign-top kb-theme-content-width\">\n<style>.kadence-column87_ab9718-83 > .kt-inside-inner-col{display:flex;}.kadence-column87_ab9718-83 > .kt-inside-inner-col,.kadence-column87_ab9718-83 > .kt-inside-inner-col:before{border-top-left-radius:0px;border-top-right-radius:0px;border-bottom-right-radius:0px;border-bottom-left-radius:0px;}.kadence-column87_ab9718-83 > .kt-inside-inner-col{column-gap:var(--global-kb-gap-sm, 1rem);}.kadence-column87_ab9718-83 > .kt-inside-inner-col{flex-direction:column;justify-content:center;}.kadence-column87_ab9718-83 > .kt-inside-inner-col > .aligncenter{width:100%;}.kt-row-column-wrap > .kadence-column87_ab9718-83{align-self:center;}.kt-inner-column-height-full:not(.kt-has-1-columns) > .wp-block-kadence-column.kadence-column87_ab9718-83{align-self:auto;}.kt-inner-column-height-full:not(.kt-has-1-columns) > .wp-block-kadence-column.kadence-column87_ab9718-83 > .kt-inside-inner-col{flex-direction:column;justify-content:center;}.kadence-column87_ab9718-83 > .kt-inside-inner-col:before{opacity:0.3;}.kadence-column87_ab9718-83{position:relative;}@media all and (max-width: 1024px){.kt-row-column-wrap > .kadence-column87_ab9718-83{align-self:center;}}@media all and (max-width: 1024px){.kt-inner-column-height-full:not(.kt-has-1-columns) > .wp-block-kadence-column.kadence-column87_ab9718-83{align-self:auto;}}@media all and (max-width: 1024px){.kt-inner-column-height-full:not(.kt-has-1-columns) > .wp-block-kadence-column.kadence-column87_ab9718-83 > .kt-inside-inner-col{flex-direction:column;justify-content:center;}}@media all and (max-width: 1024px){.kadence-column87_ab9718-83 > .kt-inside-inner-col{flex-direction:column;justify-content:center;}}@media all and (max-width: 767px){.kt-row-column-wrap > .kadence-column87_ab9718-83{align-self:center;}.kt-inner-column-height-full:not(.kt-has-1-columns) > .wp-block-kadence-column.kadence-column87_ab9718-83{align-self:auto;}.kt-inner-column-height-full:not(.kt-has-1-columns) > .wp-block-kadence-column.kadence-column87_ab9718-83 > .kt-inside-inner-col{flex-direction:column;justify-content:center;}.kadence-column87_ab9718-83 > .kt-inside-inner-col{flex-direction:column;justify-content:center;}}<\/style>\n<div class=\"wp-block-kadence-column kadence-column87_ab9718-83\"><div class=\"kt-inside-inner-col\">\n<div class='fluentform ff-default fluentform_wrapper_5 ffs_custom_wrap'><form data-form_id=\"5\" id=\"fluentform_5\" class=\"frm-fluent-form fluent_form_5 ff-el-form-top ff_form_instance_5_1 ff-form-loading ffs_custom\" data-form_instance=\"ff_form_instance_5_1\" method=\"POST\" ><fieldset  style=\"border: none!important;margin: 0!important;padding: 0!important;background-color: transparent!important;box-shadow: none!important;outline: none!important; min-inline-size: 100%;\">\n                    <legend class=\"ff_screen_reader_title\" style=\"display: block; margin: 0!important;padding: 0!important;height: 0!important;text-indent: -999999px;width: 0!important;overflow:hidden;\">Kapcsolatfelv\u00e9tel \u0171rlap<\/legend><input type='hidden' name='__fluent_form_embded_post_id' value='87' \/><input type=\"hidden\" id=\"_fluentform_5_fluentformnonce\" name=\"_fluentform_5_fluentformnonce\" value=\"f51ac4908e\" \/><input type=\"hidden\" name=\"_wp_http_referer\" value=\"\/en\/wp-json\/wp\/v2\/pages\/87\" \/><div data-type=\"name-element\" data-name=\"names_1\" class=\" ff-field_container ff-name-field-wrapper\" ><div class='ff-t-container'><div class='ff-t-cell '><div class='ff-el-group ff-el-form-top'><div class=\"ff-el-input--label ff-el-is-required asterisk-right\"><label for='ff_5_names_1_first_name_' id='label_ff_5_names_1_first_name_' >Keresztn\u00e9v<\/label><\/div><div class='ff-el-input--content'><input type=\"text\" name=\"names_1[first_name]\" id=\"ff_5_names_1_first_name_\" class=\"ff-el-form-control\" aria-invalid=\"false\" aria-required=true><\/div><\/div><\/div><div class='ff-t-cell '><div class='ff-el-group ff-el-form-top'><div class=\"ff-el-input--label ff-el-is-required asterisk-right\"><label for='ff_5_names_1_last_name_' id='label_ff_5_names_1_last_name_' >Vezet\u00e9kn\u00e9v<\/label><\/div><div class='ff-el-input--content'><input type=\"text\" name=\"names_1[last_name]\" id=\"ff_5_names_1_last_name_\" class=\"ff-el-form-control\" aria-invalid=\"false\" aria-required=true><\/div><\/div><\/div><\/div><\/div><div class='ff-el-group'><div class=\"ff-el-input--label ff-el-is-required asterisk-right\"><label for='ff_5_email' id='label_ff_5_email' aria-label=\"Email\">Email<\/label><\/div><div class='ff-el-input--content'><input type=\"email\" name=\"email\" id=\"ff_5_email\" class=\"ff-el-form-control\" data-name=\"email\"  aria-invalid=\"false\" aria-required=true><\/div><\/div><div class='ff-el-group'><div class=\"ff-el-input--label ff-el-is-required asterisk-right\"><label for='ff_5_phone' id='label_ff_5_phone' aria-label=\"Telefonsz\u00e1m\">Telefonsz\u00e1m<\/label><\/div><div class='ff-el-input--content'><input name=\"phone\" class=\"ff-el-form-control ff-el-phone ff_el_with_extended_validation\" type=\"tel\" data-name=\"phone\" id=\"ff_5_phone\" inputmode=\"tel\"  aria-invalid='false' aria-required=true><\/div><\/div><div class='ff-el-group'><div class=\"ff-el-input--label ff-el-is-required asterisk-right\"><label for='ff_5_description' id='label_ff_5_description' aria-label=\"\u00dczenet\">\u00dczenet<\/label><\/div><div class='ff-el-input--content'><textarea aria-required=\"true\" aria-labelledby=\"label_ff_5_description\" name=\"description\" id=\"ff_5_description\" class=\"ff-el-form-control\" rows=\"3\" cols=\"2\" data-name=\"description\" ><\/textarea><\/div><\/div><div class='ff-el-group ' ><div class='ff-el-input--content'><div data-fluent_id='5' name='g-recaptcha-response'><div\n\t\tdata-sitekey='6LcIAIgsAAAAAMAO-0CDQRLSpMJjJ9nm8UUOs17m'\n\t\tid='fluentform-recaptcha-5-1'\n\t\tclass='ff-el-recaptcha g-recaptcha'\n\t\tdata-callback='fluentFormrecaptchaSuccessCallback'><\/div><\/div><\/div><\/div><div class='ff-el-group ff-text-left ff_submit_btn_wrapper'><button type=\"submit\" class=\"ff-btn ff-btn-submit ff-btn-md ff_btn_style\"  aria-label=\"Elk\u00fcld\u00e9s\">Elk\u00fcld\u00e9s<\/button><\/div><\/fieldset><\/form><div id='fluentform_5_errors' class='ff-errors-in-stack ff_form_instance_5_1 ff-form-loading_errors ff_form_instance_5_1_errors'><\/div><\/div>            <script type=\"text\/javascript\">\n                window.fluent_form_ff_form_instance_5_1 = {\"id\":\"5\",\"ajaxUrl\":\"https:\\\/\\\/kromiker.hu\\\/wp-admin\\\/admin-ajax.php\",\"settings\":{\"layout\":{\"labelPlacement\":\"top\",\"asteriskPlacement\":\"asterisk-right\",\"helpMessagePlacement\":\"with_label\",\"errorMessagePlacement\":\"inline\",\"cssClassName\":\"\"},\"restrictions\":{\"denyEmptySubmission\":{\"enabled\":false}}},\"form_instance\":\"ff_form_instance_5_1\",\"form_id_selector\":\"fluentform_5\",\"rules\":{\"names_1[first_name]\":{\"required\":{\"value\":true,\"message\":\"This field is required\",\"global_message\":\"This field is required\",\"global\":true}},\"names_1[middle_name]\":{\"required\":{\"value\":false,\"message\":\"This field is required\",\"global_message\":\"This field is required\",\"global\":true}},\"names_1[last_name]\":{\"required\":{\"value\":true,\"message\":\"This field is required\",\"global_message\":\"This field is required\",\"global\":true}},\"email\":{\"required\":{\"value\":true,\"message\":\"This field is required\",\"global_message\":\"This field is required\",\"global\":true},\"email\":{\"value\":true,\"message\":\"This field must contain a valid email\",\"global_message\":\"This field must contain a valid email\",\"global\":true}},\"phone\":{\"required\":{\"value\":true,\"global\":true,\"message\":\"This field is required\",\"global_message\":\"This field is required\"},\"valid_phone_number\":{\"value\":true,\"global\":true,\"message\":\"Phone number is not valid\",\"global_message\":\"Phone number is not valid\"}},\"description\":{\"required\":{\"value\":true,\"message\":\"This field is required\",\"global_message\":\"This field is required\",\"global\":true}},\"g-recaptcha-response\":[]},\"debounce_time\":300};\n                            <\/script>\n            \n<\/div><\/div>\n\n<\/div><\/div>\n\n<style>.kb-row-layout-id87_ba1ca4-a3 > .kt-row-column-wrap{align-content:start;}:where(.kb-row-layout-id87_ba1ca4-a3 > .kt-row-column-wrap) > .wp-block-kadence-column{justify-content:start;}.kb-row-layout-id87_ba1ca4-a3 > .kt-row-column-wrap{column-gap:var(--global-kb-gap-md, 2rem);row-gap:var(--global-kb-gap-md, 2rem);padding-top:var(--global-kb-spacing-sm, 1.5rem);padding-bottom:var(--global-kb-spacing-sm, 1.5rem);grid-template-columns:repeat(2, minmax(0, 1fr));}.kb-row-layout-id87_ba1ca4-a3 > .kt-row-layout-overlay{opacity:0.30;}@media all and (max-width: 1024px){.kb-row-layout-id87_ba1ca4-a3 > .kt-row-column-wrap{grid-template-columns:repeat(2, minmax(0, 1fr));}}@media all and (max-width: 767px){.kb-row-layout-id87_ba1ca4-a3 > .kt-row-column-wrap{grid-template-columns:minmax(0, 1fr);}}<\/style><div class=\"kb-row-layout-wrap kb-row-layout-id87_ba1ca4-a3 alignnone wp-block-kadence-rowlayout\"><div class=\"kt-row-column-wrap kt-has-2-columns kt-row-layout-equal kt-tab-layout-inherit kt-mobile-layout-row kt-row-valign-top\">\n<style>.kadence-column87_b44499-f6 > .kt-inside-inner-col,.kadence-column87_b44499-f6 > .kt-inside-inner-col:before{border-top-left-radius:0px;border-top-right-radius:0px;border-bottom-right-radius:0px;border-bottom-left-radius:0px;}.kadence-column87_b44499-f6 > .kt-inside-inner-col{column-gap:var(--global-kb-gap-sm, 1rem);}.kadence-column87_b44499-f6 > .kt-inside-inner-col{flex-direction:column;}.kadence-column87_b44499-f6 > .kt-inside-inner-col > .aligncenter{width:100%;}.kadence-column87_b44499-f6 > .kt-inside-inner-col:before{opacity:0.3;}.kadence-column87_b44499-f6{position:relative;}@media all and (max-width: 1024px){.kadence-column87_b44499-f6 > .kt-inside-inner-col{flex-direction:column;justify-content:center;}}@media all and (max-width: 767px){.kadence-column87_b44499-f6 > .kt-inside-inner-col{flex-direction:column;justify-content:center;}}<\/style>\n<div class=\"wp-block-kadence-column kadence-column87_b44499-f6 animated fadeInLeft\"><div class=\"kt-inside-inner-col\">\n<h2 class=\"wp-block-heading alignfull has-text-align-center has-theme-palette-4-color has-text-color has-link-color wp-elements-79a7125f743b2b56a2d30ff8fe7c3574\">El\u00e9rhet\u0151s\u00e9gek<\/h2>\n\n\n<style>.wp-block-kadence-advancedheading.kt-adv-heading87_506c70-e7, .wp-block-kadence-advancedheading.kt-adv-heading87_506c70-e7[data-kb-block=\"kb-adv-heading87_506c70-e7\"]{font-style:normal;}.wp-block-kadence-advancedheading.kt-adv-heading87_506c70-e7[data-kb-block=\"kb-adv-heading87_506c70-e7\"]{display:flex;gap:0.25em;align-items:center;}.wp-block-kadence-advancedheading.kt-adv-heading87_506c70-e7[data-kb-block=\"kb-adv-heading87_506c70-e7\"] .kb-adv-heading-icon svg{width:1em;height:1em;}.wp-block-kadence-advancedheading.kt-adv-heading87_506c70-e7[data-kb-block=\"kb-adv-heading87_506c70-e7\"] .kb-adv-heading-icon{font-size:40px;}.wp-block-kadence-advancedheading.kt-adv-heading87_506c70-e7 mark.kt-highlight, .wp-block-kadence-advancedheading.kt-adv-heading87_506c70-e7[data-kb-block=\"kb-adv-heading87_506c70-e7\"] mark.kt-highlight{font-style:normal;color:#f76a0c;-webkit-box-decoration-break:clone;box-decoration-break:clone;padding-top:0px;padding-right:0px;padding-bottom:0px;padding-left:0px;}.wp-block-kadence-advancedheading.kt-adv-heading87_506c70-e7 img.kb-inline-image, .wp-block-kadence-advancedheading.kt-adv-heading87_506c70-e7[data-kb-block=\"kb-adv-heading87_506c70-e7\"] img.kb-inline-image{width:150px;vertical-align:baseline;}<\/style><h5 class=\"kt-adv-heading87_506c70-e7 wp-block-kadence-advancedheading kt-adv-heading-has-icon has-theme-palette3-color has-text-color\" data-kb-block=\"kb-adv-heading87_506c70-e7\"><span class=\"kb-svg-icon-wrap kb-adv-heading-icon kb-svg-icon-fe_mapPin kb-adv-heading-icon-side-left\"><svg viewBox=\"0 0 24 24\"  fill=\"none\" stroke=\"currentColor\" stroke-width=\"2\" stroke-linecap=\"round\" stroke-linejoin=\"round\" xmlns=\"http:\/\/www.w3.org\/2000\/svg\"  aria-hidden=\"true\"><path d=\"M21 10c0 7-9 13-9 13s-9-6-9-13a9 9 0 0 1 18 0z\"\/><circle cx=\"12\" cy=\"10\" r=\"3\"\/><\/svg><\/span><span class=\"kb-adv-text-inner\"><a href=\"https:\/\/www.google.de\/maps\/place\/B%C3%A9k%C3%A9sszentandr%C3%A1s,+Hunyadi+u.+62,+5561\/@46.8775999,20.4723878,17z\/data=!3m1!4b1!4m6!3m5!1s0x4746aa1f3fd2ad75:0xb31de9c4478d7746!8m2!3d46.8775963!4d20.4749627!16s%2Fg%2F11rqtpgvz2?entry=ttu&amp;g_ep=EgoyMDI1MTAxOS4wIKXMDSoASAFQAw%3D%3D\" data-type=\"link\" data-id=\"https:\/\/www.google.de\/maps\/place\/B%C3%A9k%C3%A9sszentandr%C3%A1s,+Hunyadi+u.+62,+5561\/@46.8775999,20.4723878,17z\/data=!3m1!4b1!4m6!3m5!1s0x4746aa1f3fd2ad75:0xb31de9c4478d7746!8m2!3d46.8775963!4d20.4749627!16s%2Fg%2F11rqtpgvz2?entry=ttu&amp;g_ep=EgoyMDI1MTAxOS4wIKXMDSoASAFQAw%3D%3D\">5561 B\u00e9k\u00e9sszentandr\u00e1s, Hunyadi utca 62.<\/a><\/span><\/h5>\n\n<style>.wp-block-kadence-advancedheading.kt-adv-heading87_0c4498-e3, .wp-block-kadence-advancedheading.kt-adv-heading87_0c4498-e3[data-kb-block=\"kb-adv-heading87_0c4498-e3\"]{font-style:normal;}.wp-block-kadence-advancedheading.kt-adv-heading87_0c4498-e3[data-kb-block=\"kb-adv-heading87_0c4498-e3\"]{display:flex;gap:0.25em;align-items:center;}.wp-block-kadence-advancedheading.kt-adv-heading87_0c4498-e3[data-kb-block=\"kb-adv-heading87_0c4498-e3\"] .kb-adv-heading-icon svg{width:1em;height:1em;}.wp-block-kadence-advancedheading.kt-adv-heading87_0c4498-e3[data-kb-block=\"kb-adv-heading87_0c4498-e3\"] .kb-adv-heading-icon{font-size:40px;}.wp-block-kadence-advancedheading.kt-adv-heading87_0c4498-e3 mark.kt-highlight, .wp-block-kadence-advancedheading.kt-adv-heading87_0c4498-e3[data-kb-block=\"kb-adv-heading87_0c4498-e3\"] mark.kt-highlight{font-style:normal;color:#f76a0c;-webkit-box-decoration-break:clone;box-decoration-break:clone;padding-top:0px;padding-right:0px;padding-bottom:0px;padding-left:0px;}.wp-block-kadence-advancedheading.kt-adv-heading87_0c4498-e3 img.kb-inline-image, .wp-block-kadence-advancedheading.kt-adv-heading87_0c4498-e3[data-kb-block=\"kb-adv-heading87_0c4498-e3\"] img.kb-inline-image{width:150px;vertical-align:baseline;}<\/style><h5 class=\"kt-adv-heading87_0c4498-e3 wp-block-kadence-advancedheading kt-adv-heading-has-icon has-theme-palette3-color has-text-color\" data-kb-block=\"kb-adv-heading87_0c4498-e3\"><span class=\"kb-svg-icon-wrap kb-adv-heading-icon kb-svg-icon-fe_mail kb-adv-heading-icon-side-left\"><svg viewBox=\"0 0 24 24\"  fill=\"none\" stroke=\"currentColor\" stroke-width=\"2\" stroke-linecap=\"round\" stroke-linejoin=\"round\" xmlns=\"http:\/\/www.w3.org\/2000\/svg\"  aria-hidden=\"true\"><path d=\"M4 4h16c1.1 0 2 .9 2 2v12c0 1.1-.9 2-2 2H4c-1.1 0-2-.9-2-2V6c0-1.1.9-2 2-2z\"\/><polyline points=\"22,6 12,13 2,6\"\/><\/svg><\/span><span class=\"kb-adv-text-inner\"><a href=\"mailto:info@kromiker.hu\">info@kromiker.hu<\/a><\/span><\/h5>\n\n<style>.wp-block-kadence-advancedheading.kt-adv-heading87_9703f6-b6, .wp-block-kadence-advancedheading.kt-adv-heading87_9703f6-b6[data-kb-block=\"kb-adv-heading87_9703f6-b6\"]{font-style:normal;}.wp-block-kadence-advancedheading.kt-adv-heading87_9703f6-b6[data-kb-block=\"kb-adv-heading87_9703f6-b6\"]{display:flex;gap:0.25em;align-items:center;}.wp-block-kadence-advancedheading.kt-adv-heading87_9703f6-b6[data-kb-block=\"kb-adv-heading87_9703f6-b6\"] .kb-adv-heading-icon svg{width:1em;height:1em;}.wp-block-kadence-advancedheading.kt-adv-heading87_9703f6-b6[data-kb-block=\"kb-adv-heading87_9703f6-b6\"] .kb-adv-heading-icon{font-size:40px;}.wp-block-kadence-advancedheading.kt-adv-heading87_9703f6-b6 mark.kt-highlight, .wp-block-kadence-advancedheading.kt-adv-heading87_9703f6-b6[data-kb-block=\"kb-adv-heading87_9703f6-b6\"] mark.kt-highlight{font-style:normal;color:#f76a0c;-webkit-box-decoration-break:clone;box-decoration-break:clone;padding-top:0px;padding-right:0px;padding-bottom:0px;padding-left:0px;}.wp-block-kadence-advancedheading.kt-adv-heading87_9703f6-b6 img.kb-inline-image, .wp-block-kadence-advancedheading.kt-adv-heading87_9703f6-b6[data-kb-block=\"kb-adv-heading87_9703f6-b6\"] img.kb-inline-image{width:150px;vertical-align:baseline;}<\/style><h5 class=\"kt-adv-heading87_9703f6-b6 wp-block-kadence-advancedheading kt-adv-heading-has-icon has-theme-palette3-color has-text-color\" data-kb-block=\"kb-adv-heading87_9703f6-b6\"><span class=\"kb-svg-icon-wrap kb-adv-heading-icon kb-svg-icon-fe_phone kb-adv-heading-icon-side-left\"><svg viewBox=\"0 0 24 24\"  fill=\"none\" stroke=\"currentColor\" stroke-width=\"2\" stroke-linecap=\"round\" stroke-linejoin=\"round\" xmlns=\"http:\/\/www.w3.org\/2000\/svg\"  aria-hidden=\"true\"><path d=\"M22 16.92v3a2 2 0 0 1-2.18 2 19.79 19.79 0 0 1-8.63-3.07 19.5 19.5 0 0 1-6-6 19.79 19.79 0 0 1-3.07-8.67A2 2 0 0 1 4.11 2h3a2 2 0 0 1 2 1.72 12.84 12.84 0 0 0 .7 2.81 2 2 0 0 1-.45 2.11L8.09 9.91a16 16 0 0 0 6 6l1.27-1.27a2 2 0 0 1 2.11-.45 12.84 12.84 0 0 0 2.81.7A2 2 0 0 1 22 16.92z\"\/><\/svg><\/span><span class=\"kb-adv-text-inner\"><a href=\"tel:36203524288\" data-type=\"tel\" data-id=\"tel:36203524288\">Kereskedelmi \u00e9s m\u0171szaki \u00fcgyint\u00e9z\u0151: +36203524288<\/a><\/span><\/h5>\n\n<style>.wp-block-kadence-advancedheading.kt-adv-heading87_843d84-75, .wp-block-kadence-advancedheading.kt-adv-heading87_843d84-75[data-kb-block=\"kb-adv-heading87_843d84-75\"]{font-style:normal;}.wp-block-kadence-advancedheading.kt-adv-heading87_843d84-75[data-kb-block=\"kb-adv-heading87_843d84-75\"]{display:flex;gap:0.25em;align-items:center;}.wp-block-kadence-advancedheading.kt-adv-heading87_843d84-75[data-kb-block=\"kb-adv-heading87_843d84-75\"] .kb-adv-heading-icon svg{width:1em;height:1em;}.wp-block-kadence-advancedheading.kt-adv-heading87_843d84-75[data-kb-block=\"kb-adv-heading87_843d84-75\"] .kb-adv-heading-icon{font-size:40px;}.wp-block-kadence-advancedheading.kt-adv-heading87_843d84-75 mark.kt-highlight, .wp-block-kadence-advancedheading.kt-adv-heading87_843d84-75[data-kb-block=\"kb-adv-heading87_843d84-75\"] mark.kt-highlight{font-style:normal;color:#f76a0c;-webkit-box-decoration-break:clone;box-decoration-break:clone;padding-top:0px;padding-right:0px;padding-bottom:0px;padding-left:0px;}.wp-block-kadence-advancedheading.kt-adv-heading87_843d84-75 img.kb-inline-image, .wp-block-kadence-advancedheading.kt-adv-heading87_843d84-75[data-kb-block=\"kb-adv-heading87_843d84-75\"] img.kb-inline-image{width:150px;vertical-align:baseline;}<\/style><h5 class=\"kt-adv-heading87_843d84-75 wp-block-kadence-advancedheading kt-adv-heading-has-icon has-theme-palette3-color has-text-color\" data-kb-block=\"kb-adv-heading87_843d84-75\"><span class=\"kb-svg-icon-wrap kb-adv-heading-icon kb-svg-icon-fe_phone kb-adv-heading-icon-side-left\"><svg viewBox=\"0 0 24 24\"  fill=\"none\" stroke=\"currentColor\" stroke-width=\"2\" stroke-linecap=\"round\" stroke-linejoin=\"round\" xmlns=\"http:\/\/www.w3.org\/2000\/svg\"  aria-hidden=\"true\"><path d=\"M22 16.92v3a2 2 0 0 1-2.18 2 19.79 19.79 0 0 1-8.63-3.07 19.5 19.5 0 0 1-6-6 19.79 19.79 0 0 1-3.07-8.67A2 2 0 0 1 4.11 2h3a2 2 0 0 1 2 1.72 12.84 12.84 0 0 0 .7 2.81 2 2 0 0 1-.45 2.11L8.09 9.91a16 16 0 0 0 6 6l1.27-1.27a2 2 0 0 1 2.11-.45 12.84 12.84 0 0 0 2.81.7A2 2 0 0 1 22 16.92z\"\/><\/svg><\/span><span class=\"kb-adv-text-inner\"><a href=\"tel:36204293221\" data-type=\"tel\" data-id=\"tel:36204293221\">\u00dcgyvezet\u0151: +36204293221<\/a><\/span><\/h5><\/div><\/div>\n\n\n<style>.kadence-column87_ad2b78-e3 > .kt-inside-inner-col,.kadence-column87_ad2b78-e3 > .kt-inside-inner-col:before{border-top-left-radius:0px;border-top-right-radius:0px;border-bottom-right-radius:0px;border-bottom-left-radius:0px;}.kadence-column87_ad2b78-e3 > .kt-inside-inner-col{column-gap:var(--global-kb-gap-sm, 1rem);}.kadence-column87_ad2b78-e3 > .kt-inside-inner-col{flex-direction:column;}.kadence-column87_ad2b78-e3 > .kt-inside-inner-col > .aligncenter{width:100%;}.kadence-column87_ad2b78-e3 > .kt-inside-inner-col:before{opacity:0.3;}.kadence-column87_ad2b78-e3{position:relative;}@media all and (max-width: 1024px){.kadence-column87_ad2b78-e3 > .kt-inside-inner-col{flex-direction:column;justify-content:center;}}@media all and (max-width: 767px){.kadence-column87_ad2b78-e3 > .kt-inside-inner-col{flex-direction:column;justify-content:center;}}<\/style>\n<div class=\"wp-block-kadence-column kadence-column87_ad2b78-e3\"><div class=\"kt-inside-inner-col\"><style>.kb-google-maps-container87_0ec5ae-79{height:450px;}<\/style><div class=\"kb-google-maps-container kb-google-maps-container87_0ec5ae-79  animated fadeInRight wp-block-kadence-googlemaps\" data-mapid=\"87_0ec5ae79\"><iframe width=\"100%\" height=\"100%\"\n\t\t\t\t\t\t\tstyle=\"border:0\" loading=\"lazy\"\n\t\t\t\t\t\t\tsrc=\"https:\/\/www.google.com\/maps\/embed\/v1\/place?key=AIzaSyBAM2o7PiQqwk15LC1XRH2e_KJ-jUa7KYk&#038;zoom=17&#038;maptype=roadmap&#038;q=5561+B%C3%A9k%C3%A9sszentandr%C3%A1s%2C+Hunyadi+utca+62.\"\n\t\t\t\t\t\t\ttitle=\"Google map of 5561 B\u00e9k\u00e9sszentandr\u00e1s, Hunyadi utca 62.\"><\/iframe><\/div><script>function kb_google_map87_0ec5ae79() { let center = { lat: 37.8201, lng: -122.4781}; let map = new google.maps.Map(document.getElementById(\"kb-google-map87_0ec5ae79\"), {\n\t\t\t\t\t    zoom: 17,\n\t\t\t\t\t    center: center,});let marker = new google.maps.Marker({   position: { lat: 37.8201, lng: -122.4781},    map: map,  });}<\/script><\/div><\/div>\n\n<\/div><\/div>","protected":false},"excerpt":{"rendered":"<p>El\u00e9rhet\u0151s\u00e9gek 5561 B\u00e9k\u00e9sszentandr\u00e1s, Hunyadi utca 62. info@kromiker.hu Kereskedelmi \u00e9s m\u0171szaki \u00fcgyint\u00e9z\u0151: +36203524288 \u00dcgyvezet\u0151: +36204293221<\/p>","protected":false},"author":237508082,"featured_media":0,"parent":0,"menu_order":0,"comment_status":"closed","ping_status":"closed","template":"","meta":{"_acf_changed":false,"_kad_post_transparent":"","_kad_post_title":"","_kad_post_layout":"","_kad_post_sidebar_id":"","_kad_post_content_style":"","_kad_post_vertical_padding":"","_kad_post_feature":"","_kad_post_feature_position":"","_kad_post_header":false,"_kad_post_footer":false,"_kad_post_classname":"","footnotes":""},"class_list":["post-87","page","type-page","status-publish","hentry"],"acf":[],"_links":{"self":[{"href":"https:\/\/kromiker.hu\/en\/wp-json\/wp\/v2\/pages\/87","targetHints":{"allow":["GET"]}}],"collection":[{"href":"https:\/\/kromiker.hu\/en\/wp-json\/wp\/v2\/pages"}],"about":[{"href":"https:\/\/kromiker.hu\/en\/wp-json\/wp\/v2\/types\/page"}],"author":[{"embeddable":true,"href":"https:\/\/kromiker.hu\/en\/wp-json\/wp\/v2\/users\/237508082"}],"replies":[{"embeddable":true,"href":"https:\/\/kromiker.hu\/en\/wp-json\/wp\/v2\/comments?post=87"}],"version-history":[{"count":0,"href":"https:\/\/kromiker.hu\/en\/wp-json\/wp\/v2\/pages\/87\/revisions"}],"wp:attachment":[{"href":"https:\/\/kromiker.hu\/en\/wp-json\/wp\/v2\/media?parent=87"}],"curies":[{"name":"wp","href":"https:\/\/api.w.org\/{rel}","templated":true}]}}