{"id":2849,"date":"2025-10-15T16:24:19","date_gmt":"2025-10-15T14:24:19","guid":{"rendered":"https:\/\/halnoel1234-kmnuz.wpcomstaging.com\/?post_type=product&#038;p=2849"},"modified":"2026-03-30T21:03:15","modified_gmt":"2026-03-30T19:03:15","slug":"siebeck-frs-mini-tyer-kotozogep","status":"publish","type":"product","link":"https:\/\/kromiker.hu\/en\/product\/siebeck-frs-mini-tyer-kotozogep\/","title":{"rendered":"Siebeck FRS Mini Tyer tying machine"},"content":{"rendered":"<p>The <strong>Siebeck FRS Mini Tyer<\/strong> egy kompakt asztali \u00e9lelmiszeripari <strong>k\u00f6t\u00f6z\u0151 (Tyer \/ tying) g\u00e9p<\/strong>, amelyet els\u0151sorban h\u00fas\u00e1ru-k\u00f6t\u00f6z\u00e9sre terveztek <strong>kisebb-k\u00f6zepes hentes\u00fczletek, szupermarketek, valamint vend\u00e9gl\u00e1t\u00f3ipari egys\u00e9gek sz\u00e1m\u00e1ra<\/strong>. A g\u00e9p k\u00e9pes egys\u00e9ges \u00e9s gyors k\u00f6t\u00f6z\u00e9st biztos\u00edtani h\u00fas- \u00e9s baromfiterm\u00e9keken, ak\u00e1r kereszt- vagy t\u00f6bb-szoros k\u00f6t\u00f6z\u00e9ssel is, mik\u00f6zben minimaliz\u00e1lja a k\u00e9zi munkaig\u00e9nyt \u00e9s biztos\u00edtja az eredm\u00e9nyess\u00e9get. Teljesen rozsdamentes kivitel\u0171, k\u00f6nnyen tiszt\u00edthat\u00f3 \u00e9s karbantarthat\u00f3.<\/p>\n<p><strong>\u00a0<\/strong><strong>Alkalmaz\u00e1si ter\u00fcletek<\/strong><\/p>\n<ul>\n<li>Hentes\u00fczletek sz\u00e1m\u00e1ra k\u00f6t\u00f6z\u00e9shez \u00e9s t\u00e1lal\u00e1si el\u0151k\u00e9sz\u00edt\u00e9shez.<\/li>\n<li><strong>Szupermarketek h\u00fasos pultjai<\/strong> \u2013 gyors \u00e9s egys\u00e9ges k\u00f6t\u00f6z\u00e9s vev\u0151bar\u00e1t megjelen\u00e9shez.<\/li>\n<li><strong>Vend\u00e9gl\u00e1t\u00f3ipari konyh\u00e1k, kisebb \u00fczemek<\/strong> \u2013 ahol kisebb mennyis\u00e9gben is fontos a professzion\u00e1lis k\u00f6t\u00f6z\u00e9si min\u0151s\u00e9g.<\/li>\n<\/ul>","protected":false},"excerpt":{"rendered":"<p><strong>Main features:<\/strong><\/p>\n<ul>\n<li><strong>PLC vez\u00e9rl\u00e9s<\/strong> a prec\u00edz, megb\u00edzhat\u00f3 m\u0171k\u00f6d\u00e9s\u00e9rt.<\/li>\n<li><strong>Elektronikus motorvez\u00e9rl\u00e9s<\/strong>, amely sima \u00e9s egyenletes k\u00f6t\u00f6z\u00e9st biztos\u00edt.<\/li>\n<li><strong>V\u00e1laszt\u00e1si lehet\u0151s\u00e9g<\/strong> 1-, 2-, 3-soros \u00e9s <strong>kereszt-k\u00f6t\u00f6z\u00e9sre<\/strong>.<\/li>\n<li><strong>Rozsdamentes ac\u00e9l konstrukci\u00f3<\/strong>, amely k\u00f6nnyen tiszt\u00edthat\u00f3 \u00e9s higi\u00e9nikus.<\/li>\n<li><strong>Alacsony zajszint<\/strong>, ergonomikus m\u0171k\u00f6d\u00e9s.<\/li>\n<\/ul>\n<p><strong>The basic model has the following features:<\/strong><\/p>\n<ul>\n<li><strong>Asztali kivitel\u0171 k\u00f6t\u00f6z\u0151 \/ Tyer egys\u00e9g<\/strong> hentes\u00fczletekhez \u00e9s kiskereskedelemhez.<\/li>\n<li><strong>PLC vez\u00e9rl\u0151 \u00e9s elektronikus motorvez\u00e9rl\u00e9s<\/strong> a prec\u00edz munk\u00e1hoz.<\/li>\n<li><strong>V\u00e1laszt\u00f3kapcsol\u00f3<\/strong> 1-, 2- vagy 3-szoros, tov\u00e1bb\u00e1 kereszt-k\u00f6t\u00f6z\u00e9shez.<\/li>\n<li><strong>K\u00f6t\u00f6z\u0151 zsin\u00f3r \/ spulni tart\u00f3val<\/strong> kompatibilis t\u00f6bbf\u00e9le k\u00f6t\u00e9lsz\u00e1llal (pl. poli-pamut, elasztikus k\u00f6t\u00f6z\u0151zsin\u00f3r).<\/li>\n<li><strong>Rozsdamentes ac\u00e9l v\u00e1z \u00e9s burkolat<\/strong> az \u00e9lelmiszeripari higi\u00e9niai k\u00f6vetelm\u00e9nyekhez.<\/li>\n<\/ul>\n<p><strong>Accessories and optional accessories:<\/strong><\/p>\n<ul>\n<li><strong>Tov\u00e1bbi k\u00f6t\u00f6z\u0151 zsin\u00f3rok \u00e9s spulnik<\/strong>, k\u00fcl\u00f6nb\u00f6z\u0151 anyagokban (poli-pamut, elasztikus).<\/li>\n<li><strong>Kieg\u00e9sz\u00edt\u0151 rost\u00e9lyok \/ asztallapok<\/strong> a be- \u00e9s kiadagol\u00e1s t\u00e1mogat\u00e1s\u00e1hoz (kereskedelmi kieg\u00e9sz\u00edt\u0151k).<\/li>\n<li><strong>Integr\u00e1lt zsin\u00f3rgy\u0171jt\u0151 \/ marad\u00e9kfog\u00f3<\/strong> a tiszt\u00e1bb munka \u00e9rdek\u00e9ben<\/li>\n<li><strong>Karbantart\u00e1si \u00e9s tiszt\u00edt\u00e1si seg\u00e9d-felszerel\u00e9sek<\/strong>, mint pl. olajoz\u00f3 k\u00e9szletek \u00e9s tiszt\u00edt\u00f3-kef\u00e9k \u2013 a hosszabb \u00e9lettartam \u00e9rdek\u00e9ben.<\/li>\n<\/ul>","protected":false},"featured_media":4962,"template":"","meta":{"_acf_changed":false,"_kad_post_transparent":"default","_kad_post_title":"","_kad_post_layout":"default","_kad_post_sidebar_id":"","_kad_post_content_style":"default","_kad_post_vertical_padding":"default","_kad_post_feature":"","_kad_post_feature_position":"","_kad_post_header":false,"_kad_post_footer":false,"_kad_post_classname":""},"pwb-brand":[],"product_brand":[1692],"product_cat":[1755,1739],"product_tag":[1881],"class_list":{"0":"post-2849","1":"product","2":"type-product","3":"status-publish","4":"has-post-thumbnail","6":"product_brand-siebeck","7":"product_cat-kotozo-fuzogepek","8":"product_cat-tovabbfeldolgozas","9":"product_tag-siebeck","11":"first","12":"instock","13":"shipping-taxable","14":"product-type-simple","15":"entry","16":"content-bg","17":"loop-entry"},"acf":[],"brands":[],"_links":{"self":[{"href":"https:\/\/kromiker.hu\/en\/wp-json\/wp\/v2\/product\/2849","targetHints":{"allow":["GET"]}}],"collection":[{"href":"https:\/\/kromiker.hu\/en\/wp-json\/wp\/v2\/product"}],"about":[{"href":"https:\/\/kromiker.hu\/en\/wp-json\/wp\/v2\/types\/product"}],"wp:featuredmedia":[{"embeddable":true,"href":"https:\/\/kromiker.hu\/en\/wp-json\/wp\/v2\/media\/4962"}],"wp:attachment":[{"href":"https:\/\/kromiker.hu\/en\/wp-json\/wp\/v2\/media?parent=2849"}],"wp:term":[{"taxonomy":"pwb-brand","embeddable":true,"href":"https:\/\/kromiker.hu\/en\/wp-json\/wp\/v2\/pwb-brand?post=2849"},{"taxonomy":"product_brand","embeddable":true,"href":"https:\/\/kromiker.hu\/en\/wp-json\/wp\/v2\/product_brand?post=2849"},{"taxonomy":"product_cat","embeddable":true,"href":"https:\/\/kromiker.hu\/en\/wp-json\/wp\/v2\/product_cat?post=2849"},{"taxonomy":"product_tag","embeddable":true,"href":"https:\/\/kromiker.hu\/en\/wp-json\/wp\/v2\/product_tag?post=2849"}],"curies":[{"name":"wp","href":"https:\/\/api.w.org\/{rel}","templated":true}]}}