{"id":2857,"date":"2025-10-15T16:24:19","date_gmt":"2025-10-15T14:24:19","guid":{"rendered":"https:\/\/halnoel1234-kmnuz.wpcomstaging.com\/?post_type=product&#038;p=2857"},"modified":"2026-03-30T21:02:29","modified_gmt":"2026-03-30T19:02:29","slug":"scharfen-tc11-asztali-kutter","status":"publish","type":"product","link":"https:\/\/kromiker.hu\/en\/product\/scharfen-tc11-asztali-kutter\/","title":{"rendered":"Scharfen TC11 table slicer"},"content":{"rendered":"<p><strong>Main features:<\/strong><\/p>\n<ul>\n<li data-start=\"881\" data-end=\"1202\">Kompakt, asztali kivitel kis helyig\u00e9nnyel<\/li>\n<li data-start=\"1204\" data-end=\"1251\">Nagy v\u00e1g\u00e1si sebess\u00e9g az egyenletes apr\u00edt\u00e1shoz<\/li>\n<li data-start=\"1204\" data-end=\"1251\">1 vagy 2 sebess\u00e9ges kivitel (3 f\u00e1zis eset\u00e9n)<\/li>\n<li data-start=\"1204\" data-end=\"1251\">Rozsdamentes ac\u00e9l kivitel, magas higi\u00e9niai szint<\/li>\n<li data-start=\"1204\" data-end=\"1251\">Szabadon forg\u00f3 t\u00e1ny\u00e9r k\u00f6nnyen ki\u00fcr\u00edthet\u0151 \u00e9s tiszt\u00edthat\u00f3<\/li>\n<\/ul>\n<p data-start=\"1204\" data-end=\"1251\"><strong data-start=\"1204\" data-end=\"1249\">The basic model has the following features:<\/strong><\/p>\n<ul>\n<li data-start=\"1253\" data-end=\"1469\">11 literes rozsdamentes kuttert\u00e1ny\u00e9r<\/li>\n<li data-start=\"1471\" data-end=\"1514\">2 k\u00e9ses v\u00e1g\u00f3fej<\/li>\n<li data-start=\"1471\" data-end=\"1514\">K\u00e9stengely \u00e9s t\u00e1l k\u00fcl\u00f6n hajt\u00e1ssal<\/li>\n<li data-start=\"1471\" data-end=\"1514\">Mechanikus biztons\u00e1gi reteszel\u00e9s<\/li>\n<li data-start=\"1471\" data-end=\"1514\">Basic electrical control<\/li>\n<li data-start=\"1471\" data-end=\"1514\">Stainless steel structure<\/li>\n<\/ul>\n<p data-start=\"1471\" data-end=\"1514\"><strong data-start=\"1471\" data-end=\"1512\">Accessories and optional accessories:<\/strong><\/p>\n<ul>\n<li data-start=\"1516\" data-end=\"1664\">3 k\u00e9ses v\u00e1g\u00f3fej<\/li>\n<li data-start=\"1666\" data-end=\"1687\">2 sebess\u00e9ges kivitel<\/li>\n<li data-start=\"1666\" data-end=\"1687\">H\u0151m\u00e9r\u0151 vagy kieg\u00e9sz\u00edt\u0151 m\u00e9r\u0151rendszer<\/li>\n<\/ul>","protected":false},"excerpt":{"rendered":"<p>The <strong data-start=\"34\" data-end=\"66\">Scharfen TC11 table slicer<\/strong> egy kompakt, professzion\u00e1lis finomapr\u00edt\u00f3 berendez\u00e9s, amelyet kifejezetten hentes\u00fczemi, vend\u00e9gl\u00e1t\u00f3ipari \u00e9s kisebb \u00e9lelmiszeripari felhaszn\u00e1l\u00e1sra terveztek. A g\u00e9p lehet\u0151v\u00e9 teszi k\u00fcl\u00f6nb\u00f6z\u0151 alapanyagok \u2013 h\u00fasok, z\u00f6lds\u00e9gek, kr\u00e9mek \u2013 gyors apr\u00edt\u00e1s\u00e1t \u00e9s kever\u00e9s\u00e9t, mik\u00f6zben egyenletes \u00e9s homog\u00e9n v\u00e9geredm\u00e9nyt biztos\u00edt. Stabil teljes\u00edtm\u00e9nyt \u00e9s megb\u00edzhat\u00f3 m\u0171k\u00f6d\u00e9st garant\u00e1l intenz\u00edv haszn\u00e1lat mellett is.<\/p>\n<p data-start=\"553\" data-end=\"581\"><strong data-start=\"553\" data-end=\"579\">Applications:<\/strong><\/p>\n<ul>\n<li data-start=\"583\" data-end=\"858\">Hentes\u00fczemekben kisebb mennyis\u00e9g\u0171 h\u00fasp\u00e9pek \u00e9s t\u00f6ltel\u00e9kek el\u0151\u00e1ll\u00edt\u00e1sa<\/li>\n<li data-start=\"860\" data-end=\"879\">Vend\u00e9gl\u00e1t\u00e1sban (konyh\u00e1k, \u00e9ttermek) kr\u00e9mek, p\u00e1st\u00e9tomok \u00e9s egy\u00e9b k\u00e9sz\u00edtm\u00e9nyek gy\u00e1rt\u00e1sa<\/li>\n<li data-start=\"860\" data-end=\"879\">K\u00e9zm\u0171ves h\u00fasfeldolgoz\u00e1s \u00e9s kis\u00fczemi gy\u00e1rt\u00e1s<\/li>\n<li data-start=\"860\" data-end=\"879\">Z\u00f6lds\u00e9g- \u00e9s egy\u00e9b \u00e9lelmiszer-alapanyagok apr\u00edt\u00e1sa \u00e9s kever\u00e9se<\/li>\n<\/ul>","protected":false},"featured_media":5408,"template":"","meta":{"_acf_changed":false,"_kad_post_transparent":"default","_kad_post_title":"","_kad_post_layout":"default","_kad_post_sidebar_id":"","_kad_post_content_style":"default","_kad_post_vertical_padding":"default","_kad_post_feature":"","_kad_post_feature_position":"","_kad_post_header":false,"_kad_post_footer":false,"_kad_post_classname":""},"pwb-brand":[],"product_brand":[1694],"product_cat":[1749,1739],"product_tag":[1879],"class_list":{"0":"post-2857","1":"product","2":"type-product","3":"status-publish","4":"has-post-thumbnail","6":"product_brand-scharfen","7":"product_cat-kutterek-mikrokutterek-finomapritok","8":"product_cat-tovabbfeldolgozas","9":"product_tag-scharfen","11":"first","12":"instock","13":"shipping-taxable","14":"product-type-simple","15":"entry","16":"content-bg","17":"loop-entry"},"acf":[],"brands":[],"_links":{"self":[{"href":"https:\/\/kromiker.hu\/en\/wp-json\/wp\/v2\/product\/2857","targetHints":{"allow":["GET"]}}],"collection":[{"href":"https:\/\/kromiker.hu\/en\/wp-json\/wp\/v2\/product"}],"about":[{"href":"https:\/\/kromiker.hu\/en\/wp-json\/wp\/v2\/types\/product"}],"wp:featuredmedia":[{"embeddable":true,"href":"https:\/\/kromiker.hu\/en\/wp-json\/wp\/v2\/media\/5408"}],"wp:attachment":[{"href":"https:\/\/kromiker.hu\/en\/wp-json\/wp\/v2\/media?parent=2857"}],"wp:term":[{"taxonomy":"pwb-brand","embeddable":true,"href":"https:\/\/kromiker.hu\/en\/wp-json\/wp\/v2\/pwb-brand?post=2857"},{"taxonomy":"product_brand","embeddable":true,"href":"https:\/\/kromiker.hu\/en\/wp-json\/wp\/v2\/product_brand?post=2857"},{"taxonomy":"product_cat","embeddable":true,"href":"https:\/\/kromiker.hu\/en\/wp-json\/wp\/v2\/product_cat?post=2857"},{"taxonomy":"product_tag","embeddable":true,"href":"https:\/\/kromiker.hu\/en\/wp-json\/wp\/v2\/product_tag?post=2857"}],"curies":[{"name":"wp","href":"https:\/\/api.w.org\/{rel}","templated":true}]}}