{"id":2858,"date":"2025-10-15T16:24:19","date_gmt":"2025-10-15T14:24:19","guid":{"rendered":"https:\/\/halnoel1234-kmnuz.wpcomstaging.com\/?post_type=product&#038;p=2858"},"modified":"2026-03-30T18:20:04","modified_gmt":"2026-03-30T16:20:04","slug":"baader600-lagyszeparator","status":"publish","type":"product","link":"https:\/\/kromiker.hu\/en\/product\/baader600-lagyszeparator\/","title":{"rendered":"Baader 600 soft separator"},"content":{"rendered":"<div style=\"width: 1280px;\" class=\"wp-video\"><video class=\"wp-video-shortcode\" id=\"video-2858-1\" width=\"1280\" height=\"720\" preload=\"metadata\" controls=\"controls\"><source type=\"video\/mp4\" src=\"https:\/\/kromiker.hu\/wp-content\/uploads\/2025\/10\/Baader-technologia-mukodesi-elve-1.mp4?_=1\" \/><a href=\"https:\/\/kromiker.hu\/wp-content\/uploads\/2025\/10\/Baader-technologia-mukodesi-elve-1.mp4\">https:\/\/kromiker.hu\/wp-content\/uploads\/2025\/10\/Baader-technologia-mukodesi-elve-1.mp4<\/a><\/video><\/div>\n<p><strong>Main features:<\/strong><\/p>\n<ul>\n<li><strong>Design: <\/strong>Robusztus, kompakt, ipari folyamatos \u00fczemre tervezett g\u00e9p, teljes eg\u00e9sz\u00e9ben rozsdamentes ac\u00e9lb\u00f3l. Letisztult, sima fel\u00fcletek, \u00edvelt \u00e1tmenetek a szennyez\u0151d\u00e9s minimaliz\u00e1l\u00e1s\u00e1ra, ergonomikus hozz\u00e1f\u00e9r\u00e9ssel a kezel\u0151- \u00e9s ellen\u0151rz\u0151 pontokhoz. Stabil alapkonstrukci\u00f3, opcion\u00e1lisan g\u00f6rg\u0151kkel a k\u00f6nny\u0171 mozgat\u00e1shoz.<\/li>\n<li><strong>Hygiene and safety <\/strong>Megfelel CE \u00e9s \u00e9lelmiszeripari higi\u00e9niai el\u0151\u00edr\u00e1soknak. Z\u00e1rt, v\u00e9dett mozg\u00f3 alkatr\u00e9szek, \u00e9les peremekt\u0151l \u00e9s nehezen tiszt\u00edthat\u00f3 holtterekt\u0151l mentes kialak\u00edt\u00e1s. Biztons\u00e1gos, j\u00f3l elk\u00fcl\u00f6n\u00edtett term\u00e9k- \u00e9s mell\u00e9kterm\u00e9k-kimenetek.<\/li>\n<li><strong>Tiszt\u00edt\u00e1s \u00e9s karbantart\u00e1s: <\/strong>Gyors, egyszer\u0171 tiszt\u00edthat\u00f3s\u00e1g napi takar\u00edt\u00e1sra optimaliz\u00e1lva. Nyitott, j\u00f3l hozz\u00e1f\u00e9rhet\u0151 szerkezet, alkalmas k\u00e9zi \u00e9s nagynyom\u00e1s\u00fa mos\u00e1sra. R\u00f6vid tiszt\u00edt\u00e1si \u00e9s karbantart\u00e1si id\u0151k, minim\u00e1lis \u00e1ll\u00e1sid\u0151.<\/li>\n<\/ul>\n<p><strong>The basic model has the following features:<\/strong><\/p>\n<ul>\n<li>Nyom\u00f3 szalag<\/li>\n<li>Perfor\u00e1lt lyukdob<\/li>\n<li>Leh\u00faz\u00f3k\u00e9s<\/li>\n<li>Leh\u00faz\u00f3k\u00e9s tart\u00f3<\/li>\n<li>Szersz\u00e1mk\u00e9szlet<\/li>\n<li>Fels\u0151 adagol\u00f3 t\u00e1lca<\/li>\n<\/ul>\n<p><strong>\u00a0Accessories and optional accessories:<\/strong><\/p>\n<ul>\n<li>T\u00f6lcs\u00e9r<\/li>\n<li>H\u00fas\u00e9rz\u00e9kel\u0151 szenzor<\/li>\n<li>K\u00fcl\u00f6nb\u00f6z\u0151 furatm\u00e9ret\u0171 perfor\u00e1lt lyukdobok (1,3; 2; 3; 4; 5 mm)<\/li>\n<li>Cs\u0151csatlakoz\u00e1s dar\u00e1l\u00f3khoz, m\u00e1s egy\u00e9b g\u00e9pekhez<\/li>\n<\/ul>","protected":false},"excerpt":{"rendered":"<p>A BAADER egyed\u00fcl\u00e1ll\u00f3 \u00e9s vil\u00e1gszerte bev\u00e1lt m\u00f3dszert fejlesztett ki a l\u00e1gy \u00e9s szil\u00e1rd r\u00e9szek sz\u00e9tv\u00e1laszt\u00e1s\u00e1ra. H\u00fas, baromfi, z\u00f6lds\u00e9g stb. az alkalmaz\u00e1sa sokr\u00e9t\u0171 \u00e9s sokf\u00e9le. A h\u00fas-, \u00e9s baromfifeldolgoz\u00f3 iparban a <strong>\u201eBaader h\u00fas\u201d<\/strong> egy min\u0151s\u00e9get jel\u00f6l, mely hasonl\u00f3 a dar\u00e1lt h\u00fashoz. Ez a m\u00f3dszer minimaliz\u00e1lja a mechanikai stresszt a term\u00e9ken, <strong data-start=\"1261\" data-end=\"1302\">magas min\u0151s\u00e9g\u0171 v\u00e9gterm\u00e9ket eredm\u00e9nyez<\/strong>, alacsony kalcium- \u00e9s n\u00f6v\u00e9nyi rosttartalommal, ami k\u00fcl\u00f6n\u00f6sen fontos az \u00e9lelmiszeripari feldolgoz\u00e1sban.<\/p>\n<p><strong>M\u0171k\u00f6d\u00e9si elve:<\/strong> A nyersanyag egy nyom\u00f3szalag rendszer seg\u00edts\u00e9g\u00e9vel egy perfor\u00e1lt dobhoz ker\u00fcl, ahol a l\u00e1gy, \u00e9rt\u00e9kes komponensek k\u00edm\u00e9letes nyom\u00e1s hat\u00e1s\u00e1ra \u00e1thaladnak a dob furatain, m\u00edg a kem\u00e9nyebb r\u00e9szek \u2013 mint a csont, porc, \u00ednak, h\u00e9jak, vagy kem\u00e9ny r\u00e9szek \u2013 elk\u00fcl\u00f6n\u00edtve t\u00e1voznak. Ez az elj\u00e1r\u00e1s biztos\u00edtja, hogy a v\u00e9gterm\u00e9k meg\u0151rzi term\u00e9szetes szerkezet\u00e9t, sz\u00edn\u00e9t \u00e9s technol\u00f3giai tulajdons\u00e1gait, mik\u00f6zben a vesztes\u00e9g minim\u00e1lis marad.<\/p>\n<p><strong>Applications:<\/strong><\/p>\n<ul>\n<li><strong>H\u00fasipar:<\/strong> csontoz\u00e1s ut\u00e1ni h\u00fasnyesed\u00e9kek feldolgoz\u00e1sa, \u00edn, porc \u00e9s k\u00f6t\u0151sz\u00f6vet elt\u00e1vol\u00edt\u00e1sa, alapanyag k\u00e9sz\u00edt\u00e9se kolb\u00e1szokhoz, virslihez, p\u00e1rizsihoz.<\/li>\n<li><strong>Baromfiipar:<\/strong> csontozott baromfi sz\u00e9tv\u00e1laszt\u00e1sa, b\u0151r- \u00e9s csontmarad\u00e9kok elt\u00e1vol\u00edt\u00e1sa, min\u0151s\u00e9gi baromfi-h\u00fasp\u00e9p el\u0151\u00e1ll\u00edt\u00e1sa.<\/li>\n<li><strong>Halipar:<\/strong> halfil\u00e9 marad\u00e9kok kinyer\u00e9se sz\u00e1lk\u00e1t\u00f3l \u00e9s b\u0151rt\u0151l, halkr\u00e9mek \u00e9s s\u0171r\u00edtm\u00e9nyek alapanyag\u00e1nak el\u0151\u00e1ll\u00edt\u00e1sa.<\/li>\n<li><strong>Z\u00f6lds\u00e9g- \u00e9s gy\u00fcm\u00f6lcsipar:<\/strong> h\u00e9j, mag \u00e9s rost lev\u00e1laszt\u00e1sa, p\u00fcr\u00e9k, vel\u0151k \u00e9s koncentr\u00e1tumok k\u00e9sz\u00edt\u00e9se, gy\u00fcm\u00f6lcslevek \u00e9s z\u00f6lds\u00e9gkr\u00e9mek feldolgoz\u00e1sa.<\/li>\n<li><strong>\u00c9lelmiszer-\u00fajrahasznos\u00edt\u00e1s\/ kicsomagol\u00e1s:<\/strong> csomagolt term\u00e9kek bont\u00e1sa, csomagol\u00f3anyag \u00e9s bels\u0151 tartalom sz\u00e9tv\u00e1laszt\u00e1sa, selejt feldolgoz\u00e1sa.<\/li>\n<\/ul>","protected":false},"featured_media":3617,"template":"","meta":{"_acf_changed":false,"_kad_post_transparent":"default","_kad_post_title":"","_kad_post_layout":"default","_kad_post_sidebar_id":"","_kad_post_content_style":"default","_kad_post_vertical_padding":"default","_kad_post_feature":"","_kad_post_feature_position":"","_kad_post_header":false,"_kad_post_footer":false,"_kad_post_classname":""},"product_brand":[1688],"product_cat":[1738,1793,1781],"product_tag":[1859],"class_list":{"0":"post-2858","1":"product","2":"type-product","3":"status-publish","4":"has-post-thumbnail","6":"product_brand-baader","7":"product_cat-baaderingtechnologia-szeparalas","8":"product_cat-inlevalasztok","9":"product_cat-baader-gepek","10":"product_tag-baader","12":"first","13":"instock","14":"shipping-taxable","15":"product-type-external","16":"entry","17":"content-bg","18":"loop-entry"},"acf":[],"_links":{"self":[{"href":"https:\/\/kromiker.hu\/en\/wp-json\/wp\/v2\/product\/2858","targetHints":{"allow":["GET"]}}],"collection":[{"href":"https:\/\/kromiker.hu\/en\/wp-json\/wp\/v2\/product"}],"about":[{"href":"https:\/\/kromiker.hu\/en\/wp-json\/wp\/v2\/types\/product"}],"wp:featuredmedia":[{"embeddable":true,"href":"https:\/\/kromiker.hu\/en\/wp-json\/wp\/v2\/media\/3617"}],"wp:attachment":[{"href":"https:\/\/kromiker.hu\/en\/wp-json\/wp\/v2\/media?parent=2858"}],"wp:term":[{"taxonomy":"product_brand","embeddable":true,"href":"https:\/\/kromiker.hu\/en\/wp-json\/wp\/v2\/product_brand?post=2858"},{"taxonomy":"product_cat","embeddable":true,"href":"https:\/\/kromiker.hu\/en\/wp-json\/wp\/v2\/product_cat?post=2858"},{"taxonomy":"product_tag","embeddable":true,"href":"https:\/\/kromiker.hu\/en\/wp-json\/wp\/v2\/product_tag?post=2858"}],"curies":[{"name":"wp","href":"https:\/\/api.w.org\/{rel}","templated":true}]}}