{"id":2868,"date":"2025-10-15T16:24:20","date_gmt":"2025-10-15T14:24:20","guid":{"rendered":"https:\/\/halnoel1234-kmnuz.wpcomstaging.com\/?post_type=product&#038;p=2868"},"modified":"2026-03-30T21:00:59","modified_gmt":"2026-03-30T19:00:59","slug":"nock-nre-1500-jegpehely-gyarto","status":"publish","type":"product","link":"https:\/\/kromiker.hu\/en\/product\/nock-nre-1500-jegpehely-gyarto\/","title":{"rendered":"Nock NRE 1500 ice flake making machine"},"content":{"rendered":"<p><strong>Main features:<\/strong><\/p>\n<ul>\n<li><strong>Design:<\/strong>\u00a0Robusztus, ipari kivitel\u0171, amely teljes eg\u00e9sz\u00e9ben rozsdamentes ac\u00e9lb\u00f3l k\u00e9sz\u00fcl, biztos\u00edtva a magas szint\u0171 higi\u00e9ni\u00e1t, a korr\u00f3zi\u00f3\u00e1ll\u00f3s\u00e1got \u00e9s a k\u00f6nny\u0171 tiszt\u00edthat\u00f3s\u00e1got.<\/li>\n<li><strong>J\u00e9gk\u00e9pz\u00e9s:<\/strong> 1\u202f500\u202fkg j\u00e9gpehely\/24\u202f\u00f3ra kapacit\u00e1s (25\u202f\u00b0C k\u00f6rnyezeti h\u0151m\u00e9rs\u00e9klet \u00e9s 15\u202f\u00b0C v\u00edzh\u0151m\u00e9rs\u00e9klet eset\u00e9n) \u2013 ez ipari m\u00e9ret\u0171, nagy teljes\u00edtm\u00e9ny\u0171 \u00fczemhez is elegend\u0151.<\/li>\n<li><strong>J\u00e9gh\u0151m\u00e9rs\u00e9klet \u00e9s forma:<\/strong> A k\u00e9pzett j\u00e9gpehely h\u0151m\u00e9rs\u00e9klete kb. <strong>\u20118\u202f\u00b0C<\/strong>. A j\u00e9g pehelyszer\u0171, v\u00e9kony (~2\u202fmm vastag) lapocsk\u00e1kb\u00f3l \u00e1ll, ami ide\u00e1lis h\u0171t\u00e9shez, term\u00e9kprezent\u00e1ci\u00f3hoz \u00e9s tart\u00f3s t\u00e1rol\u00e1shoz.<\/li>\n<li><strong>Construction <\/strong>A g\u00e9p tartalmazza a be\u00e9p\u00edtett h\u0171t\u0151aggreg\u00e1tot \u00e9s l\u00e9gh\u0171t\u00e9st. Rozsdamentes ac\u00e9l burkolat \u00e9s tart\u00e1ly biztos\u00edtja az \u00e9lelmiszer\u2011ipari higi\u00e9niai megfelel\u00e9st.<\/li>\n<li><strong>Hygiene:<\/strong> A v\u00edztart\u00e1ly kik\u00e9pz\u00e9se lehet\u0151v\u00e9 teszi a gyors \u00e9s egyszer\u0171 napi tiszt\u00edt\u00e1st \u00e9s fert\u0151tlen\u00edt\u00e9st, ak\u00e1r magas nyom\u00e1s\u00fa tiszt\u00edt\u00f3hab\u2011haszn\u00e1lattal is an\u00e9lk\u00fcl, hogy a v\u00edztart\u00e1lyt sz\u00e9tszereln\u00e9k.<\/li>\n<\/ul>\n<p><strong>The basic model has the following features:<\/strong><\/p>\n<ul>\n<li>Be\u00e9p\u00edtett vez\u00e9rl\u0151\u2011 \u00e9s elektromos rendszer<\/li>\n<li>L\u00e9gh\u0171t\u00e9ses Integr\u00e1lt h\u0171t\u0151aggreg\u00e1t:<\/li>\n<li>Modern h\u0171t\u0151k\u00f6zeg \u2013 R449A<\/li>\n<\/ul>\n<p><strong>Accessories and optional accessories:<\/strong><\/p>\n<ul>\n<li>\u00c1llv\u00e1ny rendszer<\/li>\n<li>El\u0151sz\u0171r\u0151\/ v\u00edzsz\u0171r\u0151 rendszer<\/li>\n<li>J\u00e9gt\u00e1rol\u00f3 kont\u00e9ner<\/li>\n<li>H\u0171t\u0151aggreg\u00e1t n\u00e9lk\u00fcli v\u00e1ltozat (opci\u00f3)<\/li>\n<\/ul>","protected":false},"excerpt":{"rendered":"<p>The <strong>Nock NRE 1500<\/strong> egy nagy kapacit\u00e1s\u00fa, automatikus j\u00e9gpehely gy\u00e1rt\u00f3 g\u00e9p, amelyet els\u0151sorban \u00e9lelmiszer feldolgoz\u00f3 iparban, hal \u00e9s h\u00fasiparban, vend\u00e9gl\u00e1t\u00e1sban, szupermarketekben, nagyobb \u00fczemekben haszn\u00e1lnak, ahol folyamatos, nagy mennyis\u00e9g\u0171 j\u00e9gpehely ell\u00e1t\u00e1s sz\u00fcks\u00e9ges.<\/p>\n<p><strong>Applications:<\/strong><\/p>\n<p>\u2022 Friss h\u00fasok, halak \u00e9s tenger gy\u00fcm\u00f6lcsei gyors h\u0171t\u00e9s\u00e9re \u00e9s tart\u00f3s\u00edt\u00e1s\u00e1ra.<br \/>\n\u2022 Folyamatos h\u0171t\u00e9s a term\u00e9kmin\u0151s\u00e9g \u00e9s frissess\u00e9g meg\u0151rz\u00e9s\u00e9re.<br \/>\n\u2022 Feldolgoz\u00f3 sorokban val\u00f3 integr\u00e1ci\u00f3 a gyors \u00e9s egyenletesh\u0151m\u00e9rs\u00e9klet cs\u00f6kkent\u00e9shez.<\/p>","protected":false},"featured_media":4647,"template":"","meta":{"_acf_changed":false,"_kad_post_transparent":"default","_kad_post_title":"","_kad_post_layout":"default","_kad_post_sidebar_id":"","_kad_post_content_style":"default","_kad_post_vertical_padding":"default","_kad_post_feature":"","_kad_post_feature_position":"","_kad_post_header":false,"_kad_post_footer":false,"_kad_post_classname":""},"pwb-brand":[],"product_brand":[1698],"product_cat":[1768,1739],"product_tag":[1875],"class_list":{"0":"post-2868","1":"product","2":"type-product","3":"status-publish","4":"has-post-thumbnail","6":"product_brand-nock","7":"product_cat-jegpehely-gyarto-gepek","8":"product_cat-tovabbfeldolgozas","9":"product_tag-nock","11":"first","12":"instock","13":"shipping-taxable","14":"product-type-simple","15":"entry","16":"content-bg","17":"loop-entry"},"acf":[],"brands":[],"_links":{"self":[{"href":"https:\/\/kromiker.hu\/en\/wp-json\/wp\/v2\/product\/2868","targetHints":{"allow":["GET"]}}],"collection":[{"href":"https:\/\/kromiker.hu\/en\/wp-json\/wp\/v2\/product"}],"about":[{"href":"https:\/\/kromiker.hu\/en\/wp-json\/wp\/v2\/types\/product"}],"wp:featuredmedia":[{"embeddable":true,"href":"https:\/\/kromiker.hu\/en\/wp-json\/wp\/v2\/media\/4647"}],"wp:attachment":[{"href":"https:\/\/kromiker.hu\/en\/wp-json\/wp\/v2\/media?parent=2868"}],"wp:term":[{"taxonomy":"pwb-brand","embeddable":true,"href":"https:\/\/kromiker.hu\/en\/wp-json\/wp\/v2\/pwb-brand?post=2868"},{"taxonomy":"product_brand","embeddable":true,"href":"https:\/\/kromiker.hu\/en\/wp-json\/wp\/v2\/product_brand?post=2868"},{"taxonomy":"product_cat","embeddable":true,"href":"https:\/\/kromiker.hu\/en\/wp-json\/wp\/v2\/product_cat?post=2868"},{"taxonomy":"product_tag","embeddable":true,"href":"https:\/\/kromiker.hu\/en\/wp-json\/wp\/v2\/product_tag?post=2868"}],"curies":[{"name":"wp","href":"https:\/\/api.w.org\/{rel}","templated":true}]}}