{"id":2869,"date":"2025-10-15T16:24:21","date_gmt":"2025-10-15T14:24:21","guid":{"rendered":"https:\/\/halnoel1234-kmnuz.wpcomstaging.com\/?post_type=product&#038;p=2869"},"modified":"2026-05-14T11:07:47","modified_gmt":"2026-05-14T09:07:47","slug":"cbs1-vizszintes-szeletelo","status":"publish","type":"product","link":"https:\/\/kromiker.hu\/en\/product\/cbs1-vizszintes-szeletelo\/","title":{"rendered":"FTT CBS1 v\u00edzszintes csirkemell szeletel\u0151"},"content":{"rendered":"<div style=\"width: 1280px;\" class=\"wp-video\"><video class=\"wp-video-shortcode\" id=\"video-2869-1\" width=\"1280\" height=\"720\" preload=\"metadata\" controls=\"controls\"><source type=\"video\/mp4\" src=\"https:\/\/kromiker.hu\/wp-content\/uploads\/2025\/10\/Food-Technology-Thielemann_Video_Butterfly-Cut-Application.mp4?_=1\" \/><a href=\"https:\/\/kromiker.hu\/wp-content\/uploads\/2025\/10\/Food-Technology-Thielemann_Video_Butterfly-Cut-Application.mp4\">https:\/\/kromiker.hu\/wp-content\/uploads\/2025\/10\/Food-Technology-Thielemann_Video_Butterfly-Cut-Application.mp4<\/a><\/video><\/div>\n<p><strong>Main features:<\/strong><\/p>\n<ul>\n<li data-start=\"1046\" data-end=\"1371\">Oszcill\u00e1l\u00f3 k\u00e9srendszer az egyenletes szeletvastags\u00e1g\u00e9rt<\/li>\n<li data-start=\"1046\" data-end=\"1371\">Egyp\u00e1ly\u00e1s kialak\u00edt\u00e1s \u2013 kompakt, c\u00e9lzott feldolgoz\u00e1shoz<\/li>\n<li data-start=\"1046\" data-end=\"1371\">K\u00edm\u00e9letes term\u00e9ksz\u00e1ll\u00edt\u00e1s szalagokkal<\/li>\n<li data-start=\"1046\" data-end=\"1371\">\u00c1ll\u00edthat\u00f3 szeletvastags\u00e1g \u00e9s szeletsz\u00e1m<\/li>\n<li data-start=\"1046\" data-end=\"1371\">Rozsdamentes ac\u00e9l, higi\u00e9nikus ipari kivitel<\/li>\n<li data-start=\"1046\" data-end=\"1371\">K\u00f6nny\u0171 hozz\u00e1f\u00e9rhet\u0151s\u00e9g tiszt\u00edt\u00e1shoz \u00e9s karbantart\u00e1shoz<\/li>\n<\/ul>\n<p data-start=\"1373\" data-end=\"1420\"><strong data-start=\"1373\" data-end=\"1418\">The basic model has the following features:<\/strong><\/p>\n<ul>\n<li data-start=\"1422\" data-end=\"1611\">Egyp\u00e1ly\u00e1s sz\u00e1ll\u00edt\u00f3szalag rendszer<\/li>\n<li data-start=\"1422\" data-end=\"1611\">Oszcill\u00e1l\u00f3 k\u00e9ses szeletel\u0151 egys\u00e9g<\/li>\n<li data-start=\"1422\" data-end=\"1611\">Sz\u00e1ll\u00edt\u00f3szalag a stabil term\u00e9ktov\u00e1bb\u00edt\u00e1shoz<\/li>\n<li data-start=\"1422\" data-end=\"1611\">Elektromos vez\u00e9rl\u00e9s<\/li>\n<li data-start=\"1422\" data-end=\"1611\">Rozsdamentes ac\u00e9l v\u00e1z \u00e9s burkolat<\/li>\n<\/ul>\n<p data-start=\"1613\" data-end=\"1656\"><strong data-start=\"1613\" data-end=\"1654\">Accessories and optional accessories:<\/strong><\/p>\n<ul>\n<li>K\u00fcl\u00f6nb\u00f6z\u0151 k\u00e9skialak\u00edt\u00e1sok elt\u00e9r\u0151 term\u00e9kekhez<\/li>\n<li>T\u00f6bbk\u00e9ses szeletel\u0151 egys\u00e9g (1\u20135 k\u00e9s)<\/li>\n<li>Szeletlev\u00e1laszt\u00f3 rendszer<\/li>\n<\/ul>","protected":false},"excerpt":{"rendered":"<p>The <strong data-start=\"122\" data-end=\"157\">Food Technology Thielemann CBS1<\/strong> egy egyp\u00e1ly\u00e1s, v\u00edzszintes csirkemellszeletel\u0151 berendez\u00e9s, amelyet kifejezetten csont n\u00e9lk\u00fcli baromfi fil\u00e9k pontos \u00e9s egyenletes szeletel\u00e9s\u00e9re terveztek. A g\u00e9p oszcill\u00e1l\u00f3 k\u00e9srendszerrel dolgozik, amely biztos\u00edtja az \u00e1lland\u00f3 szeletvastags\u00e1got \u00e9s kiv\u00e1l\u00f3 v\u00e1g\u00e1si min\u0151s\u00e9get, mik\u00f6zben meg\u0151rzi a term\u00e9k szerkezet\u00e9t. A sz\u00e1ll\u00edt\u00f3 szalagok k\u00edm\u00e9letes term\u00e9ktov\u00e1bb\u00edt\u00e1st tesznek lehet\u0151v\u00e9, \u00edgy minimaliz\u00e1lj\u00e1k a deform\u00e1ci\u00f3t \u00e9s a vesztes\u00e9get. A kompakt, rozsdamentes ac\u00e9l kialak\u00edt\u00e1s k\u00f6nny\u0171 tiszt\u00edthat\u00f3s\u00e1got \u00e9s ipari megb\u00edzhat\u00f3s\u00e1got biztos\u00edt.<\/p>\n<p><strong>Applications:<\/strong><\/p>\n<ul>\n<li>Baromfiiparban s\u00faly szerint el\u0151re v\u00e1logatott csirkemell fil\u00e9k v\u00edzszintes szeletel\u00e9se egyenletes vastags\u00e1gra<\/li>\n<li>\u00a0Schnitzel, cordon bleu \u00e9s egy\u00e9b szeletelt term\u00e9kek el\u0151\u00e1ll\u00edt\u00e1sa<\/li>\n<li>Friss vagy el\u0151h\u0171t\u00f6tt csont n\u00e9lk\u00fcli baromfi feldolgoz\u00e1sa<\/li>\n<li>Automata feldolgoz\u00f3- \u00e9s csomagol\u00f3vonalakba integr\u00e1lva<\/li>\n<\/ul>","protected":false},"featured_media":5335,"template":"","meta":{"_acf_changed":false,"_kad_post_transparent":"default","_kad_post_title":"","_kad_post_layout":"default","_kad_post_sidebar_id":"","_kad_post_content_style":"default","_kad_post_vertical_padding":"default","_kad_post_feature":"","_kad_post_feature_position":"","_kad_post_header":false,"_kad_post_footer":false,"_kad_post_classname":""},"pwb-brand":[1893],"product_brand":[1699],"product_cat":[1758,1740],"product_tag":[1864],"class_list":{"0":"post-2869","1":"product","2":"type-product","3":"status-publish","4":"has-post-thumbnail","6":"pwb-brand-food-technology-thielemann","7":"product_brand-food-technology-thielemann","8":"product_cat-szeletelogepek","9":"product_cat-szeleteles-apritas-kockazas","10":"product_tag-food-technology-thielemann","12":"first","13":"instock","14":"shipping-taxable","15":"product-type-simple","16":"entry","17":"content-bg","18":"loop-entry"},"acf":[],"brands":[{"id":1893,"name":"Food Technology Thielemann","slug":"food-technology-thielemann"}],"_links":{"self":[{"href":"https:\/\/kromiker.hu\/en\/wp-json\/wp\/v2\/product\/2869","targetHints":{"allow":["GET"]}}],"collection":[{"href":"https:\/\/kromiker.hu\/en\/wp-json\/wp\/v2\/product"}],"about":[{"href":"https:\/\/kromiker.hu\/en\/wp-json\/wp\/v2\/types\/product"}],"wp:featuredmedia":[{"embeddable":true,"href":"https:\/\/kromiker.hu\/en\/wp-json\/wp\/v2\/media\/5335"}],"wp:attachment":[{"href":"https:\/\/kromiker.hu\/en\/wp-json\/wp\/v2\/media?parent=2869"}],"wp:term":[{"taxonomy":"pwb-brand","embeddable":true,"href":"https:\/\/kromiker.hu\/en\/wp-json\/wp\/v2\/pwb-brand?post=2869"},{"taxonomy":"product_brand","embeddable":true,"href":"https:\/\/kromiker.hu\/en\/wp-json\/wp\/v2\/product_brand?post=2869"},{"taxonomy":"product_cat","embeddable":true,"href":"https:\/\/kromiker.hu\/en\/wp-json\/wp\/v2\/product_cat?post=2869"},{"taxonomy":"product_tag","embeddable":true,"href":"https:\/\/kromiker.hu\/en\/wp-json\/wp\/v2\/product_tag?post=2869"}],"curies":[{"name":"wp","href":"https:\/\/api.w.org\/{rel}","templated":true}]}}