{"id":2877,"date":"2025-10-15T16:24:28","date_gmt":"2025-10-15T14:24:28","guid":{"rendered":"https:\/\/halnoel1234-kmnuz.wpcomstaging.com\/?post_type=product&#038;p=2877"},"modified":"2026-03-30T20:54:52","modified_gmt":"2026-03-30T18:54:52","slug":"h-1000-tipusu-fustolokocsi","status":"publish","type":"product","link":"https:\/\/kromiker.hu\/en\/product\/h-1000-tipusu-fustolokocsi\/","title":{"rendered":"Fumigator type H 1000"},"content":{"rendered":"<p><strong><span style=\"font-family: 'Poppins',serif\">Main features:<\/span><\/strong><\/p>\n<p data-start=\"777\" data-end=\"1014\"><span style=\"font-family: 'Poppins',serif\">\u2022 Er\u0151s\u00edtett, hegesztett rozsdamentes ac\u00e9l szerkezet<br data-start=\"828\" data-end=\"831\" \/>\u2022 H t\u00edpus\u00fa kialak\u00edt\u00e1s optim\u00e1lis r\u00fadkioszt\u00e1ssal<br data-start=\"877\" data-end=\"880\" \/>\u2022 Nagy terhelhet\u0151s\u00e9g ipari haszn\u00e1latra<br data-start=\"918\" data-end=\"921\" \/>\u2022 H\u0151\u00e1ll\u00f3 kivitel magas h\u0151m\u00e9rs\u00e9klet\u0171 kamr\u00e1khoz<br data-start=\"966\" data-end=\"969\" \/>\u2022 K\u00f6nnyen tiszt\u00edthat\u00f3, higi\u00e9nikus fel\u00fcletek<\/span><\/p>\n<p data-start=\"1016\" data-end=\"1063\"><strong data-start=\"1016\" data-end=\"1061\"><span style=\"font-family: 'Poppins',serif\">The basic model has the following features:<\/span><\/strong><\/p>\n<p style=\"margin: 0cm;margin-bottom: .0001pt\"><span style=\"font-family: 'Poppins',serif\">\u2022 Rozsdamentes ac\u00e9l v\u00e1zszerkezet<\/span><\/p>\n<p style=\"margin: 0cm;margin-bottom: .0001pt\"><span style=\"font-family: 'Poppins',serif\">\u2022 H\u0151\u00e1ll\u00f3 kerekek<br data-start=\"1376\" data-end=\"1379\" \/>\u2022 Akaszt\u00f3rudak t\u00f6bb szinten<br data-start=\"1127\" data-end=\"1130\" \/>\u2022 Ipari kivitel\u0171 fut\u00f3kerekek vagy s\u00ednvezet\u00e9shez illeszked\u0151 kialak\u00edt\u00e1s<br data-start=\"1199\" data-end=\"1202\" \/>\u2022 Stabil als\u00f3 merev\u00edt\u00e9s<br data-start=\"1225\" data-end=\"1228\" \/>\u2022 Kamrarendszerhez illeszked\u0151 szabv\u00e1nyos m\u00e9retez\u00e9s<\/span><\/p>\n<p>&nbsp;<\/p>\n<p data-start=\"1282\" data-end=\"1325\"><strong data-start=\"1282\" data-end=\"1323\"><span style=\"font-family: 'Poppins',serif\">Accessories and optional accessories:<\/span><\/strong><\/p>\n<p data-start=\"1282\" data-end=\"1325\"><span style=\"font-family: 'Poppins',serif\">\u2022 Meger\u0151s\u00edtett kivitel nagyobb terhel\u00e9shez<br data-start=\"1421\" data-end=\"1424\" \/>\u2022 Speci\u00e1lis kamp\u00f3k vagy akaszt\u00f3rendszerek<br data-start=\"1465\" data-end=\"1468\" \/>\u2022 K\u00fcl\u00f6nb\u00f6z\u0151 m\u00e9retben adott kamram\u00e9rethez<\/span><\/p>","protected":false},"excerpt":{"rendered":"<p><span style=\"font-family: 'Poppins',serif\">A H t\u00edpus\u00fa f\u00fcst\u00f6l\u0151kocsi ipari kivitel\u0171, rozsdamentes ac\u00e9lb\u00f3l k\u00e9sz\u00fclt sz\u00e1ll\u00edt\u00f3- \u00e9s term\u00e9ktart\u00f3 eszk\u00f6z, amelyet f\u0151z\u0151-, s\u00fct\u0151- \u00e9s f\u00fcst\u00f6l\u0151kamr\u00e1kban t\u00f6rt\u00e9n\u0151 haszn\u00e1latra terveztek. Stabil, nagy teherb\u00edr\u00e1s\u00fa szerkezete biztos\u00edtja a h\u00fasipari term\u00e9kek biztons\u00e1gos mozgat\u00e1s\u00e1t \u00e9s h\u0151kezel\u00e9s alatti egyenletes elhelyez\u00e9s\u00e9t. A konstrukci\u00f3 kialak\u00edt\u00e1sa lehet\u0151v\u00e9 teszi a maxim\u00e1lis kapacit\u00e1s kihaszn\u00e1l\u00e1s\u00e1t, mik\u00f6zben garant\u00e1lja a higi\u00e9nikus m\u0171k\u00f6d\u00e9st \u00e9s a hossz\u00fa \u00e9lettartamot.<\/span><\/p>\n<p><strong data-start=\"481\" data-end=\"507\"><span style=\"font-family: 'Poppins',serif\">Applications:<\/span><\/strong><\/p>\n<p data-start=\"511\" data-end=\"754\"><span style=\"font-family: 'Poppins',serif\">\u2022 F\u00fcst\u00f6l\u0151- \u00e9s f\u0151z\u0151kamr\u00e1kban kolb\u00e1sz, sonka \u00e9s egy\u00e9b h\u00fask\u00e9sz\u00edtm\u00e9nyek h\u0151kezel\u00e9s\u00e9hez<br data-start=\"592\" data-end=\"595\" \/>\u2022 S\u00fct\u0151- \u00e9s h\u0151kezel\u0151 berendez\u00e9sek kiszolg\u00e1l\u00e1s\u00e1hoz<br data-start=\"643\" data-end=\"646\" \/>\u2022 \u00c9lelmiszeripari \u00fczemekben term\u00e9kek akaszt\u00e1s\u00e1ra \u00e9s sz\u00e1ll\u00edt\u00e1s\u00e1ra<br data-start=\"710\" data-end=\"713\" \/>\u2022 T\u00f6bbkocsis f\u0151z\u0151-f\u00fcst\u00f6l\u0151 rendszerekben<\/span><\/p>","protected":false},"featured_media":5142,"template":"","meta":{"_acf_changed":false,"_kad_post_transparent":"default","_kad_post_title":"","_kad_post_layout":"default","_kad_post_sidebar_id":"","_kad_post_content_style":"default","_kad_post_vertical_padding":"default","_kad_post_feature":"","_kad_post_feature_position":"","_kad_post_header":false,"_kad_post_footer":false,"_kad_post_classname":""},"pwb-brand":[],"product_brand":[1702],"product_cat":[1804,1741],"product_tag":[1863],"class_list":{"0":"post-2877","1":"product","2":"type-product","3":"status-publish","4":"has-post-thumbnail","6":"product_brand-brokelmann","7":"product_cat-fustolokocsik-szallitas-tarolas-anyagmozgatas","8":"product_cat-szallitas-tarolas-anyagmozgatas","9":"product_tag-brokelmann","11":"first","12":"instock","13":"shipping-taxable","14":"product-type-simple","15":"entry","16":"content-bg","17":"loop-entry"},"acf":[],"brands":[],"_links":{"self":[{"href":"https:\/\/kromiker.hu\/en\/wp-json\/wp\/v2\/product\/2877","targetHints":{"allow":["GET"]}}],"collection":[{"href":"https:\/\/kromiker.hu\/en\/wp-json\/wp\/v2\/product"}],"about":[{"href":"https:\/\/kromiker.hu\/en\/wp-json\/wp\/v2\/types\/product"}],"wp:featuredmedia":[{"embeddable":true,"href":"https:\/\/kromiker.hu\/en\/wp-json\/wp\/v2\/media\/5142"}],"wp:attachment":[{"href":"https:\/\/kromiker.hu\/en\/wp-json\/wp\/v2\/media?parent=2877"}],"wp:term":[{"taxonomy":"pwb-brand","embeddable":true,"href":"https:\/\/kromiker.hu\/en\/wp-json\/wp\/v2\/pwb-brand?post=2877"},{"taxonomy":"product_brand","embeddable":true,"href":"https:\/\/kromiker.hu\/en\/wp-json\/wp\/v2\/product_brand?post=2877"},{"taxonomy":"product_cat","embeddable":true,"href":"https:\/\/kromiker.hu\/en\/wp-json\/wp\/v2\/product_cat?post=2877"},{"taxonomy":"product_tag","embeddable":true,"href":"https:\/\/kromiker.hu\/en\/wp-json\/wp\/v2\/product_tag?post=2877"}],"curies":[{"name":"wp","href":"https:\/\/api.w.org\/{rel}","templated":true}]}}