{"id":2879,"date":"2025-10-15T16:24:28","date_gmt":"2025-10-15T14:24:28","guid":{"rendered":"https:\/\/halnoel1234-kmnuz.wpcomstaging.com\/?post_type=product&#038;p=2879"},"modified":"2026-03-30T20:57:39","modified_gmt":"2026-03-30T18:57:39","slug":"gaser-20-40-literes-kutterek","status":"publish","type":"product","link":"https:\/\/kromiker.hu\/en\/product\/gaser-20-40-literes-kutterek\/","title":{"rendered":"Gaser C-20L\/C-40L cutters"},"content":{"rendered":"<p><strong>Main features:<\/strong><\/p>\n<ul>\n<li data-start=\"785\" data-end=\"1000\">Compact, space-saving design<\/li>\n<li data-start=\"1002\" data-end=\"1049\">\u00c1ll\u00edthat\u00f3 k\u00e9s- \u00e9s t\u00e1lfordulat<\/li>\n<li data-start=\"1002\" data-end=\"1049\">3 vagy 6 k\u00e9ses v\u00e1g\u00f3fej opci\u00f3<\/li>\n<li data-start=\"1002\" data-end=\"1049\">Stainless steel finish<\/li>\n<li data-start=\"1002\" data-end=\"1049\">Egyszer\u0171 kezel\u00e9s \u00e9s gyors tiszt\u00edt\u00e1s<\/li>\n<li data-start=\"1002\" data-end=\"1049\">Stabil m\u0171k\u00f6d\u00e9s k\u00fcl\u00f6nb\u00f6z\u0151 term\u00e9kekn\u00e9l<\/li>\n<\/ul>\n<p data-start=\"1002\" data-end=\"1049\"><strong data-start=\"1002\" data-end=\"1047\">The basic model has the following features:<\/strong><\/p>\n<ul>\n<li data-start=\"1051\" data-end=\"1205\">Rozsdamentes t\u00e1ny\u00e9r<\/li>\n<li data-start=\"1207\" data-end=\"1250\">K\u00e9tfokozat\u00fa k\u00e9sfordulat<\/li>\n<li data-start=\"1207\" data-end=\"1250\">K\u00e9tfokozat\u00fa t\u00e1ny\u00e9rfordulat<\/li>\n<li data-start=\"1207\" data-end=\"1250\">3 k\u00e9ses v\u00e1g\u00f3fej<\/li>\n<li data-start=\"1207\" data-end=\"1250\">Elektromos vez\u00e9rl\u00e9s<\/li>\n<li data-start=\"1207\" data-end=\"1250\">Biztons\u00e1gi fed\u00e9l<\/li>\n<\/ul>\n<p data-start=\"1207\" data-end=\"1250\"><strong data-start=\"1207\" data-end=\"1248\">Accessories and optional accessories:<\/strong><\/p>\n<ul>\n<li data-start=\"1252\" data-end=\"1398\">K\u00fcl\u00f6nb\u00f6z\u0151 k\u00e9sk\u00e9szletek<\/li>\n<li>6 k\u00e9ses v\u00e1g\u00f3fej<\/li>\n<li>Fordulatsz\u00e1m szab\u00e1lyoz\u00e1s frekvenciav\u00e1lt\u00f3val<\/li>\n<li>Speci\u00e1lis v\u00e1g\u00f3fej konfigur\u00e1ci\u00f3k<\/li>\n<li>Egyedi kialak\u00edt\u00e1s k\u00fcl\u00f6nb\u00f6z\u0151 term\u00e9kekhez<\/li>\n<\/ul>","protected":false},"excerpt":{"rendered":"<p>The <strong data-start=\"42\" data-end=\"71\">Gaser C-20L \u00e9s C-40 L kutterek<\/strong> kompakt, ipari finomapr\u00edt\u00f3 berendez\u00e9sek, amelyek kis- \u00e9s k\u00f6zepes kapacit\u00e1s\u00fa h\u00fasfeldolgoz\u00e1sra lettek optimaliz\u00e1lva. Mindk\u00e9t t\u00edpus rozsdamentes ac\u00e9l kivitelben k\u00e9sz\u00fcl, \u00e1ll\u00edthat\u00f3 k\u00e9s- \u00e9s t\u00e1lfordulattal rendelkezik, \u00edgy biztos\u00edtva az egyenletes apr\u00edt\u00e1st \u00e9s kever\u00e9st. A C20 kisebb adagokhoz \u00e9s rugalmas gy\u00e1rt\u00e1shoz ide\u00e1lis, m\u00edg a C40 m\u00e1r stabilabb, nagyobb kapacit\u00e1s\u00fa feldolgoz\u00e1st tesz lehet\u0151v\u00e9.<\/p>\n<p data-start=\"503\" data-end=\"531\"><strong data-start=\"503\" data-end=\"529\">Applications:<\/strong><\/p>\n<ul>\n<li data-start=\"533\" data-end=\"762\">H\u00fasiparban h\u00fasp\u00e9pek \u00e9s emulzi\u00f3k el\u0151\u00e1ll\u00edt\u00e1sa<\/li>\n<li data-start=\"764\" data-end=\"783\">H\u00fask\u00e9sz\u00edtm\u00e9nyek (virsli, p\u00e1rizsi, kolb\u00e1sz massza) gy\u00e1rt\u00e1sa<\/li>\n<li data-start=\"764\" data-end=\"783\">K\u00e9zm\u0171ves \u00e9s kisipari feldolgoz\u00e1s<\/li>\n<li data-start=\"764\" data-end=\"783\">Kisebb \u00e9s k\u00f6zepes kapacit\u00e1s\u00fa \u00fczemek<\/li>\n<li data-start=\"764\" data-end=\"783\">K\u00eds\u00e9rleti \u00e9s fejleszt\u00e9si felhaszn\u00e1l\u00e1s<\/li>\n<\/ul>","protected":false},"featured_media":5407,"template":"","meta":{"_acf_changed":false,"_kad_post_transparent":"default","_kad_post_title":"","_kad_post_layout":"default","_kad_post_sidebar_id":"","_kad_post_content_style":"default","_kad_post_vertical_padding":"default","_kad_post_feature":"","_kad_post_feature_position":"","_kad_post_header":false,"_kad_post_footer":false,"_kad_post_classname":""},"pwb-brand":[],"product_brand":[1696],"product_cat":[1749,1739],"product_tag":[1866],"class_list":{"0":"post-2879","1":"product","2":"type-product","3":"status-publish","4":"has-post-thumbnail","6":"product_brand-gaser","7":"product_cat-kutterek-mikrokutterek-finomapritok","8":"product_cat-tovabbfeldolgozas","9":"product_tag-gaser","11":"first","12":"instock","13":"shipping-taxable","14":"product-type-simple","15":"entry","16":"content-bg","17":"loop-entry"},"acf":[],"brands":[],"_links":{"self":[{"href":"https:\/\/kromiker.hu\/en\/wp-json\/wp\/v2\/product\/2879","targetHints":{"allow":["GET"]}}],"collection":[{"href":"https:\/\/kromiker.hu\/en\/wp-json\/wp\/v2\/product"}],"about":[{"href":"https:\/\/kromiker.hu\/en\/wp-json\/wp\/v2\/types\/product"}],"wp:featuredmedia":[{"embeddable":true,"href":"https:\/\/kromiker.hu\/en\/wp-json\/wp\/v2\/media\/5407"}],"wp:attachment":[{"href":"https:\/\/kromiker.hu\/en\/wp-json\/wp\/v2\/media?parent=2879"}],"wp:term":[{"taxonomy":"pwb-brand","embeddable":true,"href":"https:\/\/kromiker.hu\/en\/wp-json\/wp\/v2\/pwb-brand?post=2879"},{"taxonomy":"product_brand","embeddable":true,"href":"https:\/\/kromiker.hu\/en\/wp-json\/wp\/v2\/product_brand?post=2879"},{"taxonomy":"product_cat","embeddable":true,"href":"https:\/\/kromiker.hu\/en\/wp-json\/wp\/v2\/product_cat?post=2879"},{"taxonomy":"product_tag","embeddable":true,"href":"https:\/\/kromiker.hu\/en\/wp-json\/wp\/v2\/product_tag?post=2879"}],"curies":[{"name":"wp","href":"https:\/\/api.w.org\/{rel}","templated":true}]}}