{"id":2887,"date":"2025-10-15T16:25:51","date_gmt":"2025-10-15T14:25:51","guid":{"rendered":"https:\/\/halnoel1234-kmnuz.wpcomstaging.com\/?post_type=product&#038;p=2887"},"modified":"2026-04-01T11:47:03","modified_gmt":"2026-04-01T09:47:03","slug":"borozo-hartyazo-blades","status":"publish","type":"product","link":"https:\/\/kromiker.hu\/en\/product\/borozo-hartyazo-pengek\/","title":{"rendered":"Scarifying-plucking blades"},"content":{"rendered":"<p><strong>Main features:<\/strong><\/p>\n<ul>\n<li data-start=\"810\" data-end=\"1131\">Prec\u00edz \u00e9lgeometria a minim\u00e1lis h\u00fasvesztes\u00e9g \u00e9rdek\u00e9ben<\/li>\n<li>Kiv\u00e1l\u00f3 \u00e9lmegtart\u00e1s \u00e9s hossz\u00fa \u00e9lettartam<\/li>\n<li>Stabil, egyenletes v\u00e1g\u00e1si teljes\u00edtm\u00e9ny<\/li>\n<li>Magas kop\u00e1s\u00e1ll\u00f3s\u00e1g intenz\u00edv haszn\u00e1lat mellett<\/li>\n<li>Kompatibilit\u00e1s k\u00fcl\u00f6nb\u00f6z\u0151 b\u0151r\u00f6z\u0151 \u00e9s h\u00e1rty\u00e1z\u00f3 g\u00e9pekkel<\/li>\n<li>INOX rozsdamentes kivitel<\/li>\n<\/ul>","protected":false},"excerpt":{"rendered":"<p data-start=\"48\" data-end=\"523\">The <strong data-start=\"50\" data-end=\"98\">BE Maschinenmesser b\u0151r\u00f6z\u0151 \u00e9s h\u00e1rty\u00e1z\u00f3 peng\u00e9k<\/strong> pr\u00e9mium min\u0151s\u00e9g\u0171, ipari felhaszn\u00e1l\u00e1sra tervezett v\u00e1g\u00f3eszk\u00f6z\u00f6k, amelyek kifejezetten h\u00fasipari b\u0151r\u00f6z\u0151 \u00e9s h\u00e1rty\u00e1z\u00f3 g\u00e9pekhez k\u00e9sz\u00fclnek. A prec\u00edz \u00e9lkialak\u00edt\u00e1s \u00e9s a kiv\u00e1l\u00f3 anyagmin\u0151s\u00e9g lehet\u0151v\u00e9 teszi a b\u0151r, h\u00e1rtya \u00e9s zs\u00edrr\u00e9tegek pontos, egyenletes elt\u00e1vol\u00edt\u00e1s\u00e1t minim\u00e1lis h\u00fasvesztes\u00e9g mellett. A peng\u00e9k kialak\u00edt\u00e1sa biztos\u00edtja a stabil v\u00e1g\u00e1st, a hossz\u00fa \u00e9lettartamot \u00e9s a folyamatos, megb\u00edzhat\u00f3 m\u0171k\u00f6d\u00e9st nagy\u00fczemi k\u00f6rnyezetben is.<\/p>\n<p data-start=\"525\" data-end=\"553\"><strong data-start=\"525\" data-end=\"551\">Applications:<\/strong><\/p>\n<ul>\n<li data-start=\"555\" data-end=\"787\">Sert\u00e9s-, marha- \u00e9s baromfih\u00fas b\u0151r\u00f6z\u00e9se<\/li>\n<li data-start=\"789\" data-end=\"808\">H\u00e1rtya \u00e9s k\u00f6t\u0151sz\u00f6vet elt\u00e1vol\u00edt\u00e1sa h\u00fasr\u00e9szekr\u0151l<\/li>\n<li data-start=\"789\" data-end=\"808\">Friss h\u00fas feldolgoz\u00e1sa v\u00e1g\u00f3hidakon \u00e9s feldolgoz\u00f3 \u00fczemekben<\/li>\n<li data-start=\"789\" data-end=\"808\">Darabol\u00f3 \u00e9s el\u0151k\u00e9sz\u00edt\u0151 vonalak<\/li>\n<li data-start=\"789\" data-end=\"808\">Nagy kapacit\u00e1s\u00fa ipari h\u00fasfeldolgoz\u00e1s<\/li>\n<\/ul>","protected":false},"featured_media":5516,"template":"","meta":{"_acf_changed":false,"_kad_post_transparent":"default","_kad_post_title":"","_kad_post_layout":"default","_kad_post_sidebar_id":"","_kad_post_content_style":"default","_kad_post_vertical_padding":"default","_kad_post_feature":"","_kad_post_feature_position":"","_kad_post_header":false,"_kad_post_footer":false,"_kad_post_classname":""},"pwb-brand":[],"product_brand":[1689],"product_cat":[1800,1744],"product_tag":[1860],"class_list":{"0":"post-2887","1":"product","2":"type-product","3":"status-publish","4":"has-post-thumbnail","6":"product_brand-be-maschinenmesser","7":"product_cat-borozo-hartyazo-pengek","8":"product_cat-vagoeszkozok","9":"product_tag-be-maschinenmesser","11":"first","12":"instock","13":"shipping-taxable","14":"product-type-simple","15":"entry","16":"content-bg","17":"loop-entry"},"acf":[],"brands":[],"_links":{"self":[{"href":"https:\/\/kromiker.hu\/en\/wp-json\/wp\/v2\/product\/2887","targetHints":{"allow":["GET"]}}],"collection":[{"href":"https:\/\/kromiker.hu\/en\/wp-json\/wp\/v2\/product"}],"about":[{"href":"https:\/\/kromiker.hu\/en\/wp-json\/wp\/v2\/types\/product"}],"wp:featuredmedia":[{"embeddable":true,"href":"https:\/\/kromiker.hu\/en\/wp-json\/wp\/v2\/media\/5516"}],"wp:attachment":[{"href":"https:\/\/kromiker.hu\/en\/wp-json\/wp\/v2\/media?parent=2887"}],"wp:term":[{"taxonomy":"pwb-brand","embeddable":true,"href":"https:\/\/kromiker.hu\/en\/wp-json\/wp\/v2\/pwb-brand?post=2887"},{"taxonomy":"product_brand","embeddable":true,"href":"https:\/\/kromiker.hu\/en\/wp-json\/wp\/v2\/product_brand?post=2887"},{"taxonomy":"product_cat","embeddable":true,"href":"https:\/\/kromiker.hu\/en\/wp-json\/wp\/v2\/product_cat?post=2887"},{"taxonomy":"product_tag","embeddable":true,"href":"https:\/\/kromiker.hu\/en\/wp-json\/wp\/v2\/product_tag?post=2887"}],"curies":[{"name":"wp","href":"https:\/\/api.w.org\/{rel}","templated":true}]}}