{"id":2890,"date":"2025-10-15T16:25:51","date_gmt":"2025-10-15T14:25:51","guid":{"rendered":"https:\/\/halnoel1234-kmnuz.wpcomstaging.com\/?post_type=product&#038;p=2890"},"modified":"2026-05-14T11:07:26","modified_gmt":"2026-05-14T09:07:26","slug":"aluminium-fustolobotok-1000-mm","status":"publish","type":"product","link":"https:\/\/kromiker.hu\/en\/product\/aluminium-fustolobotok-1000-mm\/","title":{"rendered":"Alum\u00ednium f\u00fcst\u00f6l\u0151bot 1000 mm"},"content":{"rendered":"<p><strong>Main features:<\/strong><\/p>\n<ul>\n<li data-start=\"719\" data-end=\"963\">K\u00f6nny\u0171, m\u00e9gis nagy teherb\u00edr\u00e1s\u00fa alum\u00ednium kivitel<\/li>\n<li data-start=\"965\" data-end=\"1012\">Korr\u00f3zi\u00f3\u00e1ll\u00f3, hossz\u00fa \u00e9lettartam<\/li>\n<li data-start=\"965\" data-end=\"1012\">Higi\u00e9nikus, k\u00f6nnyen tiszt\u00edthat\u00f3 fel\u00fclet<\/li>\n<li data-start=\"965\" data-end=\"1012\">Stabil tart\u00e1s nagy terhel\u00e9s mellett<\/li>\n<li data-start=\"965\" data-end=\"1012\">Szabv\u00e1nyos 1000 mm hossz<\/li>\n<li data-start=\"965\" data-end=\"1012\">Kompatibilis a legt\u00f6bb f\u00fcst\u00f6l\u0151kocsival<\/li>\n<\/ul>","protected":false},"excerpt":{"rendered":"<p>Az <strong data-start=\"37\" data-end=\"73\">alum\u00ednium f\u00fcst\u00f6l\u0151bot (1000 mm)<\/strong> k\u00f6nny\u0171, m\u00e9gis nagy teherb\u00edr\u00e1s\u00fa eszk\u00f6z\u00f6k, amelyeket h\u00fasipari f\u00fcst\u00f6l\u00e9si \u00e9s h\u0151kezel\u00e9si folyamatokhoz terveztek. A korr\u00f3zi\u00f3\u00e1ll\u00f3 alum\u00ednium kivitel biztos\u00edtja a hossz\u00fa \u00e9lettartamot \u00e9s az egyszer\u0171 kezelhet\u0151s\u00e9get, mik\u00f6zben stabil tart\u00e1st ny\u00fajt a k\u00fcl\u00f6nb\u00f6z\u0151 h\u00fask\u00e9sz\u00edtm\u00e9nyek sz\u00e1m\u00e1ra. A 1000 mm-es hossz ide\u00e1lis szabv\u00e1nyos f\u00fcst\u00f6l\u0151kocsikhoz \u00e9s nagyobb term\u00e9kek elhelyez\u00e9s\u00e9hez.<\/p>\n<p data-start=\"441\" data-end=\"469\"><strong data-start=\"441\" data-end=\"467\">Applications:<\/strong><\/p>\n<ul>\n<li data-start=\"471\" data-end=\"696\">H\u00fasipari f\u00fcst\u00f6l\u00e9si \u00e9s h\u0151kezel\u00e9si folyamatok sor\u00e1n<\/li>\n<li data-start=\"698\" data-end=\"717\">Kolb\u00e1szok, sonk\u00e1k \u00e9s egy\u00e9b h\u00fask\u00e9sz\u00edtm\u00e9nyek f\u00fcggeszt\u00e9se<\/li>\n<li data-start=\"698\" data-end=\"717\">F\u00fcst\u00f6l\u0151kocsik \u00e9s \u00e9rlel\u0151 rendszerek<\/li>\n<li data-start=\"698\" data-end=\"717\">Ipari \u00e9s k\u00e9zm\u0171ves h\u00fasfeldolgoz\u00e1s<\/li>\n<li data-start=\"698\" data-end=\"717\">Sz\u00e1r\u00edt\u00f3 \u00e9s h\u0151kezel\u0151 berendez\u00e9sek<\/li>\n<\/ul>","protected":false},"featured_media":5520,"template":"","meta":{"_acf_changed":false,"_kad_post_transparent":"default","_kad_post_title":"","_kad_post_layout":"default","_kad_post_sidebar_id":"","_kad_post_content_style":"default","_kad_post_vertical_padding":"default","_kad_post_feature":"","_kad_post_feature_position":"","_kad_post_header":false,"_kad_post_footer":false,"_kad_post_classname":""},"pwb-brand":[1891],"product_brand":[1702],"product_cat":[1796,1741],"product_tag":[1863],"class_list":{"0":"post-2890","1":"product","2":"type-product","3":"status-publish","4":"has-post-thumbnail","6":"pwb-brand-brokelmann","7":"product_brand-brokelmann","8":"product_cat-fustolobotok","9":"product_cat-szallitas-tarolas-anyagmozgatas","10":"product_tag-brokelmann","12":"first","13":"instock","14":"shipping-taxable","15":"product-type-simple","16":"entry","17":"content-bg","18":"loop-entry"},"acf":[],"brands":[{"id":1891,"name":"Brokelmann","slug":"brokelmann"}],"_links":{"self":[{"href":"https:\/\/kromiker.hu\/en\/wp-json\/wp\/v2\/product\/2890","targetHints":{"allow":["GET"]}}],"collection":[{"href":"https:\/\/kromiker.hu\/en\/wp-json\/wp\/v2\/product"}],"about":[{"href":"https:\/\/kromiker.hu\/en\/wp-json\/wp\/v2\/types\/product"}],"wp:featuredmedia":[{"embeddable":true,"href":"https:\/\/kromiker.hu\/en\/wp-json\/wp\/v2\/media\/5520"}],"wp:attachment":[{"href":"https:\/\/kromiker.hu\/en\/wp-json\/wp\/v2\/media?parent=2890"}],"wp:term":[{"taxonomy":"pwb-brand","embeddable":true,"href":"https:\/\/kromiker.hu\/en\/wp-json\/wp\/v2\/pwb-brand?post=2890"},{"taxonomy":"product_brand","embeddable":true,"href":"https:\/\/kromiker.hu\/en\/wp-json\/wp\/v2\/product_brand?post=2890"},{"taxonomy":"product_cat","embeddable":true,"href":"https:\/\/kromiker.hu\/en\/wp-json\/wp\/v2\/product_cat?post=2890"},{"taxonomy":"product_tag","embeddable":true,"href":"https:\/\/kromiker.hu\/en\/wp-json\/wp\/v2\/product_tag?post=2890"}],"curies":[{"name":"wp","href":"https:\/\/api.w.org\/{rel}","templated":true}]}}