{"id":2894,"date":"2025-10-15T16:25:51","date_gmt":"2025-10-15T14:25:51","guid":{"rendered":"https:\/\/halnoel1234-kmnuz.wpcomstaging.com\/?post_type=product&#038;p=2894"},"modified":"2026-03-30T20:59:02","modified_gmt":"2026-03-30T18:59:02","slug":"hts-95-g-vakuumtoltogep","status":"publish","type":"product","link":"https:\/\/kromiker.hu\/en\/product\/hts-95-g-vakuumtoltogep\/","title":{"rendered":"HTS 95 G vacuum filling machine"},"content":{"rendered":"<p><strong>Main features:<\/strong><\/p>\n<ul>\n<li data-start=\"775\" data-end=\"1159\">Rotoros adagol\u00f3rendszer az egyenletes t\u00f6lt\u00e9s\u00e9r<\/li>\n<li data-start=\"1161\" data-end=\"1208\">Stabil t\u00f6lt\u00e9si nyom\u00e1s nagy pontoss\u00e1g mellett<\/li>\n<li data-start=\"1161\" data-end=\"1208\">Kompakt, helytakar\u00e9kos kivitel<\/li>\n<li data-start=\"1161\" data-end=\"1208\">Egyszer\u0171 kezelhet\u0151s\u00e9g (start\/stop kapcsol\u00f3)<\/li>\n<li data-start=\"1161\" data-end=\"1208\">Fokozatmentesen \u00e1ll\u00edthat\u00f3 t\u00f6lt\u00e9si sebess\u00e9g<\/li>\n<li data-start=\"1161\" data-end=\"1208\">Minim\u00e1lis marad\u00e9kanyag a t\u00f6lcs\u00e9rben<\/li>\n<\/ul>\n<p data-start=\"1161\" data-end=\"1208\"><strong data-start=\"1161\" data-end=\"1206\">The basic model has the following features:<\/strong><\/p>\n<ul>\n<li data-start=\"1210\" data-end=\"1465\">95 literes kiford\u00edthat\u00f3 t\u00f6lt\u0151t\u00f6lcs\u00e9r<\/li>\n<li data-start=\"1467\" data-end=\"1510\">Rotoros adagol\u00f3 egys\u00e9g (10 lap\u00e1tos kivitel)<\/li>\n<li data-start=\"1467\" data-end=\"1510\">Mechanikus vez\u00e9rl\u00e9s<\/li>\n<li data-start=\"1467\" data-end=\"1510\">Sebess\u00e9gszab\u00e1lyoz\u00f3 potenciom\u00e9ter<\/li>\n<li data-start=\"1467\" data-end=\"1510\">Stainless steel finish<\/li>\n<\/ul>\n<p data-start=\"1467\" data-end=\"1510\"><strong data-start=\"1467\" data-end=\"1508\">Accessories and optional accessories:<\/strong><\/p>\n<ul>\n<li data-start=\"1512\" data-end=\"1785\">K\u00fcl\u00f6nb\u00f6z\u0151 t\u00f6lt\u0151cs\u00f6vek k\u00fcl\u00f6nb\u00f6z\u0151 kaliberekhez<\/li>\n<li data-start=\"1787\" data-end=\"1808\">Form\u00e1z\u00f3 \u00e9s porci\u00f3z\u00f3 egys\u00e9gekre k\u00f6thet\u0151<\/li>\n<li data-start=\"1787\" data-end=\"1808\">Sz\u00e1ll\u00edt\u00f3szalagok \u00e9s kieg\u00e9sz\u00edt\u0151 feldolgoz\u00f3 modulok<\/li>\n<\/ul>","protected":false},"excerpt":{"rendered":"<p>The <strong data-start=\"29\" data-end=\"56\">HTS 95 G vacuum filling machine<\/strong> egy kompakt, megb\u00edzhat\u00f3 ipari t\u00f6lt\u0151berendez\u00e9s, alapmodell, amelyet els\u0151sorban kis- \u00e9s k\u00f6zepes h\u00fasipari \u00fczemek sz\u00e1m\u00e1ra fejlesztettek ki. A g\u00e9p rotoros adagol\u00f3rendszere \u00e9s stabil t\u00f6lt\u00e9si nyom\u00e1sa biztos\u00edtja az egyenletes, l\u00e9gmentes t\u00f6lt\u00e9st, ami kiv\u00e1l\u00f3 term\u00e9kmin\u0151s\u00e9get eredm\u00e9nyez. A berendez\u00e9s egyszer\u0171 kezelhet\u0151s\u00e9ge \u00e9s robusztus kialak\u00edt\u00e1sa ide\u00e1liss\u00e1 teszi folyamatos, napi haszn\u00e1latra, k\u00fcl\u00f6n\u00f6sen kolb\u00e1sz- \u00e9s hurkaf\u00e9l\u00e9k gy\u00e1rt\u00e1s\u00e1n\u00e1l.<\/p>\n<p data-start=\"516\" data-end=\"544\"><strong data-start=\"516\" data-end=\"542\">Applications:<\/strong><\/p>\n<ul>\n<li data-start=\"546\" data-end=\"752\">H\u00fasiparban kolb\u00e1szok, virsli \u00e9s hurkaf\u00e9l\u00e9k folyamatos t\u00f6lt\u00e9se<\/li>\n<li data-start=\"754\" data-end=\"773\">H\u00fasp\u00e9pek \u00e9s dar\u00e1lt h\u00fas alap\u00fa term\u00e9kek adagol\u00e1sa<\/li>\n<li data-start=\"754\" data-end=\"773\">K\u00e9zm\u0171ves \u00e9s kis\u00fczemi feldolgoz\u00e1s<\/li>\n<li data-start=\"754\" data-end=\"773\">K\u00f6zepes kapacit\u00e1s\u00fa termel\u00e9s stabil kiszolg\u00e1l\u00e1sa<\/li>\n<\/ul>","protected":false},"featured_media":5424,"template":"","meta":{"_acf_changed":false,"_kad_post_transparent":"default","_kad_post_title":"","_kad_post_layout":"default","_kad_post_sidebar_id":"","_kad_post_content_style":"default","_kad_post_vertical_padding":"default","_kad_post_feature":"","_kad_post_feature_position":"","_kad_post_header":false,"_kad_post_footer":false,"_kad_post_classname":""},"pwb-brand":[],"product_brand":[1707],"product_cat":[1751,1739],"product_tag":[1870],"class_list":{"0":"post-2894","1":"product","2":"type-product","3":"status-publish","4":"has-post-thumbnail","6":"product_brand-hts","7":"product_cat-tolto-zarogepek","8":"product_cat-tovabbfeldolgozas","9":"product_tag-hts","11":"first","12":"instock","13":"shipping-taxable","14":"product-type-simple","15":"entry","16":"content-bg","17":"loop-entry"},"acf":[],"brands":[],"_links":{"self":[{"href":"https:\/\/kromiker.hu\/en\/wp-json\/wp\/v2\/product\/2894","targetHints":{"allow":["GET"]}}],"collection":[{"href":"https:\/\/kromiker.hu\/en\/wp-json\/wp\/v2\/product"}],"about":[{"href":"https:\/\/kromiker.hu\/en\/wp-json\/wp\/v2\/types\/product"}],"wp:featuredmedia":[{"embeddable":true,"href":"https:\/\/kromiker.hu\/en\/wp-json\/wp\/v2\/media\/5424"}],"wp:attachment":[{"href":"https:\/\/kromiker.hu\/en\/wp-json\/wp\/v2\/media?parent=2894"}],"wp:term":[{"taxonomy":"pwb-brand","embeddable":true,"href":"https:\/\/kromiker.hu\/en\/wp-json\/wp\/v2\/pwb-brand?post=2894"},{"taxonomy":"product_brand","embeddable":true,"href":"https:\/\/kromiker.hu\/en\/wp-json\/wp\/v2\/product_brand?post=2894"},{"taxonomy":"product_cat","embeddable":true,"href":"https:\/\/kromiker.hu\/en\/wp-json\/wp\/v2\/product_cat?post=2894"},{"taxonomy":"product_tag","embeddable":true,"href":"https:\/\/kromiker.hu\/en\/wp-json\/wp\/v2\/product_tag?post=2894"}],"curies":[{"name":"wp","href":"https:\/\/api.w.org\/{rel}","templated":true}]}}