{"id":2906,"date":"2025-10-15T16:25:52","date_gmt":"2025-10-15T14:25:52","guid":{"rendered":"https:\/\/halnoel1234-kmnuz.wpcomstaging.com\/?post_type=product&#038;p=2906"},"modified":"2026-03-30T21:03:15","modified_gmt":"2026-03-30T19:03:15","slug":"siebeck-frt-s-kotozogep","status":"publish","type":"product","link":"https:\/\/kromiker.hu\/en\/product\/siebeck-frt-s-kotozogep\/","title":{"rendered":"Siebeck FRT-S tying machine"},"content":{"rendered":"<p><strong>The basic model has the following features:<\/strong><\/p>\n<ul>\n<li><strong>F\u00e9l\u2011automata k\u00f6t\u00f6z\u0151 mechanika<\/strong> oldals\u00f3 k\u00f6t\u00f6z\u0151 egys\u00e9ggel a korr\u00f3zi\u00f3 elleni v\u00e9delemhez.<\/li>\n<li><strong>Kop\u00e1smentes szervo meghajt\u00e1sok \u00e9s kontaktmentes \u00e9rz\u00e9kel\u0151k<\/strong> a stabil \u00e9s hossz\u00fa t\u00e1v\u00fa \u00fczemhez.<\/li>\n<li><strong>V\u00e1laszthat\u00f3 k\u00f6t\u00f6z\u00e9si m\u00f3dok (1\u20134\u2011szeres, kereszt, folyamatos)<\/strong> a rugalmass\u00e1g \u00e9rdek\u00e9ben.<\/li>\n<li><strong>Nagy m\u00e9ret\u0171 spulni tart\u00f3<\/strong> a hosszabb \u00fczemid\u0151 \u00e9rdek\u00e9ben.<\/li>\n<li><strong>Kivehet\u0151 marad\u00e9kgy\u0171jt\u0151 t\u00e1lca<\/strong> higi\u00e9nikus munkav\u00e9gz\u00e9shez.<\/li>\n<\/ul>\n<p><strong>Accessories and optional accessories:<\/strong><\/p>\n<ul>\n<li><strong>K\u00fcl\u00f6nf\u00e9le k\u00f6t\u00f6z\u0151 zsin\u00f3rok \u00e9s spulnik<\/strong> (k\u00fcl\u00f6nb\u00f6z\u0151 anyagokb\u00f3l \u00e9s vastags\u00e1gban).<\/li>\n<li><strong>Integr\u00e1lt tartoz\u00e9kok a term\u00e9k\u2011bevezet\u0151 vagy \u2011vezet\u0151 szalagokhoz<\/strong> (ha a g\u00e9p r\u00e9sze egy sorba illesztett rendszernek).<\/li>\n<li><strong>Higi\u00e9niai kieg\u00e9sz\u00edt\u0151k<\/strong> \u2013 p\u00e9ld\u00e1ul takar\u00f3lemezek, k\u00f6nnyebb tiszt\u00edt\u00e1st seg\u00edt\u0151 elemek.<\/li>\n<li><strong>Szerviz\u2011 \u00e9s karbantart\u00e1si csomagok<\/strong> \u2013 rendszeres \u00e1tvizsg\u00e1l\u00e1sokhoz \u00e9s tartoz\u00e9k\u2011cser\u00e9khez.<\/li>\n<\/ul>","protected":false},"excerpt":{"rendered":"<p>The <strong>Siebeck FRT\u2011S<\/strong> an <strong>f\u00e9l\u2011automata h\u00fas\u2011k\u00f6t\u00f6z\u0151 g\u00e9p<\/strong> a n\u00e9met Siebeck v\u00e1llalatt\u00f3l, kifejezetten <strong>p\u00e1colt, marin\u00e1dolt vagy bevont h\u00fask\u00e9sz\u00edtm\u00e9nyekhez<\/strong> \u00e9s egy\u00e9b term\u00e9kekhez tervezve. A g\u00e9p oldals\u00f3 k\u00f6t\u00f6z\u0151 egys\u00e9ggel rendelkezik, ami cs\u00f6kkenti a <strong>k\u00f6t\u00f6z\u0151fej korr\u00f3zi\u00f3j\u00e1t \u00e9s szennyez\u0151d\u00e9s\u00e9t<\/strong>, p\u00e9ld\u00e1ul a p\u00e1c, marin\u00e1d vagy h\u00fasfeh\u00e9rje miatt. Ez a kialak\u00edt\u00e1s lehet\u0151v\u00e9 teszi <strong>z\u00f6lds\u00e9gek k\u00f6t\u00f6z\u00e9s\u00e9t<\/strong> is an\u00e9lk\u00fcl, hogy a k\u00e9sz\u00fcl\u00e9k megs\u00e9r\u00fclne.<\/p>\n<p><strong>Alkalmaz\u00e1si ter\u00fcletek<\/strong><\/p>\n<ul>\n<li><strong>H\u00fasfeldolgoz\u00f3 \u00fczemek \u00e9s v\u00e1g\u00f3hidak<\/strong> \u2013 k\u00fcl\u00f6n\u00f6sen p\u00e1colt vagy marin\u00e1dolt h\u00fasok nagyobb volumen\u0171 k\u00f6t\u00f6z\u00e9s\u00e9re.<\/li>\n<li><strong>Marhah\u00fas, sert\u00e9sh\u00fas, baromfi \u00e9s egy\u00e9b h\u00fask\u00e9sz\u00edtm\u00e9nyek<\/strong> k\u00f6t\u00f6z\u00e9se a termel\u00e9si folyamatban.<\/li>\n<li><strong>Kereskedelmi h\u00fasfeldolgoz\u00e1s \u00e9s nagy konyhai egys\u00e9gek<\/strong>, ahol gyors, egys\u00e9ges k\u00f6t\u00f6z\u00e9s sz\u00fcks\u00e9ges.<\/li>\n<li><strong>Z\u00f6lds\u00e9gek \u00e9s m\u00e1s nem\u2011h\u00fas jelleg\u0171 term\u00e9kek<\/strong> k\u00f6t\u00f6z\u00e9se, ahol a szennyez\u0151d\u00e9s\u2011mentes k\u00f6t\u00f6z\u0151 egys\u00e9g el\u0151nye j\u00f3l kihaszn\u00e1lhat\u00f3.<\/li>\n<\/ul>","protected":false},"featured_media":4965,"template":"","meta":{"_acf_changed":false,"_kad_post_transparent":"default","_kad_post_title":"","_kad_post_layout":"default","_kad_post_sidebar_id":"","_kad_post_content_style":"default","_kad_post_vertical_padding":"default","_kad_post_feature":"","_kad_post_feature_position":"","_kad_post_header":false,"_kad_post_footer":false,"_kad_post_classname":""},"pwb-brand":[],"product_brand":[1692],"product_cat":[1755,1739],"product_tag":[1881],"class_list":{"0":"post-2906","1":"product","2":"type-product","3":"status-publish","4":"has-post-thumbnail","6":"product_brand-siebeck","7":"product_cat-kotozo-fuzogepek","8":"product_cat-tovabbfeldolgozas","9":"product_tag-siebeck","11":"first","12":"instock","13":"shipping-taxable","14":"product-type-simple","15":"entry","16":"content-bg","17":"loop-entry"},"acf":[],"brands":[],"_links":{"self":[{"href":"https:\/\/kromiker.hu\/en\/wp-json\/wp\/v2\/product\/2906","targetHints":{"allow":["GET"]}}],"collection":[{"href":"https:\/\/kromiker.hu\/en\/wp-json\/wp\/v2\/product"}],"about":[{"href":"https:\/\/kromiker.hu\/en\/wp-json\/wp\/v2\/types\/product"}],"wp:featuredmedia":[{"embeddable":true,"href":"https:\/\/kromiker.hu\/en\/wp-json\/wp\/v2\/media\/4965"}],"wp:attachment":[{"href":"https:\/\/kromiker.hu\/en\/wp-json\/wp\/v2\/media?parent=2906"}],"wp:term":[{"taxonomy":"pwb-brand","embeddable":true,"href":"https:\/\/kromiker.hu\/en\/wp-json\/wp\/v2\/pwb-brand?post=2906"},{"taxonomy":"product_brand","embeddable":true,"href":"https:\/\/kromiker.hu\/en\/wp-json\/wp\/v2\/product_brand?post=2906"},{"taxonomy":"product_cat","embeddable":true,"href":"https:\/\/kromiker.hu\/en\/wp-json\/wp\/v2\/product_cat?post=2906"},{"taxonomy":"product_tag","embeddable":true,"href":"https:\/\/kromiker.hu\/en\/wp-json\/wp\/v2\/product_tag?post=2906"}],"curies":[{"name":"wp","href":"https:\/\/api.w.org\/{rel}","templated":true}]}}