{"id":2908,"date":"2025-10-15T16:25:52","date_gmt":"2025-10-15T14:25:52","guid":{"rendered":"https:\/\/halnoel1234-kmnuz.wpcomstaging.com\/?post_type=product&#038;p=2908"},"modified":"2026-03-30T20:54:52","modified_gmt":"2026-03-30T18:54:52","slug":"brokelmann-ka10-fozoust","status":"publish","type":"product","link":"https:\/\/kromiker.hu\/en\/product\/brokelmann-ka10-fozoust\/","title":{"rendered":"Brokelmann KA10 cooking smoke"},"content":{"rendered":"<p><strong>Main features:<\/strong><\/p>\n<ul>\n<li>Indirekt f\u0171t\u00e9s\u0171, duplafal\u00fa (szigetelt) tart\u00e1lykialak\u00edt\u00e1s<\/li>\n<li>Egyenletes h\u0151eloszl\u00e1s a term\u00e9k min\u0151s\u00e9g\u00e9nek meg\u0151rz\u00e9s\u00e9hez<\/li>\n<li>\u00a0Rozsdamentes ac\u00e9l, ipari kivitel<\/li>\n<li>Energiahat\u00e9kony m\u0171k\u00f6d\u00e9s<\/li>\n<li>Higi\u00e9nikus, k\u00f6nnyen tiszt\u00edthat\u00f3 fel\u00fcletek<\/li>\n<\/ul>\n<p><strong>The basic model has the following features:<\/strong><\/p>\n<ul>\n<li>Rozsdamentes ac\u00e9l f\u0151z\u0151tart\u00e1ly<\/li>\n<li>Indirekt f\u0171t\u00e9si rendszer (glicerinnel)<\/li>\n<li>Ipari kivitel\u0171 v\u00e1z \u00e9s burkolat<\/li>\n<li>Kimeneti szelep (leereszt\u00e9shez)<\/li>\n<li>Elektromos csatlakoz\u00e1s<\/li>\n<\/ul>\n<p><strong>Accessories and optional accessories:<\/strong><\/p>\n<ul>\n<li>\u00a0H\u0151m\u00e9rs\u00e9klet-szab\u00e1lyoz\u00f3 rendszer<\/li>\n<li>Egyedi m\u00e9ret- \u00e9s kapacit\u00e1sv\u00e1ltozatok<\/li>\n<li>\u00a0Kerekes kivitel mobil haszn\u00e1lathoz<\/li>\n<\/ul>","protected":false},"excerpt":{"rendered":"<p>The <strong>Br\u00f6kelmann K10 f\u0151z\u0151\u00fcst<\/strong> egy ipari kivitel\u0171, elektromos f\u0171t\u00e9s\u0171 f\u0151z\u0151berendez\u00e9s, amelyet \u00e9lelmiszeripari felhaszn\u00e1l\u00e1sra, k\u00fcl\u00f6n\u00f6sen h\u00fasipari \u00e9s konyhatechnol\u00f3giai alkalmaz\u00e1sokhoz terveztek. A duplafal\u00fa, szigetelt kialak\u00edt\u00e1s biztos\u00edtja az egyenletes h\u0151eloszl\u00e1st \u00e9s a hat\u00e9kony energiafelhaszn\u00e1l\u00e1st, mik\u00f6zben megakad\u00e1lyozza a term\u00e9k le\u00e9g\u00e9s\u00e9t. A robusztus, rozsdamentes ac\u00e9l szerkezet hossz\u00fa \u00e9lettartamot \u00e9s magas higi\u00e9niai szintet garant\u00e1l ipari k\u00f6rnyezetben.<\/p>\n<p><strong>Applications:<\/strong><\/p>\n<ul>\n<li>H\u00fasiparban f\u0151z\u00e9s, el\u0151f\u0151z\u00e9s \u00e9s h\u0151kezel\u00e9s (pl. kolb\u00e1szalap, h\u00fasp\u00e9pek)<\/li>\n<li>K\u00f6z\u00e9tkeztet\u00e9sben \u00e9s nagykonyh\u00e1kban levesek, sz\u00f3szok \u00e9s k\u00e9sz\u00e9telek el\u0151\u00e1ll\u00edt\u00e1sa<\/li>\n<li>\u00c9lelmiszeriparban paszt\u0151r\u00f6z\u00e9si \u00e9s h\u0151kezel\u00e9si folyamatok<\/li>\n<li>Z\u00f6lds\u00e9g- \u00e9s egy\u00e9b alapanyagok f\u0151z\u00e9se, feldolgoz\u00e1sa<\/li>\n<\/ul>","protected":false},"featured_media":5305,"template":"","meta":{"_acf_changed":false,"_kad_post_transparent":"default","_kad_post_title":"","_kad_post_layout":"default","_kad_post_sidebar_id":"","_kad_post_content_style":"default","_kad_post_vertical_padding":"default","_kad_post_feature":"","_kad_post_feature_position":"","_kad_post_header":false,"_kad_post_footer":false,"_kad_post_classname":""},"pwb-brand":[],"product_brand":[1702],"product_cat":[1765,1739],"product_tag":[1863],"class_list":{"0":"post-2908","1":"product","2":"type-product","3":"status-publish","4":"has-post-thumbnail","6":"product_brand-brokelmann","7":"product_cat-fozofustoloberendezesek","8":"product_cat-tovabbfeldolgozas","9":"product_tag-brokelmann","11":"first","12":"instock","13":"shipping-taxable","14":"product-type-simple","15":"entry","16":"content-bg","17":"loop-entry"},"acf":[],"brands":[],"_links":{"self":[{"href":"https:\/\/kromiker.hu\/en\/wp-json\/wp\/v2\/product\/2908","targetHints":{"allow":["GET"]}}],"collection":[{"href":"https:\/\/kromiker.hu\/en\/wp-json\/wp\/v2\/product"}],"about":[{"href":"https:\/\/kromiker.hu\/en\/wp-json\/wp\/v2\/types\/product"}],"wp:featuredmedia":[{"embeddable":true,"href":"https:\/\/kromiker.hu\/en\/wp-json\/wp\/v2\/media\/5305"}],"wp:attachment":[{"href":"https:\/\/kromiker.hu\/en\/wp-json\/wp\/v2\/media?parent=2908"}],"wp:term":[{"taxonomy":"pwb-brand","embeddable":true,"href":"https:\/\/kromiker.hu\/en\/wp-json\/wp\/v2\/pwb-brand?post=2908"},{"taxonomy":"product_brand","embeddable":true,"href":"https:\/\/kromiker.hu\/en\/wp-json\/wp\/v2\/product_brand?post=2908"},{"taxonomy":"product_cat","embeddable":true,"href":"https:\/\/kromiker.hu\/en\/wp-json\/wp\/v2\/product_cat?post=2908"},{"taxonomy":"product_tag","embeddable":true,"href":"https:\/\/kromiker.hu\/en\/wp-json\/wp\/v2\/product_tag?post=2908"}],"curies":[{"name":"wp","href":"https:\/\/api.w.org\/{rel}","templated":true}]}}