{"id":2909,"date":"2025-10-18T17:57:27","date_gmt":"2025-10-18T15:57:27","guid":{"rendered":"https:\/\/halnoel1234-kmnuz.wpcomstaging.com\/?post_type=product&#038;p=2909"},"modified":"2026-03-30T20:40:00","modified_gmt":"2026-03-30T18:40:00","slug":"beck-1-tc-asztali-klipszelo","status":"publish","type":"product","link":"https:\/\/kromiker.hu\/en\/product\/beck-1-tc-asztali-klipszelo\/","title":{"rendered":"Beck BCS200 SC stapler"},"content":{"rendered":"<p><strong>Main features:<\/strong><\/p>\n<ul>\n<li><strong>Egys\u00ednes klipszel\u00e9s:<\/strong> egyszer\u0171, gyors munkamenet, stabil z\u00e1r\u00e1si min\u0151s\u00e9g<\/li>\n<li><strong>Kompakt asztali kivitel:<\/strong> kis helyig\u00e9ny, gyors \u00fczembe helyez\u00e9s<\/li>\n<li><strong>T\u00f6bb klipszm\u00e9ret kezel\u00e9se:<\/strong> 5 k\u00fcl\u00f6nb\u00f6z\u0151 klipszm\u00e9ret a XE-CAA sorozatb\u00f3l<\/li>\n<li><strong>Manu\u00e1lis m\u0171k\u00f6d\u00e9s:<\/strong>\u00a0 j\u00f3l kontroll\u00e1lhat\u00f3 z\u00e1r\u00e1si ciklus<\/li>\n<li><strong>Ipari pneumatikus rendszer:<\/strong> \u00fczembiztos, ism\u00e9telhet\u0151 klipszz\u00e1r\u00e1s<\/li>\n<\/ul>\n<p><strong>The basic model has the following features:<\/strong><\/p>\n<ul>\n<li><strong>Asztali egys\u00ednes klipszel\u0151g\u00e9p (BCS-200SC)<\/strong> manu\u00e1lis \u00fczemm\u00f3ddal<\/li>\n<li><strong>Pneumatikus m\u0171k\u00f6dtet\u00e9s<\/strong> (\u00fczemi nyom\u00e1s: 6 bar)<\/li>\n<li><strong>Klipszt\u00e1r kapacit\u00e1s:<\/strong> 350 db<\/li>\n<li><strong>Ergonomikus, kompakt g\u00e9ptest<\/strong> munka\u00e1llom\u00e1sra optimaliz\u00e1lva<\/li>\n<\/ul>\n<p><strong>Accessories and optional accessories:<\/strong><\/p>\n<ul>\n<li><strong>Automatikus k\u00e9s<\/strong> (bal vagy jobb oldali kivitelben) \u2013 a felesleges anyagr\u00e9sz lev\u00e1g\u00e1s\u00e1hoz<\/li>\n<li><strong>Nyom\u00e1scs\u00f6kkent\u0151 (air pressure reducer)<\/strong><\/li>\n<li><strong>Automatikus kiold\u00f3 \/ trigger tasakz\u00e1r\u00e1shoz<\/strong> \u2013 BCS-SCA \/ BCS-SCA-H kivitelekhez<\/li>\n<li><strong>K\u00fcl\u00f6nb\u00f6z\u0151 kivitelek:<\/strong><br \/>\n\u2013 <strong>BCS-200SCA<\/strong> (automatikus kiold\u00f3val)<br \/>\n\u2013 <strong>BCS-200SC-H<\/strong> (horizont\u00e1lis modell)<br \/>\n\u2013 <strong>BCS-200SCA-H<\/strong> (horizont\u00e1lis + automatikus kiold\u00f3<\/li>\n<\/ul>","protected":false},"excerpt":{"rendered":"<p>The <strong data-start=\"272\" data-end=\"303\">BECK Clip Systems BCS-200SC<\/strong> egy kompakt, asztali kivitel\u0171 <strong data-start=\"334\" data-end=\"368\">egys\u00ednes (single) klipszel\u0151g\u00e9p<\/strong>, amelyet els\u0151sorban tasakok, b\u00e9lv\u00e9gek, burkolatok \u00e9s k\u00fcl\u00f6nf\u00e9le csomagol\u00f3anyagok <strong data-start=\"449\" data-end=\"481\">gyors, megb\u00edzhat\u00f3 lez\u00e1r\u00e1s\u00e1ra<\/strong> terveztek. A konstrukci\u00f3 l\u00e9nyege az egyszer\u0171, ergonomikus kezel\u00e9s \u00e9s az \u00e1lland\u00f3, reproduk\u00e1lhat\u00f3 klipszz\u00e1r\u00e1s, mik\u00f6zben a g\u00e9p kis helyig\u00e9ny\u00e9vel k\u00f6nnyen beilleszthet\u0151 el\u0151k\u00e9sz\u00edt\u0151- vagy csomagol\u00e1si munka\u00e1llom\u00e1sokba. A BCS-200SC <strong data-start=\"705\" data-end=\"725\">\u00f6t klipszm\u00e9retet<\/strong> kezel a <strong data-start=\"734\" data-end=\"744\">XE-CAA<\/strong> klipszcsal\u00e1db\u00f3l, \u00edgy t\u00f6bbf\u00e9le alkalmaz\u00e1shoz rugalmasan haszn\u00e1lhat\u00f3.<\/p>\n<p><strong>Applications:<\/strong><\/p>\n<ul>\n<li><strong>\u00c9lelmiszeripar \/ h\u00fasipar:<\/strong> term\u00e9kek v\u00e9gz\u00e1r\u00e1sa klipsszel (pl. b\u00e9lv\u00e9gek, csomagol\u00f3burkolatok)<\/li>\n<li><strong>Csomagol\u00e1stechnika:<\/strong> tasakok, zs\u00e1kok, h\u00e1l\u00f3k, f\u00f3lia-burkolatok gyors lez\u00e1r\u00e1sa<\/li>\n<\/ul>","protected":false},"featured_media":5009,"template":"","meta":{"_acf_changed":false,"_kad_post_transparent":"default","_kad_post_title":"","_kad_post_layout":"default","_kad_post_sidebar_id":"","_kad_post_content_style":"default","_kad_post_vertical_padding":"default","_kad_post_feature":"","_kad_post_feature_position":"","_kad_post_header":false,"_kad_post_footer":false,"_kad_post_classname":""},"pwb-brand":[],"product_brand":[1708],"product_cat":[1751,1739],"product_tag":[1861],"class_list":{"0":"post-2909","1":"product","2":"type-product","3":"status-publish","4":"has-post-thumbnail","6":"product_brand-beck-clip","7":"product_cat-tolto-zarogepek","8":"product_cat-tovabbfeldolgozas","9":"product_tag-beck-clip","11":"first","12":"instock","13":"shipping-taxable","14":"product-type-simple","15":"entry","16":"content-bg","17":"loop-entry"},"acf":[],"brands":[],"_links":{"self":[{"href":"https:\/\/kromiker.hu\/en\/wp-json\/wp\/v2\/product\/2909","targetHints":{"allow":["GET"]}}],"collection":[{"href":"https:\/\/kromiker.hu\/en\/wp-json\/wp\/v2\/product"}],"about":[{"href":"https:\/\/kromiker.hu\/en\/wp-json\/wp\/v2\/types\/product"}],"wp:featuredmedia":[{"embeddable":true,"href":"https:\/\/kromiker.hu\/en\/wp-json\/wp\/v2\/media\/5009"}],"wp:attachment":[{"href":"https:\/\/kromiker.hu\/en\/wp-json\/wp\/v2\/media?parent=2909"}],"wp:term":[{"taxonomy":"pwb-brand","embeddable":true,"href":"https:\/\/kromiker.hu\/en\/wp-json\/wp\/v2\/pwb-brand?post=2909"},{"taxonomy":"product_brand","embeddable":true,"href":"https:\/\/kromiker.hu\/en\/wp-json\/wp\/v2\/product_brand?post=2909"},{"taxonomy":"product_cat","embeddable":true,"href":"https:\/\/kromiker.hu\/en\/wp-json\/wp\/v2\/product_cat?post=2909"},{"taxonomy":"product_tag","embeddable":true,"href":"https:\/\/kromiker.hu\/en\/wp-json\/wp\/v2\/product_tag?post=2909"}],"curies":[{"name":"wp","href":"https:\/\/api.w.org\/{rel}","templated":true}]}}