{"id":2910,"date":"2025-10-15T16:25:53","date_gmt":"2025-10-15T14:25:53","guid":{"rendered":"https:\/\/halnoel1234-kmnuz.wpcomstaging.com\/?post_type=product&#038;p=2910"},"modified":"2026-03-30T20:40:00","modified_gmt":"2026-03-30T18:40:00","slug":"beck-90-sac-t1-felautomata-klipszelo","status":"publish","type":"product","link":"https:\/\/kromiker.hu\/en\/product\/beck-90-sac-t1-felautomata-klipszelo\/","title":{"rendered":"Beck BCS200 DC clipping tool"},"content":{"rendered":"<p><strong>Main features:<\/strong><\/p>\n<ul>\n<li data-start=\"799\" data-end=\"1147\">K\u00e9ts\u00ednes rendszer a gyors \u00e9s biztos lez\u00e1r\u00e1s \u00e9rdek\u00e9ben<\/li>\n<li data-start=\"1149\" data-end=\"1196\">Kompakt, asztali kivitel \u2013 kis helyig\u00e9ny<\/li>\n<li data-start=\"1149\" data-end=\"1196\">Pneumatikus m\u0171k\u00f6d\u00e9s, egyszer\u0171 \u00fczemeltet\u00e9s<\/li>\n<li data-start=\"1149\" data-end=\"1196\">Automatikus darabol\u00e1s klipszel\u00e9s k\u00f6z\u00f6tt<\/li>\n<li data-start=\"1149\" data-end=\"1196\">T\u00f6bbf\u00e9le klipszm\u00e9ret kezel\u00e9se (rugalmas felhaszn\u00e1l\u00e1s)<\/li>\n<li data-start=\"1149\" data-end=\"1196\">Rozsdamentes ac\u00e9l kivitel a magas higi\u00e9niai szint\u00e9rt<\/li>\n<\/ul>\n<p data-start=\"1149\" data-end=\"1196\"><strong data-start=\"1149\" data-end=\"1194\">The basic model has the following features:<\/strong><\/p>\n<ul>\n<li data-start=\"1198\" data-end=\"1395\">K\u00e9tklipszes z\u00e1r\u00f3egys\u00e9g<\/li>\n<li data-start=\"1397\" data-end=\"1440\">Pneumatikus m\u0171k\u00f6dtet\u00e9s<\/li>\n<li data-start=\"1397\" data-end=\"1440\">Be\u00e9p\u00edtett v\u00e1g\u00f3k\u00e9s<\/li>\n<li data-start=\"1397\" data-end=\"1440\">Klipszt\u00e1r (2 \u00d7 350 kapacit\u00e1s)<\/li>\n<li data-start=\"1397\" data-end=\"1440\">Alap vez\u00e9rl\u00e9s<\/li>\n<li data-start=\"1397\" data-end=\"1440\">Stainless steel structure<\/li>\n<\/ul>\n<p data-start=\"1397\" data-end=\"1440\"><strong data-start=\"1397\" data-end=\"1438\">Accessories and optional accessories:<\/strong><\/p>\n<ul>\n<li data-start=\"1442\" data-end=\"1765\">Automatikus hurkol\u00f3<\/li>\n<li data-start=\"1767\" data-end=\"1788\">Automatikus k\u00f6t\u00f6z\u0151 \/ madzag adagol\u00f3<\/li>\n<li data-start=\"1767\" data-end=\"1788\">Speci\u00e1lis k\u00e9s h\u00e1l\u00f3s csomagol\u00e1shoz<\/li>\n<li data-start=\"1767\" data-end=\"1788\">F\u00e9lautomata m\u0171k\u00f6d\u00e9sre b\u0151v\u00edthet\u0151 modulokkal<\/li>\n<li data-start=\"1767\" data-end=\"1788\">K\u00fcl\u00f6nb\u00f6z\u0151 t\u00f6lt\u0151cs\u0151 \u00e9s klipsz konfigur\u00e1ci\u00f3k<\/li>\n<\/ul>","protected":false},"excerpt":{"rendered":"<p>The <strong data-start=\"31\" data-end=\"50\">Beck BCS 200 DC<\/strong> egy asztali kivitel\u0171, k\u00e9ts\u00ednes (double clipper) berendez\u00e9s, amelyet kolb\u00e1szok, h\u00fask\u00e9sz\u00edtm\u00e9nyek \u00e9s egy\u00e9b t\u00f6lt\u00f6tt term\u00e9kek gyors \u00e9s megb\u00edzhat\u00f3 lez\u00e1r\u00e1s\u00e1ra fejlesztettek ki. A g\u00e9p pneumatikus m\u0171k\u00f6d\u00e9s\u0171, kompakt fel\u00e9p\u00edt\u00e9s\u00e9nek k\u00f6sz\u00f6nhet\u0151en kis helyig\u00e9ny mellett is nagy hat\u00e9konys\u00e1got biztos\u00edt. Alkalmas term\u00e9szetes \u00e9s m\u0171belek, valamint h\u00e1l\u00f3s csomagol\u00e1sok z\u00e1r\u00e1s\u00e1ra, mik\u00f6zben egyenletes, biztons\u00e1gos klipszel\u00e9st garant\u00e1l.<\/p>\n<p data-start=\"508\" data-end=\"536\"><strong data-start=\"508\" data-end=\"534\">Applications:<\/strong><\/p>\n<ul>\n<li data-start=\"538\" data-end=\"776\">H\u00fasiparban kolb\u00e1szok, virsli \u00e9s egy\u00e9b t\u00f6lt\u00f6tt term\u00e9kek lez\u00e1r\u00e1sa<\/li>\n<li data-start=\"778\" data-end=\"797\">H\u00e1l\u00f3s csomagol\u00e1s\u00fa term\u00e9kek (pl. sonk\u00e1k) r\u00f6gz\u00edt\u00e9se<\/li>\n<li data-start=\"778\" data-end=\"797\">K\u00e9zm\u0171ves \u00e9s ipari feldolgoz\u00e1s<\/li>\n<li data-start=\"778\" data-end=\"797\">\u00c9lelmiszeripari csomagol\u00e1si folyamatok<\/li>\n<li data-start=\"778\" data-end=\"797\">Kisebb \u00e9s k\u00f6zepes kapacit\u00e1s\u00fa \u00fczemek<\/li>\n<\/ul>","protected":false},"featured_media":5414,"template":"","meta":{"_acf_changed":false,"_kad_post_transparent":"default","_kad_post_title":"","_kad_post_layout":"default","_kad_post_sidebar_id":"","_kad_post_content_style":"default","_kad_post_vertical_padding":"default","_kad_post_feature":"","_kad_post_feature_position":"","_kad_post_header":false,"_kad_post_footer":false,"_kad_post_classname":""},"pwb-brand":[],"product_brand":[1708],"product_cat":[1751,1739],"product_tag":[1861],"class_list":{"0":"post-2910","1":"product","2":"type-product","3":"status-publish","4":"has-post-thumbnail","6":"product_brand-beck-clip","7":"product_cat-tolto-zarogepek","8":"product_cat-tovabbfeldolgozas","9":"product_tag-beck-clip","11":"first","12":"instock","13":"shipping-taxable","14":"product-type-simple","15":"entry","16":"content-bg","17":"loop-entry"},"acf":[],"brands":[],"_links":{"self":[{"href":"https:\/\/kromiker.hu\/en\/wp-json\/wp\/v2\/product\/2910","targetHints":{"allow":["GET"]}}],"collection":[{"href":"https:\/\/kromiker.hu\/en\/wp-json\/wp\/v2\/product"}],"about":[{"href":"https:\/\/kromiker.hu\/en\/wp-json\/wp\/v2\/types\/product"}],"wp:featuredmedia":[{"embeddable":true,"href":"https:\/\/kromiker.hu\/en\/wp-json\/wp\/v2\/media\/5414"}],"wp:attachment":[{"href":"https:\/\/kromiker.hu\/en\/wp-json\/wp\/v2\/media?parent=2910"}],"wp:term":[{"taxonomy":"pwb-brand","embeddable":true,"href":"https:\/\/kromiker.hu\/en\/wp-json\/wp\/v2\/pwb-brand?post=2910"},{"taxonomy":"product_brand","embeddable":true,"href":"https:\/\/kromiker.hu\/en\/wp-json\/wp\/v2\/product_brand?post=2910"},{"taxonomy":"product_cat","embeddable":true,"href":"https:\/\/kromiker.hu\/en\/wp-json\/wp\/v2\/product_cat?post=2910"},{"taxonomy":"product_tag","embeddable":true,"href":"https:\/\/kromiker.hu\/en\/wp-json\/wp\/v2\/product_tag?post=2910"}],"curies":[{"name":"wp","href":"https:\/\/api.w.org\/{rel}","templated":true}]}}