{"id":2915,"date":"2025-10-15T16:25:57","date_gmt":"2025-10-15T14:25:57","guid":{"rendered":"https:\/\/halnoel1234-kmnuz.wpcomstaging.com\/?post_type=product&#038;p=2915"},"modified":"2026-03-30T20:57:39","modified_gmt":"2026-03-30T18:57:39","slug":"sk-5000-sasliknyarsalo-gep","status":"publish","type":"product","link":"https:\/\/kromiker.hu\/en\/product\/sk-5000-sasliknyarsalo-gep\/","title":{"rendered":"SK-5000 saslik skewering machine"},"content":{"rendered":"<p>&nbsp;<\/p>\n<div style=\"width: 384px;\" class=\"wp-video\"><video class=\"wp-video-shortcode\" id=\"video-2915-1\" width=\"384\" height=\"864\" preload=\"metadata\" controls=\"controls\"><source type=\"video\/mp4\" src=\"https:\/\/kromiker.hu\/wp-content\/uploads\/2025\/10\/VID-20240131-WA0002.mp4?_=1\" \/><a href=\"https:\/\/kromiker.hu\/wp-content\/uploads\/2025\/10\/VID-20240131-WA0002.mp4\">https:\/\/kromiker.hu\/wp-content\/uploads\/2025\/10\/VID-20240131-WA0002.mp4<\/a><\/video><\/div>\n<p><strong>F\u0151 jellemz\u0151k<\/strong>:<\/p>\n<ul>\n<li>Teljesen automatikus m\u0171k\u00f6d\u00e9s<\/li>\n<li data-start=\"1148\" data-end=\"1333\">Pneumatikus adagol\u00f3rendszer<\/li>\n<li data-start=\"1148\" data-end=\"1333\">\u00c1ll\u00edthat\u00f3 ny\u00e1rshossz \u00e9s term\u00e9kelrendez\u00e9s<\/li>\n<li data-start=\"1148\" data-end=\"1333\">Stabil \u00e9s egyenletes term\u00e9kform\u00e1z\u00e1s<\/li>\n<li data-start=\"1148\" data-end=\"1333\">Rozsdamentes ac\u00e9l, higi\u00e9nikus kivitel<\/li>\n<li data-start=\"1148\" data-end=\"1333\">Ipari, folyamatos \u00fczemre tervezett konstrukci\u00f3<\/li>\n<\/ul>\n<p data-start=\"1148\" data-end=\"1333\"><strong>The basic model has the following features:<\/strong><\/p>\n<ul>\n<li>Automatikus p\u00e1lcaadagol\u00f3 rendszer<\/li>\n<li data-start=\"1335\" data-end=\"1598\">Pneumatikus m\u0171k\u00f6dtet\u00e9s<\/li>\n<li data-start=\"1335\" data-end=\"1598\">Ipari vez\u00e9rl\u0151panel<\/li>\n<li data-start=\"1335\" data-end=\"1598\">Rozsdamentes ac\u00e9l g\u00e9pv\u00e1z<\/li>\n<li data-start=\"1335\" data-end=\"1598\">Term\u00e9kkihord\u00f3 egys\u00e9g<\/li>\n<\/ul>\n<p data-start=\"1335\" data-end=\"1598\"><strong>Accessories and optional accessories:<\/strong><\/p>\n<ul>\n<li>K\u00fcl\u00f6nb\u00f6z\u0151 form\u00e1z\u00f3- \u00e9s adagol\u00f3 k\u00e9szletek<\/li>\n<li data-start=\"1600\" data-end=\"1617\">Elt\u00e9r\u0151 ny\u00e1rshosszhoz igaz\u00edtott kivitel<\/li>\n<li data-start=\"1600\" data-end=\"1617\">Integr\u00e1lhat\u00f3 bet\u00f6lt\u0151- \u00e9s kihord\u00f3szalag<\/li>\n<li data-start=\"1600\" data-end=\"1617\">Egyedi konfigur\u00e1ci\u00f3 nagyobb kapacit\u00e1shoz<\/li>\n<li data-start=\"1600\" data-end=\"1617\">Speci\u00e1lis tiszt\u00edt\u00f3 \u00e9s karbantart\u00f3 kieg\u00e9sz\u00edt\u0151k<\/li>\n<\/ul>","protected":false},"excerpt":{"rendered":"<p>The <strong>Gaser SK5000<\/strong> egy teljesen automatikus ipari saslik- \u00e9s ny\u00e1rsk\u00e9sz\u00edt\u0151 berendez\u00e9s, amelyet h\u00fasipari \u00e9s \u00e9lelmiszer-feldolgoz\u00f3 \u00fczemek nagy volumen\u0171 termel\u00e9s\u00e9re terveztek. A g\u00e9p lehet\u0151v\u00e9 teszi k\u00fcl\u00f6nb\u00f6z\u0151 alapanyagok \u2013 p\u00e9ld\u00e1ul sert\u00e9s-, marha-, baromfi- vagy ak\u00e1r z\u00f6lds\u00e9gterm\u00e9kek \u2013 gyors \u00e9s egyenletes ny\u00e1rsra form\u00e1z\u00e1s\u00e1t. Pneumatikus m\u0171k\u00f6dtet\u00e9s\u00e9nek \u00e9s prec\u00edz adagol\u00f3rendszer\u00e9nek k\u00f6sz\u00f6nhet\u0151en stabil, reproduk\u00e1lhat\u00f3 min\u0151s\u00e9get biztos\u00edt folyamatos \u00fczemben. Rozsdamentes ac\u00e9l kivitele higi\u00e9nikus, k\u00f6nnyen tiszt\u00edthat\u00f3, \u00edgy megfelel az ipari \u00e9lelmiszerbiztons\u00e1gi k\u00f6vetelm\u00e9nyeknek.<\/p>\n<p data-start=\"599\" data-end=\"887\"><strong>Applications:<\/strong><\/p>\n<ul>\n<li>H\u00fasipari \u00fczemekben saslikok \u00e9s grillny\u00e1rsak gy\u00e1rt\u00e1s\u00e1ra<\/li>\n<li>Kebab, shish kebab, brochette \u00e9s egy\u00e9b ny\u00e1rsas term\u00e9kek el\u0151\u00e1ll\u00edt\u00e1s\u00e1ra<\/li>\n<li>Baromfi-, sert\u00e9s-, marha- \u00e9s vegyes alapanyagok feldolgoz\u00e1s\u00e1ra<\/li>\n<li>Automatiz\u00e1lt gy\u00e1rt\u00f3sorokba integr\u00e1lt folyamatos termel\u00e9shez<\/li>\n<\/ul>","protected":false},"featured_media":5129,"template":"","meta":{"_acf_changed":false,"_kad_post_transparent":"default","_kad_post_title":"","_kad_post_layout":"default","_kad_post_sidebar_id":"","_kad_post_content_style":"default","_kad_post_vertical_padding":"default","_kad_post_feature":"","_kad_post_feature_position":"","_kad_post_header":false,"_kad_post_footer":false,"_kad_post_classname":""},"pwb-brand":[],"product_brand":[1696],"product_cat":[1752,1857,1739],"product_tag":[1866],"class_list":{"0":"post-2915","1":"product","2":"type-product","3":"status-publish","4":"has-post-thumbnail","6":"product_brand-gaser","7":"product_cat-saslikkeszito-gepek","8":"product_cat-szezonalis-termekgyarto-gepek","9":"product_cat-tovabbfeldolgozas","10":"product_tag-gaser","12":"first","13":"instock","14":"shipping-taxable","15":"product-type-simple","16":"entry","17":"content-bg","18":"loop-entry"},"acf":[],"brands":[],"_links":{"self":[{"href":"https:\/\/kromiker.hu\/en\/wp-json\/wp\/v2\/product\/2915","targetHints":{"allow":["GET"]}}],"collection":[{"href":"https:\/\/kromiker.hu\/en\/wp-json\/wp\/v2\/product"}],"about":[{"href":"https:\/\/kromiker.hu\/en\/wp-json\/wp\/v2\/types\/product"}],"wp:featuredmedia":[{"embeddable":true,"href":"https:\/\/kromiker.hu\/en\/wp-json\/wp\/v2\/media\/5129"}],"wp:attachment":[{"href":"https:\/\/kromiker.hu\/en\/wp-json\/wp\/v2\/media?parent=2915"}],"wp:term":[{"taxonomy":"pwb-brand","embeddable":true,"href":"https:\/\/kromiker.hu\/en\/wp-json\/wp\/v2\/pwb-brand?post=2915"},{"taxonomy":"product_brand","embeddable":true,"href":"https:\/\/kromiker.hu\/en\/wp-json\/wp\/v2\/product_brand?post=2915"},{"taxonomy":"product_cat","embeddable":true,"href":"https:\/\/kromiker.hu\/en\/wp-json\/wp\/v2\/product_cat?post=2915"},{"taxonomy":"product_tag","embeddable":true,"href":"https:\/\/kromiker.hu\/en\/wp-json\/wp\/v2\/product_tag?post=2915"}],"curies":[{"name":"wp","href":"https:\/\/api.w.org\/{rel}","templated":true}]}}