{"id":2918,"date":"2025-10-15T16:25:58","date_gmt":"2025-10-15T14:25:58","guid":{"rendered":"https:\/\/halnoel1234-kmnuz.wpcomstaging.com\/?post_type=product&#038;p=2918"},"modified":"2026-04-27T13:04:48","modified_gmt":"2026-04-27T11:04:48","slug":"xucla-m325zec-ladamoso-alagut","status":"publish","type":"product","link":"https:\/\/kromiker.hu\/en\/product\/xucla-m325zec-ladamoso-alagut\/","title":{"rendered":"Xucl\u00e1 300 UDSH 32Z l\u00e1damos\u00f3-alag\u00fat"},"content":{"rendered":"<p><strong>Main features:<\/strong><\/p>\n<ul>\n<li data-start=\"720\" data-end=\"1034\">Kompakt alagutas mos\u00f3rendszer<\/li>\n<li data-start=\"1036\" data-end=\"1083\">T\u00f6bbf\u00e1zis\u00fa tiszt\u00edt\u00e1s: mos\u00e1s + \u00f6bl\u00edt\u00e9s<\/li>\n<li data-start=\"1036\" data-end=\"1083\">Automatikus m\u0171k\u00f6d\u00e9s folyamatos \u00fczem mellett<\/li>\n<li data-start=\"1036\" data-end=\"1083\">Hat\u00e9kony f\u00fav\u00f3k\u00e1s mos\u00f3rendszer<\/li>\n<li data-start=\"1036\" data-end=\"1083\">Alacsony v\u00edz- \u00e9s energiafelhaszn\u00e1l\u00e1s<\/li>\n<li data-start=\"1036\" data-end=\"1083\">Stainless steel finish, hygienic design<\/li>\n<li data-start=\"1036\" data-end=\"1083\">K\u00f6nny\u0171 hozz\u00e1f\u00e9r\u00e9s tiszt\u00edt\u00e1shoz \u00e9s karbantart\u00e1shoz<\/li>\n<\/ul>\n<p data-start=\"1036\" data-end=\"1083\"><strong data-start=\"1036\" data-end=\"1081\">The basic model has the following features:<\/strong><\/p>\n<ul>\n<li data-start=\"1085\" data-end=\"1263\">Sz\u00e1ll\u00edt\u00f3l\u00e1ncos adagol\u00f3rendszer<\/li>\n<li>Mos\u00f3- \u00e9s \u00f6bl\u00edt\u0151 z\u00f3n\u00e1k<\/li>\n<li>Szivatty\u00fas v\u00edzkeringet\u0151 rendszer<\/li>\n<li>Elektromos v\u00edzf\u0171t\u00e9s<\/li>\n<li>Kezel\u0151panel<\/li>\n<li>Rozsdamentes ac\u00e9l g\u00e9pv\u00e1z \u00e9s burkolat<\/li>\n<\/ul>\n<p><strong>Accessories and optional accessories:<\/strong><\/p>\n<ul>\n<li data-start=\"1310\" data-end=\"1525\">Fert\u0151tlen\u00edt\u0151 (vegyszeradagol\u00f3) rendszer<\/li>\n<li data-start=\"1527\" data-end=\"1548\">Sz\u00e1r\u00edt\u00f3 egys\u00e9g (leveg\u0151k\u00e9s)<\/li>\n<li data-start=\"1527\" data-end=\"1548\">Fotocell\u00e1s \u00e9rz\u00e9kel\u0151 rendszer<\/li>\n<li data-start=\"1527\" data-end=\"1548\">G\u0151zelsz\u00edv\u00f3 egys\u00e9g<\/li>\n<li data-start=\"1527\" data-end=\"1548\">Frekvenciav\u00e1lt\u00f3s sz\u00e1ll\u00edt\u00f3szalag<\/li>\n<li data-start=\"1527\" data-end=\"1548\">Egyedi konfigur\u00e1ci\u00f3k k\u00fcl\u00f6nb\u00f6z\u0151 l\u00e1dam\u00e9retekhez<\/li>\n<\/ul>","protected":false},"excerpt":{"rendered":"<p><strong>Xucl\u00e0 32Z l\u00e1damos\u00f3<\/strong><\/p>\n<p data-start=\"22\" data-end=\"416\">The <strong data-start=\"24\" data-end=\"46\">Xucl\u00e0 32Z l\u00e1damos\u00f3<\/strong> egy kompakt, ipari kivitel\u0171 alagutas mos\u00f3berendez\u00e9s, amelyet \u00e9lelmiszeripari l\u00e1d\u00e1k, rekeszek \u00e9s egy\u00e9b t\u00e1rol\u00f3eszk\u00f6z\u00f6k hat\u00e9kony tiszt\u00edt\u00e1s\u00e1ra \u00e9s fert\u0151tlen\u00edt\u00e9s\u00e9re terveztek. A berendez\u00e9s folyamatos \u00fczem\u0171 m\u0171k\u00f6d\u00e9se \u00e9s t\u00f6bbf\u00e1zis\u00fa mos\u00e1si folyamata biztos\u00edtja a magas higi\u00e9niai szintet, mik\u00f6zben kis helyig\u00e9ny\u00e9vel ide\u00e1lis v\u00e1laszt\u00e1s kisebb \u00e9s k\u00f6zepes kapacit\u00e1s\u00fa \u00fczemek sz\u00e1m\u00e1ra.<\/p>\n<p data-start=\"418\" data-end=\"446\"><strong data-start=\"418\" data-end=\"444\">Applications:<\/strong><\/p>\n<ul>\n<li data-start=\"448\" data-end=\"697\">H\u00fas-, baromfi- \u00e9s \u00e9lelmiszeripari \u00fczemek l\u00e1datiszt\u00edt\u00e1sa<\/li>\n<li data-start=\"699\" data-end=\"718\">Feldolgoz\u00f3 \u00e9s csomagol\u00f3 sorok kiszolg\u00e1l\u00e1sa<\/li>\n<li data-start=\"699\" data-end=\"718\">Higi\u00e9niai kritikus ter\u00fcletek (HACCP, IFS k\u00f6rnyezet)<\/li>\n<li data-start=\"699\" data-end=\"718\">Visszaforg\u00f3 l\u00e1d\u00e1s logisztikai rendszerek<\/li>\n<li data-start=\"699\" data-end=\"718\">Kisebb \u00e9s k\u00f6zepes kapacit\u00e1s\u00fa termel\u00e9s<\/li>\n<\/ul>","protected":false},"featured_media":5686,"template":"","meta":{"_acf_changed":false,"_kad_post_transparent":"default","_kad_post_title":"","_kad_post_layout":"default","_kad_post_sidebar_id":"","_kad_post_content_style":"default","_kad_post_vertical_padding":"default","_kad_post_feature":"","_kad_post_feature_position":"","_kad_post_header":false,"_kad_post_footer":false,"_kad_post_classname":""},"pwb-brand":[],"product_brand":[1711],"product_cat":[1742,1784],"product_tag":[1882],"class_list":{"0":"post-2918","1":"product","2":"type-product","3":"status-publish","4":"has-post-thumbnail","6":"product_brand-xucla","7":"product_cat-higienia-mosas-fertotlenites","8":"product_cat-ladamoso-berendezesek","9":"product_tag-xucla","11":"first","12":"instock","13":"shipping-taxable","14":"product-type-simple","15":"entry","16":"content-bg","17":"loop-entry"},"acf":[],"brands":[],"_links":{"self":[{"href":"https:\/\/kromiker.hu\/en\/wp-json\/wp\/v2\/product\/2918","targetHints":{"allow":["GET"]}}],"collection":[{"href":"https:\/\/kromiker.hu\/en\/wp-json\/wp\/v2\/product"}],"about":[{"href":"https:\/\/kromiker.hu\/en\/wp-json\/wp\/v2\/types\/product"}],"wp:featuredmedia":[{"embeddable":true,"href":"https:\/\/kromiker.hu\/en\/wp-json\/wp\/v2\/media\/5686"}],"wp:attachment":[{"href":"https:\/\/kromiker.hu\/en\/wp-json\/wp\/v2\/media?parent=2918"}],"wp:term":[{"taxonomy":"pwb-brand","embeddable":true,"href":"https:\/\/kromiker.hu\/en\/wp-json\/wp\/v2\/pwb-brand?post=2918"},{"taxonomy":"product_brand","embeddable":true,"href":"https:\/\/kromiker.hu\/en\/wp-json\/wp\/v2\/product_brand?post=2918"},{"taxonomy":"product_cat","embeddable":true,"href":"https:\/\/kromiker.hu\/en\/wp-json\/wp\/v2\/product_cat?post=2918"},{"taxonomy":"product_tag","embeddable":true,"href":"https:\/\/kromiker.hu\/en\/wp-json\/wp\/v2\/product_tag?post=2918"}],"curies":[{"name":"wp","href":"https:\/\/api.w.org\/{rel}","templated":true}]}}