{"id":2920,"date":"2025-10-15T16:25:58","date_gmt":"2025-10-15T14:25:58","guid":{"rendered":"https:\/\/halnoel1234-kmnuz.wpcomstaging.com\/?post_type=product&#038;p=2920"},"modified":"2026-04-07T14:17:24","modified_gmt":"2026-04-07T12:17:24","slug":"csomagologepekhez-korkesek-stancolokesek","status":"publish","type":"product","link":"https:\/\/kromiker.hu\/en\/product\/csomagologepekhez-korkesek-stancolokesek\/","title":{"rendered":"Circular knives, punching knives for packaging machines"},"content":{"rendered":"<p><strong>Main features:<\/strong><\/p>\n<ul>\n<li data-start=\"823\" data-end=\"1131\">Prec\u00edz stancol\u00e1s \u00e9s v\u00e1g\u00e1s minim\u00e1lis t\u0171r\u00e9ssel<\/li>\n<li data-start=\"1133\" data-end=\"1180\">Tiszta, sorjamentes f\u00f3liav\u00e1g\u00e1s<\/li>\n<li data-start=\"1133\" data-end=\"1180\">Nagy \u00e9lettartam a pr\u00e9mium anyagoknak k\u00f6sz\u00f6nhet\u0151en<\/li>\n<li data-start=\"1133\" data-end=\"1180\">Magas ciklussz\u00e1m melletti stabil m\u0171k\u00f6d\u00e9s<\/li>\n<li data-start=\"1133\" data-end=\"1180\">Egyedi, g\u00e9pre szabott kialak\u00edt\u00e1s<\/li>\n<li data-start=\"1133\" data-end=\"1180\">Cs\u00f6kkentett selejt \u00e9s jobb csomagol\u00e1si min\u0151s\u00e9g<\/li>\n<\/ul>\n<p data-start=\"1133\" data-end=\"1180\"><strong data-start=\"1133\" data-end=\"1178\">The basic model has the following features:<\/strong><\/p>\n<ul>\n<li data-start=\"1182\" data-end=\"1405\">Prec\u00edzi\u00f3s stancol\u00f3k\u00e9s vagy komplett stancol\u00f3 egys\u00e9g<\/li>\n<li data-start=\"1407\" data-end=\"1450\">Edzett, nagy kop\u00e1s\u00e1ll\u00f3s\u00e1g\u00fa ac\u00e9l kivitel<\/li>\n<li data-start=\"1407\" data-end=\"1450\">Pontos kont\u00farv\u00e1g\u00f3 \u00e9lkialak\u00edt\u00e1s<\/li>\n<li data-start=\"1407\" data-end=\"1450\">Standard vagy egyedi r\u00f6gz\u00edt\u00e9si rendszer<\/li>\n<li data-start=\"1407\" data-end=\"1450\">Ipari haszn\u00e1latra optimaliz\u00e1lt geometria<\/li>\n<\/ul>\n<p data-start=\"1407\" data-end=\"1450\"><strong data-start=\"1407\" data-end=\"1448\">Accessories and optional accessories:<\/strong><\/p>\n<ul>\n<li data-start=\"1452\" data-end=\"1763\">Formav\u00e1g\u00f3 k\u00e9sek<\/li>\n<li data-start=\"1765\" data-end=\"1786\">Lyukaszt\u00f3 k\u00e9sek<\/li>\n<li data-start=\"1765\" data-end=\"1786\">K\u00f6rk\u00e9sek \u00e9s keresztv\u00e1g\u00f3 k\u00e9sek<\/li>\n<li data-start=\"1765\" data-end=\"1786\">Komplett stancol\u00f3 szersz\u00e1mok<\/li>\n<li data-start=\"1765\" data-end=\"1786\">Egyedi gy\u00e1rt\u00e1s konkr\u00e9t g\u00e9pt\u00edpushoz \u00e9s term\u00e9khez<\/li>\n<li data-start=\"1765\" data-end=\"1786\">Speci\u00e1lis bevonatok \u00e9s hosszabb \u00e9lettartam\u00fa kivitelek<\/li>\n<\/ul>","protected":false},"excerpt":{"rendered":"<p>The <strong data-start=\"58\" data-end=\"81\">Heder stancol\u00f3k\u00e9sek<\/strong> nagy pontoss\u00e1g\u00fa, ipari kivitel\u0171 v\u00e1g\u00f3- \u00e9s stancol\u00f3 eszk\u00f6z\u00f6k, amelyeket kifejezetten <strong data-start=\"165\" data-end=\"208\">termoform\u00e1z\u00f3 \u00e9s egy\u00e9b csomagol\u00f3g\u00e9pekhez<\/strong> fejlesztettek ki. A k\u00e9sek feladata a f\u00f3lia, fed\u0151f\u00f3lia vagy egy\u00e9b csomagol\u00f3anyagok prec\u00edz kiv\u00e1g\u00e1sa \u00e9s kont\u00faroz\u00e1sa, biztos\u00edtva az eszt\u00e9tikus \u00e9s pontos csomagol\u00e1st. A Heder eszk\u00f6z\u00f6k a legmodernebb gy\u00e1rt\u00e1stechnol\u00f3gi\u00e1val k\u00e9sz\u00fclnek, \u00edgy magas termel\u00e9kenys\u00e9get, hossz\u00fa \u00e9lettartamot \u00e9s \u00e1lland\u00f3 min\u0151s\u00e9get garant\u00e1lnak.<\/p>\n<p data-start=\"559\" data-end=\"587\"><strong data-start=\"559\" data-end=\"585\">Applications:<\/strong><\/p>\n<ul>\n<li data-start=\"589\" data-end=\"800\">Termoform\u00e1z\u00f3 csomagol\u00f3g\u00e9pek<\/li>\n<li data-start=\"802\" data-end=\"821\">T\u00e1lcaz\u00e1r\u00f3 \u00e9s v\u00e1kuumcsomagol\u00f3 rendszerek<\/li>\n<li data-start=\"802\" data-end=\"821\">F\u00f3lia- \u00e9s fed\u0151f\u00f3lia kiv\u00e1g\u00e1s<\/li>\n<li data-start=\"802\" data-end=\"821\">H\u00fas-, baromfi-, k\u00e9sz\u00e9tel- \u00e9s tengeri term\u00e9kek csomagol\u00e1sa<\/li>\n<li data-start=\"802\" data-end=\"821\">Ipari csomagol\u00f3 sorok<\/li>\n<\/ul>","protected":false},"featured_media":5541,"template":"","meta":{"_acf_changed":false,"_kad_post_transparent":"default","_kad_post_title":"","_kad_post_layout":"default","_kad_post_sidebar_id":"","_kad_post_content_style":"default","_kad_post_vertical_padding":"default","_kad_post_feature":"","_kad_post_feature_position":"","_kad_post_header":false,"_kad_post_footer":false,"_kad_post_classname":""},"pwb-brand":[],"product_brand":[1712],"product_cat":[1735,1744],"product_tag":[1868],"class_list":{"0":"post-2920","1":"product","2":"type-product","3":"status-publish","4":"has-post-thumbnail","6":"product_brand-heder","7":"product_cat-stancolokesek-lyukasztokesek","8":"product_cat-vagoeszkozok","9":"product_tag-heder","11":"first","12":"instock","13":"shipping-taxable","14":"product-type-simple","15":"entry","16":"content-bg","17":"loop-entry"},"acf":[],"brands":[],"_links":{"self":[{"href":"https:\/\/kromiker.hu\/en\/wp-json\/wp\/v2\/product\/2920","targetHints":{"allow":["GET"]}}],"collection":[{"href":"https:\/\/kromiker.hu\/en\/wp-json\/wp\/v2\/product"}],"about":[{"href":"https:\/\/kromiker.hu\/en\/wp-json\/wp\/v2\/types\/product"}],"wp:featuredmedia":[{"embeddable":true,"href":"https:\/\/kromiker.hu\/en\/wp-json\/wp\/v2\/media\/5541"}],"wp:attachment":[{"href":"https:\/\/kromiker.hu\/en\/wp-json\/wp\/v2\/media?parent=2920"}],"wp:term":[{"taxonomy":"pwb-brand","embeddable":true,"href":"https:\/\/kromiker.hu\/en\/wp-json\/wp\/v2\/pwb-brand?post=2920"},{"taxonomy":"product_brand","embeddable":true,"href":"https:\/\/kromiker.hu\/en\/wp-json\/wp\/v2\/product_brand?post=2920"},{"taxonomy":"product_cat","embeddable":true,"href":"https:\/\/kromiker.hu\/en\/wp-json\/wp\/v2\/product_cat?post=2920"},{"taxonomy":"product_tag","embeddable":true,"href":"https:\/\/kromiker.hu\/en\/wp-json\/wp\/v2\/product_tag?post=2920"}],"curies":[{"name":"wp","href":"https:\/\/api.w.org\/{rel}","templated":true}]}}