{"id":2926,"date":"2025-10-15T16:25:58","date_gmt":"2025-10-15T14:25:58","guid":{"rendered":"https:\/\/halnoel1234-kmnuz.wpcomstaging.com\/?post_type=product&#038;p=2926"},"modified":"2026-04-01T11:04:35","modified_gmt":"2026-04-01T09:04:35","slug":"be-kutterkesek-lyukakkal","status":"publish","type":"product","link":"https:\/\/kromiker.hu\/en\/product\/be-kutterkesek-lyukakkal\/","title":{"rendered":"BE cutter knives with holes"},"content":{"rendered":"<p><strong>Main features:<\/strong><\/p>\n<ul>\n<li data-start=\"807\" data-end=\"1095\">Furatos penge kialak\u00edt\u00e1s \u2013 jobb anyag\u00e1raml\u00e1s \u00e9s kevesebb tapad\u00e1s<\/li>\n<li data-start=\"1097\" data-end=\"1144\">Cs\u00f6kkentett h\u0151termel\u00e9s a kutterez\u00e9s sor\u00e1n<\/li>\n<li data-start=\"1097\" data-end=\"1144\">Kiv\u00e1l\u00f3 \u00e9lmegtart\u00e1s \u00e9s hossz\u00fa \u00e9lettartam<\/li>\n<li data-start=\"1097\" data-end=\"1144\">Prec\u00edz kiegyens\u00falyoz\u00e1s a vibr\u00e1ci\u00f3mentes m\u0171k\u00f6d\u00e9shez<\/li>\n<li data-start=\"1097\" data-end=\"1144\">Optimaliz\u00e1lt v\u00e1g\u00e1si geometria<\/li>\n<li data-start=\"1097\" data-end=\"1144\">Pr\u00e9mium min\u0151s\u00e9g\u0171 edzett ac\u00e9l kivitel<\/li>\n<\/ul>\n<p data-start=\"1097\" data-end=\"1144\"><strong data-start=\"1097\" data-end=\"1142\">The basic model has the following features:<\/strong><\/p>\n<ul>\n<li data-start=\"1146\" data-end=\"1334\">Furatos penge kialak\u00edt\u00e1s<\/li>\n<li data-start=\"1336\" data-end=\"1379\">Edzett speci\u00e1lis ac\u00e9l alapanyag<\/li>\n<li data-start=\"1336\" data-end=\"1379\">Prec\u00edzi\u00f3s k\u00f6sz\u00f6r\u00fclt \u00e9l<\/li>\n<li data-start=\"1336\" data-end=\"1379\">Pol\u00edrozott fel\u00fclet<\/li>\n<li data-start=\"1336\" data-end=\"1379\">Standard r\u00f6gz\u00edt\u00e9si rendszer<\/li>\n<li data-start=\"1336\" data-end=\"1379\">Kiegyens\u00falyozott kivitel<\/li>\n<\/ul>","protected":false},"excerpt":{"rendered":"<p>The <strong data-start=\"46\" data-end=\"101\">BE Maschinenmesser lyukakkal, furatos kutterk\u00e9sek<\/strong> speci\u00e1lisan kialak\u00edtott, pr\u00e9mium min\u0151s\u00e9g\u0171 v\u00e1g\u00f3eszk\u00f6z\u00f6k, amelyeket intenz\u00edv h\u00fasipari kutterez\u00e9si folyamatokhoz fejlesztettek ki. A peng\u00e9n kialak\u00edtott furatok cs\u00f6kkentik a l\u00e9gellen\u00e1ll\u00e1st \u00e9s a term\u00e9k tapad\u00e1s\u00e1t, ez\u00e1ltal jav\u00edtj\u00e1k az anyag\u00e1raml\u00e1st a kuttert\u00e9rben, cs\u00f6kkentik a h\u0151termel\u00e9st \u00e9s hat\u00e9konyabb apr\u00edt\u00e1st tesznek lehet\u0151v\u00e9. A kiv\u00e1l\u00f3 min\u0151s\u00e9g\u0171 ac\u00e9l \u00e9s a prec\u00edz gy\u00e1rt\u00e1stechnol\u00f3gia hossz\u00fa \u00e9lettartamot \u00e9s stabil term\u00e9kmin\u0151s\u00e9get biztos\u00edt.<\/p>\n<p data-start=\"540\" data-end=\"568\"><strong data-start=\"540\" data-end=\"566\">Applications:<\/strong><\/p>\n<ul>\n<li data-start=\"570\" data-end=\"784\">Emulzi\u00f3s h\u00fask\u00e9sz\u00edtm\u00e9nyek (virsli, p\u00e1rizsi) gy\u00e1rt\u00e1sa<\/li>\n<li data-start=\"786\" data-end=\"805\">Finomapr\u00edt\u00e1s \u00e9s homog\u00e9n massza el\u0151\u00e1ll\u00edt\u00e1sa<\/li>\n<li data-start=\"786\" data-end=\"805\">Nagy fordulatsz\u00e1m\u00fa ipari kutterek<\/li>\n<li data-start=\"786\" data-end=\"805\">Baromfi- \u00e9s halipari feldolgoz\u00e1s<\/li>\n<li data-start=\"786\" data-end=\"805\">H\u0151\u00e9rz\u00e9keny term\u00e9kek feldolgoz\u00e1sa<\/li>\n<\/ul>","protected":false},"featured_media":5512,"template":"","meta":{"_acf_changed":false,"_kad_post_transparent":"default","_kad_post_title":"","_kad_post_layout":"default","_kad_post_sidebar_id":"","_kad_post_content_style":"default","_kad_post_vertical_padding":"default","_kad_post_feature":"","_kad_post_feature_position":"","_kad_post_header":false,"_kad_post_footer":false,"_kad_post_classname":""},"pwb-brand":[],"product_brand":[1689],"product_cat":[1750,1744],"product_tag":[1860],"class_list":{"0":"post-2926","1":"product","2":"type-product","3":"status-publish","4":"has-post-thumbnail","6":"product_brand-be-maschinenmesser","7":"product_cat-kutterkesek","8":"product_cat-vagoeszkozok","9":"product_tag-be-maschinenmesser","11":"first","12":"instock","13":"shipping-taxable","14":"product-type-simple","15":"entry","16":"content-bg","17":"loop-entry"},"acf":[],"brands":[],"_links":{"self":[{"href":"https:\/\/kromiker.hu\/en\/wp-json\/wp\/v2\/product\/2926","targetHints":{"allow":["GET"]}}],"collection":[{"href":"https:\/\/kromiker.hu\/en\/wp-json\/wp\/v2\/product"}],"about":[{"href":"https:\/\/kromiker.hu\/en\/wp-json\/wp\/v2\/types\/product"}],"wp:featuredmedia":[{"embeddable":true,"href":"https:\/\/kromiker.hu\/en\/wp-json\/wp\/v2\/media\/5512"}],"wp:attachment":[{"href":"https:\/\/kromiker.hu\/en\/wp-json\/wp\/v2\/media?parent=2926"}],"wp:term":[{"taxonomy":"pwb-brand","embeddable":true,"href":"https:\/\/kromiker.hu\/en\/wp-json\/wp\/v2\/pwb-brand?post=2926"},{"taxonomy":"product_brand","embeddable":true,"href":"https:\/\/kromiker.hu\/en\/wp-json\/wp\/v2\/product_brand?post=2926"},{"taxonomy":"product_cat","embeddable":true,"href":"https:\/\/kromiker.hu\/en\/wp-json\/wp\/v2\/product_cat?post=2926"},{"taxonomy":"product_tag","embeddable":true,"href":"https:\/\/kromiker.hu\/en\/wp-json\/wp\/v2\/product_tag?post=2926"}],"curies":[{"name":"wp","href":"https:\/\/api.w.org\/{rel}","templated":true}]}}