{"id":2933,"date":"2025-10-15T16:25:59","date_gmt":"2025-10-15T14:25:59","guid":{"rendered":"https:\/\/halnoel1234-kmnuz.wpcomstaging.com\/?post_type=product&#038;p=2933"},"modified":"2026-04-01T11:25:11","modified_gmt":"2026-04-01T09:25:11","slug":"specialis-daralotarcsak-es-kesek","status":"publish","type":"product","link":"https:\/\/kromiker.hu\/en\/product\/specialis-daralotarcsak-es-kesek\/","title":{"rendered":"L&amp;W &#8222;Unger&#8221; dar\u00e1l\u00f3t\u00e1rcs\u00e1k"},"content":{"rendered":"<p><strong><span style=\"font-family: 'Poppins',serif\">Main features:<\/span><\/strong><\/p>\n<ul>\n<li data-start=\"772\" data-end=\"1062\"><span style=\"font-family: 'Poppins',serif\">UNGER rendszer\u0171 t\u00f6bbt\u00e1rcs\u00e1s apr\u00edt\u00e1si technol\u00f3gia<\/span><\/li>\n<li data-start=\"772\" data-end=\"1062\"><span style=\"font-family: 'Poppins',serif\">Pr\u00e9mium min\u0151s\u00e9g\u0171 edzett ac\u00e9l kivitel<\/span><\/li>\n<li data-start=\"772\" data-end=\"1062\"><span style=\"font-family: 'Poppins',serif\">Kiv\u00e1l\u00f3 kop\u00e1s\u00e1ll\u00f3s\u00e1g \u00e9s hossz\u00fa \u00e9lettartam<\/span><\/li>\n<li data-start=\"772\" data-end=\"1062\"><span style=\"font-family: 'Poppins',serif\">Prec\u00edz furatkioszt\u00e1s az egyenletes szemcsem\u00e9ret\u00e9rt<\/span><\/li>\n<li data-start=\"772\" data-end=\"1062\"><span style=\"font-family: 'Poppins',serif\">Nagy v\u00e1g\u00e1si teljes\u00edtm\u00e9ny \u00e9s hat\u00e9konys\u00e1g<\/span><\/li>\n<li data-start=\"772\" data-end=\"1062\"><span style=\"font-family: 'Poppins',serif\">Sz\u00e9les kompatibilit\u00e1s k\u00fcl\u00f6nb\u00f6z\u0151 dar\u00e1l\u00f3t\u00edpusokkal<\/span><\/li>\n<\/ul>","protected":false},"excerpt":{"rendered":"<p><span style=\"font-family: 'Poppins',serif\">The <strong data-start=\"42\" data-end=\"82\">Lumbeck &amp; Wolter UNGER dar\u00e1l\u00f3t\u00e1rcs\u00e1k<\/strong> pr\u00e9mium min\u0151s\u00e9g\u0171, ipari felhaszn\u00e1l\u00e1sra tervezett v\u00e1g\u00f3elemek, amelyek h\u00fasipari dar\u00e1l\u00f3kban biztos\u00edtj\u00e1k a pontos \u00e9s hat\u00e9kony apr\u00edt\u00e1st. A kiv\u00e1l\u00f3 min\u0151s\u00e9g\u0171 edzett ac\u00e9lb\u00f3l gy\u00e1rtott t\u00e1rcs\u00e1k nagy kop\u00e1s\u00e1ll\u00f3s\u00e1got, hossz\u00fa \u00e9lettartamot \u00e9s \u00e1lland\u00f3 v\u00e1g\u00e1si teljes\u00edtm\u00e9nyt garant\u00e1lnak. Az UNGER rendszer\u0171 t\u00f6bbt\u00e1rcs\u00e1s kialak\u00edt\u00e1s lehet\u0151v\u00e9 teszi a fokozatos apr\u00edt\u00e1st, amely egyenletes szemcsem\u00e9retet \u00e9s kiv\u00e1l\u00f3 term\u00e9kmin\u0151s\u00e9get eredm\u00e9nyez .K\u00e9tf\u00e9le anyagmin\u0151s\u00e9gben \u00e9rhet\u0151k el: edzett k\u00e9sac\u00e9l, valamint INOX rozsdamentes ac\u00e9l kivitelben<\/span><\/p>\n<p data-start=\"503\" data-end=\"531\"><strong data-start=\"503\" data-end=\"529\"><span style=\"font-family: 'Poppins',serif\">Applications:<\/span><\/strong><\/p>\n<p data-start=\"533\" data-end=\"749\"><span style=\"font-family: 'Poppins',serif\">\u2022 H\u00fasiparban friss \u00e9s fagyasztott h\u00fas dar\u00e1l\u00e1sa<br data-start=\"579\" data-end=\"582\" \/>\u2022 Kolb\u00e1sz-, dar\u00e1lt h\u00fas \u00e9s h\u00fask\u00e9sz\u00edtm\u00e9nyek el\u0151\u00e1ll\u00edt\u00e1sa<br data-start=\"635\" data-end=\"638\" \/>\u2022 Baromfi- \u00e9s halipari feldolgoz\u00e1s<br data-start=\"672\" data-end=\"675\" \/>\u2022 Ipari \u00e9s k\u00e9zm\u0171ves h\u00fasfeldolgoz\u00e1s<br data-start=\"709\" data-end=\"712\" \/>\u2022 T\u00f6bbl\u00e9pcs\u0151s apr\u00edt\u00e1si technol\u00f3gi\u00e1k<\/span><\/p>","protected":false},"featured_media":5514,"template":"","meta":{"_acf_changed":false,"_kad_post_transparent":"default","_kad_post_title":"","_kad_post_layout":"default","_kad_post_sidebar_id":"","_kad_post_content_style":"default","_kad_post_vertical_padding":"default","_kad_post_feature":"","_kad_post_feature_position":"","_kad_post_header":false,"_kad_post_footer":false,"_kad_post_classname":""},"product_brand":[1689],"product_cat":[1775,1744],"product_tag":[1860],"class_list":{"0":"post-2933","1":"product","2":"type-product","3":"status-publish","4":"has-post-thumbnail","6":"product_brand-be-maschinenmesser","7":"product_cat-daralotarcsak-daralokesek","8":"product_cat-vagoeszkozok","9":"product_tag-be-maschinenmesser","11":"first","12":"instock","13":"shipping-taxable","14":"product-type-simple","15":"entry","16":"content-bg","17":"loop-entry"},"acf":[],"_links":{"self":[{"href":"https:\/\/kromiker.hu\/en\/wp-json\/wp\/v2\/product\/2933","targetHints":{"allow":["GET"]}}],"collection":[{"href":"https:\/\/kromiker.hu\/en\/wp-json\/wp\/v2\/product"}],"about":[{"href":"https:\/\/kromiker.hu\/en\/wp-json\/wp\/v2\/types\/product"}],"wp:featuredmedia":[{"embeddable":true,"href":"https:\/\/kromiker.hu\/en\/wp-json\/wp\/v2\/media\/5514"}],"wp:attachment":[{"href":"https:\/\/kromiker.hu\/en\/wp-json\/wp\/v2\/media?parent=2933"}],"wp:term":[{"taxonomy":"product_brand","embeddable":true,"href":"https:\/\/kromiker.hu\/en\/wp-json\/wp\/v2\/product_brand?post=2933"},{"taxonomy":"product_cat","embeddable":true,"href":"https:\/\/kromiker.hu\/en\/wp-json\/wp\/v2\/product_cat?post=2933"},{"taxonomy":"product_tag","embeddable":true,"href":"https:\/\/kromiker.hu\/en\/wp-json\/wp\/v2\/product_tag?post=2933"}],"curies":[{"name":"wp","href":"https:\/\/api.w.org\/{rel}","templated":true}]}}