{"id":2950,"date":"2025-10-15T16:26:04","date_gmt":"2025-10-15T14:26:04","guid":{"rendered":"https:\/\/halnoel1234-kmnuz.wpcomstaging.com\/?post_type=product&#038;p=2950"},"modified":"2026-03-30T21:01:24","modified_gmt":"2026-03-30T19:01:24","slug":"pss-m1200-finomaprito-mikrokutter","status":"publish","type":"product","link":"https:\/\/kromiker.hu\/en\/product\/pss-m1200-finomaprito-mikrokutter\/","title":{"rendered":"PSS M1200\/4000\/6000 fine shredder micro-cutters"},"content":{"rendered":"<p><strong>Main features:<\/strong><\/p>\n<ul>\n<li data-start=\"977\" data-end=\"1503\">K\u00e9tl\u00e9pcs\u0151s v\u00e1g\u00f3rendszer a rendk\u00edv\u00fcl finom szemcsem\u00e9ret\u00e9rt<\/li>\n<li data-start=\"1505\" data-end=\"1552\">Folyamatos \u00fczem\u0171 m\u0171k\u00f6d\u00e9s a nagy kapacit\u00e1s \u00e9rdek\u00e9ben<\/li>\n<li data-start=\"1505\" data-end=\"1552\">Alacsony bet\u00f6lt\u00e9si magass\u00e1g\u00fa garat az egyszer\u0171 adagol\u00e1shoz<\/li>\n<li data-start=\"1505\" data-end=\"1552\">Forgathat\u00f3 \u00e9s \u00e1ll\u00edthat\u00f3 kimeneti cs\u0151 a gyors \u00fcr\u00edt\u00e9shez<\/li>\n<li data-start=\"1505\" data-end=\"1552\">Digit\u00e1lis h\u0151m\u00e9rs\u00e9klet-\u00e9rz\u00e9kel\u00e9s a term\u00e9k ellen\u0151rz\u00e9s\u00e9re<\/li>\n<li data-start=\"1505\" data-end=\"1552\">Higi\u00e9nikus, pol\u00edrozott rozsdamentes ac\u00e9l kivitel, k\u00f6nny\u0171 tiszt\u00edthat\u00f3s\u00e1g<\/li>\n<\/ul>\n<p data-start=\"1505\" data-end=\"1552\"><strong data-start=\"1505\" data-end=\"1550\">The basic model has the following features:<\/strong><\/p>\n<ul>\n<li data-start=\"1554\" data-end=\"1747\">K\u00e9tl\u00e9pcs\u0151s v\u00e1g\u00f3- \u00e9s emulge\u00e1l\u00f3 egys\u00e9g<\/li>\n<li data-start=\"1749\" data-end=\"1792\">Be\u00e9p\u00edtett adagol\u00f3 garat<\/li>\n<li data-start=\"1749\" data-end=\"1792\">Forgathat\u00f3 kimeneti cs\u0151<\/li>\n<li data-start=\"1749\" data-end=\"1792\">Digit\u00e1lis h\u0151m\u00e9rs\u00e9klet-\u00e9rz\u00e9kel\u0151<\/li>\n<li data-start=\"1749\" data-end=\"1792\">Egyszer\u0171 kezel\u0151panel<\/li>\n<li data-start=\"1749\" data-end=\"1792\">Teljes rozsdamentes ac\u00e9l kivitel<\/li>\n<\/ul>\n<p data-start=\"1749\" data-end=\"1792\"><strong data-start=\"1749\" data-end=\"1790\">Accessories and optional accessories:<\/strong><\/p>\n<ul>\n<li data-start=\"1794\" data-end=\"2018\">K\u00fcl\u00f6nb\u00f6z\u0151 v\u00e1g\u00f3fej konfigur\u00e1ci\u00f3k k\u00fcl\u00f6nb\u00f6z\u0151 term\u00e9kekhez<\/li>\n<li>Integr\u00e1ci\u00f3 dar\u00e1l\u00f3kkal \u00e9s kever\u0151kkel<\/li>\n<li>Sz\u00e1ll\u00edt\u00f3szalagos adagol\u00e1s<\/li>\n<li>Komplett feldolgoz\u00f3 sorba illeszthet\u0151 kivitel<\/li>\n<li>Egyedi konfigur\u00e1ci\u00f3k speci\u00e1lis term\u00e9kekhez<\/li>\n<\/ul>","protected":false},"excerpt":{"rendered":"<p>The <strong data-start=\"56\" data-end=\"110\">PSS Svidn\u00edk M 1200, M 4000 \u00e9s M 6000 mikrokutterek<\/strong> folyamatos \u00fczem\u0171, nagy sebess\u00e9g\u0171 finomapr\u00edt\u00f3 \u00e9s emulge\u00e1l\u00f3 berendez\u00e9sek, amelyeket kifejezetten homog\u00e9n, kiv\u00e1l\u00f3 min\u0151s\u00e9g\u0171 \u00e9lelmiszeripari massz\u00e1k el\u0151\u00e1ll\u00edt\u00e1s\u00e1ra fejlesztettek ki. A g\u00e9pek k\u00e9tl\u00e9pcs\u0151s v\u00e1g\u00f3rendszerrel \u00e9s nagy fordulatsz\u00e1mmal dolgoznak, \u00edgy biztos\u00edtj\u00e1k a rendk\u00edv\u00fcl finom szemcsem\u00e9retet \u00e9s az egyenletes term\u00e9kszerkezetet. A konstrukci\u00f3 lehet\u0151v\u00e9 teszi nemcsak h\u00fas, hanem p\u00e1st\u00e9tomok, kr\u00e9mek, sz\u00f3szok, valamint z\u00f6lds\u00e9g- \u00e9s gy\u00fcm\u00f6lcsalap\u00fa term\u00e9kek feldolgoz\u00e1s\u00e1t is.<\/p>\n<p data-start=\"622\" data-end=\"650\"><strong data-start=\"622\" data-end=\"648\">Applications:<\/strong><\/p>\n<ul>\n<li data-start=\"652\" data-end=\"954\">H\u00fasiparban finom emulzi\u00f3k (virsli, p\u00e1rizsi, h\u00fasp\u00e9pek) el\u0151\u00e1ll\u00edt\u00e1sa<\/li>\n<li data-start=\"956\" data-end=\"975\">P\u00e1st\u00e9tomok, kr\u00e9mek \u00e9s kenhet\u0151 term\u00e9kek gy\u00e1rt\u00e1sa<\/li>\n<li data-start=\"956\" data-end=\"975\">Baromfi-, sert\u00e9s- \u00e9s marhah\u00fas finomapr\u00edt\u00e1sa<\/li>\n<li data-start=\"956\" data-end=\"975\">Z\u00f6lds\u00e9g- \u00e9s gy\u00fcm\u00f6lcsfeldolgoz\u00e1s (p\u00fcr\u00e9k, vel\u0151k, koncentr\u00e1tumok)<\/li>\n<li data-start=\"956\" data-end=\"975\">Sz\u00f3szok \u00e9s egy\u00e9b homog\u00e9n \u00e9lelmiszeripari term\u00e9kek el\u0151\u00e1ll\u00edt\u00e1sa<\/li>\n<\/ul>","protected":false},"featured_media":5403,"template":"","meta":{"_acf_changed":false,"_kad_post_transparent":"default","_kad_post_title":"","_kad_post_layout":"default","_kad_post_sidebar_id":"","_kad_post_content_style":"default","_kad_post_vertical_padding":"default","_kad_post_feature":"","_kad_post_feature_position":"","_kad_post_header":false,"_kad_post_footer":false,"_kad_post_classname":""},"pwb-brand":[],"product_brand":[1706],"product_cat":[1749,1739],"product_tag":[1876],"class_list":{"0":"post-2950","1":"product","2":"type-product","3":"status-publish","4":"has-post-thumbnail","6":"product_brand-pss-svidnik-a-s","7":"product_cat-kutterek-mikrokutterek-finomapritok","8":"product_cat-tovabbfeldolgozas","9":"product_tag-pss-svidnik-as","11":"first","12":"instock","13":"shipping-taxable","14":"product-type-simple","15":"entry","16":"content-bg","17":"loop-entry"},"acf":[],"brands":[],"_links":{"self":[{"href":"https:\/\/kromiker.hu\/en\/wp-json\/wp\/v2\/product\/2950","targetHints":{"allow":["GET"]}}],"collection":[{"href":"https:\/\/kromiker.hu\/en\/wp-json\/wp\/v2\/product"}],"about":[{"href":"https:\/\/kromiker.hu\/en\/wp-json\/wp\/v2\/types\/product"}],"wp:featuredmedia":[{"embeddable":true,"href":"https:\/\/kromiker.hu\/en\/wp-json\/wp\/v2\/media\/5403"}],"wp:attachment":[{"href":"https:\/\/kromiker.hu\/en\/wp-json\/wp\/v2\/media?parent=2950"}],"wp:term":[{"taxonomy":"pwb-brand","embeddable":true,"href":"https:\/\/kromiker.hu\/en\/wp-json\/wp\/v2\/pwb-brand?post=2950"},{"taxonomy":"product_brand","embeddable":true,"href":"https:\/\/kromiker.hu\/en\/wp-json\/wp\/v2\/product_brand?post=2950"},{"taxonomy":"product_cat","embeddable":true,"href":"https:\/\/kromiker.hu\/en\/wp-json\/wp\/v2\/product_cat?post=2950"},{"taxonomy":"product_tag","embeddable":true,"href":"https:\/\/kromiker.hu\/en\/wp-json\/wp\/v2\/product_tag?post=2950"}],"curies":[{"name":"wp","href":"https:\/\/api.w.org\/{rel}","templated":true}]}}