{"id":2951,"date":"2025-10-15T16:26:04","date_gmt":"2025-10-15T14:26:04","guid":{"rendered":"https:\/\/halnoel1234-kmnuz.wpcomstaging.com\/?post_type=product&#038;p=2951"},"modified":"2026-03-30T21:01:24","modified_gmt":"2026-03-30T19:01:24","slug":"pss-high-speed-k330v-vakuumkutter","status":"publish","type":"product","link":"https:\/\/kromiker.hu\/en\/product\/pss-high-speed-k330v-vakuumkutter\/","title":{"rendered":"PSS High-Speed K200 VF\/ K330 VF vacuum cutter"},"content":{"rendered":"<p><strong>Main features:<\/strong><\/p>\n<ul>\n<li data-start=\"885\" data-end=\"1288\">V\u00e1kuumos m\u0171k\u00f6d\u00e9s a leveg\u0151mentes, homog\u00e9n szerkezet\u00e9rt<\/li>\n<li>Nagy sebess\u00e9g\u0171 k\u00e9srendszer (120\u2013130 m\/s)<\/li>\n<li>Frekvenciav\u00e1lt\u00f3s vez\u00e9rl\u00e9s a pontos szab\u00e1lyozhat\u00f3s\u00e1g\u00e9rt<\/li>\n<li>Gyors bet\u00f6lt\u00e9s hidraulikus kocsiemel\u0151vel<\/li>\n<li>Gyors \u00e9s egyszer\u0171 \u00fcr\u00edt\u0151rendszer<\/li>\n<li>Alacsony zaj \u00e9s minim\u00e1lis mechanikai kop\u00e1s<\/li>\n<\/ul>\n<p><strong>The basic model has the following features:<\/strong><\/p>\n<ul>\n<li data-start=\"1339\" data-end=\"1565\">V\u00e1kuumrendszer (200 m\u00b3\/h)<\/li>\n<li data-start=\"1567\" data-end=\"1610\">Nagy teljes\u00edtm\u00e9ny\u0171 k\u00e9sfej<\/li>\n<li data-start=\"1567\" data-end=\"1610\">Frekvenciav\u00e1lt\u00f3s hajt\u00e1svez\u00e9rl\u00e9s<\/li>\n<li data-start=\"1567\" data-end=\"1610\">Hidraulikus emel\u0151 berendez\u00e9s<\/li>\n<li data-start=\"1567\" data-end=\"1610\">Automatikus \u00fcr\u00edt\u0151rendszer<\/li>\n<li data-start=\"1567\" data-end=\"1610\">Stainless steel finish<\/li>\n<\/ul>\n<p data-start=\"1567\" data-end=\"1610\"><strong data-start=\"1567\" data-end=\"1608\">Accessories and optional accessories:<\/strong><\/p>\n<ul>\n<li data-start=\"1612\" data-end=\"1929\">V\u00edzadagol\u00f3 rendszer<\/li>\n<li data-start=\"1931\" data-end=\"1952\">6 vagy 8 k\u00e9ses kivitel k\u00fcl\u00f6nb\u00f6z\u0151 term\u00e9kekhez<\/li>\n<li data-start=\"1931\" data-end=\"1952\">H\u0151m\u00e9rs\u00e9klet vagy fordulatsz\u00e1m alap\u00fa automatikus le\u00e1ll\u00edt\u00e1s<\/li>\n<li data-start=\"1931\" data-end=\"1952\">Speci\u00e1lis k\u00e9skialak\u00edt\u00e1sok (emulzi\u00f3hoz, sz\u00e1razkolb\u00e1szhoz stb.)<\/li>\n<li data-start=\"1931\" data-end=\"1952\">Integr\u00e1ci\u00f3 komplett feldolgoz\u00f3 sorba<\/li>\n<\/ul>","protected":false},"excerpt":{"rendered":"<p>The <strong data-start=\"51\" data-end=\"102\">PSS Svidn\u00edk K 200 VF \u00e9s K 330 VF v\u00e1kuumkutterek<\/strong> nagy teljes\u00edtm\u00e9ny\u0171, ipari finomapr\u00edt\u00f3 berendez\u00e9sek, amelyek v\u00e1kuumos technol\u00f3gi\u00e1val biztos\u00edtj\u00e1k a homog\u00e9n, leveg\u0151mentes term\u00e9kszerkezetet. A g\u00e9pek alkalmasak finom emulzi\u00f3k \u00e9s durv\u00e1bb strukt\u00far\u00e1j\u00fa term\u00e9kek el\u0151\u00e1ll\u00edt\u00e1s\u00e1ra is, mik\u00f6zben kiv\u00e1l\u00f3 v\u00e1g\u00e1si min\u0151s\u00e9get \u00e9s mindig azonos, recept\u00fara szerinti term\u00e9ket garant\u00e1lnak. A k\u00e9t modell azonos technol\u00f3giai alapokra \u00e9p\u00fcl, azonban elt\u00e9r\u0151 kapacit\u00e1sra \u00e9s gy\u00e1rt\u00e1si ig\u00e9nyekre optimaliz\u00e1lt.<\/p>\n<p data-start=\"547\" data-end=\"575\"><strong data-start=\"547\" data-end=\"573\">Applications:<\/strong><\/p>\n<ul>\n<li data-start=\"577\" data-end=\"862\">H\u00fasiparban emulzi\u00f3s term\u00e9kek (virsli, p\u00e1rizsi, felv\u00e1gottak) gy\u00e1rt\u00e1sa<\/li>\n<li>Durva \u00e9s finom dar\u00e1l\u00e1s ut\u00e1ni homogeniz\u00e1l\u00e1s \u00e9s kever\u00e9s<\/li>\n<li>Baromfi-, sert\u00e9s- \u00e9s marhah\u00fas feldolgoz\u00e1sa<\/li>\n<li>N\u00f6v\u00e9nyi alap\u00fa \u00e9s alternat\u00edv feh\u00e9rje term\u00e9kek el\u0151\u00e1ll\u00edt\u00e1sa<\/li>\n<li>Nagy\u00fczemi, folyamatos termel\u00e9si rendszerek<\/li>\n<li><strong>A K 200 VF<\/strong> ide\u00e1lis k\u00f6zepes kapacit\u00e1s\u00fa \u00fczemek sz\u00e1m\u00e1ra vagy kisebb adagm\u00e9retekhez,<\/li>\n<li><strong>A K 330 VF<\/strong> nagyobb adagokkal dolgozik, kevesebb ciklussal, \u00edgy hat\u00e9konyabb nagy\u00fczemi, folyamatos termel\u00e9sben<\/li>\n<\/ul>","protected":false},"featured_media":4720,"template":"","meta":{"_acf_changed":false,"_kad_post_transparent":"default","_kad_post_title":"","_kad_post_layout":"default","_kad_post_sidebar_id":"","_kad_post_content_style":"default","_kad_post_vertical_padding":"default","_kad_post_feature":"","_kad_post_feature_position":"","_kad_post_header":false,"_kad_post_footer":false,"_kad_post_classname":""},"pwb-brand":[],"product_brand":[1706],"product_cat":[1749,1739],"product_tag":[1876],"class_list":{"0":"post-2951","1":"product","2":"type-product","3":"status-publish","4":"has-post-thumbnail","6":"product_brand-pss-svidnik-a-s","7":"product_cat-kutterek-mikrokutterek-finomapritok","8":"product_cat-tovabbfeldolgozas","9":"product_tag-pss-svidnik-as","11":"first","12":"instock","13":"shipping-taxable","14":"product-type-simple","15":"entry","16":"content-bg","17":"loop-entry"},"acf":[],"brands":[],"_links":{"self":[{"href":"https:\/\/kromiker.hu\/en\/wp-json\/wp\/v2\/product\/2951","targetHints":{"allow":["GET"]}}],"collection":[{"href":"https:\/\/kromiker.hu\/en\/wp-json\/wp\/v2\/product"}],"about":[{"href":"https:\/\/kromiker.hu\/en\/wp-json\/wp\/v2\/types\/product"}],"wp:featuredmedia":[{"embeddable":true,"href":"https:\/\/kromiker.hu\/en\/wp-json\/wp\/v2\/media\/4720"}],"wp:attachment":[{"href":"https:\/\/kromiker.hu\/en\/wp-json\/wp\/v2\/media?parent=2951"}],"wp:term":[{"taxonomy":"pwb-brand","embeddable":true,"href":"https:\/\/kromiker.hu\/en\/wp-json\/wp\/v2\/pwb-brand?post=2951"},{"taxonomy":"product_brand","embeddable":true,"href":"https:\/\/kromiker.hu\/en\/wp-json\/wp\/v2\/product_brand?post=2951"},{"taxonomy":"product_cat","embeddable":true,"href":"https:\/\/kromiker.hu\/en\/wp-json\/wp\/v2\/product_cat?post=2951"},{"taxonomy":"product_tag","embeddable":true,"href":"https:\/\/kromiker.hu\/en\/wp-json\/wp\/v2\/product_tag?post=2951"}],"curies":[{"name":"wp","href":"https:\/\/api.w.org\/{rel}","templated":true}]}}