{"id":3909,"date":"2025-11-19T19:28:04","date_gmt":"2025-11-19T18:28:04","guid":{"rendered":"https:\/\/halnoel1234-kmnuz.wpcomstaging.com\/?post_type=product&#038;p=3909"},"modified":"2026-03-30T20:57:09","modified_gmt":"2026-03-30T18:57:09","slug":"freund-stun-e8-kabitoberendezes","status":"publish","type":"product","link":"https:\/\/kromiker.hu\/en\/product\/freund-stun-e8-kabitoberendezes\/","title":{"rendered":"Freund Stun E8 stunning equipment"},"content":{"rendered":"<p><strong>Elektronikus, nagyfrekvenci\u00e1s, \u00e1lland\u00f3 \u00e1ramer\u0151ss\u00e9g\u0171, h\u0171t\u00f6tt, (felh\u0151alap\u00fa) k\u00e1b\u00edt\u00f3 eszk\u00f6z ipari haszn\u00e1latra. Alkalmas \u00e1llatok k\u00e1b\u00edt\u00e1s\u00e1ra is k\u00e1b\u00edt\u00f3bokszban.<\/strong><\/p>\n<ul>\n<li>8 el\u0151re telep\u00edtett, k\u00e1b\u00edt\u00f3 program, egy\u00e9nileg testreszabhat\u00f3<\/li>\n<li>Can be expanded to up to 24 stun programs.<\/li>\n<li>40-character LCD display for real-time indication of program number, current, voltage, frequency and stunning time<\/li>\n<li>Line\u00e1ris frekvenciaemelked\u00e9s, hirtelen grad\u00e1ci\u00f3 n\u00e9lk\u00fcl<\/li>\n<li>Acoustic and visual notification of faults and end of stun cycle<\/li>\n<li>6 buttons for program selection and programming<\/li>\n<li>pneumatikus sz\u00edvelektr\u00f3da<\/li>\n<li>H\u00e1l\u00f3zati kompatibilis (Ethernet RJ45)<\/li>\n<li>M\u00e1sodik csatlakoz\u00f3aljzat k\u00fcl\u00f6n\u00e1ll\u00f3 sz\u00edvelektr\u00f3d\u00e1hoz<\/li>\n<li>A param\u00e9teradatk\u00e9szletek t\u00e1voli programoz\u00e1sa webes fel\u00fcleten kereszt\u00fcl lehets\u00e9ges<\/li>\n<li>Hozz\u00e1f\u00e9r\u00e9s a k\u00e1b\u00edt\u00e1si adatokhoz webes fel\u00fcleten kereszt\u00fcl napi\/heti\/havi statisztik\u00e1kkal<\/li>\n<li>Bels\u0151 adatt\u00e1rol\u00f3 tov\u00e1bbi biztons\u00e1gi ment\u00e9shez<\/li>\n<li>K\u00e9t k\u00e1b\u00edt\u00f3 k\u00e1b\u00edt\u00e1si adatainak \u00f6sszekapcsol\u00e1sa master\/slave vez\u00e9rl\u00e9ssel (egyetlen k\u00e1b\u00edt\u00e1si elj\u00e1r\u00e1s \u00f6sszes adata egyetlen diagramon)<\/li>\n<li>Vez\u00e9rl\u0151 kimenet pneumatikus k\u00e1b\u00edt\u00f3 csipeszhez \u00e9s pneumatikus sz\u00edvelektr\u00f3d\u00e1khoz<\/li>\n<\/ul>","protected":false},"excerpt":{"rendered":"<p>A <strong>Freund Stun E8<\/strong> egy cs\u00facskateg\u00f3ri\u00e1s, elektronikus vez\u00e9rl\u00e9s\u0171 k\u00e1b\u00edt\u00f3berendez\u00e9s, amelyet ipari felhaszn\u00e1l\u00e1sra \u00e9s nagy \u00e1tmen\u0151 forgalm\u00fa feldolgoz\u00f3 \u00fczemek sz\u00e1m\u00e1ra terveztek. <span class=\"citation-90 citation-end-90\">K\u00fcl\u00f6nlegess\u00e9ge a be\u00e9p\u00edtett h\u0171t\u00e9s \u00e9s a fejlett h\u00e1l\u00f3zati k\u00e9pess\u00e9g, amely lehet\u0151v\u00e9 teszi a k\u00e9t k\u00e1b\u00edt\u00f3k\u00e9sz\u00fcl\u00e9k \u00f6sszekapcsol\u00e1s\u00e1t Master\/Slave vez\u00e9rl\u00e9ssel<\/span>.<\/p>\n<ul>\n<li><b><span class=\"citation-89\">H\u00e1l\u00f3zati Master\/Slave Vez\u00e9rl\u00e9s:<\/span><\/b><span class=\"citation-89 citation-end-89\"> Lehet\u0151s\u00e9g van k\u00e9t k\u00e1b\u00edt\u00f3 k\u00e1b\u00edt\u00e1si adatainak \u00f6sszekapcsol\u00e1s\u00e1ra, \u00edgy egyetlen k\u00e1b\u00edt\u00e1si elj\u00e1r\u00e1s \u00f6sszes adata egyetlen diagramon l\u00e1that\u00f3<\/span>.<\/li>\n<li><b><span class=\"citation-88\">Kiemelt K\u00e9nyelem:<\/span><\/b><span class=\"citation-88 citation-end-88\"> 6 praktikus gomb \u00e1ll rendelkez\u00e9sre a programv\u00e1laszt\u00e1shoz \u00e9s a programoz\u00e1shoz<\/span>.<\/li>\n<li class=\"source-inline-chip-container ng-star-inserted\"><b>H\u00e1l\u00f3zati Kompatibilit\u00e1s:<\/b> Ethernet RJ45 csatlakoz\u00f3val rendelkezik. <span class=\"citation-87 citation-end-87\">A param\u00e9teradatk\u00e9szletek t\u00e1voli programoz\u00e1sa \u00e9s statisztik\u00e1k lek\u00e9rdez\u00e9se webes fel\u00fcleten kereszt\u00fcl lehets\u00e9ges<\/span>.<\/li>\n<li><b><span class=\"citation-86\">Biztons\u00e1gos K\u00e1b\u00edt\u00e1s:<\/span><\/b><span class=\"citation-86 citation-end-86\"> Line\u00e1ris frekvenciaemelked\u00e9s a hirtelen grad\u00e1ci\u00f3 n\u00e9lk\u00fcl<\/span>. <span class=\"citation-85 citation-end-85\">Akusztikus \u00e9s vizu\u00e1lis jelz\u00e9s hib\u00e1k \u00e9s a k\u00e1b\u00edt\u00e1s v\u00e9ge eset\u00e9n<\/span>.<\/li>\n<li><b><span class=\"citation-84\">Programoz\u00e1s:<\/span><\/b><span class=\"citation-84 citation-end-84\"> 8 el\u0151re telep\u00edtett, egy\u00e9nileg testreszabhat\u00f3 k\u00e1b\u00edt\u00f3 program, ak\u00e1r 24-re is b\u0151v\u00edthet\u0151<\/span>.<\/li>\n<\/ul>","protected":false},"featured_media":3911,"template":"","meta":{"_acf_changed":false,"_kad_post_transparent":"default","_kad_post_title":"","_kad_post_layout":"default","_kad_post_sidebar_id":"","_kad_post_content_style":"default","_kad_post_vertical_padding":"default","_kad_post_feature":"","_kad_post_feature_position":"","_kad_post_header":false,"_kad_post_footer":false,"_kad_post_classname":""},"product_brand":[1703],"product_cat":[1771,1737],"product_tag":[1865],"class_list":{"0":"post-3909","1":"product","2":"type-product","3":"status-publish","4":"has-post-thumbnail","6":"product_brand-freund","7":"product_cat-kabitoberendezesek","8":"product_cat-vagas-darabolas","9":"product_tag-freund","11":"first","12":"instock","13":"shipping-taxable","14":"product-type-simple","15":"entry","16":"content-bg","17":"loop-entry"},"acf":[],"_links":{"self":[{"href":"https:\/\/kromiker.hu\/en\/wp-json\/wp\/v2\/product\/3909","targetHints":{"allow":["GET"]}}],"collection":[{"href":"https:\/\/kromiker.hu\/en\/wp-json\/wp\/v2\/product"}],"about":[{"href":"https:\/\/kromiker.hu\/en\/wp-json\/wp\/v2\/types\/product"}],"wp:featuredmedia":[{"embeddable":true,"href":"https:\/\/kromiker.hu\/en\/wp-json\/wp\/v2\/media\/3911"}],"wp:attachment":[{"href":"https:\/\/kromiker.hu\/en\/wp-json\/wp\/v2\/media?parent=3909"}],"wp:term":[{"taxonomy":"product_brand","embeddable":true,"href":"https:\/\/kromiker.hu\/en\/wp-json\/wp\/v2\/product_brand?post=3909"},{"taxonomy":"product_cat","embeddable":true,"href":"https:\/\/kromiker.hu\/en\/wp-json\/wp\/v2\/product_cat?post=3909"},{"taxonomy":"product_tag","embeddable":true,"href":"https:\/\/kromiker.hu\/en\/wp-json\/wp\/v2\/product_tag?post=3909"}],"curies":[{"name":"wp","href":"https:\/\/api.w.org\/{rel}","templated":true}]}}