{"id":4461,"date":"2025-11-28T20:12:40","date_gmt":"2025-11-28T19:12:40","guid":{"rendered":"https:\/\/halnoel1234-kmnuz.wpcomstaging.com\/?post_type=product&#038;p=4461"},"modified":"2026-03-30T20:57:08","modified_gmt":"2026-03-30T18:57:08","slug":"freund-as28-hidraulikus-negyedelo-ollo","status":"publish","type":"product","link":"https:\/\/kromiker.hu\/en\/product\/freund-as28-hidraulikus-negyedelo-ollo\/","title":{"rendered":"Freund AS28 Hydraulic quartering shears"},"content":{"rendered":"<p><strong>Kieg\u00e9sz\u00edt\u0151k opcion\u00e1lis tartoz\u00e9kok<\/strong><\/p>\n<ul>\n<li>HPE20-150-5,5-44 hidraulikus aggreg\u00e1t<\/li>\n<li>Weight-balancing spring balancer<\/li>\n<li>Cs\u00f6vek \u00e9s csatlakoz\u00f3k (hidraulikus t\u00f6ml\u0151k, szerelv\u00e9nyek)<\/li>\n<\/ul>","protected":false},"excerpt":{"rendered":"<p>Alkalmas nagy- \u00e9s k\u00f6zepes m\u00e9ret\u0171 v\u00e1g\u00f3hidakra, h\u00fasfeldolgoz\u00f3 \u00fczemekbe; szarvasmarha \u00e9s sert\u00e9s f\u00e9l- vagy negyed-t\u00f6rzseinek bont\u00e1s\u00e1ra.<\/p>\n<p><strong>Main features:<\/strong><\/p>\n<ul>\n<li><strong>Prec\u00edz v\u00e1g\u00e1s:<\/strong> az AS28 g\u00e9pet \u00fagy tervezt\u00e9k, hogy a gerincoszlop \u00e9s a h\u00e1tizmok ment\u00e9n v\u00e9gzett v\u00e1g\u00e1sok egyenletesek \u00e9s letisztultak legyenek, minim\u00e1lis h\u00fasvesztes\u00e9ggel.<\/li>\n<li><strong>Biztons\u00e1gos \u00fczemeltet\u00e9s:<\/strong> a k\u00e9tkezes biztons\u00e1gi kapcsol\u00f3 biztos\u00edtja, hogy a v\u00e1g\u00e1s csak akkor induljon, ha mindk\u00e9t k\u00e9z a kezel\u0151 gombokon van, cs\u00f6kkentve ezzel a balesetek kock\u00e1zat\u00e1t.<\/li>\n<li><strong>Ergon\u00f3mia \u00e9s k\u00e9nyelem:<\/strong> az \u00e1ll\u00edthat\u00f3 h\u00e1ts\u00f3 markolat lehet\u0151v\u00e9 teszi a k\u00e9nyelmes munkav\u00e9gz\u00e9st, k\u00fcl\u00f6n\u00f6sen sorozatos v\u00e1g\u00e1sok eset\u00e9n.<\/li>\n<\/ul>\n<p>&nbsp;<\/p>","protected":false},"featured_media":4435,"template":"","meta":{"_acf_changed":false,"_kad_post_transparent":"default","_kad_post_title":"","_kad_post_layout":"default","_kad_post_sidebar_id":"","_kad_post_content_style":"default","_kad_post_vertical_padding":"default","_kad_post_feature":"","_kad_post_feature_position":"","_kad_post_header":false,"_kad_post_footer":false,"_kad_post_classname":""},"pwb-brand":[],"product_brand":[1703],"product_cat":[1778,1737],"product_tag":[1865],"class_list":{"0":"post-4461","1":"product","2":"type-product","3":"status-publish","4":"has-post-thumbnail","6":"product_brand-freund","7":"product_cat-hasito-darabolo-gepek","8":"product_cat-vagas-darabolas","9":"product_tag-freund","11":"first","12":"instock","13":"shipping-taxable","14":"product-type-simple","15":"entry","16":"content-bg","17":"loop-entry"},"acf":[],"brands":[],"_links":{"self":[{"href":"https:\/\/kromiker.hu\/en\/wp-json\/wp\/v2\/product\/4461","targetHints":{"allow":["GET"]}}],"collection":[{"href":"https:\/\/kromiker.hu\/en\/wp-json\/wp\/v2\/product"}],"about":[{"href":"https:\/\/kromiker.hu\/en\/wp-json\/wp\/v2\/types\/product"}],"wp:featuredmedia":[{"embeddable":true,"href":"https:\/\/kromiker.hu\/en\/wp-json\/wp\/v2\/media\/4435"}],"wp:attachment":[{"href":"https:\/\/kromiker.hu\/en\/wp-json\/wp\/v2\/media?parent=4461"}],"wp:term":[{"taxonomy":"pwb-brand","embeddable":true,"href":"https:\/\/kromiker.hu\/en\/wp-json\/wp\/v2\/pwb-brand?post=4461"},{"taxonomy":"product_brand","embeddable":true,"href":"https:\/\/kromiker.hu\/en\/wp-json\/wp\/v2\/product_brand?post=4461"},{"taxonomy":"product_cat","embeddable":true,"href":"https:\/\/kromiker.hu\/en\/wp-json\/wp\/v2\/product_cat?post=4461"},{"taxonomy":"product_tag","embeddable":true,"href":"https:\/\/kromiker.hu\/en\/wp-json\/wp\/v2\/product_tag?post=4461"}],"curies":[{"name":"wp","href":"https:\/\/api.w.org\/{rel}","templated":true}]}}