{"id":4498,"date":"2025-12-01T19:37:50","date_gmt":"2025-12-01T18:37:50","guid":{"rendered":"https:\/\/halnoel1234-kmnuz.wpcomstaging.com\/?post_type=product&#038;p=4498"},"modified":"2026-03-30T20:57:08","modified_gmt":"2026-03-30T18:57:08","slug":"freund-edf-64-vegbelkivago","status":"publish","type":"product","link":"https:\/\/kromiker.hu\/en\/product\/freund-edf-64-vegbelkivago\/","title":{"rendered":"Freund EDF 64 v\u00e9gb\u00e9lkiv\u00e1g\u00f3"},"content":{"rendered":"<p><b>Kieg\u00e9sz\u00edt\u0151k opcion\u00e1lis tartoz\u00e9kok:<\/b><\/p>\n<ul>\n<li>VSS-EDF V\u00e1kuumsystem<\/li>\n<li>Weight-balancing spring balancer<\/li>\n<\/ul>","protected":false},"excerpt":{"rendered":"<p>Pneumatikus m\u0171k\u00f6dtet\u00e9s\u0171, nagy pontoss\u00e1g\u00fa, gazdas\u00e1gos, ide\u00e1lis sert\u00e9s v\u00e9gb\u00e9l elt\u00e1vol\u00edt\u00e1s\u00e1hoz. Bels\u0151 k\u00e9stiszt\u00edt\u00f3 rendszere cs\u00f6kkenti a keresztszennyez\u0151d\u00e9st. Nagy megb\u00edzhat\u00f3s\u00e1g\u00fa, alacsony karbantart\u00e1si ig\u00e9ny\u0171 g\u00e9p (heti zs\u00edroz\u00e1sra van sz\u00fcks\u00e9g). Teljesen rozsdamentes anyagb\u00f3l k\u00e9sz\u00fclt. Higi\u00e9nikus, k\u00f6nnyen tiszt\u00edthat\u00f3. Megfelel a nemzetk\u00f6zi k\u00f6vetelm\u00e9nyeknek \u00e9s higi\u00e9niai szab\u00e1lyoknak. A klo\u00e1kakiv\u00e1g\u00f3 a VSS-EDF v\u00e1kuumrendszerre kell csatlakoztatni, mellyel hat\u00e9konyan lehet elt\u00e1vol\u00edtani a v\u00e9gb\u00e9l szennyez\u0151d\u00e9seit. Nagy teljes\u00edtm\u00e9ny\u0171 18m2-es Busch v\u00e1kuumszivatty\u00faval ell\u00e1tva. A szennyez\u0151d\u00e9sek egy tart\u00e1lyba ker\u00fclnek, melyet k\u00f6nnyen \u00e9s gyorsan lehet ki\u00fcr\u00edteni. Tiszt\u00edt\u00e1sa karbantart\u00e1sa egyszer\u0171 \u00e9s gyors.<\/p>","protected":false},"featured_media":4438,"template":"","meta":{"_acf_changed":false,"_kad_post_transparent":"default","_kad_post_title":"","_kad_post_layout":"default","_kad_post_sidebar_id":"","_kad_post_content_style":"default","_kad_post_vertical_padding":"default","_kad_post_feature":"","_kad_post_feature_position":"","_kad_post_header":false,"_kad_post_footer":false,"_kad_post_classname":""},"product_brand":[1703],"product_cat":[1841,1737],"product_tag":[1865],"class_list":{"0":"post-4498","1":"product","2":"type-product","3":"status-publish","4":"has-post-thumbnail","6":"product_brand-freund","7":"product_cat-szuro-zsigerelo-gepek","8":"product_cat-vagas-darabolas","9":"product_tag-freund","11":"first","12":"instock","13":"shipping-taxable","14":"product-type-simple","15":"entry","16":"content-bg","17":"loop-entry"},"acf":[],"_links":{"self":[{"href":"https:\/\/kromiker.hu\/en\/wp-json\/wp\/v2\/product\/4498","targetHints":{"allow":["GET"]}}],"collection":[{"href":"https:\/\/kromiker.hu\/en\/wp-json\/wp\/v2\/product"}],"about":[{"href":"https:\/\/kromiker.hu\/en\/wp-json\/wp\/v2\/types\/product"}],"wp:featuredmedia":[{"embeddable":true,"href":"https:\/\/kromiker.hu\/en\/wp-json\/wp\/v2\/media\/4438"}],"wp:attachment":[{"href":"https:\/\/kromiker.hu\/en\/wp-json\/wp\/v2\/media?parent=4498"}],"wp:term":[{"taxonomy":"product_brand","embeddable":true,"href":"https:\/\/kromiker.hu\/en\/wp-json\/wp\/v2\/product_brand?post=4498"},{"taxonomy":"product_cat","embeddable":true,"href":"https:\/\/kromiker.hu\/en\/wp-json\/wp\/v2\/product_cat?post=4498"},{"taxonomy":"product_tag","embeddable":true,"href":"https:\/\/kromiker.hu\/en\/wp-json\/wp\/v2\/product_tag?post=4498"}],"curies":[{"name":"wp","href":"https:\/\/api.w.org\/{rel}","templated":true}]}}