{"id":4501,"date":"2025-12-01T19:46:33","date_gmt":"2025-12-01T18:46:33","guid":{"rendered":"https:\/\/halnoel1234-kmnuz.wpcomstaging.com\/?post_type=product&#038;p=4501"},"modified":"2026-03-30T20:57:08","modified_gmt":"2026-03-30T18:57:08","slug":"freund-hls12-u2-szarv-es-patacsipo","status":"publish","type":"product","link":"https:\/\/kromiker.hu\/en\/product\/freund-hls12-u2-szarv-es-patacsipo\/","title":{"rendered":"Freund HLS12.U2 Horn and hoof beak"},"content":{"rendered":"<p><b>Kieg\u00e9sz\u00edt\u0151k opcion\u00e1lis tartoz\u00e9kok:<\/b><\/p>\n<ul>\n<li aria-level=\"1\">Weight-balancing spring balancer<\/li>\n<li aria-level=\"1\">HPE20, 5,5-44 hidraulika aggreg\u00e1t<\/li>\n<li aria-level=\"1\">HPP 5 m\u00e9teres hidraulika t\u00f6ml\u0151<\/li>\n<\/ul>","protected":false},"excerpt":{"rendered":"<p>A Freund HLS12 teljesen rozsdamentes anyagb\u00f3l k\u00e9sz\u00fclt, robosztus g\u00e9p alkalmas ipari v\u00e1g\u00f3hidak \u00e9s h\u00fasfeldolgoz\u00f3 \u00fczemek sz\u00e1m\u00e1ra Kifejezetten nagy\u00e1llatok, p\u00e9ld\u00e1ul szarvasmarha l\u00e1bainak \u00e9s szarvainak v\u00e1g\u00e1s\u00e1ra, bont\u00e1s\u00e1ra alkalmas, biztos\u00edtva a hat\u00e9kony \u00e9s prec\u00edz munkav\u00e9gz\u00e9st.<\/p>\n<p><b>Main features:<\/b><\/p>\n<ul>\n<li aria-level=\"1\"><b>Er\u0151s \u00e9s stabil v\u00e1g\u00e1s:<\/b> fix \u00e9s mozg\u00f3 penge kombin\u00e1ci\u00f3, nagy terhel\u00e9s mellett is megb\u00edzhat\u00f3.<\/li>\n<li aria-level=\"1\"><b>Ergon\u00f3mikus kialak\u00edt\u00e1s:<\/b> \u00e1ll\u00edthat\u00f3 h\u00e1ts\u00f3 markolat a kezel\u0151 k\u00e9nyelm\u00e9\u00e9rt, k\u00fcl\u00f6n\u00f6sen sorozatos v\u00e1g\u00e1sok eset\u00e9n.<\/li>\n<li aria-level=\"1\"><b>Sokoldal\u00fa haszn\u00e1lat: <\/b>alkalmas l\u00e1bak \u00e9s szarvak lev\u00e1g\u00e1s\u00e1ra, rugalmasan alkalmazhat\u00f3 k\u00fcl\u00f6nb\u00f6z\u0151 munkaf\u00e1zisokban.<\/li>\n<\/ul>","protected":false},"featured_media":4441,"template":"","meta":{"_acf_changed":false,"_kad_post_transparent":"default","_kad_post_title":"","_kad_post_layout":"default","_kad_post_sidebar_id":"","_kad_post_content_style":"default","_kad_post_vertical_padding":"default","_kad_post_feature":"","_kad_post_feature_position":"","_kad_post_header":false,"_kad_post_footer":false,"_kad_post_classname":""},"pwb-brand":[],"product_brand":[1703],"product_cat":[1778,1737],"product_tag":[1865],"class_list":{"0":"post-4501","1":"product","2":"type-product","3":"status-publish","4":"has-post-thumbnail","6":"product_brand-freund","7":"product_cat-hasito-darabolo-gepek","8":"product_cat-vagas-darabolas","9":"product_tag-freund","11":"first","12":"instock","13":"shipping-taxable","14":"product-type-simple","15":"entry","16":"content-bg","17":"loop-entry"},"acf":[],"brands":[],"_links":{"self":[{"href":"https:\/\/kromiker.hu\/en\/wp-json\/wp\/v2\/product\/4501","targetHints":{"allow":["GET"]}}],"collection":[{"href":"https:\/\/kromiker.hu\/en\/wp-json\/wp\/v2\/product"}],"about":[{"href":"https:\/\/kromiker.hu\/en\/wp-json\/wp\/v2\/types\/product"}],"wp:featuredmedia":[{"embeddable":true,"href":"https:\/\/kromiker.hu\/en\/wp-json\/wp\/v2\/media\/4441"}],"wp:attachment":[{"href":"https:\/\/kromiker.hu\/en\/wp-json\/wp\/v2\/media?parent=4501"}],"wp:term":[{"taxonomy":"pwb-brand","embeddable":true,"href":"https:\/\/kromiker.hu\/en\/wp-json\/wp\/v2\/pwb-brand?post=4501"},{"taxonomy":"product_brand","embeddable":true,"href":"https:\/\/kromiker.hu\/en\/wp-json\/wp\/v2\/product_brand?post=4501"},{"taxonomy":"product_cat","embeddable":true,"href":"https:\/\/kromiker.hu\/en\/wp-json\/wp\/v2\/product_cat?post=4501"},{"taxonomy":"product_tag","embeddable":true,"href":"https:\/\/kromiker.hu\/en\/wp-json\/wp\/v2\/product_tag?post=4501"}],"curies":[{"name":"wp","href":"https:\/\/api.w.org\/{rel}","templated":true}]}}