{"id":4510,"date":"2025-12-01T20:01:29","date_gmt":"2025-12-01T19:01:29","guid":{"rendered":"https:\/\/halnoel1234-kmnuz.wpcomstaging.com\/?post_type=product&#038;p=4510"},"modified":"2026-03-30T20:57:08","modified_gmt":"2026-03-30T18:57:08","slug":"freund-rtc34","status":"publish","type":"product","link":"https:\/\/kromiker.hu\/en\/product\/freund-rtc34\/","title":{"rendered":"Friend RTC34"},"content":{"rendered":"<p><b>F\u0151 Jellemz\u0151k:\u00a0<\/b><\/p>\n<ul>\n<li aria-level=\"1\">Automatikus adagol\u00e1s \u00e9s elvezet\u00e9s a folyamatos termel\u00e9s\u00e9rt<\/li>\n<li aria-level=\"1\">Gyors, egyszer\u0171 v\u00e1g\u00e1sm\u00e9lys\u00e9g-be\u00e1ll\u00edt\u00e1s a rugalmass\u00e1g \u00e9rdek\u00e9ben<\/li>\n<li aria-level=\"1\">Higi\u00e9nikus, k\u00f6nnyen tiszt\u00edthat\u00f3 kivitel<\/li>\n<li aria-level=\"1\">Robusztus konstrukci\u00f3, ipari k\u00f6rnyezethez optimaliz\u00e1lva<\/li>\n<\/ul>","protected":false},"excerpt":{"rendered":"<p>A Freund RTC34 \u2014 \u201eRib-Top Cutter\u201d \u2014, amelyet kifejezetten borda-, oldalas- \u00e9s kotlettdarabok prec\u00edz, hat\u00e9kony bont\u00e1s\u00e1ra fejlesztettek ki. A g\u00e9p c\u00e9lja, hogy a v\u00e1g\u00e1si folyamatot gyorss\u00e1, tiszt\u00e1v\u00e1 \u00e9s min\u0151s\u00e9g-k\u00edm\u00e9l\u0151v\u00e9 tegye, mik\u00f6zben minimaliz\u00e1lja a h\u00fas- \u00e9s csontvesztes\u00e9get, \u00e9s jav\u00edtsa a k\u00e9szterm\u00e9k megjelen\u00e9s\u00e9t.<\/p>\n<p><b>Alkalmaz\u00e1si ter\u00fcletek<\/b><\/p>\n<ul>\n<li aria-level=\"1\"><b>Sert\u00e9sfeldolgoz\u00e1s<\/b>: Ez az els\u0151dleges alkalmaz\u00e1si ter\u00fclet. A g\u00e9pet a sert\u00e9stestek sz\u00e9tbont\u00e1sakor haszn\u00e1lj\u00e1k a bordacsontok prec\u00edz elv\u00e1laszt\u00e1s\u00e1ra, minimaliz\u00e1lva a csontvesztes\u00e9get \u00e9s n\u00f6velve a h\u00fasterm\u00e9k \u00e9rt\u00e9k\u00e9t.<\/li>\n<li aria-level=\"1\"><b>Nagy \u00e1tereszt\u0151k\u00e9pess\u00e9g\u0171 \u00fczemek<\/b>: A berendez\u00e9s nagy sebess\u00e9g\u0171 m\u0171k\u00f6d\u00e9sre (ak\u00e1r 1500 v\u00e1g\u00e1s\/\u00f3ra) van tervezve, \u00edgy ide\u00e1lis v\u00e1laszt\u00e1s olyan ipari k\u00f6rnyezetbe, ahol a termel\u00e9s hat\u00e9konys\u00e1ga kulcsfontoss\u00e1g\u00fa.<\/li>\n<li aria-level=\"1\"><b>Automatiz\u00e1lt gy\u00e1rt\u00f3sorok: <\/b>A Freund RTC34-et gyakran integr\u00e1lj\u00e1k automatiz\u00e1lt h\u00fasfeldolgoz\u00f3 sorokba, ahol az automata v\u00e1g\u00e1svezet\u00e9s \u00e9s term\u00e9kkidob\u00e1s biztos\u00edtja a folyamatos \u00e9s egyenletes termel\u00e9st.<\/li>\n<\/ul>","protected":false},"featured_media":4511,"template":"","meta":{"_acf_changed":false,"_kad_post_transparent":"default","_kad_post_title":"","_kad_post_layout":"default","_kad_post_sidebar_id":"","_kad_post_content_style":"default","_kad_post_vertical_padding":"default","_kad_post_feature":"","_kad_post_feature_position":"","_kad_post_header":false,"_kad_post_footer":false,"_kad_post_classname":""},"pwb-brand":[],"product_brand":[1703],"product_cat":[1778,1737],"product_tag":[1865],"class_list":{"0":"post-4510","1":"product","2":"type-product","3":"status-publish","4":"has-post-thumbnail","6":"product_brand-freund","7":"product_cat-hasito-darabolo-gepek","8":"product_cat-vagas-darabolas","9":"product_tag-freund","11":"first","12":"instock","13":"shipping-taxable","14":"product-type-simple","15":"entry","16":"content-bg","17":"loop-entry"},"acf":[],"brands":[],"_links":{"self":[{"href":"https:\/\/kromiker.hu\/en\/wp-json\/wp\/v2\/product\/4510","targetHints":{"allow":["GET"]}}],"collection":[{"href":"https:\/\/kromiker.hu\/en\/wp-json\/wp\/v2\/product"}],"about":[{"href":"https:\/\/kromiker.hu\/en\/wp-json\/wp\/v2\/types\/product"}],"wp:featuredmedia":[{"embeddable":true,"href":"https:\/\/kromiker.hu\/en\/wp-json\/wp\/v2\/media\/4511"}],"wp:attachment":[{"href":"https:\/\/kromiker.hu\/en\/wp-json\/wp\/v2\/media?parent=4510"}],"wp:term":[{"taxonomy":"pwb-brand","embeddable":true,"href":"https:\/\/kromiker.hu\/en\/wp-json\/wp\/v2\/pwb-brand?post=4510"},{"taxonomy":"product_brand","embeddable":true,"href":"https:\/\/kromiker.hu\/en\/wp-json\/wp\/v2\/product_brand?post=4510"},{"taxonomy":"product_cat","embeddable":true,"href":"https:\/\/kromiker.hu\/en\/wp-json\/wp\/v2\/product_cat?post=4510"},{"taxonomy":"product_tag","embeddable":true,"href":"https:\/\/kromiker.hu\/en\/wp-json\/wp\/v2\/product_tag?post=4510"}],"curies":[{"name":"wp","href":"https:\/\/api.w.org\/{rel}","templated":true}]}}