{"id":4521,"date":"2025-12-01T20:22:23","date_gmt":"2025-12-01T19:22:23","guid":{"rendered":"https:\/\/halnoel1234-kmnuz.wpcomstaging.com\/?post_type=product&#038;p=4521"},"modified":"2026-03-30T20:57:08","modified_gmt":"2026-03-30T18:57:08","slug":"freund-sd11-borfejto-korkes","status":"publish","type":"product","link":"https:\/\/kromiker.hu\/en\/product\/freund-sd11-borfejto-korkes\/","title":{"rendered":"Freund SD11 skinning circular knife"},"content":{"rendered":"<p><b>Key features<\/b><\/p>\n<ul>\n<li aria-level=\"1\"><b>Ergonomikus kialak\u00edt\u00e1s<\/b> \u2013 biztos fog\u00e1s, k\u00e9nyelmes kezelhet\u0151s\u00e9g hossz\u00fa m\u0171szakokban.<\/li>\n<li aria-level=\"1\"><b>Robusztus \u00e9s higi\u00e9nikus fel\u00e9p\u00edt\u00e9s<\/b> \u2013 ipari tart\u00f3ss\u00e1g, k\u00f6nnyen tiszt\u00edthat\u00f3 fel\u00fcletek.<\/li>\n<li aria-level=\"1\"><b>Alacsony karbantart\u00e1si ig\u00e9ny<\/b> \u2013 hossz\u00fa \u00e9lettartam\u00fa, megb\u00edzhat\u00f3 konstrukci\u00f3.<\/li>\n<li aria-level=\"1\"><b>Biztons\u00e1gos m\u0171k\u00f6d\u00e9s \u2013 <\/b>minim\u00e1lis h\u00fashibak\u00e9pz\u00e9s, kontroll\u00e1lt v\u00e1g\u00e1s.<\/li>\n<\/ul>\n<p><b>Kieg\u00e9sz\u00edt\u0151k, opcion\u00e1lis tartoz\u00e9kok:<\/b><\/p>\n<ul>\n<li aria-level=\"1\">Tart\u00f3konzol<\/li>\n<li aria-level=\"1\">Pneumatikus v\u00edzlev\u00e1laszt\u00f3 \u00e9s csatlakoz\u00f3 5 m-es t\u00f6ml\u0151vel,<\/li>\n<li aria-level=\"1\">FRL egys\u00e9gz\u00e1rral<\/li>\n<\/ul>","protected":false},"excerpt":{"rendered":"<p>A Freund SD11 b\u0151rfejt\u0151 k\u00f6rk\u00e9ssel hat\u00e9konyan v\u00e1g\u00e1snyomok \u00e9s lyukak n\u00e9lk\u00fcl, pontosan lehet elt\u00e1vol\u00edtani a b\u0151rt. Pneumatikus rendszer\u0171, hossz\u00fa \u00e9lettartalomra tervezett, alacsony karbantart\u00e1st ig\u00e9nnyel. Fogazott peng\u00e9vel.<\/p>\n<p><b>Alkalmaz\u00e1si ter\u00fclet:<\/b><\/p>\n<ul>\n<li style=\"list-style-type: none;\">\n<ul>\n<li aria-level=\"1\"><b>Sert\u00e9s- \u00e9s marhah\u00fas b\u0151rtelen\u00edt\u00e9s\u00e9re<\/b> \u2013 tiszta, s\u00e9r\u00fcl\u00e9smentes fel\u00fclet kialak\u00edt\u00e1s\u00e1ra<\/li>\n<\/ul>\n<\/li>\n<li style=\"list-style-type: none;\">\n<ul>\n<li aria-level=\"1\"><b>Finom h\u00fasfel\u00fcleti igaz\u00edt\u00e1sra<\/b>, t\u00falzott zs\u00edrr\u00e9teg vagy h\u00e1rtya elt\u00e1vol\u00edt\u00e1s\u00e1ra<\/li>\n<\/ul>\n<\/li>\n<li style=\"list-style-type: none;\">\n<ul>\n<li aria-level=\"1\"><b>Pontoss\u00e1got ig\u00e9nyl\u0151 fel\u00fcleti korrekci\u00f3kra<\/b><\/li>\n<\/ul>\n<\/li>\n<li style=\"list-style-type: none;\">\n<ul>\n<li aria-level=\"1\"><b>Zs\u00edrtalan\u00edt\u00e1si \u00e9s tiszt\u00edt\u00f3 m\u0171veletekre<\/b> a v\u00e1g\u00f3h\u00edd k\u00fcl\u00f6nb\u00f6z\u0151 szakaszain<\/li>\n<\/ul>\n<\/li>\n<li style=\"list-style-type: none;\">\n<ul>\n<li aria-level=\"1\"><b>\u00c9rz\u00e9keny ter\u00fcletek kezel\u00e9sekor<\/b>, ahol a nagyobb g\u00e9pek t\u00fal durv\u00e1k vagy nehezen alkalmazhat\u00f3.<\/li>\n<\/ul>\n<\/li>\n<\/ul>","protected":false},"featured_media":4523,"template":"","meta":{"_acf_changed":false,"_kad_post_transparent":"default","_kad_post_title":"","_kad_post_layout":"default","_kad_post_sidebar_id":"","_kad_post_content_style":"default","_kad_post_vertical_padding":"default","_kad_post_feature":"","_kad_post_feature_position":"","_kad_post_header":false,"_kad_post_footer":false,"_kad_post_classname":""},"pwb-brand":[],"product_brand":[1703],"product_cat":[1778,1737],"product_tag":[1865],"class_list":{"0":"post-4521","1":"product","2":"type-product","3":"status-publish","4":"has-post-thumbnail","6":"product_brand-freund","7":"product_cat-hasito-darabolo-gepek","8":"product_cat-vagas-darabolas","9":"product_tag-freund","11":"first","12":"instock","13":"shipping-taxable","14":"product-type-simple","15":"entry","16":"content-bg","17":"loop-entry"},"acf":[],"brands":[],"_links":{"self":[{"href":"https:\/\/kromiker.hu\/en\/wp-json\/wp\/v2\/product\/4521","targetHints":{"allow":["GET"]}}],"collection":[{"href":"https:\/\/kromiker.hu\/en\/wp-json\/wp\/v2\/product"}],"about":[{"href":"https:\/\/kromiker.hu\/en\/wp-json\/wp\/v2\/types\/product"}],"wp:featuredmedia":[{"embeddable":true,"href":"https:\/\/kromiker.hu\/en\/wp-json\/wp\/v2\/media\/4523"}],"wp:attachment":[{"href":"https:\/\/kromiker.hu\/en\/wp-json\/wp\/v2\/media?parent=4521"}],"wp:term":[{"taxonomy":"pwb-brand","embeddable":true,"href":"https:\/\/kromiker.hu\/en\/wp-json\/wp\/v2\/pwb-brand?post=4521"},{"taxonomy":"product_brand","embeddable":true,"href":"https:\/\/kromiker.hu\/en\/wp-json\/wp\/v2\/product_brand?post=4521"},{"taxonomy":"product_cat","embeddable":true,"href":"https:\/\/kromiker.hu\/en\/wp-json\/wp\/v2\/product_cat?post=4521"},{"taxonomy":"product_tag","embeddable":true,"href":"https:\/\/kromiker.hu\/en\/wp-json\/wp\/v2\/product_tag?post=4521"}],"curies":[{"name":"wp","href":"https:\/\/api.w.org\/{rel}","templated":true}]}}