{"id":4530,"date":"2025-12-01T20:29:01","date_gmt":"2025-12-01T19:29:01","guid":{"rendered":"https:\/\/halnoel1234-kmnuz.wpcomstaging.com\/?post_type=product&#038;p=4530"},"modified":"2026-03-30T20:57:08","modified_gmt":"2026-03-30T18:57:08","slug":"freund-sk32-06l-korfuresz","status":"publish","type":"product","link":"https:\/\/kromiker.hu\/en\/product\/freund-sk32-06l-korfuresz\/","title":{"rendered":"Freund SK32-06L circular saw"},"content":{"rendered":"<p><b>Main features:<\/b><\/p>\n<ul>\n<li aria-level=\"1\">Nagy teljes\u00edtm\u00e9ny\u0171 ipari h\u00fasipari f\u0171r\u00e9sz<\/li>\n<li aria-level=\"1\">Rozsdamentes ac\u00e9l korong a tart\u00f3s \u00e9s higi\u00e9nikus v\u00e1g\u00e1shoz<\/li>\n<li aria-level=\"1\">Mechanikus motorf\u00e9k a gyors \u00e9s biztons\u00e1gos le\u00e1ll\u00edt\u00e1shoz<\/li>\n<li aria-level=\"1\">3-f\u00e1zis\u00fa elektromos motor ipari haszn\u00e1latra<\/li>\n<li aria-level=\"1\">V\u00edzh\u0171t\u00e9s a penge \u00e9s a v\u00e1gott term\u00e9k optim\u00e1lis tisztas\u00e1g\u00e1\u00e9rt<\/li>\n<li aria-level=\"1\">Alkalmas sert\u00e9s \u00e9s juh f\u00e9l- vagy negyedmarha feldarabol\u00e1s\u00e1ra<\/li>\n<li aria-level=\"1\">Stabil, k\u00f6nnyen kezelhet\u0151 kialak\u00edt\u00e1s<\/li>\n<\/ul>\n<p><b>Kieg\u00e9sz\u00edt\u0151k, opcion\u00e1lis tartoz\u00e9kok:<\/b><\/p>\n<ul>\n<li aria-level=\"1\">Weight-balancing spring balancer<\/li>\n<li aria-level=\"1\">42 Volt isolation transformer (not required in a 400 Volt version)<\/li>\n<li aria-level=\"1\">V\u00edzh\u0171t\u00e9s<\/li>\n<li aria-level=\"1\">hossz\u00fa nyak\u00fa markolat<\/li>\n<li aria-level=\"1\">Des-K02 eszk\u00f6zfert\u0151tlen\u00edt\u0151<\/li>\n<\/ul>","protected":false},"excerpt":{"rendered":"<p>A Freund SK32-06L k\u00f6rf\u0171r\u00e9sz nagy teljes\u00edtm\u00e9ny\u0171, rozsdamentes ac\u00e9l koronggal \u00e9s mechanikus motorf\u00e9kkel rendelkezik, kifejezetten sert\u00e9s \u00e9s juh f\u00e9l- vagy negyedmarha gyors, higi\u00e9nikus feldarabol\u00e1s\u00e1ra. K\u00f6zepes kapacit\u00e1s\u00fa v\u00e1g\u00f3hidak \u00e9s h\u00fasfeldolgoz\u00f3 \u00fczemek sz\u00e1m\u00e1ra ide\u00e1lis, stabil, biztons\u00e1gos \u00e9s k\u00f6nnyen kezelhet\u0151, v\u00edzh\u0171t\u00e9ses kivitelben, amely biztos\u00edtja a tiszta \u00e9s pontos v\u00e1g\u00e1st.<\/p>\n<p><b>Applications:<\/b><\/p>\n<ul>\n<li aria-level=\"1\">Sert\u00e9s felez\u00e9s- \u00e9s negyedmarha bont\u00e1sa<\/li>\n<li aria-level=\"1\">Juh felez\u00e9s<\/li>\n<li aria-level=\"1\">K\u00f6zepes kapacit\u00e1s\u00fa v\u00e1g\u00f3hidak \u00e9s \u00fczemek sz\u00e1m\u00e1ra<\/li>\n<li aria-level=\"1\">Higi\u00e9nikus, ipari k\u00f6rnyezetben t\u00f6rt\u00e9n\u0151 haszn\u00e1lat<\/li>\n<\/ul>","protected":false},"featured_media":4533,"template":"","meta":{"_acf_changed":false,"_kad_post_transparent":"default","_kad_post_title":"","_kad_post_layout":"default","_kad_post_sidebar_id":"","_kad_post_content_style":"default","_kad_post_vertical_padding":"default","_kad_post_feature":"","_kad_post_feature_position":"","_kad_post_header":false,"_kad_post_footer":false,"_kad_post_classname":""},"pwb-brand":[],"product_brand":[1703],"product_cat":[1778,1737],"product_tag":[1865],"class_list":{"0":"post-4530","1":"product","2":"type-product","3":"status-publish","4":"has-post-thumbnail","6":"product_brand-freund","7":"product_cat-hasito-darabolo-gepek","8":"product_cat-vagas-darabolas","9":"product_tag-freund","11":"first","12":"instock","13":"shipping-taxable","14":"product-type-simple","15":"entry","16":"content-bg","17":"loop-entry"},"acf":[],"brands":[],"_links":{"self":[{"href":"https:\/\/kromiker.hu\/en\/wp-json\/wp\/v2\/product\/4530","targetHints":{"allow":["GET"]}}],"collection":[{"href":"https:\/\/kromiker.hu\/en\/wp-json\/wp\/v2\/product"}],"about":[{"href":"https:\/\/kromiker.hu\/en\/wp-json\/wp\/v2\/types\/product"}],"wp:featuredmedia":[{"embeddable":true,"href":"https:\/\/kromiker.hu\/en\/wp-json\/wp\/v2\/media\/4533"}],"wp:attachment":[{"href":"https:\/\/kromiker.hu\/en\/wp-json\/wp\/v2\/media?parent=4530"}],"wp:term":[{"taxonomy":"pwb-brand","embeddable":true,"href":"https:\/\/kromiker.hu\/en\/wp-json\/wp\/v2\/pwb-brand?post=4530"},{"taxonomy":"product_brand","embeddable":true,"href":"https:\/\/kromiker.hu\/en\/wp-json\/wp\/v2\/product_brand?post=4530"},{"taxonomy":"product_cat","embeddable":true,"href":"https:\/\/kromiker.hu\/en\/wp-json\/wp\/v2\/product_cat?post=4530"},{"taxonomy":"product_tag","embeddable":true,"href":"https:\/\/kromiker.hu\/en\/wp-json\/wp\/v2\/product_tag?post=4530"}],"curies":[{"name":"wp","href":"https:\/\/api.w.org\/{rel}","templated":true}]}}