{"id":4535,"date":"2025-12-01T20:42:56","date_gmt":"2025-12-01T19:42:56","guid":{"rendered":"https:\/\/halnoel1234-kmnuz.wpcomstaging.com\/?post_type=product&#038;p=4535"},"modified":"2026-03-30T20:57:08","modified_gmt":"2026-03-30T18:57:08","slug":"freund-sb50-08-hasitofuresz","status":"publish","type":"product","link":"https:\/\/kromiker.hu\/en\/product\/freund-sb50-08-hasitofuresz\/","title":{"rendered":"Freund SB50-08 rip saw"},"content":{"rendered":"<p><b>Main features:<\/b><\/p>\n<ul>\n<li aria-level=\"1\">Ipari szalagf\u0171r\u00e9sz nagy v\u00e1g\u00e1si kapacit\u00e1ssal (500 mm)<\/li>\n<li aria-level=\"1\">3-f\u00e1zis\u00fa, 2300 W teljes\u00edtm\u00e9ny\u0171 motor<\/li>\n<li aria-level=\"1\">Rozsdamentes ac\u00e9l kialak\u00edt\u00e1s a higi\u00e9nikus haszn\u00e1lathoz<\/li>\n<li aria-level=\"1\">V\u00edzh\u0171t\u00e9s \u00e9s tiszt\u00edt\u00f3 rendszer a penge \u00e9s v\u00e1gott fel\u00fclet tiszt\u00e1n tart\u00e1s\u00e1hoz<\/li>\n<li aria-level=\"1\">K\u00e9zi pengefesz\u00edt\u00e9s, stabil \u00e9s megb\u00edzhat\u00f3 m\u0171k\u00f6d\u00e9s<\/li>\n<li aria-level=\"1\">Biztons\u00e1gi kapcsol\u00f3k a kezel\u0151 v\u00e9delm\u00e9re<\/li>\n<li aria-level=\"1\">Alkalmas marha, sert\u00e9s \u00e9s nagyobb \u00e1llatok felez\u00e9s\u00e9re-vagy negyedel\u00e9s\u00e9re, bont\u00e1s\u00e1ra<\/li>\n<\/ul>\n<p><b>Az alapmodel az al\u00e1bbiakkal rendelkezik:<\/b><\/p>\n<ul>\n<li aria-level=\"1\">K\u00e9zi szalagfesz\u00edt\u0151 rendszerrel<\/li>\n<li aria-level=\"1\">Biztons\u00e1gi kapcsol\u00f3val (h\u00e1zfed\u00e9l nyit\u00e1skor a g\u00e9p le\u00e1ll)<\/li>\n<li aria-level=\"1\">V\u00edzt\u00f6ml\u0151 egys\u00e9ggel, be\u00e9p\u00edtett bels\u0151 mos\u00f3rendszerrel (DES-E)<\/li>\n<li aria-level=\"1\">400 Voltos vagy 42 Voltos kiszerel\u00e9sben<\/li>\n<\/ul>\n<p><b>Accessories and optional accessories:<\/b><\/p>\n<ul>\n<li aria-level=\"1\">Weight-balancing spring balancer<\/li>\n<li aria-level=\"1\">42 Volt isolation transformer (not required in a 400 Volt version)<\/li>\n<li aria-level=\"1\">Hidraulikus automata fesz\u00edt\u0151rendszer (optim\u00e1lis szalagfesz\u00edt\u00e9shez AUT)<\/li>\n<li aria-level=\"1\">Elektromos v\u00edzszelep EWV<\/li>\n<\/ul>","protected":false},"excerpt":{"rendered":"<p>A Freund SB50-08 szalagf\u0171r\u00e9sz ide\u00e1lis nagy- \u00e9s k\u00f6zepes kapacit\u00e1s\u00fa v\u00e1g\u00f3hidak sz\u00e1m\u00e1ra marha, sert\u00e9s \u00e9s nagyobb \u00e1llatok felez\u00e9s\u00e9re, vagy negyedel\u00e9sre gyors, higi\u00e9nikus bont\u00e1s\u00e1ra. A g\u00e9p rozsdamentes ac\u00e9l kialak\u00edt\u00e1s\u00fa, v\u00edzh\u0171t\u00e9ses \u00e9s k\u00f6nnyen tiszt\u00edthat\u00f3, biztons\u00e1gi kapcsol\u00f3kkal felszerelt, stabil \u00e9s megb\u00edzhat\u00f3.<\/p>\n<p><b>Applications:<\/b><\/p>\n<ul>\n<li aria-level=\"1\">Nagy- \u00e9s k\u00f6zepes kapacit\u00e1s\u00fa v\u00e1g\u00f3hidak<\/li>\n<li aria-level=\"1\">Marha felez\u00e9se \u00e9s negyedmarha bont\u00e1sa<\/li>\n<li aria-level=\"1\">Sert\u00e9s felez\u00e9se \u00e9s nagyobb \u00e1llatok darabol\u00e1sa<\/li>\n<li aria-level=\"1\">Industrial meat processing plants<\/li>\n<li aria-level=\"1\">Hat\u00e9kony \u00e9s higi\u00e9nikus bont\u00e1s ipari k\u00f6rnyezetben<\/li>\n<\/ul>","protected":false},"featured_media":4537,"template":"","meta":{"_acf_changed":false,"_kad_post_transparent":"default","_kad_post_title":"","_kad_post_layout":"default","_kad_post_sidebar_id":"","_kad_post_content_style":"default","_kad_post_vertical_padding":"default","_kad_post_feature":"","_kad_post_feature_position":"","_kad_post_header":false,"_kad_post_footer":false,"_kad_post_classname":""},"pwb-brand":[],"product_brand":[1703],"product_cat":[1778,1737],"product_tag":[1865],"class_list":{"0":"post-4535","1":"product","2":"type-product","3":"status-publish","4":"has-post-thumbnail","6":"product_brand-freund","7":"product_cat-hasito-darabolo-gepek","8":"product_cat-vagas-darabolas","9":"product_tag-freund","11":"first","12":"instock","13":"featured","14":"shipping-taxable","15":"product-type-simple","16":"entry","17":"content-bg","18":"loop-entry"},"acf":[],"brands":[],"_links":{"self":[{"href":"https:\/\/kromiker.hu\/en\/wp-json\/wp\/v2\/product\/4535","targetHints":{"allow":["GET"]}}],"collection":[{"href":"https:\/\/kromiker.hu\/en\/wp-json\/wp\/v2\/product"}],"about":[{"href":"https:\/\/kromiker.hu\/en\/wp-json\/wp\/v2\/types\/product"}],"wp:featuredmedia":[{"embeddable":true,"href":"https:\/\/kromiker.hu\/en\/wp-json\/wp\/v2\/media\/4537"}],"wp:attachment":[{"href":"https:\/\/kromiker.hu\/en\/wp-json\/wp\/v2\/media?parent=4535"}],"wp:term":[{"taxonomy":"pwb-brand","embeddable":true,"href":"https:\/\/kromiker.hu\/en\/wp-json\/wp\/v2\/pwb-brand?post=4535"},{"taxonomy":"product_brand","embeddable":true,"href":"https:\/\/kromiker.hu\/en\/wp-json\/wp\/v2\/product_brand?post=4535"},{"taxonomy":"product_cat","embeddable":true,"href":"https:\/\/kromiker.hu\/en\/wp-json\/wp\/v2\/product_cat?post=4535"},{"taxonomy":"product_tag","embeddable":true,"href":"https:\/\/kromiker.hu\/en\/wp-json\/wp\/v2\/product_tag?post=4535"}],"curies":[{"name":"wp","href":"https:\/\/api.w.org\/{rel}","templated":true}]}}