{"id":4613,"date":"2025-12-27T15:11:52","date_gmt":"2025-12-27T14:11:52","guid":{"rendered":"https:\/\/halnoel1234-kmnuz.wpcomstaging.com\/?post_type=product&#038;p=4613"},"modified":"2026-03-30T18:11:07","modified_gmt":"2026-03-30T16:11:07","slug":"kolbe-k400-bladestop-rendszer","status":"publish","type":"product","link":"https:\/\/kromiker.hu\/en\/product\/kolbe-k400-bladestop-rendszer\/","title":{"rendered":"Kolbe K400 BladeStop\u2122 system"},"content":{"rendered":"<p><strong>Main features:<\/strong><\/p>\n<ul>\n<li><strong>Azonnali le\u00e1ll\u00e1s: <\/strong>Ha a rendszer \u00e9rintkez\u00e9st vagy t\u00falzottan gyors mozg\u00e1st \u00e9szlel a v\u00e1g\u00e1si z\u00f3n\u00e1ban, mechanikus f\u00e9k seg\u00edts\u00e9g\u00e9vel kevesebb mint 10 ezredm\u00e1sodperc alatt \u00e1ll\u00edtja le a f\u0171r\u00e9szlapot. Ez a vill\u00e1mgyors reakci\u00f3id\u0151 kritikus a s\u00falyos s\u00e9r\u00fcl\u00e9sek megel\u0151z\u00e9s\u00e9ben.<\/li>\n<li><strong>K\u00e9tl\u00e9pcs\u0151s v\u00e9delem:<\/strong>A biztons\u00e1got k\u00e9t k\u00fcl\u00f6n\u00e1ll\u00f3 technol\u00f3gia garant\u00e1lja:<\/li>\n<\/ul>\n<ol>\n<li><strong> Test\u00e9rz\u00e9kel\u00e9s: <\/strong>K\u00f6zvetlen b\u0151rrel val\u00f3 \u00e9rintkez\u00e9s eset\u00e9n aktiv\u00e1l\u00f3dik.<\/li>\n<li><strong> Keszty\u0171-ellen\u0151rz\u00e9s (GloveCheck\u2122):<\/strong>M\u00e1r azel\u0151tt beavatkozik, hogy \u00a0\u00a0a \u00a0\u00a0f\u0171r\u00e9szlap hozz\u00e1\u00e9rne a nagy sebess\u00e9ggel k\u00f6zeled\u0151 keszty\u0171h\u00f6z.<\/li>\n<\/ol>\n<ul>\n<li><strong>Munkahelyi biztons\u00e1g:<\/strong>A BladeStop\u2122 technol\u00f3gia haszn\u00e1lat\u00e1val a h\u00fas- \u00e9s \u00e9lelmiszeripari feldolgoz\u00e1s sor\u00e1n minimaliz\u00e1lhat\u00f3k a balesetek, cs\u00f6kkennek a szem\u00e9lyi s\u00e9r\u00fcl\u00e9sekb\u0151l ad\u00f3d\u00f3 k\u00f6lts\u00e9gek \u00e9s kies\u00e9sek, n\u00f6velve a termel\u00e9s megb\u00edzhat\u00f3s\u00e1g\u00e1t.<\/li>\n<\/ul>\n<p><strong>Az alap modell az al\u00e1bbiakkal rendelkezik:<\/strong><\/p>\n<ul>\n<li><strong>Szalagfesz\u00edt\u0151 egys\u00e9g<\/strong><\/li>\n<li><strong>Szalagvezet\u0151k \u00e9s tiszt\u00edt\u00f3k:<\/strong><\/li>\n<li><strong>Adagol\u00f3 \u00fctk\u00f6z\u0151 tol\u00f3kar <\/strong><\/li>\n<li><strong>BladeStop\u2122 f\u00e9krendszer<\/strong><\/li>\n<\/ul>\n<p><strong>Accessories and optional accessories:<\/strong><\/p>\n<ul>\n<li><strong>GloveCheck\u2122 rendszer:<\/strong>\u00c9rz\u00e9keli az oper\u00e1tor keszty\u0171j\u00e9nek gyors mozg\u00e1s\u00e1t a vesz\u00e9lyz\u00f3n\u00e1ban, \u00e9s m\u00e9g az \u00e9rintkez\u00e9s el\u0151tt le\u00e1ll\u00edtja a f\u0171r\u00e9szszalagot.<\/li>\n<li><strong>Pneumatikus szalagv\u00e9d\u0151 (Blade Guard):<\/strong>Automatikusan z\u00e1r\u00f3d\u00f3 vagy mozgathat\u00f3 v\u00e9d\u0151burkolat, amely minim\u00e1lisra cs\u00f6kkenti a szalag szabadon l\u00e9v\u0151 fel\u00fclet\u00e9t.<\/li>\n<li><strong>BladeStop Connect:<\/strong>Felh\u0151alap\u00fa rendszer, amely val\u00f3s idej\u0171 \u00e9s historikus adatokat szolg\u00e1ltat a g\u00e9pm\u0171k\u00f6d\u00e9s\u00e9r\u0151l, \u00fczemeltet\u00e9si idej\u00e9r\u0151l \u00e9s a biztons\u00e1gi esem\u00e9nyekr\u0151l.<\/li>\n<li><strong>M\u00e1sodlagos sebess\u00e9gv\u00e1lt\u00f3\/Inverter:<\/strong>Szab\u00e1lyozhat\u00f3 v\u00e1g\u00e1si sebess\u00e9g a k\u00fcl\u00f6nb\u00f6z\u0151 term\u00e9kekhez<\/li>\n<li><strong>Megn\u00f6velt motorteljes\u00edtm\u00e9ny 6,2 kW-<\/strong>ra<\/li>\n<\/ul>","protected":false},"excerpt":{"rendered":"<p><span style=\"font-family: Poppins\">A Kolbe K400 szalagf\u0171r\u00e9sz a\u00a0<strong><span style=\"font-family: Poppins;color: #0a0a0a;background: white\">BladeStop\u2122<\/span><\/strong><span style=\"color: #0a0a0a;background: white\">\u00a0nev\u0171, egyed\u00fcl\u00e1ll\u00f3 biztons\u00e1gi rendszerrel van felszerelve, amely jelent\u0151sen cs\u00f6kkenti a s\u00falyos s\u00e9r\u00fcl\u00e9sek kock\u00e1zat\u00e1t az\u00e1ltal, hogy \u00e9rint\u00e9s vagy k\u00f6zels\u00e9g eset\u00e9n mechanikusan le\u00e1ll\u00edtja a f\u0171r\u00e9szlapot<\/span>.<\/span><\/p>\n<p><span style=\"font-family: Poppins;color: #0a0a0a;background: white\">A Kolbe K400 BladeStop\u2122 rendszere egy innovat\u00edv, kett\u0151s \u00e9rz\u00e9kel\u00e9sen alapul\u00f3 biztons\u00e1gi megold\u00e1s, amely a leggyorsabb reakci\u00f3 idej\u0171 a piacon, maxim\u00e1lis v\u00e9delmet ny\u00fajtva a kezel\u0151 szem\u00e9lyzet sz\u00e1m\u00e1ra.<\/span><\/p>\n<p><strong>Applications:<\/strong><\/p>\n<ul>\n<li>A berendez\u00e9st nagy\u00fczemi k\u00f6rnyezetre tervezt\u00e9k, ahol kritikus a sebess\u00e9g \u00e9s a biztons\u00e1g:<\/li>\n<\/ul>\n<ul>\n<li><strong>Meat processing plants:<\/strong>\u00a0Nagy mennyis\u00e9g\u0171 friss \u00e9s fagyasztott h\u00fasr\u00e9szek darabol\u00e1s\u00e1ra<\/li>\n<li><strong>Csontos h\u00fasok v\u00e1g\u00e1sa:<\/strong>\u00a0Ide\u00e1lis nehezebb v\u00e1g\u00e1si feladatokhoz, p\u00e9ld\u00e1ul marha- vagy sert\u00e9sh\u00fas csontos r\u00e9szeihez.<\/li>\n<li><strong>Adagol\u00e1s:<\/strong>\u00a0Prec\u00edz szeletel\u00e9sre \u00e9s adagol\u00e1sra, ak\u00e1r fix, ak\u00e1r tol\u00f3asztalos kivitelben<\/li>\n<\/ul>","protected":false},"featured_media":4641,"template":"","meta":{"_acf_changed":false,"_kad_post_transparent":"default","_kad_post_title":"","_kad_post_layout":"default","_kad_post_sidebar_id":"","_kad_post_content_style":"default","_kad_post_vertical_padding":"default","_kad_post_feature":"","_kad_post_feature_position":"","_kad_post_header":false,"_kad_post_footer":false,"_kad_post_classname":""},"pwb-brand":[],"product_brand":[1691],"product_cat":[1849,1737],"product_tag":[1858],"class_list":{"0":"post-4613","1":"product","2":"type-product","3":"status-publish","4":"has-post-thumbnail","6":"product_brand-kolbe","7":"product_cat-szalagoscsontfureszek","8":"product_cat-vagas-darabolas","9":"product_tag-kolbe","11":"first","12":"instock","13":"shipping-taxable","14":"product-type-simple","15":"entry","16":"content-bg","17":"loop-entry"},"acf":[],"brands":[],"_links":{"self":[{"href":"https:\/\/kromiker.hu\/en\/wp-json\/wp\/v2\/product\/4613","targetHints":{"allow":["GET"]}}],"collection":[{"href":"https:\/\/kromiker.hu\/en\/wp-json\/wp\/v2\/product"}],"about":[{"href":"https:\/\/kromiker.hu\/en\/wp-json\/wp\/v2\/types\/product"}],"wp:featuredmedia":[{"embeddable":true,"href":"https:\/\/kromiker.hu\/en\/wp-json\/wp\/v2\/media\/4641"}],"wp:attachment":[{"href":"https:\/\/kromiker.hu\/en\/wp-json\/wp\/v2\/media?parent=4613"}],"wp:term":[{"taxonomy":"pwb-brand","embeddable":true,"href":"https:\/\/kromiker.hu\/en\/wp-json\/wp\/v2\/pwb-brand?post=4613"},{"taxonomy":"product_brand","embeddable":true,"href":"https:\/\/kromiker.hu\/en\/wp-json\/wp\/v2\/product_brand?post=4613"},{"taxonomy":"product_cat","embeddable":true,"href":"https:\/\/kromiker.hu\/en\/wp-json\/wp\/v2\/product_cat?post=4613"},{"taxonomy":"product_tag","embeddable":true,"href":"https:\/\/kromiker.hu\/en\/wp-json\/wp\/v2\/product_tag?post=4613"}],"curies":[{"name":"wp","href":"https:\/\/api.w.org\/{rel}","templated":true}]}}